{"id":30954,"date":"2022-03-14T08:51:52","date_gmt":"2022-03-14T06:51:52","guid":{"rendered":"https:\/\/admirria.com\/faq\/"},"modified":"2022-10-04T15:05:31","modified_gmt":"2022-10-04T12:05:31","slug":"faq","status":"publish","type":"page","link":"https:\/\/admirria.online\/de\/faq\/","title":{"rendered":"FAQ"},"content":{"rendered":"\t\t<div data-elementor-type=\"wp-page\" data-elementor-id=\"30954\" class=\"elementor elementor-30954 elementor-668\">\n\t\t\t\t\t\t<section class=\"elementor-section elementor-top-section elementor-element elementor-element-051b8a7 elementor-section-boxed elementor-section-height-default elementor-section-height-default\" data-id=\"051b8a7\" data-element_type=\"section\">\n\t\t\t\t\t\t<div class=\"elementor-container elementor-column-gap-default\">\n\t\t\t\t\t<div class=\"elementor-column elementor-col-50 elementor-top-column elementor-element elementor-element-3245054\" data-id=\"3245054\" data-element_type=\"column\">\n\t\t\t<div class=\"elementor-widget-wrap elementor-element-populated\">\n\t\t\t\t\t\t<div class=\"elementor-element elementor-element-e883247 elementor-widget elementor-widget-image\" data-id=\"e883247\" data-element_type=\"widget\" data-widget_type=\"image.default\">\n\t\t\t\t<div class=\"elementor-widget-container\">\n\t\t\t\t\t\t\t\t\t\t\t\t\t<img fetchpriority=\"high\" decoding=\"async\" width=\"530\" height=\"388\" src=\"https:\/\/admirria.online\/wp-content\/uploads\/2022\/06\/81514-1.png\" class=\"attachment-large size-large wp-image-29518\" alt=\"\" srcset=\"https:\/\/admirria.online\/wp-content\/uploads\/2022\/06\/81514-1.png 530w, https:\/\/admirria.online\/wp-content\/uploads\/2022\/06\/81514-1-300x220.png 300w, https:\/\/admirria.online\/wp-content\/uploads\/2022\/06\/81514-1-16x12.png 16w\" sizes=\"(max-width: 530px) 100vw, 530px\" \/>\t\t\t\t\t\t\t\t\t\t\t\t\t<\/div>\n\t\t\t\t<\/div>\n\t\t\t\t\t<\/div>\n\t\t<\/div>\n\t\t\t\t<div class=\"elementor-column elementor-col-50 elementor-top-column elementor-element elementor-element-7a685ed\" data-id=\"7a685ed\" data-element_type=\"column\">\n\t\t\t<div class=\"elementor-widget-wrap elementor-element-populated\">\n\t\t\t\t\t\t<div class=\"elementor-element elementor-element-d55a046 elementor-widget__width-initial elementor-widget elementor-widget-heading\" data-id=\"d55a046\" data-element_type=\"widget\" data-widget_type=\"heading.default\">\n\t\t\t\t<div class=\"elementor-widget-container\">\n\t\t\t<h2 class=\"elementor-heading-title elementor-size-default\">Sie haben nur gedacht und wir haben die Antwort schon parat!<\/h2>\t\t<\/div>\n\t\t\t\t<\/div>\n\t\t\t\t\t<\/div>\n\t\t<\/div>\n\t\t\t\t\t<\/div>\n\t\t<\/section>\n\t\t\t\t<section class=\"elementor-section elementor-top-section elementor-element elementor-element-0a8171b elementor-section-boxed elementor-section-height-default elementor-section-height-default\" data-id=\"0a8171b\" data-element_type=\"section\">\n\t\t\t\t\t\t<div class=\"elementor-container elementor-column-gap-default\">\n\t\t\t\t\t<div class=\"elementor-column elementor-col-100 elementor-top-column elementor-element elementor-element-b559a23\" data-id=\"b559a23\" data-element_type=\"column\">\n\t\t\t<div class=\"elementor-widget-wrap elementor-element-populated\">\n\t\t\t\t\t\t<div class=\"elementor-element elementor-element-09c6547 elementor-widget-divider--view-line elementor-widget elementor-widget-divider\" data-id=\"09c6547\" data-element_type=\"widget\" data-widget_type=\"divider.default\">\n\t\t\t\t<div class=\"elementor-widget-container\">\n\t\t\t\t\t<div class=\"elementor-divider\">\n\t\t\t<span class=\"elementor-divider-separator\">\n\t\t\t\t\t\t<\/span>\n\t\t<\/div>\n\t\t\t\t<\/div>\n\t\t\t\t<\/div>\n\t\t\t\t<div class=\"elementor-element elementor-element-34f7e39 elementor-widget elementor-widget-shortcode\" data-id=\"34f7e39\" data-element_type=\"widget\" data-widget_type=\"shortcode.default\">\n\t\t\t\t<div class=\"elementor-widget-container\">\n\t\t\t\t\t<div class=\"elementor-shortcode\"><div class=\"faq-tabs\">\r\n    \r\n    <div class=\"faq-tab active\">\r\n        <div class=\"faq-tab-title\">\r\n            Warum sollte ich bei Ihnen lernen?            <span class=\"plus\"><svg xmlns=\"http:\/\/www.w3.org\/2000\/svg\" width=\"16\" height=\"16\" viewBox=\"0 0 26 26\" fill=\"none\"><line y1=\"12.7646\" x2=\"26\" y2=\"12.7646\" stroke=\"#131416\" stroke-width=\"2\"><\/line><line x1=\"13.2354\" y1=\"4.37114e-08\" x2=\"13.2354\" y2=\"26\" stroke=\"#131416\" stroke-width=\"2\"><\/line><\/svg><\/span>\r\n        <\/div>\r\n        <div class=\"fab-tab-content\">\r\n            Die Admirria ist der Ansicht, dass die Menschen Zugang zu den besten Bildungsmaterialien \u00fcber den Handel auf den Finanzm\u00e4rkten der Welt haben sollten. Heute w\u00e4chst der Wunsch der Marktteilnehmer, W\u00e4hrungen zu handeln. Daher ist alles, was wir tun, auf den Erfolg unserer Sch\u00fcler ausgerichtet, indem wir ihnen moderne Spezialf\u00e4higkeiten, Kenntnisse und Empfehlungen aus unserer pers\u00f6nlichen Erfahrung vermitteln, die sonst niemand hat.<br><br>\r\n            Wir helfen Ihnen, damit der Handel nach unserer Schulung zu Ihrer Haupt- oder Nebeneinnahmequelle wird.            \r\n        <\/div>\r\n    <\/div>\r\n    \r\n    <div class=\"faq-tab\">\r\n        <div class=\"faq-tab-title\">\r\n            Was ist Ihre R\u00fcckerstattungsrichtlinie?            <span class=\"plus\"><svg xmlns=\"http:\/\/www.w3.org\/2000\/svg\" width=\"16\" height=\"16\" viewBox=\"0 0 26 26\" fill=\"none\"><line y1=\"12.7646\" x2=\"26\" y2=\"12.7646\" stroke=\"#131416\" stroke-width=\"2\"><\/line><line x1=\"13.2354\" y1=\"4.37114e-08\" x2=\"13.2354\" y2=\"26\" stroke=\"#131416\" stroke-width=\"2\"><\/line><\/svg><\/span>\r\n        <\/div>\r\n        <div class=\"fab-tab-content\">\r\n            Unsere R\u00fcckerstattungsrichtlinie wurde entwickelt, um den Grunds\u00e4tzen des Schutzes der Kundengelder und der Reduzierung der finanziellen und rechtlichen Risiken des Unternehmens zu entsprechen.<br><br>\r\n            The Company can make a refund if no more than 30 days have passed after the official request of the client, and only in the absence of any activity in the personal account during the specified period.         <\/div>\r\n    <\/div>\r\n    \r\n    <div class=\"faq-tab\">\r\n        <div class=\"faq-tab-title\">\r\n            Wie fange ich an zu lernen?            <span class=\"plus\"><svg xmlns=\"http:\/\/www.w3.org\/2000\/svg\" width=\"16\" height=\"16\" viewBox=\"0 0 26 26\" fill=\"none\"><line y1=\"12.7646\" x2=\"26\" y2=\"12.7646\" stroke=\"#131416\" stroke-width=\"2\"><\/line><line x1=\"13.2354\" y1=\"4.37114e-08\" x2=\"13.2354\" y2=\"26\" stroke=\"#131416\" stroke-width=\"2\"><\/line><\/svg><\/span>\r\n        <\/div>\r\n        <div class=\"fab-tab-content\">\r\n            Absolut ja! Unser Team steht Ihnen jederzeit zur Verf\u00fcgung, um Ihnen bei der Entwicklung und Verbesserung in der Welt des Handels zu helfen.        <\/div>\r\n    <\/div>\r\n    \r\n    <div class=\"faq-tab\">\r\n        <div class=\"faq-tab-title\">\r\n            Kann ich meinen Wochenplan gestalten?            <span class=\"plus\"><svg xmlns=\"http:\/\/www.w3.org\/2000\/svg\" width=\"16\" height=\"16\" viewBox=\"0 0 26 26\" fill=\"none\"><line y1=\"12.7646\" x2=\"26\" y2=\"12.7646\" stroke=\"#131416\" stroke-width=\"2\"><\/line><line x1=\"13.2354\" y1=\"4.37114e-08\" x2=\"13.2354\" y2=\"26\" stroke=\"#131416\" stroke-width=\"2\"><\/line><\/svg><\/span>\r\n        <\/div>\r\n        <div class=\"fab-tab-content\">\r\n            Ein Anf\u00e4nger oder fortgeschrittener Trader kann das gew\u00fcnschte Trainingspaket auf unserer Website ausw\u00e4hlen. Das Kursprogramm finden Sie auf unserer Kursseite. Unser Unterricht bietet vier verschiedene Stufen der Vorbereitung der Sch\u00fcler und die M\u00f6glichkeit, zu jeder beliebigen Zeit zu lernen.<br><br>\r\n            Sie k\u00f6nnen Ihre Ausbildung mit einem kostenlosen Kurs beginnen, der auf unserer Website verf\u00fcgbar ist. Um Unterricht aus dem ausgew\u00e4hlten Kurs zu erhalten, m\u00fcssen Sie eine Zahlung leisten und sich auf unserer Website registrieren, wodurch Sie Zugang zu den Kurslektionen in Ihrem pers\u00f6nlichen Konto erhalten.        <\/div>\r\n    <\/div>\r\n    \r\n    <div class=\"faq-tab\">\r\n        <div class=\"faq-tab-title\">\r\n            Ben\u00f6tige ich bestimmte Tools oder Ger\u00e4te, um mit Ihnen zu lernen?            <span class=\"plus\"><svg xmlns=\"http:\/\/www.w3.org\/2000\/svg\" width=\"16\" height=\"16\" viewBox=\"0 0 26 26\" fill=\"none\"><line y1=\"12.7646\" x2=\"26\" y2=\"12.7646\" stroke=\"#131416\" stroke-width=\"2\"><\/line><line x1=\"13.2354\" y1=\"4.37114e-08\" x2=\"13.2354\" y2=\"26\" stroke=\"#131416\" stroke-width=\"2\"><\/line><\/svg><\/span>\r\n        <\/div>\r\n        <div class=\"fab-tab-content\">\r\n            Wir haben gro\u00dfartige Arbeit geleistet, indem wir unsere hochwertigen Lektionen und Quizze so vielen Menschen wie m\u00f6glich zur Verf\u00fcgung gestellt haben. Jetzt k\u00f6nnen Sie von jedem mit dem Internet verbundenen Ger\u00e4t (au\u00dfer Smart-Wasserkocher, Staubsauger usw.) auf alle Materialien zugreifen. Unser technischer Support wird sich bei Schwierigkeiten mit Ihnen in Verbindung setzen. Sie beraten Sie zu dem aufgetretenen Problem.        <\/div>\r\n    <\/div>\r\n    \r\n    <div class=\"faq-tab\">\r\n        <div class=\"faq-tab-title\">\r\n            Welche Zahlungsmethoden stehen zur Verf\u00fcgung?            <span class=\"plus\"><svg xmlns=\"http:\/\/www.w3.org\/2000\/svg\" width=\"16\" height=\"16\" viewBox=\"0 0 26 26\" fill=\"none\"><line y1=\"12.7646\" x2=\"26\" y2=\"12.7646\" stroke=\"#131416\" stroke-width=\"2\"><\/line><line x1=\"13.2354\" y1=\"4.37114e-08\" x2=\"13.2354\" y2=\"26\" stroke=\"#131416\" stroke-width=\"2\"><\/line><\/svg><\/span>\r\n        <\/div>\r\n        <div class=\"fab-tab-content\">\r\n            Sie k\u00f6nnen den Kurs mit EC- oder Kreditkarte (Visa\/Mastercard), Google und Apple Pay bezahlen.        <\/div>\r\n    <\/div>\r\n\t\r\n\t<div class=\"faq-tab\">\r\n        <div class=\"faq-tab-title\">\r\n            How to access the course i purchased from you?            <span class=\"plus\"><svg xmlns=\"http:\/\/www.w3.org\/2000\/svg\" width=\"16\" height=\"16\" viewBox=\"0 0 26 26\" fill=\"none\"><line y1=\"12.7646\" x2=\"26\" y2=\"12.7646\" stroke=\"#131416\" stroke-width=\"2\"><\/line><line x1=\"13.2354\" y1=\"4.37114e-08\" x2=\"13.2354\" y2=\"26\" stroke=\"#131416\" stroke-width=\"2\"><\/line><\/svg><\/span>\r\n        <\/div>\r\n        <div class=\"fab-tab-content\">\r\n            Following your purchase, you'll receive a registration email containing your personal login details and a link labelled \"Go to account\" sent to your provided email address. Upon clicking this link and logging in with your credentials, you'll be directed to the \"My Account\" section. By selecting the \"Courses\" area, you can access and explore our educational materials by the purchased package.        <\/div>\r\n    <\/div>\r\n    \r\n<\/div><\/div>\n\t\t\t\t<\/div>\n\t\t\t\t<\/div>\n\t\t\t\t\t<\/div>\n\t\t<\/div>\n\t\t\t\t\t<\/div>\n\t\t<\/section>\n\t\t\t\t<\/div>\n\t\t","protected":false},"excerpt":{"rendered":"<p>Sie haben nur gedacht und wir haben die Antwort schon parat!<\/p>\n","protected":false},"author":1,"featured_media":32834,"parent":0,"menu_order":0,"comment_status":"closed","ping_status":"closed","template":"","meta":{"footnotes":""},"class_list":["post-30954","page","type-page","status-publish","has-post-thumbnail","hentry"],"yoast_head":"<!-- This site is optimized with the Yoast SEO Premium plugin v17.1 (Yoast SEO v19.13) - https:\/\/yoast.com\/wordpress\/plugins\/seo\/ -->\n<title>FAQ page from Admirria<\/title>\n<meta name=\"description\" content=\"You just thought, and we have already answered! We have tried to answer the most frequently asked questions for your convenience.\" \/>\n<meta name=\"robots\" content=\"noindex, follow, max-snippet:-1, max-image-preview:large, max-video-preview:-1\" \/>\n<meta property=\"og:locale\" content=\"de_DE\" \/>\n<meta property=\"og:type\" content=\"article\" \/>\n<meta property=\"og:title\" content=\"FAQ page from Admirria\" \/>\n<meta property=\"og:description\" content=\"You just thought, and we have already answered! We have tried to answer the most frequently asked questions for your convenience.\" \/>\n<meta property=\"og:url\" content=\"https:\/\/admirria.online\/de\/faq\/\" \/>\n<meta property=\"og:site_name\" content=\"Global Tech Industries Limited\" \/>\n<meta property=\"article:modified_time\" content=\"2022-10-04T12:05:31+00:00\" \/>\n<meta property=\"og:image\" content=\"https:\/\/admirria.online\/wp-content\/uploads\/2022\/06\/1024-\u00d7-514-admirria-1.png\" \/>\n<meta name=\"twitter:card\" content=\"summary_large_image\" \/>\n<meta name=\"twitter:title\" content=\"FAQ page from Admirria\" \/>\n<meta name=\"twitter:description\" content=\"You just thought, and we have already answered! We have tried to answer the most frequently asked questions for your convenience.\" \/>\n<meta name=\"twitter:image\" content=\"https:\/\/admirria.online\/wp-content\/uploads\/2022\/06\/1024-\u00d7-514-admirria-1.png\" \/>\n<script type=\"application\/ld+json\" class=\"yoast-schema-graph\">{\"@context\":\"https:\/\/schema.org\",\"@graph\":[{\"@type\":\"WebPage\",\"@id\":\"https:\/\/admirria.online\/de\/faq\/\",\"url\":\"https:\/\/admirria.online\/de\/faq\/\",\"name\":\"FAQ page from Admirria\",\"isPartOf\":{\"@id\":\"https:\/\/admirria.online\/#website\"},\"datePublished\":\"2022-03-14T06:51:52+00:00\",\"dateModified\":\"2022-10-04T12:05:31+00:00\",\"description\":\"You just thought, and we have already answered! We have tried to answer the most frequently asked questions for your convenience.\",\"inLanguage\":\"de\",\"potentialAction\":[{\"@type\":\"ReadAction\",\"target\":[\"https:\/\/admirria.online\/de\/faq\/\"]}]},{\"@type\":\"WebSite\",\"@id\":\"https:\/\/admirria.online\/#website\",\"url\":\"https:\/\/admirria.online\/\",\"name\":\"Global Tech Industries Limited\",\"description\":\"\",\"publisher\":{\"@id\":\"https:\/\/admirria.online\/#organization\"},\"inLanguage\":\"de\"},{\"@type\":\"Organization\",\"@id\":\"https:\/\/admirria.online\/#organization\",\"name\":\"Global Tech Industries Limited\",\"url\":\"https:\/\/admirria.online\/\",\"logo\":{\"@type\":\"ImageObject\",\"inLanguage\":\"de\",\"@id\":\"https:\/\/admirria.online\/#\/schema\/logo\/image\/\",\"url\":\"https:\/\/admirria.online\/wp-content\/uploads\/2022\/05\/admirria-logo-black.png\",\"contentUrl\":\"https:\/\/admirria.online\/wp-content\/uploads\/2022\/05\/admirria-logo-black.png\",\"width\":527,\"height\":73,\"caption\":\"Global Tech Industries Limited\"},\"image\":{\"@id\":\"https:\/\/admirria.online\/#\/schema\/logo\/image\/\"}}]}<\/script>\n<!-- \/ Yoast SEO Premium plugin. -->","yoast_head_json":{"title":"FAQ page from Admirria","description":"You just thought, and we have already answered! We have tried to answer the most frequently asked questions for your convenience.","robots":{"index":"noindex","follow":"follow","max-snippet":"max-snippet:-1","max-image-preview":"max-image-preview:large","max-video-preview":"max-video-preview:-1"},"og_locale":"de_DE","og_type":"article","og_title":"FAQ page from Admirria","og_description":"You just thought, and we have already answered! We have tried to answer the most frequently asked questions for your convenience.","og_url":"https:\/\/admirria.online\/de\/faq\/","og_site_name":"Global Tech Industries Limited","article_modified_time":"2022-10-04T12:05:31+00:00","og_image":[{"url":"https:\/\/admirria.online\/wp-content\/uploads\/2022\/06\/1024-\u00d7-514-admirria-1.png"}],"twitter_card":"summary_large_image","twitter_title":"FAQ page from Admirria","twitter_description":"You just thought, and we have already answered! We have tried to answer the most frequently asked questions for your convenience.","twitter_image":"https:\/\/admirria.online\/wp-content\/uploads\/2022\/06\/1024-\u00d7-514-admirria-1.png","schema":{"@context":"https:\/\/schema.org","@graph":[{"@type":"WebPage","@id":"https:\/\/admirria.online\/de\/faq\/","url":"https:\/\/admirria.online\/de\/faq\/","name":"FAQ page from Admirria","isPartOf":{"@id":"https:\/\/admirria.online\/#website"},"datePublished":"2022-03-14T06:51:52+00:00","dateModified":"2022-10-04T12:05:31+00:00","description":"You just thought, and we have already answered! We have tried to answer the most frequently asked questions for your convenience.","inLanguage":"de","potentialAction":[{"@type":"ReadAction","target":["https:\/\/admirria.online\/de\/faq\/"]}]},{"@type":"WebSite","@id":"https:\/\/admirria.online\/#website","url":"https:\/\/admirria.online\/","name":"Global Tech Industries Limited","description":"","publisher":{"@id":"https:\/\/admirria.online\/#organization"},"inLanguage":"de"},{"@type":"Organization","@id":"https:\/\/admirria.online\/#organization","name":"Global Tech Industries Limited","url":"https:\/\/admirria.online\/","logo":{"@type":"ImageObject","inLanguage":"de","@id":"https:\/\/admirria.online\/#\/schema\/logo\/image\/","url":"https:\/\/admirria.online\/wp-content\/uploads\/2022\/05\/admirria-logo-black.png","contentUrl":"https:\/\/admirria.online\/wp-content\/uploads\/2022\/05\/admirria-logo-black.png","width":527,"height":73,"caption":"Global Tech Industries Limited"},"image":{"@id":"https:\/\/admirria.online\/#\/schema\/logo\/image\/"}}]}},"_links":{"self":[{"href":"https:\/\/admirria.online\/de\/wp-json\/wp\/v2\/pages\/30954","targetHints":{"allow":["GET"]}}],"collection":[{"href":"https:\/\/admirria.online\/de\/wp-json\/wp\/v2\/pages"}],"about":[{"href":"https:\/\/admirria.online\/de\/wp-json\/wp\/v2\/types\/page"}],"author":[{"embeddable":true,"href":"https:\/\/admirria.online\/de\/wp-json\/wp\/v2\/users\/1"}],"replies":[{"embeddable":true,"href":"https:\/\/admirria.online\/de\/wp-json\/wp\/v2\/comments?post=30954"}],"version-history":[{"count":0,"href":"https:\/\/admirria.online\/de\/wp-json\/wp\/v2\/pages\/30954\/revisions"}],"wp:featuredmedia":[{"embeddable":true,"href":"https:\/\/admirria.online\/de\/wp-json\/wp\/v2\/media\/32834"}],"wp:attachment":[{"href":"https:\/\/admirria.online\/de\/wp-json\/wp\/v2\/media?parent=30954"}],"curies":[{"name":"wp","href":"https:\/\/api.w.org\/{rel}","templated":true}]}}