{"id":30996,"date":"2022-04-01T10:06:06","date_gmt":"2022-04-01T07:06:06","guid":{"rendered":"https:\/\/admirria.com\/cookie-policy\/"},"modified":"2022-10-05T11:01:06","modified_gmt":"2022-10-05T08:01:06","slug":"cookie-policy","status":"publish","type":"page","link":"https:\/\/admirria.online\/de\/cookie-policy\/","title":{"rendered":"Cookie-Richtlinie"},"content":{"rendered":"\n<p><strong>BEDEUTUNG<\/strong><\/p>\n\n\n\n<p>Cookie: ein kleines Datenelement, das eine Website Ihren Browser auffordert, auf Ihrem Computer oder Mobilger\u00e4t zu speichern. Das Cookie erm\u00f6glicht es der Website, sich im Laufe der Zeit an Ihre Aktionen oder Pr\u00e4ferenzen zu \u201eerinnern\u201c.<\/p>\n\n\n\n<p>Unternehmen: Wenn in dieser Richtlinie \u201eUnternehmen\u201c, \u201ewir\u201c, \u201euns\u201c oder \u201eunser\u201c erw\u00e4hnt wird, bezieht sich dies auf Global Tech Industries Limited mit eingetragener Adresse in<a href=\"https:\/\/admirria.online\/\"> 95 Wilton Road, Suite 717, London, Vereinigtes K\u00f6nigreich, SW1V 1BZ<\/a>, das f\u00fcr Ihre Informationen gem\u00e4\u00df dieser Cookie-Richtlinie verantwortlich ist.<\/p>\n\n\n\n<p>Ger\u00e4t: jedes mit dem Internet verbundene Ger\u00e4t wie Telefon, Tablet, Computer oder andere Ger\u00e4te, die verwendet werden k\u00f6nnen, um Admirria zu besuchen und die Dienste zu nutzen.<\/p>\n\n\n\n<p>Personenbezogene Daten: Alle Informationen, die direkt, indirekt oder in Verbindung mit anderen Informationen \u2013 einschlie\u00dflich einer pers\u00f6nlichen Identifikationsnummer \u2013 die Identifizierung oder Identifizierbarkeit einer nat\u00fcrlichen Person erm\u00f6glichen.<\/p>\n\n\n\n<p>Service: bezieht sich auf den von Admirria angebotenen Service, wie in den entsprechenden Bedingungen (falls vorhanden) und auf dieser Plattform beschrieben.<\/p>\n\n\n\n<p>Drittanbieter-Service: bezieht sich auf Werbetreibende, Sponsoren von Wettbewerben, Werbe- und Marketingpartner und andere, die unsere Inhalte bereitstellen oder deren Produkte oder Dienstleistungen Sie unserer Meinung nach interessieren k\u00f6nnten.<\/p>\n\n\n\n<p>Website: Website von Global Tech Industries Limited <a href=\"https:\/\/admirria.online\/\">https:\/\/admirria.online\/<\/a><\/p>\n\n\n\n<p>Sie: eine nat\u00fcrliche oder juristische Person, die bei Admirria registriert ist, um die Dienste zu nutzen.<\/p>\n\n\n\n<p><strong>HAFTUNGSAUSSCHLUSS<\/strong><\/p>\n\n\n\n<p>Der Admirria-Dienst und seine Inhalte werden \u201ewie besehen\u201c und \u201ewie verf\u00fcgbar\u201c ohne jegliche ausdr\u00fcckliche oder stillschweigende Gew\u00e4hrleistung oder Zusicherung bereitgestellt. Admirria ist ein Verteiler und kein Herausgeber der von Dritten gelieferten Inhalte; als solches \u00fcbt Admirria keine redaktionelle Kontrolle \u00fcber solche Inhalte aus und gibt keine Gew\u00e4hrleistung oder Zusicherung hinsichtlich der Genauigkeit, Zuverl\u00e4ssigkeit oder Aktualit\u00e4t von Informationen, Inhalten, Dienstleistungen oder Waren ab, die \u00fcber den Admirria-Service bereitgestellt werden oder \u00fcber diesen zug\u00e4nglich sind. Ohne das Vorstehende einzuschr\u00e4nken, lehnt Admirria ausdr\u00fccklich alle Gew\u00e4hrleistungen und Zusicherungen in Bezug auf Inhalte ab, die auf oder in Verbindung mit dem Admirria-Service oder auf Websites \u00fcbertragen werden, die als Links auf dem Admirria-Service oder in den als Teil oder anderweitig in Verbindung bereitgestellten Produkten erscheinen k\u00f6nnen mit dem Admirria-Service, einschlie\u00dflich, aber nicht beschr\u00e4nkt auf Garantien der Marktg\u00e4ngigkeit, Eignung f\u00fcr einen bestimmten Zweck oder Nichtverletzung von Rechten Dritter. Keine m\u00fcndlichen Ratschl\u00e4ge oder schriftlichen Informationen von Admirria oder seinen verbundenen Unternehmen, Mitarbeitern, leitenden Angestellten, Direktoren, Vertretern oder dergleichen begr\u00fcnden eine Garantie. Preis- und Verf\u00fcgbarkeitsinformationen k\u00f6nnen ohne Vorank\u00fcndigung ge\u00e4ndert werden. Ohne das Vorstehende einzuschr\u00e4nken, garantiert Admirria nicht, dass der Admirria-Dienst ununterbrochen, unbesch\u00e4digt, zeitgerecht oder fehlerfrei ist.<\/p>\n\n\n\n<p><strong>BLOCKIEREN UND DEAKTIVIEREN VON COOKIES<\/strong><\/p>\n\n\n\n<p>Sie k\u00f6nnen Ihren Browser auch so einstellen, dass Cookies und \u00e4hnliche Technologien unabh\u00e4ngig von Ihrem Standort blockiert werden. Dennoch kann diese Aktion unsere wesentlichen Cookies blockieren und verhindern, dass unsere Website ordnungsgem\u00e4\u00df funktioniert, und Sie k\u00f6nnen m\u00f6glicherweise nicht alle Funktionen und Dienste vollst\u00e4ndig nutzen. Sie sollten sich auch dar\u00fcber im Klaren sein, dass Sie einige gespeicherte Informationen verlieren k\u00f6nnen, wenn Sie Cookies in Ihrem Browser blockieren.<\/p>\n\n\n\n<p><strong>WARUM VERWENDEN WIR COOKIES?<\/strong><\/p>\n\n\n\n<p>Wir verwenden Cookies, um zu erfahren, wie Sie mit unseren Inhalten interagieren, und um Ihre Erfahrung beim Besuch unserer Website zu verbessern. Einige Cookies erinnern sich beispielsweise an Ihre Sprache oder Pr\u00e4ferenzen, damit Sie diese Auswahl nicht treffen m\u00fcssen, wenn Sie unsere Website wiederholt besuchen, erleichtern den Betrieb und die Funktionalit\u00e4t unserer Website und erm\u00f6glichen es uns, eine ma\u00dfgeschneiderte Benutzererfahrung f\u00fcr Sie und f\u00fcr uns zu schaffen um zu verstehen, was f\u00fcr Sie n\u00fctzlich oder interessant ist, um zu analysieren, wie unsere Website genutzt wird und wie wir sie am besten anpassen k\u00f6nnen.<\/p>\n\n\n\n<p><strong>WELCHE ARTEN VON COOKIES VERWENDEN WIR?<\/strong><\/p>\n\n\n\n<p>Cookies k\u00f6nnen entweder Session-Cookies oder dauerhafte Cookies sein. Ein Session-Cookie l\u00e4uft automatisch ab, wenn Sie Ihren Browser schlie\u00dfen. Ein dauerhaftes Cookie bleibt bestehen, bis es abl\u00e4uft oder Sie Ihre Cookies l\u00f6schen. Ablaufdaten werden in den Cookies selbst festgelegt; Einige k\u00f6nnen nach wenigen Minuten ablaufen, w\u00e4hrend andere nach mehreren Jahren ablaufen k\u00f6nnen. Cookies, die von der von Ihnen besuchten Website platziert werden, werden \u201eErstanbieter-Cookies\u201c genannt.<\/p>\n\n\n\n<p><strong>Analyse- und Anpassungs-Cookies<\/strong><\/p>\n\n\n\n<p>Diese Cookies sammeln Informationen, die uns helfen zu verstehen, wie unsere Website verwendet wird, wie effektiv unsere Marketingkampagnen sind, oder um uns zu helfen, unsere Website f\u00fcr Sie anzupassen.<\/p>\n\n\n\n<p>Wir verwenden Cookies, die von Google Analytics bereitgestellt werden, um begrenzte Daten direkt von Endbenutzer-Browsern zu sammeln, damit wir Ihre Nutzung unserer Website besser verstehen k\u00f6nnen.<\/p>\n\n\n\n<p><strong>Leistungs- und Funktionalit\u00e4ts-Cookies<\/strong><\/p>\n\n\n\n<p>Diese Cookies werden verwendet, um die Leistung und Funktionalit\u00e4t unserer Website zu verbessern, sind jedoch f\u00fcr ihre Verwendung nicht unbedingt erforderlich. Ohne diese Cookies sind jedoch bestimmte Funktionen wie Videos m\u00f6glicherweise nicht verf\u00fcgbar. Sie m\u00fcssten bei jedem Besuch der Website Ihre Anmeldedaten eingeben, da wir uns nicht daran erinnern k\u00f6nnen, dass Sie sich zuvor angemeldet haben.<\/p>\n\n\n\n<p><strong>WAS IST EIN PL\u00c4TZCHEN<\/strong><\/p>\n\n\n\n<p>Eine Website fordert Ihren Browser auf, eine kleine Datenmenge auf Ihrem Computer oder Mobilger\u00e4t zu speichern. Das Cookie erm\u00f6glicht es der Website, sich im Laufe der Zeit an Ihre Aktionen oder Pr\u00e4ferenzen zu \u201eerinnern\u201c. Sie sind sicher und k\u00f6nnen nicht verwendet werden, um Programme auszuf\u00fchren oder Viren auf Ihr Ger\u00e4t zu \u00fcbertragen.<\/p>\n\n\n\n<p><strong>FEHLER UND AUSLASSUNGEN<\/strong><\/p>\n\n\n\n<p>Admirria ist nicht verantwortlich f\u00fcr Inhalte, Codes oder Ungenauigkeiten. Admirria gibt keine Gew\u00e4hrleistungen oder Garantien. In keinem Fall haftet Admirria f\u00fcr besondere, direkte, indirekte, Folge- oder Nebensch\u00e4den oder Sch\u00e4den jeglicher Art, sei es aus einer Vertragshandlung, Fahrl\u00e4ssigkeit oder anderen unerlaubten Handlungen, die sich aus oder im Zusammenhang mit der Nutzung des Dienstes ergeben oder die Inhalte des Dienstes. Admirria beh\u00e4lt sich das Recht vor, jederzeit ohne vorherige Ank\u00fcndigung Erg\u00e4nzungen, L\u00f6schungen oder \u00c4nderungen an den Inhalten des Dienstes vorzunehmen.<\/p>\n\n\n\n<p><strong>\u00c4NDERUNGEN AN UNSERER COOKIE-RICHTLINIE<\/strong><\/p>\n\n\n\n<p>Wir k\u00f6nnen unsere Dienste und Richtlinien \u00e4ndern und m\u00fcssen \u00c4nderungen an dieser Cookie-Richtlinie vornehmen, um unsere Dienste und Richtlinien genau widerzuspiegeln. Sofern nicht anders gesetzlich vorgeschrieben, werden wir Sie (z. B. \u00fcber unseren Service) benachrichtigen, bevor wir \u00c4nderungen an dieser Cookie-Richtlinie vornehmen, und Ihnen erm\u00f6glichen, diese zu \u00fcberpr\u00fcfen, bevor sie in Kraft treten. Wenn Sie den Dienst dann weiterhin nutzen, sind Sie an die aktualisierte Cookie-Richtlinie gebunden. Sie k\u00f6nnen Ihr Konto l\u00f6schen, wenn Sie dieser oder einer aktualisierten Cookie-Richtlinie nicht zustimmen m\u00f6chten.<\/p>\n\n\n\n<p><strong>WIE MAN COOKIES VERWALTET?<\/strong><\/p>\n\n\n\n<p>Bei den meisten Browsern k\u00f6nnen Sie Cookies \u00fcber ihre \u201eEinstellungen\u201c-Pr\u00e4ferenzen steuern. Wenn Sie jedoch die F\u00e4higkeit von Websites einschr\u00e4nken, Cookies zu setzen, kann sich Ihr Benutzererlebnis insgesamt verschlechtern, da es nicht mehr f\u00fcr Sie personalisiert ist. Es kann Sie auch daran hindern, benutzerdefinierte Einstellungen wie Anmeldeinformationen zu speichern. Browserhersteller stellen in ihren Produkten Hilfeseiten zur Cookie-Verwaltung bereit.<\/p>\n\n\n\n<p>Browserhersteller stellen in ihren Produkten Hilfeseiten zur Cookie-Verwaltung bereit.<\/p>\n\n\n\n<p><strong>Wesentliche Cookies<\/strong><\/p>\n\n\n\n<p>Wir verwenden essentielle Cookies, damit unsere Website funktioniert. Diese Cookies sind unbedingt erforderlich, um Kernfunktionen wie Sicherheit, Netzwerkverwaltung, Ihre Cookie-Einstellungen und Zug\u00e4nglichkeit zu erm\u00f6glichen. Ohne sie k\u00f6nnten Sie die Basisdienste nicht nutzen. Sie k\u00f6nnen diese deaktivieren, indem Sie Ihre Browsereinstellungen \u00e4ndern, was sich auf die Funktionsweise der Websites auswirkt.<\/p>\n\n\n\n<p><strong>IHRE ZUSTIMMUNG<\/strong><\/p>\n\n\n\n<p>Indem Sie unsere Website nutzen, ein Konto registrieren oder einen Kauf t\u00e4tigen.<\/p>\n\n\n\n<p><strong>Kontakte<\/strong><\/p>\n\n\n\n<p>Wenn Sie Fragen haben, k\u00f6nnen Sie sich gerne an uns wenden<\/p>\n\n\n\n<p>per Telefon &#8211; <a href=\"tel:+442045772182\">+442045772182<\/a><\/p>\n\n\n\n<p>per E-Mail &#8211; <a href=\"mailto:office@admirria.online\">office@admirria.online<\/a><\/p>\n","protected":false},"excerpt":{"rendered":"<p>BEDEUTUNG Cookie: ein kleines Datenelement, das eine Website Ihren Browser auffordert, auf Ihrem Computer oder Mobilger\u00e4t zu speichern. Das Cookie erm\u00f6glicht es der Website, sich im Laufe der Zeit an Ihre Aktionen oder Pr\u00e4ferenzen zu \u201eerinnern\u201c. Unternehmen: Wenn in dieser Richtlinie \u201eUnternehmen\u201c, \u201ewir\u201c, \u201euns\u201c oder \u201eunser\u201c erw\u00e4hnt wird, bezieht sich dies auf Global Tech Industries [&hellip;]<\/p>\n","protected":false},"author":1,"featured_media":32834,"parent":0,"menu_order":0,"comment_status":"closed","ping_status":"closed","template":"","meta":{"footnotes":""},"class_list":["post-30996","page","type-page","status-publish","has-post-thumbnail","hentry"],"yoast_head":"<!-- This site is optimized with the Yoast SEO Premium plugin v17.1 (Yoast SEO v19.13) - https:\/\/yoast.com\/wordpress\/plugins\/seo\/ -->\n<title>Cookie-Richtlinie - Global Tech Industries Limited<\/title>\n<meta name=\"robots\" content=\"noindex, follow, max-snippet:-1, max-image-preview:large, max-video-preview:-1\" \/>\n<meta property=\"og:locale\" content=\"de_DE\" \/>\n<meta property=\"og:type\" content=\"article\" \/>\n<meta property=\"og:title\" content=\"Cookie-Richtlinie - Global Tech Industries Limited\" \/>\n<meta property=\"og:description\" content=\"BEDEUTUNG Cookie: ein kleines Datenelement, das eine Website Ihren Browser auffordert, auf Ihrem Computer oder Mobilger\u00e4t zu speichern. Das Cookie erm\u00f6glicht es der Website, sich im Laufe der Zeit an Ihre Aktionen oder Pr\u00e4ferenzen zu \u201eerinnern\u201c. Unternehmen: Wenn in dieser Richtlinie \u201eUnternehmen\u201c, \u201ewir\u201c, \u201euns\u201c oder \u201eunser\u201c erw\u00e4hnt wird, bezieht sich dies auf Global Tech Industries [&hellip;]\" \/>\n<meta property=\"og:url\" content=\"https:\/\/admirria.online\/de\/cookie-policy\/\" \/>\n<meta property=\"og:site_name\" content=\"Global Tech Industries Limited\" \/>\n<meta property=\"article:modified_time\" content=\"2022-10-05T08:01:06+00:00\" \/>\n<meta property=\"og:image\" content=\"https:\/\/admirria.online\/wp-content\/uploads\/2022\/06\/1024-\u00d7-514-admirria-1.png\" \/>\n\t<meta property=\"og:image:width\" content=\"1024\" \/>\n\t<meta property=\"og:image:height\" content=\"512\" \/>\n\t<meta property=\"og:image:type\" content=\"image\/png\" \/>\n<meta name=\"twitter:card\" content=\"summary_large_image\" \/>\n<meta name=\"twitter:image\" content=\"https:\/\/admirria.online\/wp-content\/uploads\/2022\/06\/1024-\u00d7-514-admirria-1.png\" \/>\n<meta name=\"twitter:label1\" content=\"Gesch\u00e4tzte Lesezeit\" \/>\n\t<meta name=\"twitter:data1\" content=\"5\u00a0Minuten\" \/>\n<script type=\"application\/ld+json\" class=\"yoast-schema-graph\">{\"@context\":\"https:\/\/schema.org\",\"@graph\":[{\"@type\":\"WebPage\",\"@id\":\"https:\/\/admirria.online\/de\/cookie-policy\/\",\"url\":\"https:\/\/admirria.online\/de\/cookie-policy\/\",\"name\":\"Cookie-Richtlinie - Global Tech Industries Limited\",\"isPartOf\":{\"@id\":\"https:\/\/admirria.online\/#website\"},\"datePublished\":\"2022-04-01T07:06:06+00:00\",\"dateModified\":\"2022-10-05T08:01:06+00:00\",\"inLanguage\":\"de\",\"potentialAction\":[{\"@type\":\"ReadAction\",\"target\":[\"https:\/\/admirria.online\/de\/cookie-policy\/\"]}]},{\"@type\":\"WebSite\",\"@id\":\"https:\/\/admirria.online\/#website\",\"url\":\"https:\/\/admirria.online\/\",\"name\":\"Global Tech Industries Limited\",\"description\":\"\",\"publisher\":{\"@id\":\"https:\/\/admirria.online\/#organization\"},\"inLanguage\":\"de\"},{\"@type\":\"Organization\",\"@id\":\"https:\/\/admirria.online\/#organization\",\"name\":\"Global Tech Industries Limited\",\"url\":\"https:\/\/admirria.online\/\",\"logo\":{\"@type\":\"ImageObject\",\"inLanguage\":\"de\",\"@id\":\"https:\/\/admirria.online\/#\/schema\/logo\/image\/\",\"url\":\"https:\/\/admirria.online\/wp-content\/uploads\/2022\/05\/admirria-logo-black.png\",\"contentUrl\":\"https:\/\/admirria.online\/wp-content\/uploads\/2022\/05\/admirria-logo-black.png\",\"width\":527,\"height\":73,\"caption\":\"Global Tech Industries Limited\"},\"image\":{\"@id\":\"https:\/\/admirria.online\/#\/schema\/logo\/image\/\"}}]}<\/script>\n<!-- \/ Yoast SEO Premium plugin. -->","yoast_head_json":{"title":"Cookie-Richtlinie - Global Tech Industries Limited","robots":{"index":"noindex","follow":"follow","max-snippet":"max-snippet:-1","max-image-preview":"max-image-preview:large","max-video-preview":"max-video-preview:-1"},"og_locale":"de_DE","og_type":"article","og_title":"Cookie-Richtlinie - Global Tech Industries Limited","og_description":"BEDEUTUNG Cookie: ein kleines Datenelement, das eine Website Ihren Browser auffordert, auf Ihrem Computer oder Mobilger\u00e4t zu speichern. Das Cookie erm\u00f6glicht es der Website, sich im Laufe der Zeit an Ihre Aktionen oder Pr\u00e4ferenzen zu \u201eerinnern\u201c. Unternehmen: Wenn in dieser Richtlinie \u201eUnternehmen\u201c, \u201ewir\u201c, \u201euns\u201c oder \u201eunser\u201c erw\u00e4hnt wird, bezieht sich dies auf Global Tech Industries [&hellip;]","og_url":"https:\/\/admirria.online\/de\/cookie-policy\/","og_site_name":"Global Tech Industries Limited","article_modified_time":"2022-10-05T08:01:06+00:00","og_image":[{"width":1024,"height":512,"url":"https:\/\/admirria.online\/wp-content\/uploads\/2022\/06\/1024-\u00d7-514-admirria-1.png","type":"image\/png"}],"twitter_card":"summary_large_image","twitter_image":"https:\/\/admirria.online\/wp-content\/uploads\/2022\/06\/1024-\u00d7-514-admirria-1.png","twitter_misc":{"Gesch\u00e4tzte Lesezeit":"5\u00a0Minuten"},"schema":{"@context":"https:\/\/schema.org","@graph":[{"@type":"WebPage","@id":"https:\/\/admirria.online\/de\/cookie-policy\/","url":"https:\/\/admirria.online\/de\/cookie-policy\/","name":"Cookie-Richtlinie - Global Tech Industries Limited","isPartOf":{"@id":"https:\/\/admirria.online\/#website"},"datePublished":"2022-04-01T07:06:06+00:00","dateModified":"2022-10-05T08:01:06+00:00","inLanguage":"de","potentialAction":[{"@type":"ReadAction","target":["https:\/\/admirria.online\/de\/cookie-policy\/"]}]},{"@type":"WebSite","@id":"https:\/\/admirria.online\/#website","url":"https:\/\/admirria.online\/","name":"Global Tech Industries Limited","description":"","publisher":{"@id":"https:\/\/admirria.online\/#organization"},"inLanguage":"de"},{"@type":"Organization","@id":"https:\/\/admirria.online\/#organization","name":"Global Tech Industries Limited","url":"https:\/\/admirria.online\/","logo":{"@type":"ImageObject","inLanguage":"de","@id":"https:\/\/admirria.online\/#\/schema\/logo\/image\/","url":"https:\/\/admirria.online\/wp-content\/uploads\/2022\/05\/admirria-logo-black.png","contentUrl":"https:\/\/admirria.online\/wp-content\/uploads\/2022\/05\/admirria-logo-black.png","width":527,"height":73,"caption":"Global Tech Industries Limited"},"image":{"@id":"https:\/\/admirria.online\/#\/schema\/logo\/image\/"}}]}},"_links":{"self":[{"href":"https:\/\/admirria.online\/de\/wp-json\/wp\/v2\/pages\/30996","targetHints":{"allow":["GET"]}}],"collection":[{"href":"https:\/\/admirria.online\/de\/wp-json\/wp\/v2\/pages"}],"about":[{"href":"https:\/\/admirria.online\/de\/wp-json\/wp\/v2\/types\/page"}],"author":[{"embeddable":true,"href":"https:\/\/admirria.online\/de\/wp-json\/wp\/v2\/users\/1"}],"replies":[{"embeddable":true,"href":"https:\/\/admirria.online\/de\/wp-json\/wp\/v2\/comments?post=30996"}],"version-history":[{"count":0,"href":"https:\/\/admirria.online\/de\/wp-json\/wp\/v2\/pages\/30996\/revisions"}],"wp:featuredmedia":[{"embeddable":true,"href":"https:\/\/admirria.online\/de\/wp-json\/wp\/v2\/media\/32834"}],"wp:attachment":[{"href":"https:\/\/admirria.online\/de\/wp-json\/wp\/v2\/media?parent=30996"}],"curies":[{"name":"wp","href":"https:\/\/api.w.org\/{rel}","templated":true}]}}