{"id":31015,"date":"2022-04-01T10:05:22","date_gmt":"2022-04-01T07:05:22","guid":{"rendered":"https:\/\/admirria.com\/refund_returns\/"},"modified":"2022-10-05T11:04:24","modified_gmt":"2022-10-05T08:04:24","slug":"refund_returns","status":"publish","type":"page","link":"https:\/\/admirria.online\/de\/refund_returns\/","title":{"rendered":"Erstattungsrichtlinie"},"content":{"rendered":"\n<p>Sie k\u00f6nnen eine R\u00fcckerstattung beantragen, indem Sie uns eine E-Mail an <a href=\"mailto:office@admirria.online\">office@admirria.online senden <\/a>, in der Sie Ihren Wunsch nach einer R\u00fcckerstattung und Ihren vollst\u00e4ndigen Namen angeben.<\/p>\n\n\n\n<p>Alle Mitgliedsbeitr\u00e4ge werden bei Zahlung vollst\u00e4ndig verdient und sind nicht erstattungsf\u00e4hig, au\u00dfer w\u00e4hrend der ersten 60 Tage seit Beginn der Mitgliedschaftsperiode, unter der Bedingung, dass Sie nicht mehr als 50 % der Lektionen angesehen haben.<\/p>\n\n\n\n<p>Allgemeine Gesch\u00e4ftsbedingungen gelten f\u00fcr alle erstattungsf\u00e4higen Dienste. Dar\u00fcber hinaus k\u00f6nnen die Sonderbedingungen f\u00fcr einen bestimmten Dienst gelten, wie unten beschrieben.<\/p>\n\n\n\n<p>In keinem Fall ist derselbe Dienst f\u00fcr mehr als eine R\u00fcckerstattung berechtigt.<\/p>\n\n\n\n<p>Alle R\u00fcckerstattungen werden in EUR abgewickelt: Sie, der Kunde, tragen die alleinige Verantwortung f\u00fcr Wechselkursschwankungen zwischen dem Zeitpunkt der Zahlung und dem Zeitpunkt der R\u00fcckerstattung.<\/p>\n","protected":false},"excerpt":{"rendered":"<p>Sie k\u00f6nnen eine R\u00fcckerstattung beantragen, indem Sie uns eine E-Mail an office@admirria.online senden , in der Sie Ihren Wunsch nach einer R\u00fcckerstattung und Ihren vollst\u00e4ndigen Namen angeben. Alle Mitgliedsbeitr\u00e4ge werden bei Zahlung vollst\u00e4ndig verdient und sind nicht erstattungsf\u00e4hig, au\u00dfer w\u00e4hrend der ersten 60 Tage seit Beginn der Mitgliedschaftsperiode, unter der Bedingung, dass Sie nicht mehr [&hellip;]<\/p>\n","protected":false},"author":1,"featured_media":32834,"parent":0,"menu_order":0,"comment_status":"closed","ping_status":"closed","template":"","meta":{"footnotes":""},"class_list":["post-31015","page","type-page","status-publish","has-post-thumbnail","hentry"],"yoast_head":"<!-- This site is optimized with the Yoast SEO Premium plugin v17.1 (Yoast SEO v19.13) - https:\/\/yoast.com\/wordpress\/plugins\/seo\/ -->\n<title>Erstattungsrichtlinie - Global Tech Industries Limited<\/title>\n<meta name=\"robots\" content=\"noindex, follow, max-snippet:-1, max-image-preview:large, max-video-preview:-1\" \/>\n<meta property=\"og:locale\" content=\"de_DE\" \/>\n<meta property=\"og:type\" content=\"article\" \/>\n<meta property=\"og:title\" content=\"Erstattungsrichtlinie - Global Tech Industries Limited\" \/>\n<meta property=\"og:description\" content=\"Sie k\u00f6nnen eine R\u00fcckerstattung beantragen, indem Sie uns eine E-Mail an office@admirria.online senden , in der Sie Ihren Wunsch nach einer R\u00fcckerstattung und Ihren vollst\u00e4ndigen Namen angeben. Alle Mitgliedsbeitr\u00e4ge werden bei Zahlung vollst\u00e4ndig verdient und sind nicht erstattungsf\u00e4hig, au\u00dfer w\u00e4hrend der ersten 60 Tage seit Beginn der Mitgliedschaftsperiode, unter der Bedingung, dass Sie nicht mehr [&hellip;]\" \/>\n<meta property=\"og:url\" content=\"https:\/\/admirria.online\/de\/refund_returns\/\" \/>\n<meta property=\"og:site_name\" content=\"Global Tech Industries Limited\" \/>\n<meta property=\"article:modified_time\" content=\"2022-10-05T08:04:24+00:00\" \/>\n<meta property=\"og:image\" content=\"https:\/\/admirria.online\/wp-content\/uploads\/2022\/06\/1024-\u00d7-514-admirria-1.png\" \/>\n\t<meta property=\"og:image:width\" content=\"1024\" \/>\n\t<meta property=\"og:image:height\" content=\"512\" \/>\n\t<meta property=\"og:image:type\" content=\"image\/png\" \/>\n<meta name=\"twitter:card\" content=\"summary_large_image\" \/>\n<meta name=\"twitter:image\" content=\"https:\/\/admirria.online\/wp-content\/uploads\/2022\/06\/1024-\u00d7-514-admirria-1.png\" \/>\n<meta name=\"twitter:label1\" content=\"Gesch\u00e4tzte Lesezeit\" \/>\n\t<meta name=\"twitter:data1\" content=\"1\u00a0Minute\" \/>\n<script type=\"application\/ld+json\" class=\"yoast-schema-graph\">{\"@context\":\"https:\/\/schema.org\",\"@graph\":[{\"@type\":\"WebPage\",\"@id\":\"https:\/\/admirria.online\/de\/refund_returns\/\",\"url\":\"https:\/\/admirria.online\/de\/refund_returns\/\",\"name\":\"Erstattungsrichtlinie - Global Tech Industries Limited\",\"isPartOf\":{\"@id\":\"https:\/\/admirria.online\/#website\"},\"datePublished\":\"2022-04-01T07:05:22+00:00\",\"dateModified\":\"2022-10-05T08:04:24+00:00\",\"inLanguage\":\"de\",\"potentialAction\":[{\"@type\":\"ReadAction\",\"target\":[\"https:\/\/admirria.online\/de\/refund_returns\/\"]}]},{\"@type\":\"WebSite\",\"@id\":\"https:\/\/admirria.online\/#website\",\"url\":\"https:\/\/admirria.online\/\",\"name\":\"Global Tech Industries Limited\",\"description\":\"\",\"publisher\":{\"@id\":\"https:\/\/admirria.online\/#organization\"},\"inLanguage\":\"de\"},{\"@type\":\"Organization\",\"@id\":\"https:\/\/admirria.online\/#organization\",\"name\":\"Global Tech Industries Limited\",\"url\":\"https:\/\/admirria.online\/\",\"logo\":{\"@type\":\"ImageObject\",\"inLanguage\":\"de\",\"@id\":\"https:\/\/admirria.online\/#\/schema\/logo\/image\/\",\"url\":\"https:\/\/admirria.online\/wp-content\/uploads\/2022\/05\/admirria-logo-black.png\",\"contentUrl\":\"https:\/\/admirria.online\/wp-content\/uploads\/2022\/05\/admirria-logo-black.png\",\"width\":527,\"height\":73,\"caption\":\"Global Tech Industries Limited\"},\"image\":{\"@id\":\"https:\/\/admirria.online\/#\/schema\/logo\/image\/\"}}]}<\/script>\n<!-- \/ Yoast SEO Premium plugin. -->","yoast_head_json":{"title":"Erstattungsrichtlinie - Global Tech Industries Limited","robots":{"index":"noindex","follow":"follow","max-snippet":"max-snippet:-1","max-image-preview":"max-image-preview:large","max-video-preview":"max-video-preview:-1"},"og_locale":"de_DE","og_type":"article","og_title":"Erstattungsrichtlinie - Global Tech Industries Limited","og_description":"Sie k\u00f6nnen eine R\u00fcckerstattung beantragen, indem Sie uns eine E-Mail an office@admirria.online senden , in der Sie Ihren Wunsch nach einer R\u00fcckerstattung und Ihren vollst\u00e4ndigen Namen angeben. Alle Mitgliedsbeitr\u00e4ge werden bei Zahlung vollst\u00e4ndig verdient und sind nicht erstattungsf\u00e4hig, au\u00dfer w\u00e4hrend der ersten 60 Tage seit Beginn der Mitgliedschaftsperiode, unter der Bedingung, dass Sie nicht mehr [&hellip;]","og_url":"https:\/\/admirria.online\/de\/refund_returns\/","og_site_name":"Global Tech Industries Limited","article_modified_time":"2022-10-05T08:04:24+00:00","og_image":[{"width":1024,"height":512,"url":"https:\/\/admirria.online\/wp-content\/uploads\/2022\/06\/1024-\u00d7-514-admirria-1.png","type":"image\/png"}],"twitter_card":"summary_large_image","twitter_image":"https:\/\/admirria.online\/wp-content\/uploads\/2022\/06\/1024-\u00d7-514-admirria-1.png","twitter_misc":{"Gesch\u00e4tzte Lesezeit":"1\u00a0Minute"},"schema":{"@context":"https:\/\/schema.org","@graph":[{"@type":"WebPage","@id":"https:\/\/admirria.online\/de\/refund_returns\/","url":"https:\/\/admirria.online\/de\/refund_returns\/","name":"Erstattungsrichtlinie - Global Tech Industries Limited","isPartOf":{"@id":"https:\/\/admirria.online\/#website"},"datePublished":"2022-04-01T07:05:22+00:00","dateModified":"2022-10-05T08:04:24+00:00","inLanguage":"de","potentialAction":[{"@type":"ReadAction","target":["https:\/\/admirria.online\/de\/refund_returns\/"]}]},{"@type":"WebSite","@id":"https:\/\/admirria.online\/#website","url":"https:\/\/admirria.online\/","name":"Global Tech Industries Limited","description":"","publisher":{"@id":"https:\/\/admirria.online\/#organization"},"inLanguage":"de"},{"@type":"Organization","@id":"https:\/\/admirria.online\/#organization","name":"Global Tech Industries Limited","url":"https:\/\/admirria.online\/","logo":{"@type":"ImageObject","inLanguage":"de","@id":"https:\/\/admirria.online\/#\/schema\/logo\/image\/","url":"https:\/\/admirria.online\/wp-content\/uploads\/2022\/05\/admirria-logo-black.png","contentUrl":"https:\/\/admirria.online\/wp-content\/uploads\/2022\/05\/admirria-logo-black.png","width":527,"height":73,"caption":"Global Tech Industries Limited"},"image":{"@id":"https:\/\/admirria.online\/#\/schema\/logo\/image\/"}}]}},"_links":{"self":[{"href":"https:\/\/admirria.online\/de\/wp-json\/wp\/v2\/pages\/31015","targetHints":{"allow":["GET"]}}],"collection":[{"href":"https:\/\/admirria.online\/de\/wp-json\/wp\/v2\/pages"}],"about":[{"href":"https:\/\/admirria.online\/de\/wp-json\/wp\/v2\/types\/page"}],"author":[{"embeddable":true,"href":"https:\/\/admirria.online\/de\/wp-json\/wp\/v2\/users\/1"}],"replies":[{"embeddable":true,"href":"https:\/\/admirria.online\/de\/wp-json\/wp\/v2\/comments?post=31015"}],"version-history":[{"count":0,"href":"https:\/\/admirria.online\/de\/wp-json\/wp\/v2\/pages\/31015\/revisions"}],"wp:featuredmedia":[{"embeddable":true,"href":"https:\/\/admirria.online\/de\/wp-json\/wp\/v2\/media\/32834"}],"wp:attachment":[{"href":"https:\/\/admirria.online\/de\/wp-json\/wp\/v2\/media?parent=31015"}],"curies":[{"name":"wp","href":"https:\/\/api.w.org\/{rel}","templated":true}]}}