{"id":31023,"date":"2022-03-09T09:30:59","date_gmt":"2022-03-09T07:30:59","guid":{"rendered":"https:\/\/admirria.com\/privacy-policy\/"},"modified":"2022-10-05T11:07:10","modified_gmt":"2022-10-05T08:07:10","slug":"privacy-policy","status":"publish","type":"page","link":"https:\/\/admirria.online\/de\/privacy-policy\/","title":{"rendered":"Datenschutzrichtlinie"},"content":{"rendered":"\n<p>Diese Datenschutzrichtlinie bildet den rechtlichen Rahmen f\u00fcr alle personenbezogenen Daten (\u00abpersonenbezogene Daten\u00bb oder \u00abInformationen\u00bb) ab, die von Global Tech Industries Limited mit Sitz in <a href=\"https:\/\/admirria.online\/\">95 Wilton Road, Suite 717 Victoria, London, Vereinigtes K\u00f6nigreich SW1V 1BZ <\/a>(\u00abAdmirria\u00bb, \u00abUnternehmen\u00bb, \u00abwir\u00bb oder \u00abuns\u00bb), die von Ihnen (\u00abKunde\u00bb oder \u00abBenutzer\u00bb) bereitgestellt werden. Um Ihnen die Nutzung der Website (der \u00abDienst\u00bb) zu erm\u00f6glichen, bleibt die Datenverarbeitung ein notwendiger Schritt, um das Datenschutzgesetz von 1998 (\u00abDPA\u00bb) sowie den allgemeinen Datenschutz einzuhalten, ist aber nicht darauf beschr\u00e4nkt Verordnung (\u00abDSGVO\u00bb). Diese Richtlinie soll alle Bedenken von Kunden oder Besuchern in Bezug auf deren Datenschutz und -sicherheit ansprechen und die Verpflichtung des Unternehmens betonen, sicherzustellen, dass ausreichende Datenschutzvorkehrungen getroffen werden.<\/p>\n\n\n\n<p>Wir bitten Sie, diese Datenschutzrichtlinie sorgf\u00e4ltig zu lesen, da sie Informationen dar\u00fcber enth\u00e4lt, wie wir Informationen von Ihnen sammeln, was wir damit tun und wie Sie unsere Verwendung der Informationen kontrollieren k\u00f6nnen.<\/p>\n\n\n\n<p><strong>ALLGEMEINE INFORMATIONEN<\/strong><\/p>\n\n\n\n<p>Wir behalten uns das Recht vor, die Datenschutzrichtlinie zu \u00e4ndern, einschlie\u00dflich der \u00c4nderung der Zwecke, f\u00fcr die wir Ihre personenbezogenen Daten verarbeiten. Wenn wir es f\u00fcr angemessen halten, eine solche \u00c4nderung vorzunehmen, wird die Datenschutzrichtlinie aktualisiert und auf unserer Website ver\u00f6ffentlicht. Ihre fortgesetzte Nutzung der Website gilt als Zustimmung zu diesen \u00c4nderungen. Wenn wir wesentliche oder wesentliche \u00c4nderungen an dieser Datenschutzrichtlinie vornehmen, werden wir angemessene Anstrengungen unternehmen, um Sie per E-Mail, Mitteilung auf der Website oder anderen vereinbarten Kommunikationskan\u00e4len zu informieren.<\/p>\n\n\n\n<p><strong>VERWENDUNG VON INFORMATIONEN<\/strong><\/p>\n\n\n\n<p>Wir erfassen und verarbeiten die Informationen mit gro\u00dfer R\u00fccksicht auf die Bereitstellung und Aufrechterhaltung der Qualit\u00e4t unserer Dienstleistungen f\u00fcr Sie und den Schutz und die Verbesserung Ihrer Erfahrung bei Admirria.<\/p>\n\n\n\n<p>Sobald Sie sich bei Ihrem Konto angemeldet haben, kann Admirria die folgenden Informationen erfassen:<\/p>\n\n\n\n<ul class=\"wp-block-list\"><li>eine Aufzeichnung aller Internetkommunikationen und Details Ihrer Besuche auf unseren Websites;<\/li><li>technische Informationen in Bezug auf das Ger\u00e4t, wie z. B. Ger\u00e4tekennung und Browser, die Sie f\u00fcr den Zugriff auf unsere Websites verwenden;<\/li><li>Details zu Transaktionen, die Sie \u00fcber die Website durchf\u00fchren, wie z. B. Zahlungen;<\/li><li>Kommunikation mit uns oder unseren Mitarbeitern, z. B. Anrufe, E-Mails und Nachrichten, die \u00fcber den Live-Chat-Dienst gesendet werden;<\/li><li>Informationen zu Ihrem Standort, einschlie\u00dflich IP-Adresse;<\/li><li>alle zus\u00e4tzlichen Informationen, die Sie \u00fcber die Website \u00fcbermitteln, z. B. in Kommentarbereichen oder Antworten auf Quiz und Frageb\u00f6gen;<\/li><\/ul>\n\n\n\n<p>Drittanbieter bieten Dienste an, die uns bei der Entscheidung helfen, ob wir Transaktionen von Ihnen akzeptieren, indem sie Ihre Zahlungsmethode und die Ger\u00e4te, die Sie zum Besuch unserer Website verwenden, bewerten. Das sch\u00fctzt nicht nur Sie, sondern auch uns. Diese Drittanbieterdienste f\u00fchren Pr\u00fcfungen durch, um festzustellen, ob das Ger\u00e4t oder die gew\u00e4hlte Zahlungsmethode in der Vergangenheit mit betr\u00fcgerischen oder missbr\u00e4uchlichen Transaktionen, z. B. gemeldetem Identit\u00e4tsdiebstahl oder Kreditkartenbetrug, identifiziert wurde.<\/p>\n\n\n\n<p><strong>SPEICHERUNG PERSONENBEZOGENER DATEN<\/strong><\/p>\n\n\n\n<p>Die Daten, die wir von Ihnen erheben, k\u00f6nnen an einen Ort au\u00dferhalb des Europ\u00e4ischen Wirtschaftsraums (\u201eEWR\u201c) \u00fcbertragen und dort gespeichert werden. Sie k\u00f6nnen auch von Mitarbeitern au\u00dferhalb des EWR verarbeitet werden, die f\u00fcr einen unserer Lieferanten oder uns arbeiten. Dazu geh\u00f6ren Mitarbeiter, die unter anderem mit der Erf\u00fcllung Ihrer Bestellung, der Verarbeitung Ihrer Zahlungsdaten und der Bereitstellung von Supportdiensten befasst sind. Indem Sie Ihre personenbezogenen Daten \u00fcbermitteln, stimmen Sie dieser \u00dcbertragung, Speicherung oder Verarbeitung zu. Admirria wird alle notwendigen Schritte unternehmen, um sicherzustellen, dass Ihre Daten sicher und in \u00dcbereinstimmung mit dieser Datenschutzrichtlinie behandelt werden.<\/p>\n\n\n\n<p>Einige unserer externen Drittparteien haben ihren Sitz au\u00dferhalb des EWR, sodass ihre Verarbeitung Ihrer personenbezogenen Daten eine \u00dcbertragung von Daten au\u00dferhalb des EWR beinhaltet. Wann immer wir Ihre personenbezogenen Daten aus dem EWR an Dritte \u00fcbermitteln, stellen wir sicher, dass ihnen ein \u00e4hnliches Ma\u00df an Schutz geboten wird, indem wir sicherstellen, dass mindestens eine der folgenden Sicherheitsma\u00dfnahmen implementiert wird:<\/p>\n\n\n\n<ul class=\"wp-block-list\"><li>Wir werden Ihre personenbezogenen Daten nur in L\u00e4nder \u00fcbertragen, die von der Europ\u00e4ischen Kommission als angemessen eingestuft wurden; oder,<\/li><li>Wenn wir bestimmte Dienstleister einsetzen, stellen wir sicher, dass sie sich an spezifische, von der Europ\u00e4ischen Kommission genehmigte Vertr\u00e4ge halten, die Ihren personenbezogenen Daten den gleichen Schutz bieten wie in Europa.<\/li><\/ul>\n\n\n\n<p>Leider ist die \u00dcbertragung von Informationen \u00fcber das Internet nicht vollst\u00e4ndig sicher. Obwohl wir unser Bestes tun werden, um Ihre personenbezogenen Daten zu sch\u00fctzen, k\u00f6nnen wir die Sicherheit Ihrer an unsere Website \u00fcbermittelten Daten nicht garantieren; Jegliche \u00dcbertragung erfolgt auf eigene Gefahr. Sobald wir Ihre personenbezogenen Daten erhalten haben, wenden wir strenge Verfahren und Sicherheitsfunktionen an, um unbefugten Zugriff zu verhindern.<\/p>\n\n\n\n<p>Wir bewahren Ihre personenbezogenen Daten so lange auf, wie es zur Erf\u00fcllung des Zwecks, f\u00fcr den sie erhoben wurden, erforderlich ist. Wir k\u00f6nnen Ihre personenbezogenen Daten l\u00e4nger aufbewahren, wenn sie Gegenstand eines Rechtsanspruchs sind oder anderweitig f\u00fcr zuk\u00fcnftige Rechtsstreitigkeiten relevant sind.<\/p>\n\n\n\n<p><strong>ZUGANG ZU IHREN INFORMATIONEN<\/strong><\/p>\n\n\n\n<p>Sie haben das Recht, eine Kopie Ihrer verarbeiteten personenbezogenen Daten anzufordern. In diesem Fall wird Admirria die angeforderten Informationen unverz\u00fcglich und sp\u00e4testens innerhalb eines Monats nach Erhalt einer g\u00fcltigen Anfrage bereitstellen. Sollte. Wenn eine Anfrage jedoch unbegr\u00fcndet oder \u00fcbertrieben ist, hat Admirria das Recht:<\/p>\n\n\n\n<ul class=\"wp-block-list\"><li>eine angemessene Geb\u00fchr in Anbetracht der Verwaltungskosten f\u00fcr die Bereitstellung der Informationen erheben; oder<\/li><li>weigern sich zu antworten.<\/li><\/ul>\n\n\n\n<p>Falls Sie Ihre personenbezogenen Daten berichtigen m\u00fcssen, wird Admirria innerhalb eines Monats antworten und die entsprechenden \u00c4nderungen vornehmen.<\/p>\n\n\n\n<ul class=\"wp-block-list\"><li><a href=\"mailto:office@admirria.online\">office@admirria.online senden <\/a>, in der Sie erl\u00e4utern, welche Informationen Sie erhalten m\u00f6chten, zusammen mit einem Identit\u00e4tsnachweis .<\/li><\/ul>\n\n\n\n<p>Wenn Sie sich vom Marketing von uns abgemeldet haben, werden wir alle angemessenen Schritte unternehmen, um sicherzustellen, dass Sie kein Werbematerial mehr \u00fcber Admirria erhalten. Dies kann Ihre Berechtigung f\u00fcr bestimmte Werbeaktionen beeintr\u00e4chtigen.<\/p>\n\n\n\n<p><strong>INFORMATIONSAUSTAUSCH UND OFFENLEGUNG<\/strong><\/p>\n\n\n\n<p>Wir werden Ihre personenbezogenen Daten an niemanden verkaufen. Wir \u00fcbermitteln personenbezogene Daten \u00fcber Sie nur dann an andere Unternehmen oder Personen, wenn:<\/p>\n\n\n\n<ul class=\"wp-block-list\"><li>wir haben Ihre Zustimmung zur Weitergabe der Informationen; oder<\/li><li>wir m\u00fcssen Ihre Informationen weitergeben, um den von Ihnen angeforderten Service bereitzustellen; oder<\/li><li>Wir m\u00fcssen die Informationen an Unternehmen senden, die im Auftrag unseres Unternehmens arbeiten, um eine von Ihnen angeforderte Dienstleistung zu erbringen; oder<\/li><li>wir sind verpflichtet, auf beh\u00f6rdliche oder gerichtliche Anordnungen oder Gerichtsverfahren zu reagieren; oder<\/li><li>Wir stellen fest, dass Ihre Handlungen auf unserer Website gegen die Nutzungsbedingungen oder unsere Nutzungsrichtlinien f\u00fcr bestimmte Dienste versto\u00dfen.<\/li><\/ul>\n\n\n\n<p>Um die von Ihnen angeforderten Informationen oder Dienstleistungen bereitzustellen, k\u00f6nnen wir Ihre pers\u00f6nlich identifizierbaren Informationen auf Computerausr\u00fcstung oder in B\u00fcros \u00fcbertragen oder speichern, die sich in verschiedenen L\u00e4ndern oder Gerichtsbarkeiten befinden und von unserem Unternehmen nach Belieben intern verwaltet und verarbeitet werden k\u00f6nnen. Es wird davon ausgegangen, dass Sie damit einverstanden sind.<\/p>\n\n\n\n<p>Um eine gute Servicequalit\u00e4t zu gew\u00e4hrleisten, k\u00f6nnen wir jede Kommunikation, die Sie mit uns f\u00fchren, ob schriftlich, telefonisch oder per E-Mail, \u00fcberwachen und aufzeichnen. Wir empfehlen Ihnen, uns mit Ausnahme Ihres Namens und Benutzernamens keine personenbezogenen Daten per E-Mail zu senden, mit Ausnahme Ihres Namens und Benutzernamens. Alle Informationen, die Sie uns \u00fcbermitteln, werden auf Ihr eigenes Risiko \u00fcbermittelt.<\/p>\n\n\n\n<p><strong>GELTENDES RECHT<\/strong><\/p>\n\n\n\n<p>Diese Datenschutzrichtlinie unterliegt den Gesetzen des Vereinigten K\u00f6nigreichs, ohne R\u00fccksicht auf die Kollisionsnormen. Sie stimmen der ausschlie\u00dflichen Zust\u00e4ndigkeit der Gerichte im Zusammenhang mit Klagen oder Streitigkeiten zwischen den Parteien gem\u00e4\u00df oder im Zusammenhang mit dieser Datenschutzrichtlinie zu.<\/p>\n\n\n\n<p>Diese Vereinbarung und Ihre Nutzung der Website unterliegen den Gesetzen des Vereinigten K\u00f6nigreichs mit Ausnahme der Kollisionsnormen. Ihre Website kann auch anderen lokalen, staatlichen, nationalen oder internationalen Gesetzen unterliegen.<\/p>\n\n\n\n<p>Indem Sie Admirria nutzen oder uns direkt kontaktieren, erkl\u00e4ren Sie Ihr Einverst\u00e4ndnis mit dieser Datenschutzrichtlinie. Wenn Sie dieser Datenschutzrichtlinie nicht zustimmen, sollten Sie sich nicht mit unserer Website besch\u00e4ftigen oder unsere Dienste nutzen. Die fortgesetzte Nutzung der Website, die direkte Kontaktaufnahme mit uns oder die Ver\u00f6ffentlichung von \u00c4nderungen an dieser Datenschutzrichtlinie, die die Verwendung oder Offenlegung Ihrer personenbezogenen Daten nicht wesentlich beeintr\u00e4chtigen, bedeutet, dass Sie diese \u00c4nderungen akzeptieren.<\/p>\n\n\n\n<p><strong>INFORMATIONSSAMMLUNG<\/strong><\/p>\n\n\n\n<p>Wir k\u00f6nnen personenbezogene Daten (d. h. Ihren Namen, Ihre Postanschrift, Telefonnummern, E-Mail-Adresse, Geburtsdatum und Zahlungsdaten) von Ihnen erfassen, wenn Sie entweder ein Kontoregistrierungsformular auf einer von Admirria kontrollierten Plattform (Desktop oder mobil) ausf\u00fcllen eine Anfrage nach Informationen auf einer beliebigen Plattform (Desktop oder Mobil), per E-Mail oder Schreiben an uns, um Informationen, Dienstleistungen oder Kundensupport anzufordern. Sie m\u00fcssen au\u00dferdem einen eindeutigen Benutzernamen und ein eindeutiges Kennwort f\u00fcr Ihr Konto erstellen. Diese Informationen sind erforderlich, um auf unsere Dienste zugreifen zu k\u00f6nnen.<\/p>\n\n\n\n<p>Wir k\u00f6nnen auch personenbezogene Daten von Ihnen erhalten, wenn Sie unsere Produkte und Dienstleistungen oder von unseren Gesch\u00e4ftspartnern nutzen, wie z. B. Browser- und Cookie-Informationen. Dar\u00fcber hinaus k\u00f6nnen wir auch Ihre IP-Adresse und technische Informationen zu dem Ger\u00e4t erfassen, von dem aus Sie auf unsere Websites zugreifen. Wir erfassen keine personenbezogenen Daten, wenn Sie sich auf unserer Website befinden, bevor Sie sich anmelden oder das Formular im Kontaktbereich absenden. Wir verwenden personenbezogene Daten nur, um Ihre Informationsanfragen zu erf\u00fcllen oder Ihnen Produkte oder Dienstleistungen anzubieten. Sollten Sie sich daf\u00fcr entscheiden, die angeforderten Informationen zur\u00fcckzuhalten, k\u00f6nnen wir Ihnen unsere Dienste m\u00f6glicherweise nicht zur Verf\u00fcgung stellen.<\/p>\n\n\n\n<p>Wir k\u00f6nnen auch Ihre Nutzung unserer Website \u00fcberwachen. Dies kann umfassen, ist aber nicht beschr\u00e4nkt auf die \u00dcberwachung, wie oft und welche Seiten Sie besuchen, und den Ursprungsdom\u00e4nennamen des bereitgestellten Internetdienstes eines Benutzers. Diese Informationen helfen uns, ein Profil unserer Kunden zu erstellen. Einige dieser Daten werden aggregiert oder statistisch, sodass wir Sie nicht individuell identifizieren k\u00f6nnen.<\/p>\n\n\n\n<p><strong>MARKETING<\/strong><\/p>\n\n\n\n<p>Admirria beh\u00e4lt sich das Recht vor, personenbezogene Daten f\u00fcr Marketingzwecke zu verarbeiten und diese unter bestimmten Umst\u00e4nden unseren Drittpartnern zur Verf\u00fcgung zu stellen, um die Dienstleistungen von Admirria und die Dienstleistungen genehmigter Partner an Sie zu vermarkten.<\/p>\n\n\n\n<p>Wenn Sie ein Konto bei uns erstellen, bitten wir Sie um Ihre Zustimmung, an Sie zu vermarkten. Sie k\u00f6nnen sich jederzeit daf\u00fcr entscheiden, kein Marketing-\/Werbematerial zu erhalten, indem Sie auf den Link zum Abbestellen des erhaltenen Werbematerials klicken oder uns unter <a href=\"mailto:office@admirria.online\">office@admirria.online kontaktieren <\/a>.<\/p>\n\n\n\n<p><strong>KONTAKTE<\/strong><\/p>\n\n\n\n<p>Wenn Sie Fragen haben, k\u00f6nnen Sie sich gerne an uns wenden<\/p>\n\n\n\n<p>per Telefon &#8211; <a href=\"tel:+442045772182\">+442045772182<\/a><\/p>\n\n\n\n<p>per E-Mail &#8211; <a href=\"mailto:office@admirria.online\">office@admirria.online<\/a><\/p>\n","protected":false},"excerpt":{"rendered":"<p>Diese Datenschutzrichtlinie bildet den rechtlichen Rahmen f\u00fcr alle personenbezogenen Daten (\u00abpersonenbezogene Daten\u00bb oder \u00abInformationen\u00bb) ab, die von Global Tech Industries Limited mit Sitz in 95 Wilton Road, Suite 717 Victoria, London, Vereinigtes K\u00f6nigreich SW1V 1BZ (\u00abAdmirria\u00bb, \u00abUnternehmen\u00bb, \u00abwir\u00bb oder \u00abuns\u00bb), die von Ihnen (\u00abKunde\u00bb oder \u00abBenutzer\u00bb) bereitgestellt werden. Um Ihnen die Nutzung der Website (der [&hellip;]<\/p>\n","protected":false},"author":1,"featured_media":32834,"parent":0,"menu_order":0,"comment_status":"closed","ping_status":"closed","template":"","meta":{"footnotes":""},"class_list":["post-31023","page","type-page","status-publish","has-post-thumbnail","hentry"],"yoast_head":"<!-- This site is optimized with the Yoast SEO Premium plugin v17.1 (Yoast SEO v19.13) - https:\/\/yoast.com\/wordpress\/plugins\/seo\/ -->\n<title>Datenschutzrichtlinie - Global Tech Industries Limited<\/title>\n<meta name=\"robots\" content=\"noindex, follow, max-snippet:-1, max-image-preview:large, max-video-preview:-1\" \/>\n<meta property=\"og:locale\" content=\"de_DE\" \/>\n<meta property=\"og:type\" content=\"article\" \/>\n<meta property=\"og:title\" content=\"Datenschutzrichtlinie - Global Tech Industries Limited\" \/>\n<meta property=\"og:description\" content=\"Diese Datenschutzrichtlinie bildet den rechtlichen Rahmen f\u00fcr alle personenbezogenen Daten (\u00abpersonenbezogene Daten\u00bb oder \u00abInformationen\u00bb) ab, die von Global Tech Industries Limited mit Sitz in 95 Wilton Road, Suite 717 Victoria, London, Vereinigtes K\u00f6nigreich SW1V 1BZ (\u00abAdmirria\u00bb, \u00abUnternehmen\u00bb, \u00abwir\u00bb oder \u00abuns\u00bb), die von Ihnen (\u00abKunde\u00bb oder \u00abBenutzer\u00bb) bereitgestellt werden. Um Ihnen die Nutzung der Website (der [&hellip;]\" \/>\n<meta property=\"og:url\" content=\"https:\/\/admirria.online\/de\/privacy-policy\/\" \/>\n<meta property=\"og:site_name\" content=\"Global Tech Industries Limited\" \/>\n<meta property=\"article:modified_time\" content=\"2022-10-05T08:07:10+00:00\" \/>\n<meta property=\"og:image\" content=\"https:\/\/admirria.online\/wp-content\/uploads\/2022\/06\/1024-\u00d7-514-admirria-1.png\" \/>\n\t<meta property=\"og:image:width\" content=\"1024\" \/>\n\t<meta property=\"og:image:height\" content=\"512\" \/>\n\t<meta property=\"og:image:type\" content=\"image\/png\" \/>\n<meta name=\"twitter:card\" content=\"summary_large_image\" \/>\n<meta name=\"twitter:image\" content=\"https:\/\/admirria.online\/wp-content\/uploads\/2022\/06\/1024-\u00d7-514-admirria-1.png\" \/>\n<meta name=\"twitter:label1\" content=\"Gesch\u00e4tzte Lesezeit\" \/>\n\t<meta name=\"twitter:data1\" content=\"7\u00a0Minuten\" \/>\n<script type=\"application\/ld+json\" class=\"yoast-schema-graph\">{\"@context\":\"https:\/\/schema.org\",\"@graph\":[{\"@type\":\"WebPage\",\"@id\":\"https:\/\/admirria.online\/de\/privacy-policy\/\",\"url\":\"https:\/\/admirria.online\/de\/privacy-policy\/\",\"name\":\"Datenschutzrichtlinie - Global Tech Industries Limited\",\"isPartOf\":{\"@id\":\"https:\/\/admirria.online\/#website\"},\"datePublished\":\"2022-03-09T07:30:59+00:00\",\"dateModified\":\"2022-10-05T08:07:10+00:00\",\"inLanguage\":\"de\",\"potentialAction\":[{\"@type\":\"ReadAction\",\"target\":[\"https:\/\/admirria.online\/de\/privacy-policy\/\"]}]},{\"@type\":\"WebSite\",\"@id\":\"https:\/\/admirria.online\/#website\",\"url\":\"https:\/\/admirria.online\/\",\"name\":\"Global Tech Industries Limited\",\"description\":\"\",\"publisher\":{\"@id\":\"https:\/\/admirria.online\/#organization\"},\"inLanguage\":\"de\"},{\"@type\":\"Organization\",\"@id\":\"https:\/\/admirria.online\/#organization\",\"name\":\"Global Tech Industries Limited\",\"url\":\"https:\/\/admirria.online\/\",\"logo\":{\"@type\":\"ImageObject\",\"inLanguage\":\"de\",\"@id\":\"https:\/\/admirria.online\/#\/schema\/logo\/image\/\",\"url\":\"https:\/\/admirria.online\/wp-content\/uploads\/2022\/05\/admirria-logo-black.png\",\"contentUrl\":\"https:\/\/admirria.online\/wp-content\/uploads\/2022\/05\/admirria-logo-black.png\",\"width\":527,\"height\":73,\"caption\":\"Global Tech Industries Limited\"},\"image\":{\"@id\":\"https:\/\/admirria.online\/#\/schema\/logo\/image\/\"}}]}<\/script>\n<!-- \/ Yoast SEO Premium plugin. -->","yoast_head_json":{"title":"Datenschutzrichtlinie - Global Tech Industries Limited","robots":{"index":"noindex","follow":"follow","max-snippet":"max-snippet:-1","max-image-preview":"max-image-preview:large","max-video-preview":"max-video-preview:-1"},"og_locale":"de_DE","og_type":"article","og_title":"Datenschutzrichtlinie - Global Tech Industries Limited","og_description":"Diese Datenschutzrichtlinie bildet den rechtlichen Rahmen f\u00fcr alle personenbezogenen Daten (\u00abpersonenbezogene Daten\u00bb oder \u00abInformationen\u00bb) ab, die von Global Tech Industries Limited mit Sitz in 95 Wilton Road, Suite 717 Victoria, London, Vereinigtes K\u00f6nigreich SW1V 1BZ (\u00abAdmirria\u00bb, \u00abUnternehmen\u00bb, \u00abwir\u00bb oder \u00abuns\u00bb), die von Ihnen (\u00abKunde\u00bb oder \u00abBenutzer\u00bb) bereitgestellt werden. Um Ihnen die Nutzung der Website (der [&hellip;]","og_url":"https:\/\/admirria.online\/de\/privacy-policy\/","og_site_name":"Global Tech Industries Limited","article_modified_time":"2022-10-05T08:07:10+00:00","og_image":[{"width":1024,"height":512,"url":"https:\/\/admirria.online\/wp-content\/uploads\/2022\/06\/1024-\u00d7-514-admirria-1.png","type":"image\/png"}],"twitter_card":"summary_large_image","twitter_image":"https:\/\/admirria.online\/wp-content\/uploads\/2022\/06\/1024-\u00d7-514-admirria-1.png","twitter_misc":{"Gesch\u00e4tzte Lesezeit":"7\u00a0Minuten"},"schema":{"@context":"https:\/\/schema.org","@graph":[{"@type":"WebPage","@id":"https:\/\/admirria.online\/de\/privacy-policy\/","url":"https:\/\/admirria.online\/de\/privacy-policy\/","name":"Datenschutzrichtlinie - Global Tech Industries Limited","isPartOf":{"@id":"https:\/\/admirria.online\/#website"},"datePublished":"2022-03-09T07:30:59+00:00","dateModified":"2022-10-05T08:07:10+00:00","inLanguage":"de","potentialAction":[{"@type":"ReadAction","target":["https:\/\/admirria.online\/de\/privacy-policy\/"]}]},{"@type":"WebSite","@id":"https:\/\/admirria.online\/#website","url":"https:\/\/admirria.online\/","name":"Global Tech Industries Limited","description":"","publisher":{"@id":"https:\/\/admirria.online\/#organization"},"inLanguage":"de"},{"@type":"Organization","@id":"https:\/\/admirria.online\/#organization","name":"Global Tech Industries Limited","url":"https:\/\/admirria.online\/","logo":{"@type":"ImageObject","inLanguage":"de","@id":"https:\/\/admirria.online\/#\/schema\/logo\/image\/","url":"https:\/\/admirria.online\/wp-content\/uploads\/2022\/05\/admirria-logo-black.png","contentUrl":"https:\/\/admirria.online\/wp-content\/uploads\/2022\/05\/admirria-logo-black.png","width":527,"height":73,"caption":"Global Tech Industries Limited"},"image":{"@id":"https:\/\/admirria.online\/#\/schema\/logo\/image\/"}}]}},"_links":{"self":[{"href":"https:\/\/admirria.online\/de\/wp-json\/wp\/v2\/pages\/31023","targetHints":{"allow":["GET"]}}],"collection":[{"href":"https:\/\/admirria.online\/de\/wp-json\/wp\/v2\/pages"}],"about":[{"href":"https:\/\/admirria.online\/de\/wp-json\/wp\/v2\/types\/page"}],"author":[{"embeddable":true,"href":"https:\/\/admirria.online\/de\/wp-json\/wp\/v2\/users\/1"}],"replies":[{"embeddable":true,"href":"https:\/\/admirria.online\/de\/wp-json\/wp\/v2\/comments?post=31023"}],"version-history":[{"count":0,"href":"https:\/\/admirria.online\/de\/wp-json\/wp\/v2\/pages\/31023\/revisions"}],"wp:featuredmedia":[{"embeddable":true,"href":"https:\/\/admirria.online\/de\/wp-json\/wp\/v2\/media\/32834"}],"wp:attachment":[{"href":"https:\/\/admirria.online\/de\/wp-json\/wp\/v2\/media?parent=31023"}],"curies":[{"name":"wp","href":"https:\/\/api.w.org\/{rel}","templated":true}]}}