{"id":30726,"date":"2022-03-14T08:51:52","date_gmt":"2022-03-14T06:51:52","guid":{"rendered":"https:\/\/admirria.com\/preguntas-frecuentes\/"},"modified":"2022-10-05T10:50:47","modified_gmt":"2022-10-05T07:50:47","slug":"preguntas-frecuentes","status":"publish","type":"page","link":"https:\/\/admirria.online\/es\/preguntas-frecuentes\/","title":{"rendered":"Preguntas Frecuentes"},"content":{"rendered":"\t\t<div data-elementor-type=\"wp-page\" data-elementor-id=\"30726\" class=\"elementor elementor-30726 elementor-668\">\n\t\t\t\t\t\t<section class=\"elementor-section elementor-top-section elementor-element elementor-element-051b8a7 elementor-section-boxed elementor-section-height-default elementor-section-height-default\" data-id=\"051b8a7\" data-element_type=\"section\">\n\t\t\t\t\t\t<div class=\"elementor-container elementor-column-gap-default\">\n\t\t\t\t\t<div class=\"elementor-column elementor-col-50 elementor-top-column elementor-element elementor-element-3245054\" data-id=\"3245054\" data-element_type=\"column\">\n\t\t\t<div class=\"elementor-widget-wrap elementor-element-populated\">\n\t\t\t\t\t\t<div class=\"elementor-element elementor-element-e883247 elementor-widget elementor-widget-image\" data-id=\"e883247\" data-element_type=\"widget\" data-widget_type=\"image.default\">\n\t\t\t\t<div class=\"elementor-widget-container\">\n\t\t\t\t\t\t\t\t\t\t\t\t\t<img fetchpriority=\"high\" decoding=\"async\" width=\"530\" height=\"388\" src=\"https:\/\/admirria.online\/wp-content\/uploads\/2022\/06\/81514-1.png\" class=\"attachment-large size-large wp-image-29518\" alt=\"\" srcset=\"https:\/\/admirria.online\/wp-content\/uploads\/2022\/06\/81514-1.png 530w, https:\/\/admirria.online\/wp-content\/uploads\/2022\/06\/81514-1-300x220.png 300w, https:\/\/admirria.online\/wp-content\/uploads\/2022\/06\/81514-1-16x12.png 16w\" sizes=\"(max-width: 530px) 100vw, 530px\" \/>\t\t\t\t\t\t\t\t\t\t\t\t\t<\/div>\n\t\t\t\t<\/div>\n\t\t\t\t\t<\/div>\n\t\t<\/div>\n\t\t\t\t<div class=\"elementor-column elementor-col-50 elementor-top-column elementor-element elementor-element-7a685ed\" data-id=\"7a685ed\" data-element_type=\"column\">\n\t\t\t<div class=\"elementor-widget-wrap elementor-element-populated\">\n\t\t\t\t\t\t<div class=\"elementor-element elementor-element-d55a046 elementor-widget__width-initial elementor-widget elementor-widget-heading\" data-id=\"d55a046\" data-element_type=\"widget\" data-widget_type=\"heading.default\">\n\t\t\t\t<div class=\"elementor-widget-container\">\n\t\t\t<h2 class=\"elementor-heading-title elementor-size-default\">Usted acaba de preguntar, \u00a1y nosotros ya hemos respondido!<\/h2>\t\t<\/div>\n\t\t\t\t<\/div>\n\t\t\t\t\t<\/div>\n\t\t<\/div>\n\t\t\t\t\t<\/div>\n\t\t<\/section>\n\t\t\t\t<section class=\"elementor-section elementor-top-section elementor-element elementor-element-0a8171b elementor-section-boxed elementor-section-height-default elementor-section-height-default\" data-id=\"0a8171b\" data-element_type=\"section\">\n\t\t\t\t\t\t<div class=\"elementor-container elementor-column-gap-default\">\n\t\t\t\t\t<div class=\"elementor-column elementor-col-100 elementor-top-column elementor-element elementor-element-b559a23\" data-id=\"b559a23\" data-element_type=\"column\">\n\t\t\t<div class=\"elementor-widget-wrap elementor-element-populated\">\n\t\t\t\t\t\t<div class=\"elementor-element elementor-element-09c6547 elementor-widget-divider--view-line elementor-widget elementor-widget-divider\" data-id=\"09c6547\" data-element_type=\"widget\" data-widget_type=\"divider.default\">\n\t\t\t\t<div class=\"elementor-widget-container\">\n\t\t\t\t\t<div class=\"elementor-divider\">\n\t\t\t<span class=\"elementor-divider-separator\">\n\t\t\t\t\t\t<\/span>\n\t\t<\/div>\n\t\t\t\t<\/div>\n\t\t\t\t<\/div>\n\t\t\t\t<div class=\"elementor-element elementor-element-34f7e39 elementor-widget elementor-widget-shortcode\" data-id=\"34f7e39\" data-element_type=\"widget\" data-widget_type=\"shortcode.default\">\n\t\t\t\t<div class=\"elementor-widget-container\">\n\t\t\t\t\t<div class=\"elementor-shortcode\"><div class=\"faq-tabs\">\r\n    \r\n    <div class=\"faq-tab active\">\r\n        <div class=\"faq-tab-title\">\r\n            \u00bfPor qu\u00e9 deber\u00eda aprender con ustedes?            <span class=\"plus\"><svg xmlns=\"http:\/\/www.w3.org\/2000\/svg\" width=\"16\" height=\"16\" viewBox=\"0 0 26 26\" fill=\"none\"><line y1=\"12.7646\" x2=\"26\" y2=\"12.7646\" stroke=\"#131416\" stroke-width=\"2\"><\/line><line x1=\"13.2354\" y1=\"4.37114e-08\" x2=\"13.2354\" y2=\"26\" stroke=\"#131416\" stroke-width=\"2\"><\/line><\/svg><\/span>\r\n        <\/div>\r\n        <div class=\"fab-tab-content\">\r\n            Admirria cree que la gente debe tener acceso a los mejores materiales educativos sobre el trading en el mercado financiero mundial. Hoy en d\u00eda, el deseo de los participantes en el mercado de operar con divisas es cada vez mayor. Por lo tanto, todo lo que hacemos est\u00e1 dirigido al \u00e9xito de nuestros estudiantes, proporcion\u00e1ndoles habilidades especiales modernas, conocimientos y recomendaciones de nuestra experiencia personal, que nadie m\u00e1s tiene.<br><br>\r\n            Le ayudaremos para que el trading se convierta en su fuente de ingresos principal o auxiliar despu\u00e9s de nuestra formaci\u00f3n.            \r\n        <\/div>\r\n    <\/div>\r\n    \r\n    <div class=\"faq-tab\">\r\n        <div class=\"faq-tab-title\">\r\n            \u00bfCu\u00e1l es su pol\u00edtica de devoluciones?            <span class=\"plus\"><svg xmlns=\"http:\/\/www.w3.org\/2000\/svg\" width=\"16\" height=\"16\" viewBox=\"0 0 26 26\" fill=\"none\"><line y1=\"12.7646\" x2=\"26\" y2=\"12.7646\" stroke=\"#131416\" stroke-width=\"2\"><\/line><line x1=\"13.2354\" y1=\"4.37114e-08\" x2=\"13.2354\" y2=\"26\" stroke=\"#131416\" stroke-width=\"2\"><\/line><\/svg><\/span>\r\n        <\/div>\r\n        <div class=\"fab-tab-content\">\r\n            Nuestra pol\u00edtica de devoluci\u00f3n ha sido desarrollada para cumplir con los principios de protecci\u00f3n de los fondos de los clientes y reducir los riesgos financieros y legales de la Compa\u00f1\u00eda.<br><br>\r\n            The Company can make a refund if no more than 30 days have passed after the official request of the client, and only in the absence of any activity in the personal account during the specified period.         <\/div>\r\n    <\/div>\r\n    \r\n    <div class=\"faq-tab\">\r\n        <div class=\"faq-tab-title\">\r\n            \u00bfC\u00f3mo empezar a aprender?            <span class=\"plus\"><svg xmlns=\"http:\/\/www.w3.org\/2000\/svg\" width=\"16\" height=\"16\" viewBox=\"0 0 26 26\" fill=\"none\"><line y1=\"12.7646\" x2=\"26\" y2=\"12.7646\" stroke=\"#131416\" stroke-width=\"2\"><\/line><line x1=\"13.2354\" y1=\"4.37114e-08\" x2=\"13.2354\" y2=\"26\" stroke=\"#131416\" stroke-width=\"2\"><\/line><\/svg><\/span>\r\n        <\/div>\r\n        <div class=\"fab-tab-content\">\r\n            \u00a1Absolutamente s\u00ed! Nuestro equipo est\u00e1 disponible todo el tiempo para ayudarlo a desarrollarse y mejorar en el mundo del comercio.        <\/div>\r\n    <\/div>\r\n    \r\n    <div class=\"faq-tab\">\r\n        <div class=\"faq-tab-title\">\r\n            \u00bfPuedo organizar mi horario semanal?            <span class=\"plus\"><svg xmlns=\"http:\/\/www.w3.org\/2000\/svg\" width=\"16\" height=\"16\" viewBox=\"0 0 26 26\" fill=\"none\"><line y1=\"12.7646\" x2=\"26\" y2=\"12.7646\" stroke=\"#131416\" stroke-width=\"2\"><\/line><line x1=\"13.2354\" y1=\"4.37114e-08\" x2=\"13.2354\" y2=\"26\" stroke=\"#131416\" stroke-width=\"2\"><\/line><\/svg><\/span>\r\n        <\/div>\r\n        <div class=\"fab-tab-content\">\r\n            Un trader principiante o avanzado puede elegir el paquete de formaci\u00f3n necesario en nuestra p\u00e1gina web. Puede encontrar los programas de los cursos en nuestra p\u00e1gina de Cursos. Nuestros cursos ofrecen cuatro niveles diferentes de preparaci\u00f3n de los estudiantes y la posibilidad de estudiar en cualquier momento conveniente.<br><br>\r\n            Puede comenzar su formaci\u00f3n con un curso gratuito disponible en nuestra p\u00e1gina web.\nPara recibir las lecciones del curso seleccionado, debe realizar un pago y registrarse en nuestra p\u00e1gina web, lo que le dar\u00e1 acceso a las lecciones del curso en su cuenta personal.        <\/div>\r\n    <\/div>\r\n    \r\n    <div class=\"faq-tab\">\r\n        <div class=\"faq-tab-title\">\r\n            \u00bfNecesito alguna herramienta o dispositivo espec\u00edfico para aprender con ustedes?            <span class=\"plus\"><svg xmlns=\"http:\/\/www.w3.org\/2000\/svg\" width=\"16\" height=\"16\" viewBox=\"0 0 26 26\" fill=\"none\"><line y1=\"12.7646\" x2=\"26\" y2=\"12.7646\" stroke=\"#131416\" stroke-width=\"2\"><\/line><line x1=\"13.2354\" y1=\"4.37114e-08\" x2=\"13.2354\" y2=\"26\" stroke=\"#131416\" stroke-width=\"2\"><\/line><\/svg><\/span>\r\n        <\/div>\r\n        <div class=\"fab-tab-content\">\r\n            Hemos hecho un gran trabajo para que nuestras lecciones y cuestionarios de alta calidad est\u00e9n disponibles para el mayor n\u00famero de personas posible. Ahora, puede acceder a todos los materiales desde cualquier dispositivo conectado a Internet (excepto la tetera inteligente, la aspiradora, etc.).\nNuestro soporte t\u00e9cnico est\u00e1 en contacto con usted en caso de cualquier dificultad. Le asesorar\u00e1n sobre el problema que haya surgido.        <\/div>\r\n    <\/div>\r\n    \r\n    <div class=\"faq-tab\">\r\n        <div class=\"faq-tab-title\">\r\n            \u00bfQu\u00e9 m\u00e9todos de pago hay disponibles?            <span class=\"plus\"><svg xmlns=\"http:\/\/www.w3.org\/2000\/svg\" width=\"16\" height=\"16\" viewBox=\"0 0 26 26\" fill=\"none\"><line y1=\"12.7646\" x2=\"26\" y2=\"12.7646\" stroke=\"#131416\" stroke-width=\"2\"><\/line><line x1=\"13.2354\" y1=\"4.37114e-08\" x2=\"13.2354\" y2=\"26\" stroke=\"#131416\" stroke-width=\"2\"><\/line><\/svg><\/span>\r\n        <\/div>\r\n        <div class=\"fab-tab-content\">\r\n            Puede pagar el curso con una tarjeta de d\u00e9bito o cr\u00e9dito (Visa\/Mastercard), Google y Apple Pay.        <\/div>\r\n    <\/div>\r\n\t\r\n\t<div class=\"faq-tab\">\r\n        <div class=\"faq-tab-title\">\r\n            How to access the course i purchased from you?            <span class=\"plus\"><svg xmlns=\"http:\/\/www.w3.org\/2000\/svg\" width=\"16\" height=\"16\" viewBox=\"0 0 26 26\" fill=\"none\"><line y1=\"12.7646\" x2=\"26\" y2=\"12.7646\" stroke=\"#131416\" stroke-width=\"2\"><\/line><line x1=\"13.2354\" y1=\"4.37114e-08\" x2=\"13.2354\" y2=\"26\" stroke=\"#131416\" stroke-width=\"2\"><\/line><\/svg><\/span>\r\n        <\/div>\r\n        <div class=\"fab-tab-content\">\r\n            Following your purchase, you'll receive a registration email containing your personal login details and a link labelled \"Go to account\" sent to your provided email address. Upon clicking this link and logging in with your credentials, you'll be directed to the \"My Account\" section. By selecting the \"Courses\" area, you can access and explore our educational materials by the purchased package.        <\/div>\r\n    <\/div>\r\n    \r\n<\/div><\/div>\n\t\t\t\t<\/div>\n\t\t\t\t<\/div>\n\t\t\t\t\t<\/div>\n\t\t<\/div>\n\t\t\t\t\t<\/div>\n\t\t<\/section>\n\t\t\t\t<\/div>\n\t\t","protected":false},"excerpt":{"rendered":"<p>Usted acaba de preguntar, \u00a1y nosotros ya hemos respondido!<\/p>\n","protected":false},"author":1,"featured_media":32837,"parent":0,"menu_order":0,"comment_status":"closed","ping_status":"closed","template":"","meta":{"footnotes":""},"class_list":["post-30726","page","type-page","status-publish","has-post-thumbnail","hentry"],"yoast_head":"<!-- This site is optimized with the Yoast SEO Premium plugin v17.1 (Yoast SEO v19.13) - https:\/\/yoast.com\/wordpress\/plugins\/seo\/ -->\n<title>FAQ page from Admirria<\/title>\n<meta name=\"description\" content=\"Usted acaba de preguntar, \u00a1y nosotros ya hemos respondido! We have tried to answer the most frequently asked questions for your convenience.\" \/>\n<meta name=\"robots\" content=\"noindex, follow, max-snippet:-1, max-image-preview:large, max-video-preview:-1\" \/>\n<meta property=\"og:locale\" content=\"es_ES\" \/>\n<meta property=\"og:type\" content=\"article\" \/>\n<meta property=\"og:title\" content=\"FAQ page from Admirria\" \/>\n<meta property=\"og:description\" content=\"Usted acaba de preguntar, \u00a1y nosotros ya hemos respondido! We have tried to answer the most frequently asked questions for your convenience.\" \/>\n<meta property=\"og:url\" content=\"https:\/\/admirria.online\/es\/preguntas-frecuentes\/\" \/>\n<meta property=\"og:site_name\" content=\"Global Tech Industries Limited\" \/>\n<meta property=\"article:modified_time\" content=\"2022-10-05T07:50:47+00:00\" \/>\n<meta property=\"og:image\" content=\"https:\/\/admirria.online\/wp-content\/uploads\/2022\/06\/1024-\u00d7-514-admirria-1.png\" \/>\n<meta name=\"twitter:card\" content=\"summary_large_image\" \/>\n<meta name=\"twitter:title\" content=\"FAQ page from Admirria\" \/>\n<meta name=\"twitter:description\" content=\"Usted acaba de preguntar, \u00a1y nosotros ya hemos respondido! We have tried to answer the most frequently asked questions for your convenience.\" \/>\n<meta name=\"twitter:image\" content=\"https:\/\/admirria.online\/wp-content\/uploads\/2022\/06\/1024-\u00d7-514-admirria-1.png\" \/>\n<script type=\"application\/ld+json\" class=\"yoast-schema-graph\">{\"@context\":\"https:\/\/schema.org\",\"@graph\":[{\"@type\":\"WebPage\",\"@id\":\"https:\/\/admirria.online\/es\/preguntas-frecuentes\/\",\"url\":\"https:\/\/admirria.online\/es\/preguntas-frecuentes\/\",\"name\":\"FAQ page from Admirria\",\"isPartOf\":{\"@id\":\"https:\/\/admirria.online\/#website\"},\"datePublished\":\"2022-03-14T06:51:52+00:00\",\"dateModified\":\"2022-10-05T07:50:47+00:00\",\"description\":\"Usted acaba de preguntar, \u00a1y nosotros ya hemos respondido! We have tried to answer the most frequently asked questions for your convenience.\",\"inLanguage\":\"es\",\"potentialAction\":[{\"@type\":\"ReadAction\",\"target\":[\"https:\/\/admirria.online\/es\/preguntas-frecuentes\/\"]}]},{\"@type\":\"WebSite\",\"@id\":\"https:\/\/admirria.online\/#website\",\"url\":\"https:\/\/admirria.online\/\",\"name\":\"Global Tech Industries Limited\",\"description\":\"\",\"publisher\":{\"@id\":\"https:\/\/admirria.online\/#organization\"},\"inLanguage\":\"es\"},{\"@type\":\"Organization\",\"@id\":\"https:\/\/admirria.online\/#organization\",\"name\":\"Global Tech Industries Limited\",\"url\":\"https:\/\/admirria.online\/\",\"logo\":{\"@type\":\"ImageObject\",\"inLanguage\":\"es\",\"@id\":\"https:\/\/admirria.online\/#\/schema\/logo\/image\/\",\"url\":\"https:\/\/admirria.online\/wp-content\/uploads\/2022\/05\/admirria-logo-black.png\",\"contentUrl\":\"https:\/\/admirria.online\/wp-content\/uploads\/2022\/05\/admirria-logo-black.png\",\"width\":527,\"height\":73,\"caption\":\"Global Tech Industries Limited\"},\"image\":{\"@id\":\"https:\/\/admirria.online\/#\/schema\/logo\/image\/\"}}]}<\/script>\n<!-- \/ Yoast SEO Premium plugin. -->","yoast_head_json":{"title":"FAQ page from Admirria","description":"Usted acaba de preguntar, \u00a1y nosotros ya hemos respondido! We have tried to answer the most frequently asked questions for your convenience.","robots":{"index":"noindex","follow":"follow","max-snippet":"max-snippet:-1","max-image-preview":"max-image-preview:large","max-video-preview":"max-video-preview:-1"},"og_locale":"es_ES","og_type":"article","og_title":"FAQ page from Admirria","og_description":"Usted acaba de preguntar, \u00a1y nosotros ya hemos respondido! We have tried to answer the most frequently asked questions for your convenience.","og_url":"https:\/\/admirria.online\/es\/preguntas-frecuentes\/","og_site_name":"Global Tech Industries Limited","article_modified_time":"2022-10-05T07:50:47+00:00","og_image":[{"url":"https:\/\/admirria.online\/wp-content\/uploads\/2022\/06\/1024-\u00d7-514-admirria-1.png"}],"twitter_card":"summary_large_image","twitter_title":"FAQ page from Admirria","twitter_description":"Usted acaba de preguntar, \u00a1y nosotros ya hemos respondido! We have tried to answer the most frequently asked questions for your convenience.","twitter_image":"https:\/\/admirria.online\/wp-content\/uploads\/2022\/06\/1024-\u00d7-514-admirria-1.png","schema":{"@context":"https:\/\/schema.org","@graph":[{"@type":"WebPage","@id":"https:\/\/admirria.online\/es\/preguntas-frecuentes\/","url":"https:\/\/admirria.online\/es\/preguntas-frecuentes\/","name":"FAQ page from Admirria","isPartOf":{"@id":"https:\/\/admirria.online\/#website"},"datePublished":"2022-03-14T06:51:52+00:00","dateModified":"2022-10-05T07:50:47+00:00","description":"Usted acaba de preguntar, \u00a1y nosotros ya hemos respondido! We have tried to answer the most frequently asked questions for your convenience.","inLanguage":"es","potentialAction":[{"@type":"ReadAction","target":["https:\/\/admirria.online\/es\/preguntas-frecuentes\/"]}]},{"@type":"WebSite","@id":"https:\/\/admirria.online\/#website","url":"https:\/\/admirria.online\/","name":"Global Tech Industries Limited","description":"","publisher":{"@id":"https:\/\/admirria.online\/#organization"},"inLanguage":"es"},{"@type":"Organization","@id":"https:\/\/admirria.online\/#organization","name":"Global Tech Industries Limited","url":"https:\/\/admirria.online\/","logo":{"@type":"ImageObject","inLanguage":"es","@id":"https:\/\/admirria.online\/#\/schema\/logo\/image\/","url":"https:\/\/admirria.online\/wp-content\/uploads\/2022\/05\/admirria-logo-black.png","contentUrl":"https:\/\/admirria.online\/wp-content\/uploads\/2022\/05\/admirria-logo-black.png","width":527,"height":73,"caption":"Global Tech Industries Limited"},"image":{"@id":"https:\/\/admirria.online\/#\/schema\/logo\/image\/"}}]}},"_links":{"self":[{"href":"https:\/\/admirria.online\/es\/wp-json\/wp\/v2\/pages\/30726","targetHints":{"allow":["GET"]}}],"collection":[{"href":"https:\/\/admirria.online\/es\/wp-json\/wp\/v2\/pages"}],"about":[{"href":"https:\/\/admirria.online\/es\/wp-json\/wp\/v2\/types\/page"}],"author":[{"embeddable":true,"href":"https:\/\/admirria.online\/es\/wp-json\/wp\/v2\/users\/1"}],"replies":[{"embeddable":true,"href":"https:\/\/admirria.online\/es\/wp-json\/wp\/v2\/comments?post=30726"}],"version-history":[{"count":0,"href":"https:\/\/admirria.online\/es\/wp-json\/wp\/v2\/pages\/30726\/revisions"}],"wp:featuredmedia":[{"embeddable":true,"href":"https:\/\/admirria.online\/es\/wp-json\/wp\/v2\/media\/32837"}],"wp:attachment":[{"href":"https:\/\/admirria.online\/es\/wp-json\/wp\/v2\/media?parent=30726"}],"curies":[{"name":"wp","href":"https:\/\/api.w.org\/{rel}","templated":true}]}}