{"id":30740,"date":"2022-03-09T09:30:59","date_gmt":"2022-03-09T07:30:59","guid":{"rendered":"https:\/\/admirria.com\/privacy-policy\/"},"modified":"2022-10-05T11:08:27","modified_gmt":"2022-10-05T08:08:27","slug":"privacy-policy","status":"publish","type":"page","link":"https:\/\/admirria.online\/es\/privacy-policy\/","title":{"rendered":"Pol\u00edtica de Privacidad"},"content":{"rendered":"\n<p>Esta Pol\u00edtica de privacidad traza el marco legal para cualquier dato personal (\u00abinformaci\u00f3n de identificaci\u00f3n personal\u00bb o \u00abinformaci\u00f3n\u00bb) recopilada por Global Tech Industries Limited registrada en <a href=\"https:\/\/admirria.online\/\">95 Wilton Road, Suite 717 Victoria, Londres, Reino Unido SW1V 1BZ <\/a>(\u00abAdmirria\u00bb, \u00abEmpresa\u00bb, \u00abnosotros\u00bb o \u00abnosotros\u00bb) proporcionada por usted (\u00abCliente\u00bb o \u00abusuario\u00bb). Para proporcionarle el uso del sitio web (el \u00abServicio\u00bb), el procesamiento de datos sigue siendo un paso necesario para cumplir con, entre otros, la Ley de Protecci\u00f3n de Datos de 1998 (\u00abDPA\u00bb), as\u00ed como la Ley General de Protecci\u00f3n de Datos. Reglamento (\u00abGDPR\u00bb). Esta Pol\u00edtica tiene la intenci\u00f3n de abordar las inquietudes de cualquier cliente o visitante con respecto a la privacidad y seguridad de sus datos y enfatizar el compromiso de la Compa\u00f1\u00eda para garantizar que existan suficientes garant\u00edas de privacidad.<\/p>\n\n\n\n<p>Le pedimos que lea detenidamente esta Pol\u00edtica de privacidad, ya que contiene informaci\u00f3n sobre c\u00f3mo recopilamos su informaci\u00f3n, qu\u00e9 hacemos con ella y c\u00f3mo puede controlar nuestro uso de la informaci\u00f3n.<\/p>\n\n\n\n<p><strong>INFORMACI\u00d3N GENERAL<\/strong><\/p>\n\n\n\n<p>Nos reservamos el derecho de cambiar la Pol\u00edtica de privacidad, incluida la modificaci\u00f3n de los fines para los que procesamos su Informaci\u00f3n personal. Si consideramos apropiado realizar dicho cambio, la Pol\u00edtica de privacidad se actualizar\u00e1 y publicar\u00e1 en nuestro sitio web. Su uso continuado del sitio web constituir\u00e1 la aceptaci\u00f3n de dichos cambios. Si realizamos cambios materiales o sustanciales a esta Pol\u00edtica de privacidad, haremos todos los esfuerzos razonables para informarle por correo electr\u00f3nico, aviso en el sitio web u otros canales de comunicaci\u00f3n acordados.<\/p>\n\n\n\n<p><strong>USO DE LA INFORMACI\u00d3N<\/strong><\/p>\n\n\n\n<p>Recopilamos y procesamos la informaci\u00f3n con gran consideraci\u00f3n para brindarle y mantener la calidad de nuestros Servicios y proteger y mejorar su experiencia en Admirria.<\/p>\n\n\n\n<p>Una vez que haya iniciado sesi\u00f3n en su cuenta, Admirria puede recopilar la siguiente informaci\u00f3n:<\/p>\n\n\n\n<ul class=\"wp-block-list\"><li>un registro de todas las comunicaciones por Internet y detalles de sus visitas a nuestros sitios web;<\/li><li>informaci\u00f3n t\u00e9cnica relacionada con el dispositivo, como el identificador del dispositivo y el navegador que utiliza para acceder a nuestros sitios web;<\/li><li>detalles de las transacciones que realiza a trav\u00e9s del sitio, como pagos;<\/li><li>comunicaciones con nosotros o nuestros empleados, por ejemplo, llamadas, correos electr\u00f3nicos y mensajes enviados a trav\u00e9s del servicio de chat en vivo;<\/li><li>informaci\u00f3n sobre su ubicaci\u00f3n, incluida la direcci\u00f3n IP;<\/li><li>cualquier informaci\u00f3n adicional que env\u00ede a trav\u00e9s del sitio web, por ejemplo, en secciones de comentarios o respuestas a pruebas y cuestionarios;<\/li><\/ul>\n\n\n\n<p>Los terceros brindan servicios para ayudarnos a decidir si aceptamos sus transacciones mediante la evaluaci\u00f3n de su m\u00e9todo de pago y los dispositivos que utiliza para visitar nuestro sitio web. Esto no solo te protege a ti, sino tambi\u00e9n a nosotros. Estos servicios de terceros realizan comprobaciones para determinar si el dispositivo o el m\u00e9todo de pago elegido se ha identificado con transacciones fraudulentas o abusivas en el pasado, por ejemplo, denuncias de robo de identidad o fraude con tarjetas de cr\u00e9dito.<\/p>\n\n\n\n<p><strong>ALMACENAMIENTO DE DATOS PERSONALES<\/strong><\/p>\n\n\n\n<p>Los datos que recopilamos de usted pueden transferirse y almacenarse en un destino fuera del Espacio Econ\u00f3mico Europeo (\u00abEEE\u00bb). Tambi\u00e9n puede ser procesada por personal fuera del EEE que trabaje para uno de nuestros proveedores o para nosotros. Esto incluye al personal involucrado, entre otras cosas, en el cumplimiento de su pedido, el procesamiento de sus detalles de pago y la prestaci\u00f3n de servicios de soporte. Al enviar su informaci\u00f3n personal, acepta esta transferencia, almacenamiento o procesamiento. Admirria tomar\u00e1 todas las medidas necesarias para garantizar que sus datos sean tratados de forma segura y de acuerdo con esta pol\u00edtica de privacidad.<\/p>\n\n\n\n<p>Algunos de nuestros terceros externos tienen su sede fuera del EEE, por lo que el procesamiento de su informaci\u00f3n personal implicar\u00e1 una transferencia de datos fuera del EEE. Cada vez que transferimos su informaci\u00f3n personal fuera del EEE a terceros, nos aseguramos de que se le brinde un grado de protecci\u00f3n similar al garantizar que se implemente al menos una de las siguientes medidas de seguridad:<\/p>\n\n\n\n<ul class=\"wp-block-list\"><li>solo transferiremos su informaci\u00f3n personal a pa\u00edses que la Comisi\u00f3n Europea haya considerado que brindan un nivel adecuado de protecci\u00f3n de datos personales; o,<\/li><li>cuando usamos ciertos proveedores de servicios, nos aseguramos de que se adhieran a contratos espec\u00edficos aprobados por la Comisi\u00f3n Europea, que brindan a su informaci\u00f3n personal la misma protecci\u00f3n que tiene en Europa.<\/li><\/ul>\n\n\n\n<p>Desafortunadamente, la transmisi\u00f3n de informaci\u00f3n a trav\u00e9s de Internet no es completamente segura. Aunque haremos todo lo posible para proteger su informaci\u00f3n personal, no podemos garantizar la seguridad de sus datos transmitidos a nuestro sitio; cualquier transmisi\u00f3n es bajo su propio riesgo. Una vez que hayamos recibido su informaci\u00f3n personal, utilizaremos procedimientos estrictos y funciones de seguridad para evitar el acceso no autorizado.<\/p>\n\n\n\n<p>Retenemos su informaci\u00f3n personal durante el tiempo que sea necesario para cumplir con el prop\u00f3sito para el cual fue recopilada. Podemos retener su informaci\u00f3n personal por m\u00e1s tiempo si puede ser objeto de un reclamo legal o puede ser relevante para un litigio futuro.<\/p>\n\n\n\n<p><strong>ACCESO A SU INFORMACI\u00d3N<\/strong><\/p>\n\n\n\n<p>Tiene derecho a solicitar una copia de su informaci\u00f3n individual que se est\u00e1 procesando. En este caso, Admirria facilitar\u00e1 la informaci\u00f3n solicitada sin demora y, a m\u00e1s tardar, en el plazo de un mes desde la recepci\u00f3n de una solicitud v\u00e1lida. Deber\u00eda. Sin embargo, si una solicitud es infundada o excesiva, Admirria tiene derecho a:<\/p>\n\n\n\n<ul class=\"wp-block-list\"><li>cobrar una tarifa razonable considerando los costos administrativos de proporcionar la informaci\u00f3n; o<\/li><li>negarse a responder.<\/li><\/ul>\n\n\n\n<p>En el caso de que necesite rectificar sus datos personales, Admirria le responder\u00e1 en el plazo de un mes y realizar\u00e1 los cambios oportunos.<\/p>\n\n\n\n<ul class=\"wp-block-list\"><li>Si desea rectificar o solicitar una copia de su informaci\u00f3n personal, debe enviar una solicitud explicando qu\u00e9 informaci\u00f3n desea adquirir junto con una prueba de identidad a <a href=\"mailto:office@admirria.online\">office@admirria.online <\/a>.<\/li><\/ul>\n\n\n\n<p>Si ha optado por no recibir nuestro marketing, tomaremos todas las medidas razonables para asegurarnos de que ya no reciba material promocional sobre Admirria. Esto puede afectar su elegibilidad para ciertas promociones.<\/p>\n\n\n\n<p><strong>INTERCAMBIO DE INFORMACI\u00d3N Y DIVULGACI\u00d3N<\/strong><\/p>\n\n\n\n<p>No venderemos su informaci\u00f3n de identificaci\u00f3n personal a nadie. Enviaremos informaci\u00f3n de identificaci\u00f3n personal sobre usted a otras empresas o personas solo cuando:<\/p>\n\n\n\n<ul class=\"wp-block-list\"><li>tenemos su consentimiento para compartir la informaci\u00f3n; o<\/li><li>necesitamos compartir su informaci\u00f3n para proporcionar el Servicio que ha solicitado; o<\/li><li>necesitamos enviar la informaci\u00f3n a empresas que trabajan en nombre de nuestra empresa para proporcionar un servicio solicitado por usted; o<\/li><li>estamos obligados a responder a \u00f3rdenes reglamentarias o judiciales o procesos legales; o<\/li><li>encontramos que sus acciones en nuestro sitio web violan los T\u00e9rminos o cualquiera de nuestras pautas de uso para servicios espec\u00edficos.<\/li><\/ul>\n\n\n\n<p>Para proporcionar la informaci\u00f3n o los servicios que nos ha solicitado, podemos transferir o almacenar su informaci\u00f3n de identificaci\u00f3n personal en equipos inform\u00e1ticos o en oficinas que se encuentran en pa\u00edses o jurisdicciones y nuestra empresa puede administrarla y procesarla internamente seg\u00fan lo deseemos. Se considera que usted da su consentimiento a lo mismo.<\/p>\n\n\n\n<p>Para garantizar una buena calidad de servicio, podemos monitorear y registrar cualquier comunicaci\u00f3n que tenga con nosotros, ya sea por escrito, por tel\u00e9fono o por correo electr\u00f3nico. Le recomendamos que, a excepci\u00f3n de su nombre y nombre de usuario, no nos env\u00ede informaci\u00f3n personal por correo electr\u00f3nico a excepci\u00f3n de su nombre y nombre de usuario. Cualquier informaci\u00f3n que nos transmita se transmite bajo su propio riesgo.<\/p>\n\n\n\n<p><strong>LEY QUE RIGE<\/strong><\/p>\n\n\n\n<p>Las leyes del Reino Unido rigen esta Pol\u00edtica de privacidad sin tener en cuenta su disposici\u00f3n sobre conflicto de leyes. Usted acepta la jurisdicci\u00f3n exclusiva de los tribunales en relaci\u00f3n con cualquier acci\u00f3n o disputa que surja entre las partes en virtud o en relaci\u00f3n con esta Pol\u00edtica de privacidad.<\/p>\n\n\n\n<p>Las leyes del Reino Unido, excluyendo sus conflictos de leyes, regir\u00e1n este Acuerdo y su uso del sitio web. Su sitio web tambi\u00e9n puede estar sujeto a otras leyes locales, estatales, nacionales o internacionales.<\/p>\n\n\n\n<p>Al usar Admirria o contactarnos directamente, usted expresa su aceptaci\u00f3n de esta Pol\u00edtica de privacidad. Si no est\u00e1 de acuerdo con esta Pol\u00edtica de privacidad, no debe interactuar con nuestro sitio web ni utilizar nuestros servicios. El uso continuo del sitio web, el compromiso directo con nosotros o la publicaci\u00f3n de cambios a esta Pol\u00edtica de privacidad que no afecten significativamente el uso o la divulgaci\u00f3n de su informaci\u00f3n personal significar\u00e1 que acepta esos cambios.<\/p>\n\n\n\n<p><strong>RECOPILACI\u00d3N DE INFORMACI\u00d3N<\/strong><\/p>\n\n\n\n<p>Podemos recopilar informaci\u00f3n de identificaci\u00f3n personal (es decir, su nombre, direcci\u00f3n postal, n\u00fameros de tel\u00e9fono, direcci\u00f3n de correo electr\u00f3nico, fecha de nacimiento y detalles de pago) de usted cuando env\u00eda un formulario de registro de cuenta en cualquier plataforma (Escritorio o m\u00f3vil) controlada por Admirria, completa una solicitud de informaci\u00f3n en cualquier plataforma (de escritorio o m\u00f3vil), env\u00edenos un correo electr\u00f3nico o escr\u00edbanos solicitando informaci\u00f3n, servicios o atenci\u00f3n al cliente. Tambi\u00e9n se le pedir\u00e1 que cree un nombre de usuario \u00fanico y una contrase\u00f1a \u00fanica para su cuenta. Esta informaci\u00f3n es necesaria para acceder a nuestros Servicios.<\/p>\n\n\n\n<p>Tambi\u00e9n podemos recibir informaci\u00f3n de identificaci\u00f3n personal de usted cuando utiliza nuestros productos y servicios o de nuestros socios comerciales, como informaci\u00f3n sobre el navegador y las cookies. Adem\u00e1s, tambi\u00e9n podemos recopilar su direcci\u00f3n IP e informaci\u00f3n t\u00e9cnica relacionada con el dispositivo desde el que accede a nuestros sitios web. No recopilamos ninguna informaci\u00f3n de identificaci\u00f3n personal cuando est\u00e1 en nuestro sitio antes de iniciar sesi\u00f3n o enviar el formulario en el \u00e1rea de contacto. Solo usamos informaci\u00f3n de identificaci\u00f3n personal para cumplir con sus solicitudes de informaci\u00f3n o brindarle productos o servicios . Si decide retener la informaci\u00f3n solicitada, es posible que no podamos brindarle nuestros Servicios.<\/p>\n\n\n\n<p>Tambi\u00e9n podemos monitorear su uso de nuestro sitio web. Esto puede incluir, pero no se limita a, monitorear cu\u00e1ntas veces y qu\u00e9 p\u00e1ginas visita y el nombre de dominio de origen del servicio de Internet proporcionado por un usuario. Esta informaci\u00f3n nos ayuda a construir un perfil de nuestros Clientes. Algunos de estos datos ser\u00e1n agregados o estad\u00edsticos, por lo que no podremos identificarlo individualmente.<\/p>\n\n\n\n<p><strong>MARKETING<\/strong><\/p>\n\n\n\n<p>Admirria se reserva el derecho de procesar datos personales con fines de marketing y, en determinadas circunstancias, proporcionarlos a nuestros socios externos para comercializar los Servicios de Admirria y los Servicios de socios aprobados para usted.<\/p>\n\n\n\n<p>Solicitamos su consentimiento para comercializar con usted cuando crea una cuenta con nosotros. Puede optar por no recibir material de marketing\/promocional en cualquier momento haciendo clic en el enlace para cancelar la suscripci\u00f3n del material promocional que se recibe o poni\u00e9ndose en contacto con nosotros en <a href=\"mailto:office@admirria.online\">office@admirria.online <\/a>.<\/p>\n\n\n\n<p><strong>CONTACTOS<\/strong><\/p>\n\n\n\n<p>Si tiene alguna pregunta, no dude en contactarnos<\/p>\n\n\n\n<p>por tel\u00e9fono &#8211; <a href=\"tel:+442045772182\">+442045772182<\/a><\/p>\n\n\n\n<p>por correo electr\u00f3nico &#8211; office@admirria.online<\/p>\n","protected":false},"excerpt":{"rendered":"<p>Esta Pol\u00edtica de privacidad traza el marco legal para cualquier dato personal (\u00abinformaci\u00f3n de identificaci\u00f3n personal\u00bb o \u00abinformaci\u00f3n\u00bb) recopilada por Global Tech Industries Limited registrada en 95 Wilton Road, Suite 717 Victoria, Londres, Reino Unido SW1V 1BZ (\u00abAdmirria\u00bb, \u00abEmpresa\u00bb, \u00abnosotros\u00bb o \u00abnosotros\u00bb) proporcionada por usted (\u00abCliente\u00bb o \u00abusuario\u00bb). Para proporcionarle el uso del sitio web [&hellip;]<\/p>\n","protected":false},"author":1,"featured_media":32837,"parent":0,"menu_order":0,"comment_status":"closed","ping_status":"closed","template":"","meta":{"footnotes":""},"class_list":["post-30740","page","type-page","status-publish","has-post-thumbnail","hentry"],"yoast_head":"<!-- This site is optimized with the Yoast SEO Premium plugin v17.1 (Yoast SEO v19.13) - https:\/\/yoast.com\/wordpress\/plugins\/seo\/ -->\n<title>Pol\u00edtica de Privacidad - Global Tech Industries Limited<\/title>\n<meta name=\"robots\" content=\"noindex, follow, max-snippet:-1, max-image-preview:large, max-video-preview:-1\" \/>\n<meta property=\"og:locale\" content=\"es_ES\" \/>\n<meta property=\"og:type\" content=\"article\" \/>\n<meta property=\"og:title\" content=\"Pol\u00edtica de Privacidad - Global Tech Industries Limited\" \/>\n<meta property=\"og:description\" content=\"Esta Pol\u00edtica de privacidad traza el marco legal para cualquier dato personal (\u00abinformaci\u00f3n de identificaci\u00f3n personal\u00bb o \u00abinformaci\u00f3n\u00bb) recopilada por Global Tech Industries Limited registrada en 95 Wilton Road, Suite 717 Victoria, Londres, Reino Unido SW1V 1BZ (\u00abAdmirria\u00bb, \u00abEmpresa\u00bb, \u00abnosotros\u00bb o \u00abnosotros\u00bb) proporcionada por usted (\u00abCliente\u00bb o \u00abusuario\u00bb). Para proporcionarle el uso del sitio web [&hellip;]\" \/>\n<meta property=\"og:url\" content=\"https:\/\/admirria.online\/es\/privacy-policy\/\" \/>\n<meta property=\"og:site_name\" content=\"Global Tech Industries Limited\" \/>\n<meta property=\"article:modified_time\" content=\"2022-10-05T08:08:27+00:00\" \/>\n<meta property=\"og:image\" content=\"https:\/\/admirria.online\/wp-content\/uploads\/2022\/06\/1024-\u00d7-514-admirria-1.png\" \/>\n\t<meta property=\"og:image:width\" content=\"1024\" \/>\n\t<meta property=\"og:image:height\" content=\"512\" \/>\n\t<meta property=\"og:image:type\" content=\"image\/png\" \/>\n<meta name=\"twitter:card\" content=\"summary_large_image\" \/>\n<meta name=\"twitter:image\" content=\"https:\/\/admirria.online\/wp-content\/uploads\/2022\/06\/1024-\u00d7-514-admirria-1.png\" \/>\n<meta name=\"twitter:label1\" content=\"Tiempo de lectura\" \/>\n\t<meta name=\"twitter:data1\" content=\"8 minutos\" \/>\n<script type=\"application\/ld+json\" class=\"yoast-schema-graph\">{\"@context\":\"https:\/\/schema.org\",\"@graph\":[{\"@type\":\"WebPage\",\"@id\":\"https:\/\/admirria.online\/es\/privacy-policy\/\",\"url\":\"https:\/\/admirria.online\/es\/privacy-policy\/\",\"name\":\"Pol\u00edtica de Privacidad - Global Tech Industries Limited\",\"isPartOf\":{\"@id\":\"https:\/\/admirria.online\/#website\"},\"datePublished\":\"2022-03-09T07:30:59+00:00\",\"dateModified\":\"2022-10-05T08:08:27+00:00\",\"inLanguage\":\"es\",\"potentialAction\":[{\"@type\":\"ReadAction\",\"target\":[\"https:\/\/admirria.online\/es\/privacy-policy\/\"]}]},{\"@type\":\"WebSite\",\"@id\":\"https:\/\/admirria.online\/#website\",\"url\":\"https:\/\/admirria.online\/\",\"name\":\"Global Tech Industries Limited\",\"description\":\"\",\"publisher\":{\"@id\":\"https:\/\/admirria.online\/#organization\"},\"inLanguage\":\"es\"},{\"@type\":\"Organization\",\"@id\":\"https:\/\/admirria.online\/#organization\",\"name\":\"Global Tech Industries Limited\",\"url\":\"https:\/\/admirria.online\/\",\"logo\":{\"@type\":\"ImageObject\",\"inLanguage\":\"es\",\"@id\":\"https:\/\/admirria.online\/#\/schema\/logo\/image\/\",\"url\":\"https:\/\/admirria.online\/wp-content\/uploads\/2022\/05\/admirria-logo-black.png\",\"contentUrl\":\"https:\/\/admirria.online\/wp-content\/uploads\/2022\/05\/admirria-logo-black.png\",\"width\":527,\"height\":73,\"caption\":\"Global Tech Industries Limited\"},\"image\":{\"@id\":\"https:\/\/admirria.online\/#\/schema\/logo\/image\/\"}}]}<\/script>\n<!-- \/ Yoast SEO Premium plugin. -->","yoast_head_json":{"title":"Pol\u00edtica de Privacidad - Global Tech Industries Limited","robots":{"index":"noindex","follow":"follow","max-snippet":"max-snippet:-1","max-image-preview":"max-image-preview:large","max-video-preview":"max-video-preview:-1"},"og_locale":"es_ES","og_type":"article","og_title":"Pol\u00edtica de Privacidad - Global Tech Industries Limited","og_description":"Esta Pol\u00edtica de privacidad traza el marco legal para cualquier dato personal (\u00abinformaci\u00f3n de identificaci\u00f3n personal\u00bb o \u00abinformaci\u00f3n\u00bb) recopilada por Global Tech Industries Limited registrada en 95 Wilton Road, Suite 717 Victoria, Londres, Reino Unido SW1V 1BZ (\u00abAdmirria\u00bb, \u00abEmpresa\u00bb, \u00abnosotros\u00bb o \u00abnosotros\u00bb) proporcionada por usted (\u00abCliente\u00bb o \u00abusuario\u00bb). Para proporcionarle el uso del sitio web [&hellip;]","og_url":"https:\/\/admirria.online\/es\/privacy-policy\/","og_site_name":"Global Tech Industries Limited","article_modified_time":"2022-10-05T08:08:27+00:00","og_image":[{"width":1024,"height":512,"url":"https:\/\/admirria.online\/wp-content\/uploads\/2022\/06\/1024-\u00d7-514-admirria-1.png","type":"image\/png"}],"twitter_card":"summary_large_image","twitter_image":"https:\/\/admirria.online\/wp-content\/uploads\/2022\/06\/1024-\u00d7-514-admirria-1.png","twitter_misc":{"Tiempo de lectura":"8 minutos"},"schema":{"@context":"https:\/\/schema.org","@graph":[{"@type":"WebPage","@id":"https:\/\/admirria.online\/es\/privacy-policy\/","url":"https:\/\/admirria.online\/es\/privacy-policy\/","name":"Pol\u00edtica de Privacidad - Global Tech Industries Limited","isPartOf":{"@id":"https:\/\/admirria.online\/#website"},"datePublished":"2022-03-09T07:30:59+00:00","dateModified":"2022-10-05T08:08:27+00:00","inLanguage":"es","potentialAction":[{"@type":"ReadAction","target":["https:\/\/admirria.online\/es\/privacy-policy\/"]}]},{"@type":"WebSite","@id":"https:\/\/admirria.online\/#website","url":"https:\/\/admirria.online\/","name":"Global Tech Industries Limited","description":"","publisher":{"@id":"https:\/\/admirria.online\/#organization"},"inLanguage":"es"},{"@type":"Organization","@id":"https:\/\/admirria.online\/#organization","name":"Global Tech Industries Limited","url":"https:\/\/admirria.online\/","logo":{"@type":"ImageObject","inLanguage":"es","@id":"https:\/\/admirria.online\/#\/schema\/logo\/image\/","url":"https:\/\/admirria.online\/wp-content\/uploads\/2022\/05\/admirria-logo-black.png","contentUrl":"https:\/\/admirria.online\/wp-content\/uploads\/2022\/05\/admirria-logo-black.png","width":527,"height":73,"caption":"Global Tech Industries Limited"},"image":{"@id":"https:\/\/admirria.online\/#\/schema\/logo\/image\/"}}]}},"_links":{"self":[{"href":"https:\/\/admirria.online\/es\/wp-json\/wp\/v2\/pages\/30740","targetHints":{"allow":["GET"]}}],"collection":[{"href":"https:\/\/admirria.online\/es\/wp-json\/wp\/v2\/pages"}],"about":[{"href":"https:\/\/admirria.online\/es\/wp-json\/wp\/v2\/types\/page"}],"author":[{"embeddable":true,"href":"https:\/\/admirria.online\/es\/wp-json\/wp\/v2\/users\/1"}],"replies":[{"embeddable":true,"href":"https:\/\/admirria.online\/es\/wp-json\/wp\/v2\/comments?post=30740"}],"version-history":[{"count":0,"href":"https:\/\/admirria.online\/es\/wp-json\/wp\/v2\/pages\/30740\/revisions"}],"wp:featuredmedia":[{"embeddable":true,"href":"https:\/\/admirria.online\/es\/wp-json\/wp\/v2\/media\/32837"}],"wp:attachment":[{"href":"https:\/\/admirria.online\/es\/wp-json\/wp\/v2\/media?parent=30740"}],"curies":[{"name":"wp","href":"https:\/\/api.w.org\/{rel}","templated":true}]}}