{"id":30742,"date":"2022-04-01T10:05:22","date_gmt":"2022-04-01T07:05:22","guid":{"rendered":"https:\/\/admirria.com\/refund_returns\/"},"modified":"2022-10-05T11:05:21","modified_gmt":"2022-10-05T08:05:21","slug":"refund_returns","status":"publish","type":"page","link":"https:\/\/admirria.online\/es\/refund_returns\/","title":{"rendered":"Pol\u00edtica de Devoluci\u00f3n"},"content":{"rendered":"\n<p>Puede solicitar un reembolso envi\u00e1ndonos un correo electr\u00f3nico a <a href=\"mailto:office@admirria.online\">office@admirria.online <\/a>indicando su deseo de recibir un reembolso y su nombre completo.<\/p>\n\n\n\n<p>Todas las tarifas de membres\u00eda se obtienen en su totalidad al momento del pago y no son reembolsables, excepto durante los primeros 60 d\u00edas desde el comienzo del Per\u00edodo de membres\u00eda bajo la condici\u00f3n de que no haya visto m\u00e1s del 50% de las lecciones.<\/p>\n\n\n\n<p>Los t\u00e9rminos generales se aplican a todos los Servicios elegibles para reembolso. Adem\u00e1s, los t\u00e9rminos especiales pueden aplicarse a un servicio espec\u00edfico, como se describe a continuaci\u00f3n.<\/p>\n\n\n\n<p>En ning\u00fan caso el mismo Servicio es elegible para m\u00e1s de un reembolso.<\/p>\n\n\n\n<p>Todos los reembolsos se procesan en EUR: usted, el cliente, es el \u00fanico responsable de cualquier fluctuaci\u00f3n en el tipo de cambio entre el momento del pago y el momento del reembolso.<\/p>\n","protected":false},"excerpt":{"rendered":"<p>Puede solicitar un reembolso envi\u00e1ndonos un correo electr\u00f3nico a office@admirria.online indicando su deseo de recibir un reembolso y su nombre completo. Todas las tarifas de membres\u00eda se obtienen en su totalidad al momento del pago y no son reembolsables, excepto durante los primeros 60 d\u00edas desde el comienzo del Per\u00edodo de membres\u00eda bajo la condici\u00f3n [&hellip;]<\/p>\n","protected":false},"author":1,"featured_media":32837,"parent":0,"menu_order":0,"comment_status":"closed","ping_status":"closed","template":"","meta":{"footnotes":""},"class_list":["post-30742","page","type-page","status-publish","has-post-thumbnail","hentry"],"yoast_head":"<!-- This site is optimized with the Yoast SEO Premium plugin v17.1 (Yoast SEO v19.13) - https:\/\/yoast.com\/wordpress\/plugins\/seo\/ -->\n<title>Pol\u00edtica de Devoluci\u00f3n - Global Tech Industries Limited<\/title>\n<meta name=\"robots\" content=\"noindex, follow, max-snippet:-1, max-image-preview:large, max-video-preview:-1\" \/>\n<meta property=\"og:locale\" content=\"es_ES\" \/>\n<meta property=\"og:type\" content=\"article\" \/>\n<meta property=\"og:title\" content=\"Pol\u00edtica de Devoluci\u00f3n - Global Tech Industries Limited\" \/>\n<meta property=\"og:description\" content=\"Puede solicitar un reembolso envi\u00e1ndonos un correo electr\u00f3nico a office@admirria.online indicando su deseo de recibir un reembolso y su nombre completo. Todas las tarifas de membres\u00eda se obtienen en su totalidad al momento del pago y no son reembolsables, excepto durante los primeros 60 d\u00edas desde el comienzo del Per\u00edodo de membres\u00eda bajo la condici\u00f3n [&hellip;]\" \/>\n<meta property=\"og:url\" content=\"https:\/\/admirria.online\/es\/refund_returns\/\" \/>\n<meta property=\"og:site_name\" content=\"Global Tech Industries Limited\" \/>\n<meta property=\"article:modified_time\" content=\"2022-10-05T08:05:21+00:00\" \/>\n<meta property=\"og:image\" content=\"https:\/\/admirria.online\/wp-content\/uploads\/2022\/06\/1024-\u00d7-514-admirria-1.png\" \/>\n\t<meta property=\"og:image:width\" content=\"1024\" \/>\n\t<meta property=\"og:image:height\" content=\"512\" \/>\n\t<meta property=\"og:image:type\" content=\"image\/png\" \/>\n<meta name=\"twitter:card\" content=\"summary_large_image\" \/>\n<meta name=\"twitter:image\" content=\"https:\/\/admirria.online\/wp-content\/uploads\/2022\/06\/1024-\u00d7-514-admirria-1.png\" \/>\n<meta name=\"twitter:label1\" content=\"Tiempo de lectura\" \/>\n\t<meta name=\"twitter:data1\" content=\"1 minuto\" \/>\n<script type=\"application\/ld+json\" class=\"yoast-schema-graph\">{\"@context\":\"https:\/\/schema.org\",\"@graph\":[{\"@type\":\"WebPage\",\"@id\":\"https:\/\/admirria.online\/es\/refund_returns\/\",\"url\":\"https:\/\/admirria.online\/es\/refund_returns\/\",\"name\":\"Pol\u00edtica de Devoluci\u00f3n - Global Tech Industries Limited\",\"isPartOf\":{\"@id\":\"https:\/\/admirria.online\/#website\"},\"datePublished\":\"2022-04-01T07:05:22+00:00\",\"dateModified\":\"2022-10-05T08:05:21+00:00\",\"inLanguage\":\"es\",\"potentialAction\":[{\"@type\":\"ReadAction\",\"target\":[\"https:\/\/admirria.online\/es\/refund_returns\/\"]}]},{\"@type\":\"WebSite\",\"@id\":\"https:\/\/admirria.online\/#website\",\"url\":\"https:\/\/admirria.online\/\",\"name\":\"Global Tech Industries Limited\",\"description\":\"\",\"publisher\":{\"@id\":\"https:\/\/admirria.online\/#organization\"},\"inLanguage\":\"es\"},{\"@type\":\"Organization\",\"@id\":\"https:\/\/admirria.online\/#organization\",\"name\":\"Global Tech Industries Limited\",\"url\":\"https:\/\/admirria.online\/\",\"logo\":{\"@type\":\"ImageObject\",\"inLanguage\":\"es\",\"@id\":\"https:\/\/admirria.online\/#\/schema\/logo\/image\/\",\"url\":\"https:\/\/admirria.online\/wp-content\/uploads\/2022\/05\/admirria-logo-black.png\",\"contentUrl\":\"https:\/\/admirria.online\/wp-content\/uploads\/2022\/05\/admirria-logo-black.png\",\"width\":527,\"height\":73,\"caption\":\"Global Tech Industries Limited\"},\"image\":{\"@id\":\"https:\/\/admirria.online\/#\/schema\/logo\/image\/\"}}]}<\/script>\n<!-- \/ Yoast SEO Premium plugin. -->","yoast_head_json":{"title":"Pol\u00edtica de Devoluci\u00f3n - Global Tech Industries Limited","robots":{"index":"noindex","follow":"follow","max-snippet":"max-snippet:-1","max-image-preview":"max-image-preview:large","max-video-preview":"max-video-preview:-1"},"og_locale":"es_ES","og_type":"article","og_title":"Pol\u00edtica de Devoluci\u00f3n - Global Tech Industries Limited","og_description":"Puede solicitar un reembolso envi\u00e1ndonos un correo electr\u00f3nico a office@admirria.online indicando su deseo de recibir un reembolso y su nombre completo. Todas las tarifas de membres\u00eda se obtienen en su totalidad al momento del pago y no son reembolsables, excepto durante los primeros 60 d\u00edas desde el comienzo del Per\u00edodo de membres\u00eda bajo la condici\u00f3n [&hellip;]","og_url":"https:\/\/admirria.online\/es\/refund_returns\/","og_site_name":"Global Tech Industries Limited","article_modified_time":"2022-10-05T08:05:21+00:00","og_image":[{"width":1024,"height":512,"url":"https:\/\/admirria.online\/wp-content\/uploads\/2022\/06\/1024-\u00d7-514-admirria-1.png","type":"image\/png"}],"twitter_card":"summary_large_image","twitter_image":"https:\/\/admirria.online\/wp-content\/uploads\/2022\/06\/1024-\u00d7-514-admirria-1.png","twitter_misc":{"Tiempo de lectura":"1 minuto"},"schema":{"@context":"https:\/\/schema.org","@graph":[{"@type":"WebPage","@id":"https:\/\/admirria.online\/es\/refund_returns\/","url":"https:\/\/admirria.online\/es\/refund_returns\/","name":"Pol\u00edtica de Devoluci\u00f3n - Global Tech Industries Limited","isPartOf":{"@id":"https:\/\/admirria.online\/#website"},"datePublished":"2022-04-01T07:05:22+00:00","dateModified":"2022-10-05T08:05:21+00:00","inLanguage":"es","potentialAction":[{"@type":"ReadAction","target":["https:\/\/admirria.online\/es\/refund_returns\/"]}]},{"@type":"WebSite","@id":"https:\/\/admirria.online\/#website","url":"https:\/\/admirria.online\/","name":"Global Tech Industries Limited","description":"","publisher":{"@id":"https:\/\/admirria.online\/#organization"},"inLanguage":"es"},{"@type":"Organization","@id":"https:\/\/admirria.online\/#organization","name":"Global Tech Industries Limited","url":"https:\/\/admirria.online\/","logo":{"@type":"ImageObject","inLanguage":"es","@id":"https:\/\/admirria.online\/#\/schema\/logo\/image\/","url":"https:\/\/admirria.online\/wp-content\/uploads\/2022\/05\/admirria-logo-black.png","contentUrl":"https:\/\/admirria.online\/wp-content\/uploads\/2022\/05\/admirria-logo-black.png","width":527,"height":73,"caption":"Global Tech Industries Limited"},"image":{"@id":"https:\/\/admirria.online\/#\/schema\/logo\/image\/"}}]}},"_links":{"self":[{"href":"https:\/\/admirria.online\/es\/wp-json\/wp\/v2\/pages\/30742","targetHints":{"allow":["GET"]}}],"collection":[{"href":"https:\/\/admirria.online\/es\/wp-json\/wp\/v2\/pages"}],"about":[{"href":"https:\/\/admirria.online\/es\/wp-json\/wp\/v2\/types\/page"}],"author":[{"embeddable":true,"href":"https:\/\/admirria.online\/es\/wp-json\/wp\/v2\/users\/1"}],"replies":[{"embeddable":true,"href":"https:\/\/admirria.online\/es\/wp-json\/wp\/v2\/comments?post=30742"}],"version-history":[{"count":0,"href":"https:\/\/admirria.online\/es\/wp-json\/wp\/v2\/pages\/30742\/revisions"}],"wp:featuredmedia":[{"embeddable":true,"href":"https:\/\/admirria.online\/es\/wp-json\/wp\/v2\/media\/32837"}],"wp:attachment":[{"href":"https:\/\/admirria.online\/es\/wp-json\/wp\/v2\/media?parent=30742"}],"curies":[{"name":"wp","href":"https:\/\/api.w.org\/{rel}","templated":true}]}}