{"id":30744,"date":"2022-04-01T10:06:06","date_gmt":"2022-04-01T07:06:06","guid":{"rendered":"https:\/\/admirria.com\/cookie-policy\/"},"modified":"2022-10-05T11:02:09","modified_gmt":"2022-10-05T08:02:09","slug":"cookie-policy","status":"publish","type":"page","link":"https:\/\/admirria.online\/es\/cookie-policy\/","title":{"rendered":"Pol\u00edtica de Cookies"},"content":{"rendered":"\n<p><strong>SIGNIFICADOS<\/strong><\/p>\n\n\n\n<p>Cookie: un peque\u00f1o fragmento de datos que un sitio web le pide a su navegador que almacene en su computadora o dispositivo m\u00f3vil. La cookie permite que el sitio web \u201crecuerde\u201d sus acciones o preferencias a lo largo del tiempo.<\/p>\n\n\n\n<p>Empresa: cuando esta pol\u00edtica menciona \u00abCompa\u00f1\u00eda\u00bb, \u00abnosotros\u00bb, \u00abnos\u00bb o \u00abnuestro\u00bb, se refiere a Global Tech Industries Limited con domicilio registrado en <a href=\"https:\/\/admirria.online\/\">95 Wilton Road, Suite 717, Londres, Reino Unido, SW1V 1BZ<\/a>, que es responsable de su informaci\u00f3n bajo esta Pol\u00edtica de Cookies.<\/p>\n\n\n\n<p>Dispositivo: cualquier dispositivo conectado a Internet, como un tel\u00e9fono, una tableta, una computadora u otros dispositivos que se puedan usar para visitar Admirria y usar los servicios.<\/p>\n\n\n\n<p>Datos personales: cualquier informaci\u00f3n que, de forma directa, indirecta o en relaci\u00f3n con otra informaci\u00f3n, incluido un n\u00famero de identificaci\u00f3n personal, permita la identificaci\u00f3n o la identificabilidad de una persona f\u00edsica.<\/p>\n\n\n\n<p>Servicio: se refiere al servicio proporcionado por Admirria como se describe en los t\u00e9rminos relativos (si est\u00e1n disponibles) y en esta plataforma.<\/p>\n\n\n\n<p>Servicio de terceros: se refiere a anunciantes, patrocinadores de concursos, socios promocionales y de marketing, y otros que brindan nuestro contenido o cuyos productos o servicios creemos que pueden interesarle.<\/p>\n\n\n\n<p>Sitio web: sitio web de Global Tech Industries Limited <a href=\"https:\/\/admirria.online\/\">https:\/\/admirria.online\/<\/a><\/p>\n\n\n\n<p>Usted: una persona o entidad registrada en Admirria para utilizar los Servicios.<\/p>\n\n\n\n<p><strong>DESCARGO DE RESPONSABILIDAD<\/strong><\/p>\n\n\n\n<p>El Servicio de Admirria y su contenido se proporcionan \u00abtal cual\u00bb y \u00abseg\u00fan disponibilidad\u00bb sin ninguna garant\u00eda o representaci\u00f3n de ning\u00fan tipo, ya sea expresa o impl\u00edcita. Admirria es distribuidor y no editor de los contenidos suministrados por terceros; como tal, Admirria no ejerce ning\u00fan control editorial sobre dicho contenido y no garantiza ni representa la exactitud, confiabilidad o actualidad de cualquier informaci\u00f3n, contenido, servicio o mercanc\u00eda proporcionada o accesible a trav\u00e9s del Servicio de Admirria. Sin limitar lo anterior, Admirria niega espec\u00edficamente todas las garant\u00edas y representaciones en cualquier contenido transmitido en o en conexi\u00f3n con el Servicio de Admirria o en sitios que pueden aparecer como enlaces en el Servicio de Admirria o en los productos provistos como parte de, o en conexi\u00f3n con con el Servicio de Admirria, incluidas, entre otras, las garant\u00edas de comerciabilidad, idoneidad para un prop\u00f3sito particular o no infracci\u00f3n de los derechos de terceros. Ning\u00fan consejo oral o informaci\u00f3n escrita proporcionada por Admirria o sus afiliados, empleados, funcionarios, directores, agentes o similares crear\u00e1 una garant\u00eda. La informaci\u00f3n sobre precios y disponibilidad est\u00e1 sujeta a cambios sin previo aviso. Sin limitar lo anterior, Admirria no garantiza que el Servicio de Admirria ser\u00e1 ininterrumpido, incorrupto, oportuno o libre de errores.<\/p>\n\n\n\n<p><strong>BLOQUEO Y DESHABILITACI\u00d3N DE COOKIES<\/strong><\/p>\n\n\n\n<p>Tambi\u00e9n puede configurar su navegador para bloquear las cookies y tecnolog\u00edas similares dondequiera que se encuentre. A\u00fan as\u00ed, esta acci\u00f3n puede bloquear nuestras cookies esenciales y evitar que nuestro sitio web funcione correctamente, y es posible que no pueda utilizar todas sus funciones y servicios por completo. Tambi\u00e9n debe tener en cuenta que puede perder parte de la informaci\u00f3n guardada si bloquea las cookies en su navegador.<\/p>\n\n\n\n<p><strong>\u00bfPOR QU\u00c9 UTILIZAMOS COOKIES?<\/strong><\/p>\n\n\n\n<p>Usamos cookies para saber c\u00f3mo interact\u00faa con nuestro contenido y mejorar su experiencia cuando visita nuestro sitio web. Por ejemplo, algunas cookies recuerdan su idioma o preferencias para que no tenga que tomar estas decisiones cuando visita nuestro sitio web repetidamente, facilitan el funcionamiento y la funcionalidad de nuestro sitio web y nos permiten crear una experiencia de usuario personalizada para usted y para nosotros. para comprender qu\u00e9 es \u00fatil o de inter\u00e9s para usted, analizar c\u00f3mo se utiliza nuestro sitio web y c\u00f3mo podemos personalizarlo mejor.<\/p>\n\n\n\n<p><strong>\u00bfQU\u00c9 TIPOS DE COOKIES UTILIZAMOS?<\/strong><\/p>\n\n\n\n<p>Las cookies pueden ser cookies de sesi\u00f3n o cookies persistentes. Una cookie de sesi\u00f3n caduca autom\u00e1ticamente cuando cierra su navegador. Una cookie persistente permanecer\u00e1 hasta que caduque o usted elimine sus cookies. Las fechas de caducidad se establecen en las propias cookies; algunos pueden caducar despu\u00e9s de unos minutos, mientras que otros pueden caducar despu\u00e9s de varios a\u00f1os. Las cookies colocadas por el sitio web que est\u00e1 visitando se denominan \u00abcookies de origen\u00bb.<\/p>\n\n\n\n<p><strong>Cookies de an\u00e1lisis y personalizaci\u00f3n<\/strong><\/p>\n\n\n\n<p>Estas cookies recopilan informaci\u00f3n para ayudarnos a comprender c\u00f3mo se utiliza nuestro sitio web, qu\u00e9 tan efectivas son nuestras campa\u00f1as de marketing o para ayudarnos a personalizar nuestro sitio web para usted.<\/p>\n\n\n\n<p>Utilizamos cookies proporcionadas por Google Analytics para recopilar datos limitados directamente de los navegadores de los usuarios finales para permitirnos comprender mejor su uso de nuestro sitio web.<\/p>\n\n\n\n<p><strong>Cookies de rendimiento y funcionalidad<\/strong><\/p>\n\n\n\n<p>Estas cookies se utilizan para mejorar el rendimiento y la funcionalidad de nuestro sitio web, pero no son esenciales para su uso. Sin embargo, sin estas cookies, ciertas funciones, como los videos, pueden no estar disponibles. Se le solicitar\u00e1 que ingrese sus datos de inicio de sesi\u00f3n cada vez que visite el sitio web, ya que no podr\u00edamos recordar que se hab\u00eda conectado anteriormente.<\/p>\n\n\n\n<p><strong>QUE ES UNA COOKIE<\/strong><\/p>\n\n\n\n<p>Un sitio web le pide a su navegador que almacene una peque\u00f1a porci\u00f3n de datos en su computadora o dispositivo m\u00f3vil. La cookie permite que el sitio web \u201crecuerde\u201d sus acciones o preferencias a lo largo del tiempo. Son seguros y no se pueden usar para ejecutar programas o enviar virus a su dispositivo.<\/p>\n\n\n\n<p><strong>ERRORES Y OMISIONES<\/strong><\/p>\n\n\n\n<p>Admirria no es responsable de ning\u00fan contenido, c\u00f3digo o imprecisi\u00f3n. Admirria no otorga garant\u00edas ni avales. En ning\u00fan caso, Admirria ser\u00e1 responsable de ning\u00fan da\u00f1o especial, directo, indirecto, consecuente o incidental ni de ning\u00fan tipo, ya sea en una acci\u00f3n contractual, negligencia u otros agravios, que surja de o en relaci\u00f3n con el uso del Servicio o el contenido del Servicio. Admirria se reserva el derecho de realizar adiciones, eliminaciones o modificaciones a los contenidos del Servicio en cualquier momento sin previo aviso.<\/p>\n\n\n\n<p><strong>CAMBIOS EN NUESTRA POL\u00cdTICA DE COOKIES<\/strong><\/p>\n\n\n\n<p>Es posible que cambiemos nuestros Servicios y pol\u00edticas y necesitemos realizar cambios en esta Pol\u00edtica de cookies para reflejar con precisi\u00f3n nuestros Servicios y pol\u00edticas. A menos que la ley exija lo contrario, le notificaremos (por ejemplo, a trav\u00e9s de nuestro Servicio) antes de realizar cambios en esta Pol\u00edtica de cookies y le permitiremos revisarlos antes de que entren en vigencia. Luego , si contin\u00faa utilizando el Servicio, estar\u00e1 sujeto a la Pol\u00edtica de cookies actualizada. Puede eliminar su cuenta si no desea aceptar esta o cualquier Pol\u00edtica de cookies actualizada.<\/p>\n\n\n\n<p><strong>\u00bfC\u00d3MO GESTIONAR LAS COOKIES?<\/strong><\/p>\n\n\n\n<p>La mayor\u00eda de los navegadores le permiten controlar las cookies a trav\u00e9s de sus preferencias de &#8216;configuraci\u00f3n&#8217;. Sin embargo, si limita la capacidad de los sitios web para establecer cookies, puede empeorar su experiencia de usuario en general, ya que ya no estar\u00e1 personalizada para usted. Tambi\u00e9n puede impedirle guardar configuraciones personalizadas, como la informaci\u00f3n de inicio de sesi\u00f3n. Los fabricantes de navegadores proporcionan p\u00e1ginas de ayuda relacionadas con la gesti\u00f3n de cookies en sus productos.<\/p>\n\n\n\n<p>Los fabricantes de navegadores proporcionan p\u00e1ginas de ayuda relacionadas con la gesti\u00f3n de cookies en sus productos.<\/p>\n\n\n\n<p><strong>Galletas Esenciales<\/strong><\/p>\n\n\n\n<p>Utilizamos cookies esenciales para que nuestro sitio web funcione. Estas cookies son estrictamente necesarias para habilitar la funcionalidad principal, como la seguridad, la administraci\u00f3n de la red, sus preferencias de cookies y la accesibilidad. Sin ellos, no podr\u00eda utilizar los servicios b\u00e1sicos. Puede deshabilitarlos cambiando la configuraci\u00f3n de su navegador, lo que afecta el funcionamiento de los sitios web.<\/p>\n\n\n\n<p><strong>TU CONSENTIMIENTO<\/strong><\/p>\n\n\n\n<p>Al utilizar nuestro sitio web, registrar una cuenta o realizar una compra.<\/p>\n\n\n\n<p><strong>Contactos<\/strong><\/p>\n\n\n\n<p>Si tiene alguna pregunta, no dude en contactarnos<\/p>\n\n\n\n<p>por tel\u00e9fono &#8211; <a href=\"tel:+442045772182\">+442045772182<\/a><\/p>\n\n\n\n<p>por correo electr\u00f3nico &#8211; <a href=\"mailto:office@admirria.online\">office@admirria.online<\/a><\/p>\n","protected":false},"excerpt":{"rendered":"<p>SIGNIFICADOS Cookie: un peque\u00f1o fragmento de datos que un sitio web le pide a su navegador que almacene en su computadora o dispositivo m\u00f3vil. La cookie permite que el sitio web \u201crecuerde\u201d sus acciones o preferencias a lo largo del tiempo. Empresa: cuando esta pol\u00edtica menciona \u00abCompa\u00f1\u00eda\u00bb, \u00abnosotros\u00bb, \u00abnos\u00bb o \u00abnuestro\u00bb, se refiere a Global [&hellip;]<\/p>\n","protected":false},"author":1,"featured_media":32837,"parent":0,"menu_order":0,"comment_status":"closed","ping_status":"closed","template":"","meta":{"footnotes":""},"class_list":["post-30744","page","type-page","status-publish","has-post-thumbnail","hentry"],"yoast_head":"<!-- This site is optimized with the Yoast SEO Premium plugin v17.1 (Yoast SEO v19.13) - https:\/\/yoast.com\/wordpress\/plugins\/seo\/ -->\n<title>Pol\u00edtica de Cookies - Global Tech Industries Limited<\/title>\n<meta name=\"robots\" content=\"noindex, follow, max-snippet:-1, max-image-preview:large, max-video-preview:-1\" \/>\n<meta property=\"og:locale\" content=\"es_ES\" \/>\n<meta property=\"og:type\" content=\"article\" \/>\n<meta property=\"og:title\" content=\"Pol\u00edtica de Cookies - Global Tech Industries Limited\" \/>\n<meta property=\"og:description\" content=\"SIGNIFICADOS Cookie: un peque\u00f1o fragmento de datos que un sitio web le pide a su navegador que almacene en su computadora o dispositivo m\u00f3vil. La cookie permite que el sitio web \u201crecuerde\u201d sus acciones o preferencias a lo largo del tiempo. Empresa: cuando esta pol\u00edtica menciona \u00abCompa\u00f1\u00eda\u00bb, \u00abnosotros\u00bb, \u00abnos\u00bb o \u00abnuestro\u00bb, se refiere a Global [&hellip;]\" \/>\n<meta property=\"og:url\" content=\"https:\/\/admirria.online\/es\/cookie-policy\/\" \/>\n<meta property=\"og:site_name\" content=\"Global Tech Industries Limited\" \/>\n<meta property=\"article:modified_time\" content=\"2022-10-05T08:02:09+00:00\" \/>\n<meta property=\"og:image\" content=\"https:\/\/admirria.online\/wp-content\/uploads\/2022\/06\/1024-\u00d7-514-admirria-1.png\" \/>\n\t<meta property=\"og:image:width\" content=\"1024\" \/>\n\t<meta property=\"og:image:height\" content=\"512\" \/>\n\t<meta property=\"og:image:type\" content=\"image\/png\" \/>\n<meta name=\"twitter:card\" content=\"summary_large_image\" \/>\n<meta name=\"twitter:image\" content=\"https:\/\/admirria.online\/wp-content\/uploads\/2022\/06\/1024-\u00d7-514-admirria-1.png\" \/>\n<meta name=\"twitter:label1\" content=\"Tiempo de lectura\" \/>\n\t<meta name=\"twitter:data1\" content=\"6 minutos\" \/>\n<script type=\"application\/ld+json\" class=\"yoast-schema-graph\">{\"@context\":\"https:\/\/schema.org\",\"@graph\":[{\"@type\":\"WebPage\",\"@id\":\"https:\/\/admirria.online\/es\/cookie-policy\/\",\"url\":\"https:\/\/admirria.online\/es\/cookie-policy\/\",\"name\":\"Pol\u00edtica de Cookies - Global Tech Industries Limited\",\"isPartOf\":{\"@id\":\"https:\/\/admirria.online\/#website\"},\"datePublished\":\"2022-04-01T07:06:06+00:00\",\"dateModified\":\"2022-10-05T08:02:09+00:00\",\"inLanguage\":\"es\",\"potentialAction\":[{\"@type\":\"ReadAction\",\"target\":[\"https:\/\/admirria.online\/es\/cookie-policy\/\"]}]},{\"@type\":\"WebSite\",\"@id\":\"https:\/\/admirria.online\/#website\",\"url\":\"https:\/\/admirria.online\/\",\"name\":\"Global Tech Industries Limited\",\"description\":\"\",\"publisher\":{\"@id\":\"https:\/\/admirria.online\/#organization\"},\"inLanguage\":\"es\"},{\"@type\":\"Organization\",\"@id\":\"https:\/\/admirria.online\/#organization\",\"name\":\"Global Tech Industries Limited\",\"url\":\"https:\/\/admirria.online\/\",\"logo\":{\"@type\":\"ImageObject\",\"inLanguage\":\"es\",\"@id\":\"https:\/\/admirria.online\/#\/schema\/logo\/image\/\",\"url\":\"https:\/\/admirria.online\/wp-content\/uploads\/2022\/05\/admirria-logo-black.png\",\"contentUrl\":\"https:\/\/admirria.online\/wp-content\/uploads\/2022\/05\/admirria-logo-black.png\",\"width\":527,\"height\":73,\"caption\":\"Global Tech Industries Limited\"},\"image\":{\"@id\":\"https:\/\/admirria.online\/#\/schema\/logo\/image\/\"}}]}<\/script>\n<!-- \/ Yoast SEO Premium plugin. -->","yoast_head_json":{"title":"Pol\u00edtica de Cookies - Global Tech Industries Limited","robots":{"index":"noindex","follow":"follow","max-snippet":"max-snippet:-1","max-image-preview":"max-image-preview:large","max-video-preview":"max-video-preview:-1"},"og_locale":"es_ES","og_type":"article","og_title":"Pol\u00edtica de Cookies - Global Tech Industries Limited","og_description":"SIGNIFICADOS Cookie: un peque\u00f1o fragmento de datos que un sitio web le pide a su navegador que almacene en su computadora o dispositivo m\u00f3vil. La cookie permite que el sitio web \u201crecuerde\u201d sus acciones o preferencias a lo largo del tiempo. Empresa: cuando esta pol\u00edtica menciona \u00abCompa\u00f1\u00eda\u00bb, \u00abnosotros\u00bb, \u00abnos\u00bb o \u00abnuestro\u00bb, se refiere a Global [&hellip;]","og_url":"https:\/\/admirria.online\/es\/cookie-policy\/","og_site_name":"Global Tech Industries Limited","article_modified_time":"2022-10-05T08:02:09+00:00","og_image":[{"width":1024,"height":512,"url":"https:\/\/admirria.online\/wp-content\/uploads\/2022\/06\/1024-\u00d7-514-admirria-1.png","type":"image\/png"}],"twitter_card":"summary_large_image","twitter_image":"https:\/\/admirria.online\/wp-content\/uploads\/2022\/06\/1024-\u00d7-514-admirria-1.png","twitter_misc":{"Tiempo de lectura":"6 minutos"},"schema":{"@context":"https:\/\/schema.org","@graph":[{"@type":"WebPage","@id":"https:\/\/admirria.online\/es\/cookie-policy\/","url":"https:\/\/admirria.online\/es\/cookie-policy\/","name":"Pol\u00edtica de Cookies - Global Tech Industries Limited","isPartOf":{"@id":"https:\/\/admirria.online\/#website"},"datePublished":"2022-04-01T07:06:06+00:00","dateModified":"2022-10-05T08:02:09+00:00","inLanguage":"es","potentialAction":[{"@type":"ReadAction","target":["https:\/\/admirria.online\/es\/cookie-policy\/"]}]},{"@type":"WebSite","@id":"https:\/\/admirria.online\/#website","url":"https:\/\/admirria.online\/","name":"Global Tech Industries Limited","description":"","publisher":{"@id":"https:\/\/admirria.online\/#organization"},"inLanguage":"es"},{"@type":"Organization","@id":"https:\/\/admirria.online\/#organization","name":"Global Tech Industries Limited","url":"https:\/\/admirria.online\/","logo":{"@type":"ImageObject","inLanguage":"es","@id":"https:\/\/admirria.online\/#\/schema\/logo\/image\/","url":"https:\/\/admirria.online\/wp-content\/uploads\/2022\/05\/admirria-logo-black.png","contentUrl":"https:\/\/admirria.online\/wp-content\/uploads\/2022\/05\/admirria-logo-black.png","width":527,"height":73,"caption":"Global Tech Industries Limited"},"image":{"@id":"https:\/\/admirria.online\/#\/schema\/logo\/image\/"}}]}},"_links":{"self":[{"href":"https:\/\/admirria.online\/es\/wp-json\/wp\/v2\/pages\/30744","targetHints":{"allow":["GET"]}}],"collection":[{"href":"https:\/\/admirria.online\/es\/wp-json\/wp\/v2\/pages"}],"about":[{"href":"https:\/\/admirria.online\/es\/wp-json\/wp\/v2\/types\/page"}],"author":[{"embeddable":true,"href":"https:\/\/admirria.online\/es\/wp-json\/wp\/v2\/users\/1"}],"replies":[{"embeddable":true,"href":"https:\/\/admirria.online\/es\/wp-json\/wp\/v2\/comments?post=30744"}],"version-history":[{"count":0,"href":"https:\/\/admirria.online\/es\/wp-json\/wp\/v2\/pages\/30744\/revisions"}],"wp:featuredmedia":[{"embeddable":true,"href":"https:\/\/admirria.online\/es\/wp-json\/wp\/v2\/media\/32837"}],"wp:attachment":[{"href":"https:\/\/admirria.online\/es\/wp-json\/wp\/v2\/media?parent=30744"}],"curies":[{"name":"wp","href":"https:\/\/api.w.org\/{rel}","templated":true}]}}