{"id":30779,"date":"2022-03-14T08:51:52","date_gmt":"2022-03-14T06:51:52","guid":{"rendered":"https:\/\/admirria.com\/faq\/"},"modified":"2022-10-05T10:46:36","modified_gmt":"2022-10-05T07:46:36","slug":"faq","status":"publish","type":"page","link":"https:\/\/admirria.online\/fr\/faq\/","title":{"rendered":"FAQ"},"content":{"rendered":"\t\t<div data-elementor-type=\"wp-page\" data-elementor-id=\"30779\" class=\"elementor elementor-30779 elementor-668\">\n\t\t\t\t\t\t<section class=\"elementor-section elementor-top-section elementor-element elementor-element-051b8a7 elementor-section-boxed elementor-section-height-default elementor-section-height-default\" data-id=\"051b8a7\" data-element_type=\"section\">\n\t\t\t\t\t\t<div class=\"elementor-container elementor-column-gap-default\">\n\t\t\t\t\t<div class=\"elementor-column elementor-col-50 elementor-top-column elementor-element elementor-element-3245054\" data-id=\"3245054\" data-element_type=\"column\">\n\t\t\t<div class=\"elementor-widget-wrap elementor-element-populated\">\n\t\t\t\t\t\t<div class=\"elementor-element elementor-element-e883247 elementor-widget elementor-widget-image\" data-id=\"e883247\" data-element_type=\"widget\" data-widget_type=\"image.default\">\n\t\t\t\t<div class=\"elementor-widget-container\">\n\t\t\t\t\t\t\t\t\t\t\t\t\t<img fetchpriority=\"high\" decoding=\"async\" width=\"530\" height=\"388\" src=\"https:\/\/admirria.online\/wp-content\/uploads\/2022\/06\/81514-1.png\" class=\"attachment-large size-large wp-image-29518\" alt=\"\" srcset=\"https:\/\/admirria.online\/wp-content\/uploads\/2022\/06\/81514-1.png 530w, https:\/\/admirria.online\/wp-content\/uploads\/2022\/06\/81514-1-300x220.png 300w, https:\/\/admirria.online\/wp-content\/uploads\/2022\/06\/81514-1-16x12.png 16w\" sizes=\"(max-width: 530px) 100vw, 530px\" \/>\t\t\t\t\t\t\t\t\t\t\t\t\t<\/div>\n\t\t\t\t<\/div>\n\t\t\t\t\t<\/div>\n\t\t<\/div>\n\t\t\t\t<div class=\"elementor-column elementor-col-50 elementor-top-column elementor-element elementor-element-7a685ed\" data-id=\"7a685ed\" data-element_type=\"column\">\n\t\t\t<div class=\"elementor-widget-wrap elementor-element-populated\">\n\t\t\t\t\t\t<div class=\"elementor-element elementor-element-d55a046 elementor-widget__width-initial elementor-widget elementor-widget-heading\" data-id=\"d55a046\" data-element_type=\"widget\" data-widget_type=\"heading.default\">\n\t\t\t\t<div class=\"elementor-widget-container\">\n\t\t\t<h2 class=\"elementor-heading-title elementor-size-default\">Il vous suffit de r\u00e9fl\u00e9chir \u00e0 la question, et nous avons d\u00e9j\u00e0 la r\u00e9ponse !<\/h2>\t\t<\/div>\n\t\t\t\t<\/div>\n\t\t\t\t\t<\/div>\n\t\t<\/div>\n\t\t\t\t\t<\/div>\n\t\t<\/section>\n\t\t\t\t<section class=\"elementor-section elementor-top-section elementor-element elementor-element-0a8171b elementor-section-boxed elementor-section-height-default elementor-section-height-default\" data-id=\"0a8171b\" data-element_type=\"section\">\n\t\t\t\t\t\t<div class=\"elementor-container elementor-column-gap-default\">\n\t\t\t\t\t<div class=\"elementor-column elementor-col-100 elementor-top-column elementor-element elementor-element-b559a23\" data-id=\"b559a23\" data-element_type=\"column\">\n\t\t\t<div class=\"elementor-widget-wrap elementor-element-populated\">\n\t\t\t\t\t\t<div class=\"elementor-element elementor-element-09c6547 elementor-widget-divider--view-line elementor-widget elementor-widget-divider\" data-id=\"09c6547\" data-element_type=\"widget\" data-widget_type=\"divider.default\">\n\t\t\t\t<div class=\"elementor-widget-container\">\n\t\t\t\t\t<div class=\"elementor-divider\">\n\t\t\t<span class=\"elementor-divider-separator\">\n\t\t\t\t\t\t<\/span>\n\t\t<\/div>\n\t\t\t\t<\/div>\n\t\t\t\t<\/div>\n\t\t\t\t<div class=\"elementor-element elementor-element-34f7e39 elementor-widget elementor-widget-shortcode\" data-id=\"34f7e39\" data-element_type=\"widget\" data-widget_type=\"shortcode.default\">\n\t\t\t\t<div class=\"elementor-widget-container\">\n\t\t\t\t\t<div class=\"elementor-shortcode\"><div class=\"faq-tabs\">\r\n    \r\n    <div class=\"faq-tab active\">\r\n        <div class=\"faq-tab-title\">\r\n            Pourquoi devrais-je suivre votre formation ?            <span class=\"plus\"><svg xmlns=\"http:\/\/www.w3.org\/2000\/svg\" width=\"16\" height=\"16\" viewBox=\"0 0 26 26\" fill=\"none\"><line y1=\"12.7646\" x2=\"26\" y2=\"12.7646\" stroke=\"#131416\" stroke-width=\"2\"><\/line><line x1=\"13.2354\" y1=\"4.37114e-08\" x2=\"13.2354\" y2=\"26\" stroke=\"#131416\" stroke-width=\"2\"><\/line><\/svg><\/span>\r\n        <\/div>\r\n        <div class=\"fab-tab-content\">\r\n            Admirria a pour principe que les gens devraient avoir acc\u00e8s au meilleur contenu \u00e9ducatif en mati\u00e8re de trading sur le march\u00e9 financier mondial. De nos jours, la volont\u00e9 des participants au march\u00e9 de trader en devises est de plus en plus importante. Par cons\u00e9quent, tous nos efforts ont pour but de contribuer \u00e0 la r\u00e9ussite de nos \u00e9tudiants, en leur proposant des comp\u00e9tences sp\u00e9ciales et actuelles, des connaissances ainsi que des recommandations tir\u00e9es de notre exp\u00e9rience personnelle, que personne d'autre ne poss\u00e8de.<br><br>\r\n            Nous vous aiderons \u00e0 ce que le trading devienne votre source de revenus principale ou compl\u00e9mentaire apr\u00e8s notre formation.            \r\n        <\/div>\r\n    <\/div>\r\n    \r\n    <div class=\"faq-tab\">\r\n        <div class=\"faq-tab-title\">\r\n            Quelle est votre politique de remboursement ?            <span class=\"plus\"><svg xmlns=\"http:\/\/www.w3.org\/2000\/svg\" width=\"16\" height=\"16\" viewBox=\"0 0 26 26\" fill=\"none\"><line y1=\"12.7646\" x2=\"26\" y2=\"12.7646\" stroke=\"#131416\" stroke-width=\"2\"><\/line><line x1=\"13.2354\" y1=\"4.37114e-08\" x2=\"13.2354\" y2=\"26\" stroke=\"#131416\" stroke-width=\"2\"><\/line><\/svg><\/span>\r\n        <\/div>\r\n        <div class=\"fab-tab-content\">\r\n            Notre politique de remboursement a \u00e9t\u00e9 \u00e9labor\u00e9e dans le but de r\u00e9pondre aux principes de protection des fonds des Clients et de r\u00e9duction des risques financiers et juridiques de la Soci\u00e9t\u00e9.<br><br>\r\n            The Company can make a refund if no more than 30 days have passed after the official request of the client, and only in the absence of any activity in the personal account during the specified period.         <\/div>\r\n    <\/div>\r\n    \r\n    <div class=\"faq-tab\">\r\n        <div class=\"faq-tab-title\">\r\n            Comment commencer \u00e0 apprendre ?            <span class=\"plus\"><svg xmlns=\"http:\/\/www.w3.org\/2000\/svg\" width=\"16\" height=\"16\" viewBox=\"0 0 26 26\" fill=\"none\"><line y1=\"12.7646\" x2=\"26\" y2=\"12.7646\" stroke=\"#131416\" stroke-width=\"2\"><\/line><line x1=\"13.2354\" y1=\"4.37114e-08\" x2=\"13.2354\" y2=\"26\" stroke=\"#131416\" stroke-width=\"2\"><\/line><\/svg><\/span>\r\n        <\/div>\r\n        <div class=\"fab-tab-content\">\r\n            Absolument oui! Notre \u00e9quipe est disponible \u00e0 tout moment pour vous aider \u00e0 vous d\u00e9velopper et \u00e0 vous am\u00e9liorer dans le monde du trading.        <\/div>\r\n    <\/div>\r\n    \r\n    <div class=\"faq-tab\">\r\n        <div class=\"faq-tab-title\">\r\n            Puis-je organiser mon emploi du temps hebdomadaire ?            <span class=\"plus\"><svg xmlns=\"http:\/\/www.w3.org\/2000\/svg\" width=\"16\" height=\"16\" viewBox=\"0 0 26 26\" fill=\"none\"><line y1=\"12.7646\" x2=\"26\" y2=\"12.7646\" stroke=\"#131416\" stroke-width=\"2\"><\/line><line x1=\"13.2354\" y1=\"4.37114e-08\" x2=\"13.2354\" y2=\"26\" stroke=\"#131416\" stroke-width=\"2\"><\/line><\/svg><\/span>\r\n        <\/div>\r\n        <div class=\"fab-tab-content\">\r\n            Un trader d\u00e9butant ou avanc\u00e9 peut choisir le pack de formation souhait\u00e9 sur notre site Web. Vous trouverez les programmes de formation sur notre page Cours. Nos cours offrent quatre niveaux diff\u00e9rents de pr\u00e9paration des \u00e9tudiants et la possibilit\u00e9 d'acc\u00e8s \u00e0 tout moment.<br><br>\r\n            Vous pouvez commencer votre formation par un cours gratuit disponible sur notre site Web.\nPour recevoir les le\u00e7ons du cours s\u00e9lectionn\u00e9, vous devez effectuer un paiement et vous inscrire sur notre site Web, ce qui vous donnera acc\u00e8s aux le\u00e7ons du cours sur votre compte personnel.        <\/div>\r\n    <\/div>\r\n    \r\n    <div class=\"faq-tab\">\r\n        <div class=\"faq-tab-title\">\r\n            Ai-je besoin d'outils ou d'appareils sp\u00e9cifiques pour apprendre avec vous ?            <span class=\"plus\"><svg xmlns=\"http:\/\/www.w3.org\/2000\/svg\" width=\"16\" height=\"16\" viewBox=\"0 0 26 26\" fill=\"none\"><line y1=\"12.7646\" x2=\"26\" y2=\"12.7646\" stroke=\"#131416\" stroke-width=\"2\"><\/line><line x1=\"13.2354\" y1=\"4.37114e-08\" x2=\"13.2354\" y2=\"26\" stroke=\"#131416\" stroke-width=\"2\"><\/line><\/svg><\/span>\r\n        <\/div>\r\n        <div class=\"fab-tab-content\">\r\n            Nous avons travaill\u00e9 avec acharnement pour rendre nos le\u00e7ons et nos quiz de haute qualit\u00e9 accessibles au plus grand nombre. D\u00e9sormais, vous pouvez acc\u00e9der \u00e0 tous les supports depuis n'importe quel appareil avec une connexion Internet (sauf bouilloire intelligente, aspirateur, etc.).\nNotre support technique est \u00e0 votre \u00e9coute en cas de difficult\u00e9s. Ils vous fourniront tous les conseils n\u00e9cessaires pour r\u00e9soudre le probl\u00e8me rencontr\u00e9.        <\/div>\r\n    <\/div>\r\n    \r\n    <div class=\"faq-tab\">\r\n        <div class=\"faq-tab-title\">\r\n            Quels sont les modes de paiement disponibles ?            <span class=\"plus\"><svg xmlns=\"http:\/\/www.w3.org\/2000\/svg\" width=\"16\" height=\"16\" viewBox=\"0 0 26 26\" fill=\"none\"><line y1=\"12.7646\" x2=\"26\" y2=\"12.7646\" stroke=\"#131416\" stroke-width=\"2\"><\/line><line x1=\"13.2354\" y1=\"4.37114e-08\" x2=\"13.2354\" y2=\"26\" stroke=\"#131416\" stroke-width=\"2\"><\/line><\/svg><\/span>\r\n        <\/div>\r\n        <div class=\"fab-tab-content\">\r\n            Vous pouvez payer le cours en utilisant une carte de d\u00e9bit ou de cr\u00e9dit (Visa\/Mastercard), Google et Apple Pay.        <\/div>\r\n    <\/div>\r\n\t\r\n\t<div class=\"faq-tab\">\r\n        <div class=\"faq-tab-title\">\r\n            How to access the course i purchased from you?            <span class=\"plus\"><svg xmlns=\"http:\/\/www.w3.org\/2000\/svg\" width=\"16\" height=\"16\" viewBox=\"0 0 26 26\" fill=\"none\"><line y1=\"12.7646\" x2=\"26\" y2=\"12.7646\" stroke=\"#131416\" stroke-width=\"2\"><\/line><line x1=\"13.2354\" y1=\"4.37114e-08\" x2=\"13.2354\" y2=\"26\" stroke=\"#131416\" stroke-width=\"2\"><\/line><\/svg><\/span>\r\n        <\/div>\r\n        <div class=\"fab-tab-content\">\r\n            Following your purchase, you'll receive a registration email containing your personal login details and a link labelled \"Go to account\" sent to your provided email address. Upon clicking this link and logging in with your credentials, you'll be directed to the \"My Account\" section. By selecting the \"Courses\" area, you can access and explore our educational materials by the purchased package.        <\/div>\r\n    <\/div>\r\n    \r\n<\/div><\/div>\n\t\t\t\t<\/div>\n\t\t\t\t<\/div>\n\t\t\t\t\t<\/div>\n\t\t<\/div>\n\t\t\t\t\t<\/div>\n\t\t<\/section>\n\t\t\t\t<\/div>\n\t\t","protected":false},"excerpt":{"rendered":"<p>Il vous suffit de r\u00e9fl\u00e9chir \u00e0 la question, et nous avons d\u00e9j\u00e0 la r\u00e9ponse !<\/p>\n","protected":false},"author":1,"featured_media":32833,"parent":0,"menu_order":0,"comment_status":"closed","ping_status":"closed","template":"","meta":{"footnotes":""},"class_list":["post-30779","page","type-page","status-publish","has-post-thumbnail","hentry"],"yoast_head":"<!-- This site is optimized with the Yoast SEO Premium plugin v17.1 (Yoast SEO v19.13) - https:\/\/yoast.com\/wordpress\/plugins\/seo\/ -->\n<title>FAQ page from Admirria<\/title>\n<meta name=\"description\" content=\"You just thought, and we have already answered! We have tried to answer the most frequently asked questions for your convenience.\" \/>\n<meta name=\"robots\" content=\"noindex, follow, max-snippet:-1, max-image-preview:large, max-video-preview:-1\" \/>\n<meta property=\"og:locale\" content=\"fr_FR\" \/>\n<meta property=\"og:type\" content=\"article\" \/>\n<meta property=\"og:title\" content=\"FAQ page from Admirria\" \/>\n<meta property=\"og:description\" content=\"You just thought, and we have already answered! We have tried to answer the most frequently asked questions for your convenience.\" \/>\n<meta property=\"og:url\" content=\"https:\/\/admirria.online\/fr\/faq\/\" \/>\n<meta property=\"og:site_name\" content=\"Global Tech Industries Limited\" \/>\n<meta property=\"article:modified_time\" content=\"2022-10-05T07:46:36+00:00\" \/>\n<meta property=\"og:image\" content=\"https:\/\/admirria.online\/wp-content\/uploads\/2022\/06\/1024-\u00d7-514-admirria-1.png\" \/>\n<meta name=\"twitter:card\" content=\"summary_large_image\" \/>\n<meta name=\"twitter:title\" content=\"FAQ page from Admirria\" \/>\n<meta name=\"twitter:description\" content=\"You just thought, and we have already answered! We have tried to answer the most frequently asked questions for your convenience.\" \/>\n<meta name=\"twitter:image\" content=\"https:\/\/admirria.online\/wp-content\/uploads\/2022\/06\/1024-\u00d7-514-admirria-1.png\" \/>\n<script type=\"application\/ld+json\" class=\"yoast-schema-graph\">{\"@context\":\"https:\/\/schema.org\",\"@graph\":[{\"@type\":\"WebPage\",\"@id\":\"https:\/\/admirria.online\/fr\/faq\/\",\"url\":\"https:\/\/admirria.online\/fr\/faq\/\",\"name\":\"FAQ page from Admirria\",\"isPartOf\":{\"@id\":\"https:\/\/admirria.online\/#website\"},\"datePublished\":\"2022-03-14T06:51:52+00:00\",\"dateModified\":\"2022-10-05T07:46:36+00:00\",\"description\":\"You just thought, and we have already answered! We have tried to answer the most frequently asked questions for your convenience.\",\"inLanguage\":\"fr-FR\",\"potentialAction\":[{\"@type\":\"ReadAction\",\"target\":[\"https:\/\/admirria.online\/fr\/faq\/\"]}]},{\"@type\":\"WebSite\",\"@id\":\"https:\/\/admirria.online\/#website\",\"url\":\"https:\/\/admirria.online\/\",\"name\":\"Global Tech Industries Limited\",\"description\":\"\",\"publisher\":{\"@id\":\"https:\/\/admirria.online\/#organization\"},\"inLanguage\":\"fr-FR\"},{\"@type\":\"Organization\",\"@id\":\"https:\/\/admirria.online\/#organization\",\"name\":\"Global Tech Industries Limited\",\"url\":\"https:\/\/admirria.online\/\",\"logo\":{\"@type\":\"ImageObject\",\"inLanguage\":\"fr-FR\",\"@id\":\"https:\/\/admirria.online\/#\/schema\/logo\/image\/\",\"url\":\"https:\/\/admirria.online\/wp-content\/uploads\/2022\/05\/admirria-logo-black.png\",\"contentUrl\":\"https:\/\/admirria.online\/wp-content\/uploads\/2022\/05\/admirria-logo-black.png\",\"width\":527,\"height\":73,\"caption\":\"Global Tech Industries Limited\"},\"image\":{\"@id\":\"https:\/\/admirria.online\/#\/schema\/logo\/image\/\"}}]}<\/script>\n<!-- \/ Yoast SEO Premium plugin. -->","yoast_head_json":{"title":"FAQ page from Admirria","description":"You just thought, and we have already answered! We have tried to answer the most frequently asked questions for your convenience.","robots":{"index":"noindex","follow":"follow","max-snippet":"max-snippet:-1","max-image-preview":"max-image-preview:large","max-video-preview":"max-video-preview:-1"},"og_locale":"fr_FR","og_type":"article","og_title":"FAQ page from Admirria","og_description":"You just thought, and we have already answered! We have tried to answer the most frequently asked questions for your convenience.","og_url":"https:\/\/admirria.online\/fr\/faq\/","og_site_name":"Global Tech Industries Limited","article_modified_time":"2022-10-05T07:46:36+00:00","og_image":[{"url":"https:\/\/admirria.online\/wp-content\/uploads\/2022\/06\/1024-\u00d7-514-admirria-1.png"}],"twitter_card":"summary_large_image","twitter_title":"FAQ page from Admirria","twitter_description":"You just thought, and we have already answered! We have tried to answer the most frequently asked questions for your convenience.","twitter_image":"https:\/\/admirria.online\/wp-content\/uploads\/2022\/06\/1024-\u00d7-514-admirria-1.png","schema":{"@context":"https:\/\/schema.org","@graph":[{"@type":"WebPage","@id":"https:\/\/admirria.online\/fr\/faq\/","url":"https:\/\/admirria.online\/fr\/faq\/","name":"FAQ page from Admirria","isPartOf":{"@id":"https:\/\/admirria.online\/#website"},"datePublished":"2022-03-14T06:51:52+00:00","dateModified":"2022-10-05T07:46:36+00:00","description":"You just thought, and we have already answered! We have tried to answer the most frequently asked questions for your convenience.","inLanguage":"fr-FR","potentialAction":[{"@type":"ReadAction","target":["https:\/\/admirria.online\/fr\/faq\/"]}]},{"@type":"WebSite","@id":"https:\/\/admirria.online\/#website","url":"https:\/\/admirria.online\/","name":"Global Tech Industries Limited","description":"","publisher":{"@id":"https:\/\/admirria.online\/#organization"},"inLanguage":"fr-FR"},{"@type":"Organization","@id":"https:\/\/admirria.online\/#organization","name":"Global Tech Industries Limited","url":"https:\/\/admirria.online\/","logo":{"@type":"ImageObject","inLanguage":"fr-FR","@id":"https:\/\/admirria.online\/#\/schema\/logo\/image\/","url":"https:\/\/admirria.online\/wp-content\/uploads\/2022\/05\/admirria-logo-black.png","contentUrl":"https:\/\/admirria.online\/wp-content\/uploads\/2022\/05\/admirria-logo-black.png","width":527,"height":73,"caption":"Global Tech Industries Limited"},"image":{"@id":"https:\/\/admirria.online\/#\/schema\/logo\/image\/"}}]}},"_links":{"self":[{"href":"https:\/\/admirria.online\/fr\/wp-json\/wp\/v2\/pages\/30779","targetHints":{"allow":["GET"]}}],"collection":[{"href":"https:\/\/admirria.online\/fr\/wp-json\/wp\/v2\/pages"}],"about":[{"href":"https:\/\/admirria.online\/fr\/wp-json\/wp\/v2\/types\/page"}],"author":[{"embeddable":true,"href":"https:\/\/admirria.online\/fr\/wp-json\/wp\/v2\/users\/1"}],"replies":[{"embeddable":true,"href":"https:\/\/admirria.online\/fr\/wp-json\/wp\/v2\/comments?post=30779"}],"version-history":[{"count":0,"href":"https:\/\/admirria.online\/fr\/wp-json\/wp\/v2\/pages\/30779\/revisions"}],"wp:featuredmedia":[{"embeddable":true,"href":"https:\/\/admirria.online\/fr\/wp-json\/wp\/v2\/media\/32833"}],"wp:attachment":[{"href":"https:\/\/admirria.online\/fr\/wp-json\/wp\/v2\/media?parent=30779"}],"curies":[{"name":"wp","href":"https:\/\/api.w.org\/{rel}","templated":true}]}}