{"id":30791,"date":"2022-03-09T09:30:59","date_gmt":"2022-03-09T07:30:59","guid":{"rendered":"https:\/\/admirria.com\/privacy-policy\/"},"modified":"2022-10-05T11:06:42","modified_gmt":"2022-10-05T08:06:42","slug":"privacy-policy","status":"publish","type":"page","link":"https:\/\/admirria.online\/fr\/privacy-policy\/","title":{"rendered":"Politique de confidentialit\u00e9"},"content":{"rendered":"\n<p>Cette politique de confidentialit\u00e9 d\u00e9finit le cadre juridique de toutes les donn\u00e9es personnelles (\u00ab&nbsp;informations personnelles identifiables&nbsp;\u00bb ou \u00ab&nbsp;informations&nbsp;\u00bb) collect\u00e9es par Global Tech Industries Limited enregistr\u00e9e au <a href=\"https:\/\/admirria.online\/\">95 Wilton Road, Suite 717 Victoria, Londres, Royaume-Uni SW1V 1BZ <\/a>(\u00ab&nbsp;Admirria&nbsp;\u00bb, \u00ab&nbsp;Soci\u00e9t\u00e9&nbsp;\u00bb, \u00ab&nbsp;nous&nbsp;\u00bb ou \u00ab&nbsp;notre&nbsp;\u00bb) fournies par vous (\u00ab&nbsp;Client&nbsp;\u00bb ou \u00ab&nbsp;utilisateur&nbsp;\u00bb). Pour vous permettre d&rsquo;utiliser le site Web (le \u00ab&nbsp;Service&nbsp;\u00bb), le traitement des donn\u00e9es reste une \u00e9tape n\u00e9cessaire afin de se conformer, mais sans s&rsquo;y limiter, \u00e0 la loi sur la protection des donn\u00e9es de 1998 (\u00ab&nbsp;DPA&nbsp;\u00bb) ainsi qu&rsquo;au R\u00e8glement g\u00e9n\u00e9ral sur la protection des donn\u00e9es. R\u00e8glement (\u00ab RGPD \u00bb). Cette politique vise \u00e0 r\u00e9pondre aux pr\u00e9occupations des clients ou des visiteurs concernant la confidentialit\u00e9 et la s\u00e9curit\u00e9 de leurs donn\u00e9es et \u00e0 souligner l&rsquo;engagement de la soci\u00e9t\u00e9 \u00e0 garantir que des garanties de confidentialit\u00e9 suffisantes sont en place.<\/p>\n\n\n\n<p>Nous vous demandons de lire attentivement cette politique de confidentialit\u00e9 car elle contient des informations sur la mani\u00e8re dont nous recueillons des informations aupr\u00e8s de vous, ce que nous en faisons et comment vous pouvez contr\u00f4ler notre utilisation de ces informations.<\/p>\n\n\n\n<p><strong>INFORMATIONS G\u00c9N\u00c9RALES<\/strong><\/p>\n\n\n\n<p>Nous nous r\u00e9servons le droit de modifier la politique de confidentialit\u00e9, y compris de modifier les finalit\u00e9s pour lesquelles nous traitons vos informations personnelles. Si nous jugeons appropri\u00e9 d&rsquo;apporter une telle modification, la politique de confidentialit\u00e9 sera mise \u00e0 jour et publi\u00e9e sur notre site Web. Votre utilisation continue du site Web constituera une acceptation de ces modifications. Si nous apportons des modifications importantes ou substantielles \u00e0 cette politique de confidentialit\u00e9, nous nous efforcerons raisonnablement de vous en informer par e-mail, avis sur le site Web ou par d&rsquo;autres canaux de communication convenus.<\/p>\n\n\n\n<p><strong>UTILISATION DES INFORMATIONS<\/strong><\/p>\n\n\n\n<p>Nous recueillons et traitons les informations avec le plus grand souci de vous fournir et de maintenir la qualit\u00e9 de nos services et de prot\u00e9ger et d&rsquo;am\u00e9liorer votre exp\u00e9rience chez Admirria.<\/p>\n\n\n\n<p>Une fois que vous \u00eates connect\u00e9 \u00e0 votre compte, Admirria peut collecter les informations suivantes :<\/p>\n\n\n\n<ul class=\"wp-block-list\"><li>un enregistrement de toutes les communications Internet et des d\u00e9tails de vos visites sur nos sites Web&nbsp;;<\/li><li>des informations techniques relatives \u00e0 l&rsquo;appareil, telles que l&rsquo;identifiant de l&rsquo;appareil et le navigateur que vous utilisez pour acc\u00e9der \u00e0 nos sites Web&nbsp;;<\/li><li>les d\u00e9tails des transactions que vous effectuez via le site, telles que les paiements&nbsp;;<\/li><li>les communications avec nous ou nos employ\u00e9s, par exemple, les appels, les e-mails et les messages envoy\u00e9s via le service de chat en direct&nbsp;;<\/li><li>des informations concernant votre emplacement, y compris l&rsquo;adresse IP&nbsp;;<\/li><li>toute information suppl\u00e9mentaire que vous soumettez via le site Web, par exemple, dans les sections de commentaires ou les r\u00e9ponses aux quiz et questionnaires&nbsp;;<\/li><\/ul>\n\n\n\n<p>Des tiers fournissent des services pour nous aider \u00e0 d\u00e9cider d&rsquo;accepter ou non des transactions de votre part en \u00e9valuant votre mode de paiement et les appareils que vous utilisez pour visiter notre site Web. Cela ne vous prot\u00e8ge pas seulement mais aussi nous. Ces services tiers effectuent des v\u00e9rifications pour d\u00e9terminer si l&rsquo;appareil ou le mode de paiement choisi a \u00e9t\u00e9 identifi\u00e9 avec des transactions frauduleuses ou abusives dans le pass\u00e9, par exemple un vol d&rsquo;identit\u00e9 signal\u00e9 ou une fraude \u00e0 la carte de cr\u00e9dit.<\/p>\n\n\n\n<p><strong>CONSERVATION DES DONNEES PERSONNELLES<\/strong><\/p>\n\n\n\n<p>Les donn\u00e9es que nous recueillons aupr\u00e8s de vous peuvent \u00eatre transf\u00e9r\u00e9es et stock\u00e9es dans une destination situ\u00e9e en dehors de l&rsquo;Espace \u00e9conomique europ\u00e9en (\u00ab EEE \u00bb). Elles peuvent \u00e9galement \u00eatre trait\u00e9es par du personnel en dehors de l&rsquo;EEE qui travaille pour l&rsquo;un de nos fournisseurs ou pour nous. Cela inclut le personnel engag\u00e9, entre autres, dans l&rsquo;ex\u00e9cution de votre commande, le traitement de vos informations de paiement et la fourniture de services d&rsquo;assistance. En soumettant vos informations personnelles, vous acceptez ce transfert, stockage ou traitement. Admirria prendra toutes les mesures n\u00e9cessaires pour s&rsquo;assurer que vos donn\u00e9es sont trait\u00e9es en toute s\u00e9curit\u00e9 et conform\u00e9ment \u00e0 cette politique de confidentialit\u00e9.<\/p>\n\n\n\n<p>Certains de nos tiers externes sont bas\u00e9s en dehors de l&rsquo;EEE, de sorte que leur traitement de vos informations personnelles impliquera un transfert de donn\u00e9es en dehors de l&rsquo;EEE. Chaque fois que nous transf\u00e9rons vos informations personnelles hors de l&rsquo;EEE \u00e0 des tiers, nous nous assurons qu&rsquo;un degr\u00e9 de protection similaire leur est accord\u00e9 en veillant \u00e0 ce qu&rsquo;au moins l&rsquo;une des garanties suivantes soit mise en \u0153uvre&nbsp;:<\/p>\n\n\n\n<ul class=\"wp-block-list\"><li>nous ne transf\u00e9rerons vos informations personnelles qu&rsquo;aux pays qui ont \u00e9t\u00e9 jug\u00e9s comme offrant un niveau ad\u00e9quat de protection des donn\u00e9es personnelles par la Commission europ\u00e9enne&nbsp;; ou,<\/li><li>lorsque nous utilisons certains prestataires de services, nous nous assurons qu&rsquo;ils adh\u00e8rent \u00e0 des contrats sp\u00e9cifiques approuv\u00e9s par la Commission europ\u00e9enne, qui conf\u00e8rent \u00e0 vos informations personnelles la m\u00eame protection qu&rsquo;en Europe.<\/li><\/ul>\n\n\n\n<p>Malheureusement, la transmission d&rsquo;informations via Internet n&rsquo;est pas totalement s\u00e9curis\u00e9e. Bien que nous fassions de notre mieux pour prot\u00e9ger vos informations personnelles, nous ne pouvons garantir la s\u00e9curit\u00e9 de vos donn\u00e9es transmises \u00e0 notre site ; toute transmission est \u00e0 vos risques et p\u00e9rils. Une fois que nous aurons re\u00e7u vos informations personnelles, nous utiliserons des proc\u00e9dures strictes et des fonctions de s\u00e9curit\u00e9 pour emp\u00eacher tout acc\u00e8s non autoris\u00e9.<\/p>\n\n\n\n<p>Nous conservons vos informations personnelles aussi longtemps que n\u00e9cessaire pour atteindre l&rsquo;objectif pour lequel elles ont \u00e9t\u00e9 collect\u00e9es. Nous pouvons conserver vos informations personnelles plus longtemps si elles peuvent faire l&rsquo;objet d&rsquo;une action en justice ou si elles peuvent \u00eatre pertinentes pour de futurs litiges.<\/p>\n\n\n\n<p><strong>ACC\u00c8S \u00c0 VOS INFORMATIONS<\/strong><\/p>\n\n\n\n<p>Vous avez le droit de demander une copie de vos informations personnelles en cours de traitement. Dans ce cas, Admirria fournira les informations demand\u00e9es sans d\u00e9lai et, au plus tard, dans un d\u00e9lai d&rsquo;un mois \u00e0 compter de la r\u00e9ception d&rsquo;une demande valable. Devrait. Cependant, si une demande est infond\u00e9e ou excessive, Admirria est en droit de&nbsp;:<\/p>\n\n\n\n<ul class=\"wp-block-list\"><li>facturer des frais raisonnables compte tenu des co\u00fbts administratifs li\u00e9s \u00e0 la fourniture des informations&nbsp;; ou<\/li><li>refuser de r\u00e9pondre.<\/li><\/ul>\n\n\n\n<p>Dans le cas o\u00f9 vous auriez besoin de rectifier vos donn\u00e9es personnelles, Admirria r\u00e9pondra dans un d\u00e9lai d&rsquo;un mois et apportera les modifications appropri\u00e9es.<\/p>\n\n\n\n<ul class=\"wp-block-list\"><li>Si vous souhaitez rectifier ou exiger une copie de vos informations personnelles, vous devez soumettre une demande expliquant quelles informations vous souhaitez acqu\u00e9rir ainsi qu&rsquo;une preuve d&rsquo;identit\u00e9 \u00e0 <a href=\"mailto:office@admirria.online\">office@admirria.online <\/a>.<\/li><\/ul>\n\n\n\n<p>Si vous avez choisi de ne pas recevoir de marketing de notre part, nous prendrons toutes les mesures raisonnables pour nous assurer que vous ne recevez plus de mat\u00e9riel promotionnel sur Admirria. Cela peut affecter votre \u00e9ligibilit\u00e9 \u00e0 certaines promotions.<\/p>\n\n\n\n<p><strong>PARTAGE ET DIVULGATION D&rsquo;INFORMATIONS<\/strong><\/p>\n\n\n\n<p>Nous ne vendrons vos informations personnellement identifiables \u00e0 personne. Nous enverrons des informations personnellement identifiables vous concernant \u00e0 d&rsquo;autres soci\u00e9t\u00e9s ou personnes uniquement lorsque&nbsp;:<\/p>\n\n\n\n<ul class=\"wp-block-list\"><li>nous avons votre consentement pour partager les informations&nbsp;; ou<\/li><li>nous devons partager vos informations pour fournir le service que vous avez demand\u00e9&nbsp;; ou<\/li><li>nous devons envoyer les informations aux soci\u00e9t\u00e9s qui travaillent pour le compte de notre soci\u00e9t\u00e9 pour fournir un service que vous avez demand\u00e9&nbsp;; ou<\/li><li>nous sommes tenus de r\u00e9pondre \u00e0 des ordonnances r\u00e9glementaires ou judiciaires ou \u00e0 des proc\u00e9dures judiciaires&nbsp;; ou<\/li><li>nous constatons que vos actions sur notre site Web violent les conditions ou l&rsquo;une de nos directives d&rsquo;utilisation pour des services sp\u00e9cifiques.<\/li><\/ul>\n\n\n\n<p>Afin de fournir les informations ou les services que vous nous avez demand\u00e9s, nous pouvons transf\u00e9rer ou stocker vos informations personnellement identifiables sur du mat\u00e9riel informatique ou dans des bureaux situ\u00e9s dans diff\u00e9rents pays ou juridictions et pouvant \u00eatre g\u00e9r\u00e9es et trait\u00e9es par notre soci\u00e9t\u00e9 en interne \u00e0 notre guise. Vous \u00eates r\u00e9put\u00e9 y consentir.<\/p>\n\n\n\n<p>Afin d&rsquo;assurer une bonne qualit\u00e9 de service, nous pouvons surveiller et enregistrer toute communication que vous avez avec nous, que ce soit par \u00e9crit, par t\u00e9l\u00e9phone ou par courrier \u00e9lectronique. Nous vous recommandons, \u00e0 l&rsquo;exception de votre nom et de votre nom d&rsquo;utilisateur, de ne pas nous envoyer d&rsquo;informations personnelles par courrier \u00e9lectronique \u00e0 l&rsquo;exception de votre nom et de votre nom d&rsquo;utilisateur. Toute information que vous nous transmettez est transmise \u00e0 vos risques et p\u00e9rils.<\/p>\n\n\n\n<p><strong>LOI APPLICABLE<\/strong><\/p>\n\n\n\n<p>Les lois du Royaume-Uni r\u00e9gissent cette politique de confidentialit\u00e9 sans \u00e9gard \u00e0 ses dispositions en mati\u00e8re de conflit de lois. Vous consentez \u00e0 la comp\u00e9tence exclusive des tribunaux dans le cadre de toute action ou litige survenant entre les parties en vertu de ou en relation avec la pr\u00e9sente politique de confidentialit\u00e9.<\/p>\n\n\n\n<p>Les lois du Royaume-Uni, \u00e0 l&rsquo;exclusion de ses r\u00e8gles de conflits de lois, r\u00e9giront le pr\u00e9sent accord et votre utilisation du site Web. Votre site Web peut \u00e9galement \u00eatre soumis \u00e0 d&rsquo;autres lois locales, \u00e9tatiques, nationales ou internationales.<\/p>\n\n\n\n<p>En utilisant Admirria ou en nous contactant directement, vous signifiez votre acceptation de cette politique de confidentialit\u00e9. Si vous n&rsquo;acceptez pas cette politique de confidentialit\u00e9, vous ne devez pas vous engager avec notre site Web ni utiliser nos services. L&rsquo;utilisation continue du site Web, l&rsquo;engagement direct avec nous ou la publication de modifications de la pr\u00e9sente politique de confidentialit\u00e9 qui n&rsquo;affectent pas de mani\u00e8re significative l&rsquo;utilisation ou la divulgation de vos informations personnelles signifieront que vous acceptez ces modifications.<\/p>\n\n\n\n<p><strong>COLLECTE D&rsquo;INFORMATIONS<\/strong><\/p>\n\n\n\n<p>Nous pouvons collecter des informations personnellement identifiables (c&rsquo;est-\u00e0-dire votre nom, votre adresse postale, vos num\u00e9ros de t\u00e9l\u00e9phone, votre adresse e-mail, votre date de naissance et vos informations de paiement) lorsque vous soumettez un formulaire d&rsquo;enregistrement de compte sur n&rsquo;importe quelle plate-forme (de bureau ou mobile) contr\u00f4l\u00e9e par Admirria, remplissez une demande d&rsquo;informations sur n&rsquo;importe quelle plate-forme (ordinateur de bureau ou mobile), envoyez-nous un e-mail ou \u00e9crivez-nous pour demander des informations, des services ou une assistance client. Vous devrez \u00e9galement cr\u00e9er un nom d&rsquo;utilisateur unique et un mot de passe unique pour votre compte. Ces informations sont n\u00e9cessaires pour acc\u00e9der \u00e0 nos Services.<\/p>\n\n\n\n<p>Nous pouvons \u00e9galement recevoir des informations personnellement identifiables de votre part lors de l&rsquo;utilisation de nos produits et services ou de la part de nos partenaires commerciaux, telles que des informations sur le navigateur et les cookies. En outre, nous pouvons \u00e9galement collecter votre adresse IP et des informations techniques relatives \u00e0 l&rsquo;appareil \u00e0 partir duquel vous acc\u00e9dez \u00e0 nos sites Web. Nous ne collectons aucune information personnellement identifiable lorsque vous \u00eates sur notre site avant de vous connecter ou de soumettre le formulaire dans la zone de contact. Nous n&rsquo;utilisons les informations personnellement identifiables que pour r\u00e9pondre \u00e0 vos demandes d&rsquo;informations ou pour vous fournir des produits ou des services. Si vous choisissez de ne pas divulguer les informations demand\u00e9es, nous pourrions ne pas \u00eatre en mesure de vous fournir nos Services.<\/p>\n\n\n\n<p>Nous pouvons \u00e9galement surveiller votre utilisation de notre site Web. Cela peut inclure, mais sans s&rsquo;y limiter, la surveillance du nombre de fois et des pages que vous visitez, ainsi que le nom de domaine d&rsquo;origine du service Internet d&rsquo;un utilisateur fourni. Ces informations nous aident \u00e0 \u00e9tablir un profil de nos clients. Certaines de ces donn\u00e9es seront agr\u00e9g\u00e9es ou statistiques, nous ne pourrons donc pas vous identifier individuellement.<\/p>\n\n\n\n<p><strong>COMMERCIALISATION<\/strong><\/p>\n\n\n\n<p>Admirria se r\u00e9serve le droit de traiter les donn\u00e9es personnelles \u00e0 des fins de marketing et, dans certaines circonstances, de les fournir \u00e0 nos partenaires tiers pour vous commercialiser les Services d&rsquo;Admirria et les Services partenaires agr\u00e9\u00e9s.<\/p>\n\n\n\n<p>Nous demandons votre consentement pour vous commercialiser lorsque vous cr\u00e9ez un compte chez nous. Vous pouvez choisir de ne pas recevoir de mat\u00e9riel marketing\/promotionnel \u00e0 tout moment en cliquant sur le lien de d\u00e9sabonnement du mat\u00e9riel promotionnel re\u00e7u ou en nous contactant \u00e0 <a href=\"mailto:office@admirria.online\">office@admirria.online <\/a>.<\/p>\n\n\n\n<p><strong>CONTACTS<\/strong><\/p>\n\n\n\n<p>Si vous avez des questions, n&rsquo;h\u00e9sitez pas \u00e0 nous contacter<\/p>\n\n\n\n<p>par t\u00e9l\u00e9phone &#8211; <a href=\"tel:+442045772182\">+442045772182<\/a><\/p>\n\n\n\n<p>par e-mail &#8211; <a href=\"mailto:office@admirria.online\">office@admirria.online<\/a><\/p>\n","protected":false},"excerpt":{"rendered":"<p>Cette politique de confidentialit\u00e9 d\u00e9finit le cadre juridique de toutes les donn\u00e9es personnelles (\u00ab&nbsp;informations personnelles identifiables&nbsp;\u00bb ou \u00ab&nbsp;informations&nbsp;\u00bb) collect\u00e9es par Global Tech Industries Limited enregistr\u00e9e au 95 Wilton Road, Suite 717 Victoria, Londres, Royaume-Uni SW1V 1BZ (\u00ab&nbsp;Admirria&nbsp;\u00bb, \u00ab&nbsp;Soci\u00e9t\u00e9&nbsp;\u00bb, \u00ab&nbsp;nous&nbsp;\u00bb ou \u00ab&nbsp;notre&nbsp;\u00bb) fournies par vous (\u00ab&nbsp;Client&nbsp;\u00bb ou \u00ab&nbsp;utilisateur&nbsp;\u00bb). Pour vous permettre d&rsquo;utiliser le site Web (le [&hellip;]<\/p>\n","protected":false},"author":1,"featured_media":32833,"parent":0,"menu_order":0,"comment_status":"closed","ping_status":"closed","template":"","meta":{"footnotes":""},"class_list":["post-30791","page","type-page","status-publish","has-post-thumbnail","hentry"],"yoast_head":"<!-- This site is optimized with the Yoast SEO Premium plugin v17.1 (Yoast SEO v19.13) - https:\/\/yoast.com\/wordpress\/plugins\/seo\/ -->\n<title>Politique de confidentialit\u00e9 - Global Tech Industries Limited<\/title>\n<meta name=\"robots\" content=\"noindex, follow, max-snippet:-1, max-image-preview:large, max-video-preview:-1\" \/>\n<meta property=\"og:locale\" content=\"fr_FR\" \/>\n<meta property=\"og:type\" content=\"article\" \/>\n<meta property=\"og:title\" content=\"Politique de confidentialit\u00e9 - Global Tech Industries Limited\" \/>\n<meta property=\"og:description\" content=\"Cette politique de confidentialit\u00e9 d\u00e9finit le cadre juridique de toutes les donn\u00e9es personnelles (\u00ab&nbsp;informations personnelles identifiables&nbsp;\u00bb ou \u00ab&nbsp;informations&nbsp;\u00bb) collect\u00e9es par Global Tech Industries Limited enregistr\u00e9e au 95 Wilton Road, Suite 717 Victoria, Londres, Royaume-Uni SW1V 1BZ (\u00ab&nbsp;Admirria&nbsp;\u00bb, \u00ab&nbsp;Soci\u00e9t\u00e9&nbsp;\u00bb, \u00ab&nbsp;nous&nbsp;\u00bb ou \u00ab&nbsp;notre&nbsp;\u00bb) fournies par vous (\u00ab&nbsp;Client&nbsp;\u00bb ou \u00ab&nbsp;utilisateur&nbsp;\u00bb). Pour vous permettre d&rsquo;utiliser le site Web (le [&hellip;]\" \/>\n<meta property=\"og:url\" content=\"https:\/\/admirria.online\/fr\/privacy-policy\/\" \/>\n<meta property=\"og:site_name\" content=\"Global Tech Industries Limited\" \/>\n<meta property=\"article:modified_time\" content=\"2022-10-05T08:06:42+00:00\" \/>\n<meta property=\"og:image\" content=\"https:\/\/admirria.online\/wp-content\/uploads\/2022\/06\/1024-\u00d7-514-admirria-1.png\" \/>\n\t<meta property=\"og:image:width\" content=\"1024\" \/>\n\t<meta property=\"og:image:height\" content=\"512\" \/>\n\t<meta property=\"og:image:type\" content=\"image\/png\" \/>\n<meta name=\"twitter:card\" content=\"summary_large_image\" \/>\n<meta name=\"twitter:image\" content=\"https:\/\/admirria.online\/wp-content\/uploads\/2022\/06\/1024-\u00d7-514-admirria-1.png\" \/>\n<meta name=\"twitter:label1\" content=\"Dur\u00e9e de lecture estim\u00e9e\" \/>\n\t<meta name=\"twitter:data1\" content=\"9 minutes\" \/>\n<script type=\"application\/ld+json\" class=\"yoast-schema-graph\">{\"@context\":\"https:\/\/schema.org\",\"@graph\":[{\"@type\":\"WebPage\",\"@id\":\"https:\/\/admirria.online\/fr\/privacy-policy\/\",\"url\":\"https:\/\/admirria.online\/fr\/privacy-policy\/\",\"name\":\"Politique de confidentialit\u00e9 - Global Tech Industries Limited\",\"isPartOf\":{\"@id\":\"https:\/\/admirria.online\/#website\"},\"datePublished\":\"2022-03-09T07:30:59+00:00\",\"dateModified\":\"2022-10-05T08:06:42+00:00\",\"inLanguage\":\"fr-FR\",\"potentialAction\":[{\"@type\":\"ReadAction\",\"target\":[\"https:\/\/admirria.online\/fr\/privacy-policy\/\"]}]},{\"@type\":\"WebSite\",\"@id\":\"https:\/\/admirria.online\/#website\",\"url\":\"https:\/\/admirria.online\/\",\"name\":\"Global Tech Industries Limited\",\"description\":\"\",\"publisher\":{\"@id\":\"https:\/\/admirria.online\/#organization\"},\"inLanguage\":\"fr-FR\"},{\"@type\":\"Organization\",\"@id\":\"https:\/\/admirria.online\/#organization\",\"name\":\"Global Tech Industries Limited\",\"url\":\"https:\/\/admirria.online\/\",\"logo\":{\"@type\":\"ImageObject\",\"inLanguage\":\"fr-FR\",\"@id\":\"https:\/\/admirria.online\/#\/schema\/logo\/image\/\",\"url\":\"https:\/\/admirria.online\/wp-content\/uploads\/2022\/05\/admirria-logo-black.png\",\"contentUrl\":\"https:\/\/admirria.online\/wp-content\/uploads\/2022\/05\/admirria-logo-black.png\",\"width\":527,\"height\":73,\"caption\":\"Global Tech Industries Limited\"},\"image\":{\"@id\":\"https:\/\/admirria.online\/#\/schema\/logo\/image\/\"}}]}<\/script>\n<!-- \/ Yoast SEO Premium plugin. -->","yoast_head_json":{"title":"Politique de confidentialit\u00e9 - Global Tech Industries Limited","robots":{"index":"noindex","follow":"follow","max-snippet":"max-snippet:-1","max-image-preview":"max-image-preview:large","max-video-preview":"max-video-preview:-1"},"og_locale":"fr_FR","og_type":"article","og_title":"Politique de confidentialit\u00e9 - Global Tech Industries Limited","og_description":"Cette politique de confidentialit\u00e9 d\u00e9finit le cadre juridique de toutes les donn\u00e9es personnelles (\u00ab&nbsp;informations personnelles identifiables&nbsp;\u00bb ou \u00ab&nbsp;informations&nbsp;\u00bb) collect\u00e9es par Global Tech Industries Limited enregistr\u00e9e au 95 Wilton Road, Suite 717 Victoria, Londres, Royaume-Uni SW1V 1BZ (\u00ab&nbsp;Admirria&nbsp;\u00bb, \u00ab&nbsp;Soci\u00e9t\u00e9&nbsp;\u00bb, \u00ab&nbsp;nous&nbsp;\u00bb ou \u00ab&nbsp;notre&nbsp;\u00bb) fournies par vous (\u00ab&nbsp;Client&nbsp;\u00bb ou \u00ab&nbsp;utilisateur&nbsp;\u00bb). Pour vous permettre d&rsquo;utiliser le site Web (le [&hellip;]","og_url":"https:\/\/admirria.online\/fr\/privacy-policy\/","og_site_name":"Global Tech Industries Limited","article_modified_time":"2022-10-05T08:06:42+00:00","og_image":[{"width":1024,"height":512,"url":"https:\/\/admirria.online\/wp-content\/uploads\/2022\/06\/1024-\u00d7-514-admirria-1.png","type":"image\/png"}],"twitter_card":"summary_large_image","twitter_image":"https:\/\/admirria.online\/wp-content\/uploads\/2022\/06\/1024-\u00d7-514-admirria-1.png","twitter_misc":{"Dur\u00e9e de lecture estim\u00e9e":"9 minutes"},"schema":{"@context":"https:\/\/schema.org","@graph":[{"@type":"WebPage","@id":"https:\/\/admirria.online\/fr\/privacy-policy\/","url":"https:\/\/admirria.online\/fr\/privacy-policy\/","name":"Politique de confidentialit\u00e9 - Global Tech Industries Limited","isPartOf":{"@id":"https:\/\/admirria.online\/#website"},"datePublished":"2022-03-09T07:30:59+00:00","dateModified":"2022-10-05T08:06:42+00:00","inLanguage":"fr-FR","potentialAction":[{"@type":"ReadAction","target":["https:\/\/admirria.online\/fr\/privacy-policy\/"]}]},{"@type":"WebSite","@id":"https:\/\/admirria.online\/#website","url":"https:\/\/admirria.online\/","name":"Global Tech Industries Limited","description":"","publisher":{"@id":"https:\/\/admirria.online\/#organization"},"inLanguage":"fr-FR"},{"@type":"Organization","@id":"https:\/\/admirria.online\/#organization","name":"Global Tech Industries Limited","url":"https:\/\/admirria.online\/","logo":{"@type":"ImageObject","inLanguage":"fr-FR","@id":"https:\/\/admirria.online\/#\/schema\/logo\/image\/","url":"https:\/\/admirria.online\/wp-content\/uploads\/2022\/05\/admirria-logo-black.png","contentUrl":"https:\/\/admirria.online\/wp-content\/uploads\/2022\/05\/admirria-logo-black.png","width":527,"height":73,"caption":"Global Tech Industries Limited"},"image":{"@id":"https:\/\/admirria.online\/#\/schema\/logo\/image\/"}}]}},"_links":{"self":[{"href":"https:\/\/admirria.online\/fr\/wp-json\/wp\/v2\/pages\/30791","targetHints":{"allow":["GET"]}}],"collection":[{"href":"https:\/\/admirria.online\/fr\/wp-json\/wp\/v2\/pages"}],"about":[{"href":"https:\/\/admirria.online\/fr\/wp-json\/wp\/v2\/types\/page"}],"author":[{"embeddable":true,"href":"https:\/\/admirria.online\/fr\/wp-json\/wp\/v2\/users\/1"}],"replies":[{"embeddable":true,"href":"https:\/\/admirria.online\/fr\/wp-json\/wp\/v2\/comments?post=30791"}],"version-history":[{"count":0,"href":"https:\/\/admirria.online\/fr\/wp-json\/wp\/v2\/pages\/30791\/revisions"}],"wp:featuredmedia":[{"embeddable":true,"href":"https:\/\/admirria.online\/fr\/wp-json\/wp\/v2\/media\/32833"}],"wp:attachment":[{"href":"https:\/\/admirria.online\/fr\/wp-json\/wp\/v2\/media?parent=30791"}],"curies":[{"name":"wp","href":"https:\/\/api.w.org\/{rel}","templated":true}]}}