{"id":30793,"date":"2022-04-01T10:05:22","date_gmt":"2022-04-01T07:05:22","guid":{"rendered":"https:\/\/admirria.com\/refund_returns\/"},"modified":"2022-10-05T11:04:06","modified_gmt":"2022-10-05T08:04:06","slug":"refund_returns","status":"publish","type":"page","link":"https:\/\/admirria.online\/fr\/refund_returns\/","title":{"rendered":"Politique de remboursement"},"content":{"rendered":"\n<p>Vous pouvez demander un remboursement en nous envoyant un e-mail \u00e0 <a href=\"mailto:office@admirria.online\">office@admirria.online en <\/a>indiquant votre souhait de recevoir un remboursement et votre nom complet.<\/p>\n\n\n\n<p>Tous les frais d&rsquo;adh\u00e9sion sont enti\u00e8rement gagn\u00e9s lors du paiement et ne sont pas remboursables, sauf pendant les 60 premiers jours depuis le d\u00e9but de la p\u00e9riode d&rsquo;adh\u00e9sion, \u00e0 condition que vous n&rsquo;ayez pas visionn\u00e9 plus de 50&nbsp;% des le\u00e7ons.<\/p>\n\n\n\n<p>Les conditions g\u00e9n\u00e9rales s&rsquo;appliquent \u00e0 tous les services \u00e9ligibles au remboursement. En outre, les conditions sp\u00e9ciales peuvent s&rsquo;appliquer \u00e0 un service sp\u00e9cifique, comme indiqu\u00e9 ci-dessous.<\/p>\n\n\n\n<p>En aucun cas, le m\u00eame Service n&rsquo;est \u00e9ligible \u00e0 plus d&rsquo;un remboursement.<\/p>\n\n\n\n<p>Tous les remboursements sont trait\u00e9s en EUR&nbsp;: vous, le client, \u00eates seul responsable de toute fluctuation du ou des taux de change entre le moment du paiement et le moment du remboursement.<\/p>\n","protected":false},"excerpt":{"rendered":"<p>Vous pouvez demander un remboursement en nous envoyant un e-mail \u00e0 office@admirria.online en indiquant votre souhait de recevoir un remboursement et votre nom complet. Tous les frais d&rsquo;adh\u00e9sion sont enti\u00e8rement gagn\u00e9s lors du paiement et ne sont pas remboursables, sauf pendant les 60 premiers jours depuis le d\u00e9but de la p\u00e9riode d&rsquo;adh\u00e9sion, \u00e0 condition que [&hellip;]<\/p>\n","protected":false},"author":1,"featured_media":32833,"parent":0,"menu_order":0,"comment_status":"closed","ping_status":"closed","template":"","meta":{"footnotes":""},"class_list":["post-30793","page","type-page","status-publish","has-post-thumbnail","hentry"],"yoast_head":"<!-- This site is optimized with the Yoast SEO Premium plugin v17.1 (Yoast SEO v19.13) - https:\/\/yoast.com\/wordpress\/plugins\/seo\/ -->\n<title>Politique de remboursement - Global Tech Industries Limited<\/title>\n<meta name=\"robots\" content=\"noindex, follow, max-snippet:-1, max-image-preview:large, max-video-preview:-1\" \/>\n<meta property=\"og:locale\" content=\"fr_FR\" \/>\n<meta property=\"og:type\" content=\"article\" \/>\n<meta property=\"og:title\" content=\"Politique de remboursement - Global Tech Industries Limited\" \/>\n<meta property=\"og:description\" content=\"Vous pouvez demander un remboursement en nous envoyant un e-mail \u00e0 office@admirria.online en indiquant votre souhait de recevoir un remboursement et votre nom complet. Tous les frais d&rsquo;adh\u00e9sion sont enti\u00e8rement gagn\u00e9s lors du paiement et ne sont pas remboursables, sauf pendant les 60 premiers jours depuis le d\u00e9but de la p\u00e9riode d&rsquo;adh\u00e9sion, \u00e0 condition que [&hellip;]\" \/>\n<meta property=\"og:url\" content=\"https:\/\/admirria.online\/fr\/refund_returns\/\" \/>\n<meta property=\"og:site_name\" content=\"Global Tech Industries Limited\" \/>\n<meta property=\"article:modified_time\" content=\"2022-10-05T08:04:06+00:00\" \/>\n<meta property=\"og:image\" content=\"https:\/\/admirria.online\/wp-content\/uploads\/2022\/06\/1024-\u00d7-514-admirria-1.png\" \/>\n\t<meta property=\"og:image:width\" content=\"1024\" \/>\n\t<meta property=\"og:image:height\" content=\"512\" \/>\n\t<meta property=\"og:image:type\" content=\"image\/png\" \/>\n<meta name=\"twitter:card\" content=\"summary_large_image\" \/>\n<meta name=\"twitter:image\" content=\"https:\/\/admirria.online\/wp-content\/uploads\/2022\/06\/1024-\u00d7-514-admirria-1.png\" \/>\n<meta name=\"twitter:label1\" content=\"Dur\u00e9e de lecture estim\u00e9e\" \/>\n\t<meta name=\"twitter:data1\" content=\"1 minute\" \/>\n<script type=\"application\/ld+json\" class=\"yoast-schema-graph\">{\"@context\":\"https:\/\/schema.org\",\"@graph\":[{\"@type\":\"WebPage\",\"@id\":\"https:\/\/admirria.online\/fr\/refund_returns\/\",\"url\":\"https:\/\/admirria.online\/fr\/refund_returns\/\",\"name\":\"Politique de remboursement - Global Tech Industries Limited\",\"isPartOf\":{\"@id\":\"https:\/\/admirria.online\/#website\"},\"datePublished\":\"2022-04-01T07:05:22+00:00\",\"dateModified\":\"2022-10-05T08:04:06+00:00\",\"inLanguage\":\"fr-FR\",\"potentialAction\":[{\"@type\":\"ReadAction\",\"target\":[\"https:\/\/admirria.online\/fr\/refund_returns\/\"]}]},{\"@type\":\"WebSite\",\"@id\":\"https:\/\/admirria.online\/#website\",\"url\":\"https:\/\/admirria.online\/\",\"name\":\"Global Tech Industries Limited\",\"description\":\"\",\"publisher\":{\"@id\":\"https:\/\/admirria.online\/#organization\"},\"inLanguage\":\"fr-FR\"},{\"@type\":\"Organization\",\"@id\":\"https:\/\/admirria.online\/#organization\",\"name\":\"Global Tech Industries Limited\",\"url\":\"https:\/\/admirria.online\/\",\"logo\":{\"@type\":\"ImageObject\",\"inLanguage\":\"fr-FR\",\"@id\":\"https:\/\/admirria.online\/#\/schema\/logo\/image\/\",\"url\":\"https:\/\/admirria.online\/wp-content\/uploads\/2022\/05\/admirria-logo-black.png\",\"contentUrl\":\"https:\/\/admirria.online\/wp-content\/uploads\/2022\/05\/admirria-logo-black.png\",\"width\":527,\"height\":73,\"caption\":\"Global Tech Industries Limited\"},\"image\":{\"@id\":\"https:\/\/admirria.online\/#\/schema\/logo\/image\/\"}}]}<\/script>\n<!-- \/ Yoast SEO Premium plugin. -->","yoast_head_json":{"title":"Politique de remboursement - Global Tech Industries Limited","robots":{"index":"noindex","follow":"follow","max-snippet":"max-snippet:-1","max-image-preview":"max-image-preview:large","max-video-preview":"max-video-preview:-1"},"og_locale":"fr_FR","og_type":"article","og_title":"Politique de remboursement - Global Tech Industries Limited","og_description":"Vous pouvez demander un remboursement en nous envoyant un e-mail \u00e0 office@admirria.online en indiquant votre souhait de recevoir un remboursement et votre nom complet. Tous les frais d&rsquo;adh\u00e9sion sont enti\u00e8rement gagn\u00e9s lors du paiement et ne sont pas remboursables, sauf pendant les 60 premiers jours depuis le d\u00e9but de la p\u00e9riode d&rsquo;adh\u00e9sion, \u00e0 condition que [&hellip;]","og_url":"https:\/\/admirria.online\/fr\/refund_returns\/","og_site_name":"Global Tech Industries Limited","article_modified_time":"2022-10-05T08:04:06+00:00","og_image":[{"width":1024,"height":512,"url":"https:\/\/admirria.online\/wp-content\/uploads\/2022\/06\/1024-\u00d7-514-admirria-1.png","type":"image\/png"}],"twitter_card":"summary_large_image","twitter_image":"https:\/\/admirria.online\/wp-content\/uploads\/2022\/06\/1024-\u00d7-514-admirria-1.png","twitter_misc":{"Dur\u00e9e de lecture estim\u00e9e":"1 minute"},"schema":{"@context":"https:\/\/schema.org","@graph":[{"@type":"WebPage","@id":"https:\/\/admirria.online\/fr\/refund_returns\/","url":"https:\/\/admirria.online\/fr\/refund_returns\/","name":"Politique de remboursement - Global Tech Industries Limited","isPartOf":{"@id":"https:\/\/admirria.online\/#website"},"datePublished":"2022-04-01T07:05:22+00:00","dateModified":"2022-10-05T08:04:06+00:00","inLanguage":"fr-FR","potentialAction":[{"@type":"ReadAction","target":["https:\/\/admirria.online\/fr\/refund_returns\/"]}]},{"@type":"WebSite","@id":"https:\/\/admirria.online\/#website","url":"https:\/\/admirria.online\/","name":"Global Tech Industries Limited","description":"","publisher":{"@id":"https:\/\/admirria.online\/#organization"},"inLanguage":"fr-FR"},{"@type":"Organization","@id":"https:\/\/admirria.online\/#organization","name":"Global Tech Industries Limited","url":"https:\/\/admirria.online\/","logo":{"@type":"ImageObject","inLanguage":"fr-FR","@id":"https:\/\/admirria.online\/#\/schema\/logo\/image\/","url":"https:\/\/admirria.online\/wp-content\/uploads\/2022\/05\/admirria-logo-black.png","contentUrl":"https:\/\/admirria.online\/wp-content\/uploads\/2022\/05\/admirria-logo-black.png","width":527,"height":73,"caption":"Global Tech Industries Limited"},"image":{"@id":"https:\/\/admirria.online\/#\/schema\/logo\/image\/"}}]}},"_links":{"self":[{"href":"https:\/\/admirria.online\/fr\/wp-json\/wp\/v2\/pages\/30793","targetHints":{"allow":["GET"]}}],"collection":[{"href":"https:\/\/admirria.online\/fr\/wp-json\/wp\/v2\/pages"}],"about":[{"href":"https:\/\/admirria.online\/fr\/wp-json\/wp\/v2\/types\/page"}],"author":[{"embeddable":true,"href":"https:\/\/admirria.online\/fr\/wp-json\/wp\/v2\/users\/1"}],"replies":[{"embeddable":true,"href":"https:\/\/admirria.online\/fr\/wp-json\/wp\/v2\/comments?post=30793"}],"version-history":[{"count":0,"href":"https:\/\/admirria.online\/fr\/wp-json\/wp\/v2\/pages\/30793\/revisions"}],"wp:featuredmedia":[{"embeddable":true,"href":"https:\/\/admirria.online\/fr\/wp-json\/wp\/v2\/media\/32833"}],"wp:attachment":[{"href":"https:\/\/admirria.online\/fr\/wp-json\/wp\/v2\/media?parent=30793"}],"curies":[{"name":"wp","href":"https:\/\/api.w.org\/{rel}","templated":true}]}}