{"id":30795,"date":"2022-04-01T10:06:06","date_gmt":"2022-04-01T07:06:06","guid":{"rendered":"https:\/\/admirria.com\/cookie-policy\/"},"modified":"2022-10-05T11:00:13","modified_gmt":"2022-10-05T08:00:13","slug":"cookie-policy","status":"publish","type":"page","link":"https:\/\/admirria.online\/fr\/cookie-policy\/","title":{"rendered":"Politique de cookies"},"content":{"rendered":"\n<p><strong>SIGNIFICATIONS<\/strong><\/p>\n\n\n\n<p>Cookie : un petit morceau de donn\u00e9es qu&rsquo;un site Web demande \u00e0 votre navigateur de stocker sur votre ordinateur ou appareil mobile. Le cookie permet au site Web de \u00ab se souvenir \u00bb de vos actions ou de vos pr\u00e9f\u00e9rences au fil du temps.<\/p>\n\n\n\n<p>Soci\u00e9t\u00e9\u00a0: lorsque cette politique mentionne \u00ab\u00a0Soci\u00e9t\u00e9\u00a0\u00bb, \u00ab\u00a0nous\u00a0\u00bb, \u00ab\u00a0notre\u00a0\u00bb ou \u00ab\u00a0notre\u00a0\u00bb, elle fait r\u00e9f\u00e9rence \u00e0 Global Tech Industries Limited dont le si\u00e8ge social est situ\u00e9 au<a href=\"https:\/\/admirria.online\/\"> 95 Wilton Road, Suite 717, Londres, Royaume-Uni, SW1V 1BZ<\/a>, qui est responsable de vos informations en vertu de la pr\u00e9sente politique relative aux cookies.<\/p>\n\n\n\n<p>Appareil : tout appareil connect\u00e9 \u00e0 Internet tel qu&rsquo;un t\u00e9l\u00e9phone, une tablette, un ordinateur ou tout autre appareil pouvant \u00eatre utilis\u00e9 pour visiter Admirria et utiliser les services.<\/p>\n\n\n\n<p>Donn\u00e9es personnelles&nbsp;: Toute information qui, directement, indirectement ou en relation avec d&rsquo;autres informations &#8211; y compris un num\u00e9ro d&rsquo;identification personnel &#8211; permet l&rsquo;identification ou l&rsquo;identifiabilit\u00e9 d&rsquo;une personne physique.<\/p>\n\n\n\n<p>Service&nbsp;: d\u00e9signe le service fourni par Admirria tel que d\u00e9crit dans les conditions relatives (si disponibles) et sur cette plate-forme.<\/p>\n\n\n\n<p>Service tiers&nbsp;: d\u00e9signe les annonceurs, les commanditaires de concours, les partenaires promotionnels et marketing et autres qui fournissent notre contenu ou dont nous pensons que les produits ou services pourraient vous int\u00e9resser.<\/p>\n\n\n\n<p>Site Web : Site Web de Global Tech Industries Limited<a href=\" https:\/\/admirria.online\/\"> https:\/\/admirria.online\/<\/a><\/p>\n\n\n\n<p>Vous&nbsp;: une personne ou une entit\u00e9 enregistr\u00e9e aupr\u00e8s d&rsquo;Admirria pour utiliser les Services.<\/p>\n\n\n\n<p><strong>CLAUSE DE NON-RESPONSABILIT\u00c9<\/strong><\/p>\n\n\n\n<p>Le Service Admirria et son contenu sont fournis \u00ab\u00a0tels quels\u00a0\u00bb et \u00ab\u00a0tels que disponibles\u00a0\u00bb sans aucune garantie ou repr\u00e9sentation d&rsquo;aucune sorte, expresse ou implicite. Admirria est un distributeur et non un \u00e9diteur du contenu fourni par des tiers ; en tant que tel, Admirria n&rsquo;exerce aucun contr\u00f4le \u00e9ditorial sur ce contenu et ne donne aucune garantie ou repr\u00e9sentation quant \u00e0 l&rsquo;exactitude, la fiabilit\u00e9 ou l&rsquo;actualit\u00e9 de toute information, contenu, service ou marchandise fourni ou accessible via le Service Admirria. Sans limiter ce qui pr\u00e9c\u00e8de, Admirria d\u00e9cline sp\u00e9cifiquement toute garantie et repr\u00e9sentation dans tout contenu transmis sur ou en relation avec le Service Admirria ou sur des sites pouvant appara\u00eetre sous forme de liens sur le Service Admirria ou dans les produits fournis dans le cadre de, ou autrement en relation avec le Service Admirria, y compris, sans s&rsquo;y limiter, toute garantie de qualit\u00e9 marchande, d&rsquo;ad\u00e9quation \u00e0 un usage particulier ou de non-violation des droits de tiers. Aucun conseil oral ou information \u00e9crite donn\u00e9 par Admirria ou ses soci\u00e9t\u00e9s affili\u00e9es, employ\u00e9s, dirigeants, administrateurs, agents ou autres ne cr\u00e9era de garantie. Les prix et les informations de disponibilit\u00e9 sont sujets \u00e0 changement sans pr\u00e9avis. Sans limiter ce qui pr\u00e9c\u00e8de, Admirria ne garantit pas que le service Admirria sera ininterrompu, non corrompu, opportun ou sans erreur.<\/p>\n\n\n\n<p><strong>BLOQUER ET D\u00c9SACTIVER LES COOKIES<\/strong><\/p>\n\n\n\n<p>Vous pouvez \u00e9galement configurer votre navigateur pour bloquer les cookies et les technologies similaires o\u00f9 que vous soyez. N\u00e9anmoins, cette action peut bloquer nos cookies essentiels et emp\u00eacher notre site Web de fonctionner correctement, et vous ne pourrez peut-\u00eatre pas utiliser pleinement toutes ses fonctionnalit\u00e9s et tous ses services. Vous devez \u00e9galement savoir que vous risquez de perdre certaines informations enregistr\u00e9es si vous bloquez les cookies sur votre navigateur.<\/p>\n\n\n\n<p><strong>POURQUOI UTILISONS-NOUS DES COOKIES ?<\/strong><\/p>\n\n\n\n<p>Nous utilisons des cookies pour savoir comment vous interagissez avec notre contenu et am\u00e9liorer votre exp\u00e9rience lorsque vous visitez notre site Web. Par exemple, certains cookies m\u00e9morisent votre langue ou vos pr\u00e9f\u00e9rences afin que vous n&rsquo;ayez pas \u00e0 faire ces choix lorsque vous visitez notre site Web \u00e0 plusieurs reprises, facilitent le fonctionnement et la fonctionnalit\u00e9 de notre site Web et nous permettent de cr\u00e9er une exp\u00e9rience utilisateur sur mesure pour vous et pour nous. pour comprendre ce qui vous est utile ou qui vous int\u00e9resse, analyser comment notre site Web est utilis\u00e9 et comment nous pouvons le personnaliser au mieux.<\/p>\n\n\n\n<p><strong>QUELS TYPES DE COOKIES UTILISONS-NOUS ?<\/strong><\/p>\n\n\n\n<p>Les cookies peuvent \u00eatre des cookies de session ou des cookies persistants. Un cookie de session expire automatiquement lorsque vous fermez votre navigateur. Un cookie persistant restera jusqu&rsquo;\u00e0 ce qu&rsquo;il expire ou que vous supprimiez vos cookies. Les dates d&rsquo;expiration sont d\u00e9finies dans les cookies eux-m\u00eames&nbsp;; certains peuvent expirer apr\u00e8s quelques minutes, tandis que d&rsquo;autres peuvent expirer apr\u00e8s plusieurs ann\u00e9es. Les cookies plac\u00e9s par le site Web que vous visitez sont appel\u00e9s \u00ab&nbsp;cookies propri\u00e9taires&nbsp;\u00bb.<\/p>\n\n\n\n<p><strong>Cookies d&rsquo;analyse et de personnalisation<\/strong><\/p>\n\n\n\n<p>Ces cookies collectent des informations pour nous aider \u00e0 comprendre comment notre site Web est utilis\u00e9, l&rsquo;efficacit\u00e9 de nos campagnes marketing ou pour nous aider \u00e0 personnaliser notre site Web pour vous.<\/p>\n\n\n\n<p>Nous utilisons des cookies servis par Google Analytics pour collecter des donn\u00e9es limit\u00e9es directement \u00e0 partir des navigateurs des utilisateurs finaux afin de nous permettre de mieux comprendre votre utilisation de notre site Web.<\/p>\n\n\n\n<p><strong>Cookies de performance et de fonctionnalit\u00e9<\/strong><\/p>\n\n\n\n<p>Ces cookies sont utilis\u00e9s pour am\u00e9liorer les performances et les fonctionnalit\u00e9s de notre site Web, mais ne sont pas essentiels \u00e0 leur utilisation. Cependant, sans ces cookies, certaines fonctionnalit\u00e9s comme les vid\u00e9os peuvent devenir indisponibles. Vous devrez entrer vos informations de connexion \u00e0 chaque fois que vous visitez le site Web, car nous ne serions pas en mesure de nous souvenir que vous vous \u00eates connect\u00e9 pr\u00e9c\u00e9demment.<\/p>\n\n\n\n<p><strong>QU&rsquo;EST-CE QU&rsquo;UN COOKIE<\/strong><\/p>\n\n\n\n<p>Un site Web demande \u00e0 votre navigateur de stocker une petite donn\u00e9e sur votre ordinateur ou votre appareil mobile. Le cookie permet au site Web de \u00ab se souvenir \u00bb de vos actions ou de vos pr\u00e9f\u00e9rences au fil du temps. Ils sont s\u00fbrs et ne peuvent pas \u00eatre utilis\u00e9s pour ex\u00e9cuter des programmes ou transmettre des virus \u00e0 votre appareil.<\/p>\n\n\n\n<p><strong>ERREURS ET OMISSIONS<\/strong><\/p>\n\n\n\n<p>Admirria n&rsquo;est pas responsable de tout contenu, code ou impr\u00e9cision. Admirria ne fournit aucune garantie ni garantie. En aucun cas, Admirria ne sera responsable de tout dommage sp\u00e9cial, direct, indirect, cons\u00e9cutif ou accessoire ou de quelque dommage que ce soit, que ce soit dans le cadre d&rsquo;une action contractuelle, d&rsquo;une n\u00e9gligence ou d&rsquo;autres d\u00e9lits, d\u00e9coulant de ou en relation avec l&rsquo;utilisation du Service ou le contenu du Service. Admirria se r\u00e9serve le droit d&rsquo;apporter des ajouts, des suppressions ou des modifications au contenu du Service \u00e0 tout moment et sans pr\u00e9avis.<\/p>\n\n\n\n<p><strong>MODIFICATIONS DE NOTRE POLITIQUE EN MATI\u00c8RE DE COOKIES<\/strong><\/p>\n\n\n\n<p>Nous pouvons modifier nos services et nos politiques et devons apporter des modifications \u00e0 cette politique en mati\u00e8re de cookies pour refl\u00e9ter avec pr\u00e9cision nos services et nos politiques. Sauf disposition contraire de la loi, nous vous informerons (par exemple, par le biais de notre Service) avant d&rsquo;apporter des modifications \u00e0 la pr\u00e9sente Politique relative aux cookies et vous permettrons de les consulter avant leur entr\u00e9e en vigueur. Ensuite , si vous continuez \u00e0 utiliser le Service, vous serez li\u00e9 par la Politique relative aux cookies mise \u00e0 jour. Vous pouvez supprimer votre compte si vous ne souhaitez pas accepter cette politique en mati\u00e8re de cookies ou toute mise \u00e0 jour de la politique relative aux cookies.<\/p>\n\n\n\n<p><strong>COMMENT G\u00c9RER LES COOKIES ?<\/strong><\/p>\n\n\n\n<p>La plupart des navigateurs vous permettent de contr\u00f4ler les cookies via leurs pr\u00e9f\u00e9rences de \u00ab&nbsp;param\u00e8tres&nbsp;\u00bb. Cependant, si vous limitez la capacit\u00e9 des sites Web \u00e0 d\u00e9finir des cookies, vous risquez de d\u00e9t\u00e9riorer votre exp\u00e9rience utilisateur globale car elle ne vous sera plus personnalis\u00e9e. Cela peut \u00e9galement vous emp\u00eacher d&rsquo;enregistrer des param\u00e8tres personnalis\u00e9s tels que les informations de connexion. Les fabricants de navigateurs proposent des pages d&rsquo;aide relatives \u00e0 la gestion des cookies dans leurs produits.<\/p>\n\n\n\n<p>Les fabricants de navigateurs proposent des pages d&rsquo;aide relatives \u00e0 la gestion des cookies dans leurs produits.<\/p>\n\n\n\n<p><strong>Cookies essentiels<\/strong><\/p>\n\n\n\n<p>Nous utilisons des cookies essentiels pour faire fonctionner notre site Web. Ces cookies sont strictement n\u00e9cessaires pour activer les fonctionnalit\u00e9s de base telles que la s\u00e9curit\u00e9, la gestion du r\u00e9seau, vos pr\u00e9f\u00e9rences en mati\u00e8re de cookies et l&rsquo;accessibilit\u00e9. Sans eux, vous ne pourriez pas utiliser les services de base. Vous pouvez les d\u00e9sactiver en modifiant les param\u00e8tres de votre navigateur, ce qui affecte le fonctionnement des sites Web.<\/p>\n\n\n\n<p><strong>VOTRE CONSENTEMENT<\/strong><\/p>\n\n\n\n<p>En utilisant notre site Web, en cr\u00e9ant un compte ou en effectuant un achat.<\/p>\n\n\n\n<p><strong>Contacts<\/strong><\/p>\n\n\n\n<p>Si vous avez des questions, n&rsquo;h\u00e9sitez pas \u00e0 nous contacter<\/p>\n\n\n\n<p>par t\u00e9l\u00e9phone &#8211; <a href=\"tel:+442045772182\">+442045772182<\/a><\/p>\n\n\n\n<p>par e-mail &#8211; <a href=\"mailto:office@admirria.online\">office@admirria.online<\/a><\/p>\n","protected":false},"excerpt":{"rendered":"<p>SIGNIFICATIONS Cookie : un petit morceau de donn\u00e9es qu&rsquo;un site Web demande \u00e0 votre navigateur de stocker sur votre ordinateur ou appareil mobile. Le cookie permet au site Web de \u00ab se souvenir \u00bb de vos actions ou de vos pr\u00e9f\u00e9rences au fil du temps. Soci\u00e9t\u00e9\u00a0: lorsque cette politique mentionne \u00ab\u00a0Soci\u00e9t\u00e9\u00a0\u00bb, \u00ab\u00a0nous\u00a0\u00bb, \u00ab\u00a0notre\u00a0\u00bb ou \u00ab\u00a0notre\u00a0\u00bb, [&hellip;]<\/p>\n","protected":false},"author":1,"featured_media":32833,"parent":0,"menu_order":0,"comment_status":"closed","ping_status":"closed","template":"","meta":{"footnotes":""},"class_list":["post-30795","page","type-page","status-publish","has-post-thumbnail","hentry"],"yoast_head":"<!-- This site is optimized with the Yoast SEO Premium plugin v17.1 (Yoast SEO v19.13) - https:\/\/yoast.com\/wordpress\/plugins\/seo\/ -->\n<title>Politique de cookies - Global Tech Industries Limited<\/title>\n<meta name=\"robots\" content=\"noindex, follow, max-snippet:-1, max-image-preview:large, max-video-preview:-1\" \/>\n<meta property=\"og:locale\" content=\"fr_FR\" \/>\n<meta property=\"og:type\" content=\"article\" \/>\n<meta property=\"og:title\" content=\"Politique de cookies - Global Tech Industries Limited\" \/>\n<meta property=\"og:description\" content=\"SIGNIFICATIONS Cookie : un petit morceau de donn\u00e9es qu&rsquo;un site Web demande \u00e0 votre navigateur de stocker sur votre ordinateur ou appareil mobile. Le cookie permet au site Web de \u00ab se souvenir \u00bb de vos actions ou de vos pr\u00e9f\u00e9rences au fil du temps. Soci\u00e9t\u00e9\u00a0: lorsque cette politique mentionne \u00ab\u00a0Soci\u00e9t\u00e9\u00a0\u00bb, \u00ab\u00a0nous\u00a0\u00bb, \u00ab\u00a0notre\u00a0\u00bb ou \u00ab\u00a0notre\u00a0\u00bb, [&hellip;]\" \/>\n<meta property=\"og:url\" content=\"https:\/\/admirria.online\/fr\/cookie-policy\/\" \/>\n<meta property=\"og:site_name\" content=\"Global Tech Industries Limited\" \/>\n<meta property=\"article:modified_time\" content=\"2022-10-05T08:00:13+00:00\" \/>\n<meta property=\"og:image\" content=\"https:\/\/admirria.online\/wp-content\/uploads\/2022\/06\/1024-\u00d7-514-admirria-1.png\" \/>\n\t<meta property=\"og:image:width\" content=\"1024\" \/>\n\t<meta property=\"og:image:height\" content=\"512\" \/>\n\t<meta property=\"og:image:type\" content=\"image\/png\" \/>\n<meta name=\"twitter:card\" content=\"summary_large_image\" \/>\n<meta name=\"twitter:image\" content=\"https:\/\/admirria.online\/wp-content\/uploads\/2022\/06\/1024-\u00d7-514-admirria-1.png\" \/>\n<meta name=\"twitter:label1\" content=\"Dur\u00e9e de lecture estim\u00e9e\" \/>\n\t<meta name=\"twitter:data1\" content=\"6 minutes\" \/>\n<script type=\"application\/ld+json\" class=\"yoast-schema-graph\">{\"@context\":\"https:\/\/schema.org\",\"@graph\":[{\"@type\":\"WebPage\",\"@id\":\"https:\/\/admirria.online\/fr\/cookie-policy\/\",\"url\":\"https:\/\/admirria.online\/fr\/cookie-policy\/\",\"name\":\"Politique de cookies - Global Tech Industries Limited\",\"isPartOf\":{\"@id\":\"https:\/\/admirria.online\/#website\"},\"datePublished\":\"2022-04-01T07:06:06+00:00\",\"dateModified\":\"2022-10-05T08:00:13+00:00\",\"inLanguage\":\"fr-FR\",\"potentialAction\":[{\"@type\":\"ReadAction\",\"target\":[\"https:\/\/admirria.online\/fr\/cookie-policy\/\"]}]},{\"@type\":\"WebSite\",\"@id\":\"https:\/\/admirria.online\/#website\",\"url\":\"https:\/\/admirria.online\/\",\"name\":\"Global Tech Industries Limited\",\"description\":\"\",\"publisher\":{\"@id\":\"https:\/\/admirria.online\/#organization\"},\"inLanguage\":\"fr-FR\"},{\"@type\":\"Organization\",\"@id\":\"https:\/\/admirria.online\/#organization\",\"name\":\"Global Tech Industries Limited\",\"url\":\"https:\/\/admirria.online\/\",\"logo\":{\"@type\":\"ImageObject\",\"inLanguage\":\"fr-FR\",\"@id\":\"https:\/\/admirria.online\/#\/schema\/logo\/image\/\",\"url\":\"https:\/\/admirria.online\/wp-content\/uploads\/2022\/05\/admirria-logo-black.png\",\"contentUrl\":\"https:\/\/admirria.online\/wp-content\/uploads\/2022\/05\/admirria-logo-black.png\",\"width\":527,\"height\":73,\"caption\":\"Global Tech Industries Limited\"},\"image\":{\"@id\":\"https:\/\/admirria.online\/#\/schema\/logo\/image\/\"}}]}<\/script>\n<!-- \/ Yoast SEO Premium plugin. -->","yoast_head_json":{"title":"Politique de cookies - Global Tech Industries Limited","robots":{"index":"noindex","follow":"follow","max-snippet":"max-snippet:-1","max-image-preview":"max-image-preview:large","max-video-preview":"max-video-preview:-1"},"og_locale":"fr_FR","og_type":"article","og_title":"Politique de cookies - Global Tech Industries Limited","og_description":"SIGNIFICATIONS Cookie : un petit morceau de donn\u00e9es qu&rsquo;un site Web demande \u00e0 votre navigateur de stocker sur votre ordinateur ou appareil mobile. Le cookie permet au site Web de \u00ab se souvenir \u00bb de vos actions ou de vos pr\u00e9f\u00e9rences au fil du temps. Soci\u00e9t\u00e9\u00a0: lorsque cette politique mentionne \u00ab\u00a0Soci\u00e9t\u00e9\u00a0\u00bb, \u00ab\u00a0nous\u00a0\u00bb, \u00ab\u00a0notre\u00a0\u00bb ou \u00ab\u00a0notre\u00a0\u00bb, [&hellip;]","og_url":"https:\/\/admirria.online\/fr\/cookie-policy\/","og_site_name":"Global Tech Industries Limited","article_modified_time":"2022-10-05T08:00:13+00:00","og_image":[{"width":1024,"height":512,"url":"https:\/\/admirria.online\/wp-content\/uploads\/2022\/06\/1024-\u00d7-514-admirria-1.png","type":"image\/png"}],"twitter_card":"summary_large_image","twitter_image":"https:\/\/admirria.online\/wp-content\/uploads\/2022\/06\/1024-\u00d7-514-admirria-1.png","twitter_misc":{"Dur\u00e9e de lecture estim\u00e9e":"6 minutes"},"schema":{"@context":"https:\/\/schema.org","@graph":[{"@type":"WebPage","@id":"https:\/\/admirria.online\/fr\/cookie-policy\/","url":"https:\/\/admirria.online\/fr\/cookie-policy\/","name":"Politique de cookies - Global Tech Industries Limited","isPartOf":{"@id":"https:\/\/admirria.online\/#website"},"datePublished":"2022-04-01T07:06:06+00:00","dateModified":"2022-10-05T08:00:13+00:00","inLanguage":"fr-FR","potentialAction":[{"@type":"ReadAction","target":["https:\/\/admirria.online\/fr\/cookie-policy\/"]}]},{"@type":"WebSite","@id":"https:\/\/admirria.online\/#website","url":"https:\/\/admirria.online\/","name":"Global Tech Industries Limited","description":"","publisher":{"@id":"https:\/\/admirria.online\/#organization"},"inLanguage":"fr-FR"},{"@type":"Organization","@id":"https:\/\/admirria.online\/#organization","name":"Global Tech Industries Limited","url":"https:\/\/admirria.online\/","logo":{"@type":"ImageObject","inLanguage":"fr-FR","@id":"https:\/\/admirria.online\/#\/schema\/logo\/image\/","url":"https:\/\/admirria.online\/wp-content\/uploads\/2022\/05\/admirria-logo-black.png","contentUrl":"https:\/\/admirria.online\/wp-content\/uploads\/2022\/05\/admirria-logo-black.png","width":527,"height":73,"caption":"Global Tech Industries Limited"},"image":{"@id":"https:\/\/admirria.online\/#\/schema\/logo\/image\/"}}]}},"_links":{"self":[{"href":"https:\/\/admirria.online\/fr\/wp-json\/wp\/v2\/pages\/30795","targetHints":{"allow":["GET"]}}],"collection":[{"href":"https:\/\/admirria.online\/fr\/wp-json\/wp\/v2\/pages"}],"about":[{"href":"https:\/\/admirria.online\/fr\/wp-json\/wp\/v2\/types\/page"}],"author":[{"embeddable":true,"href":"https:\/\/admirria.online\/fr\/wp-json\/wp\/v2\/users\/1"}],"replies":[{"embeddable":true,"href":"https:\/\/admirria.online\/fr\/wp-json\/wp\/v2\/comments?post=30795"}],"version-history":[{"count":0,"href":"https:\/\/admirria.online\/fr\/wp-json\/wp\/v2\/pages\/30795\/revisions"}],"wp:featuredmedia":[{"embeddable":true,"href":"https:\/\/admirria.online\/fr\/wp-json\/wp\/v2\/media\/32833"}],"wp:attachment":[{"href":"https:\/\/admirria.online\/fr\/wp-json\/wp\/v2\/media?parent=30795"}],"curies":[{"name":"wp","href":"https:\/\/api.w.org\/{rel}","templated":true}]}}