{"id":30609,"date":"2022-03-14T08:51:52","date_gmt":"2022-03-14T06:51:52","guid":{"rendered":"https:\/\/admirria.com\/faq\/"},"modified":"2022-10-05T10:49:47","modified_gmt":"2022-10-05T07:49:47","slug":"faq","status":"publish","type":"page","link":"https:\/\/admirria.online\/it\/faq\/","title":{"rendered":"FAQ"},"content":{"rendered":"\t\t<div data-elementor-type=\"wp-page\" data-elementor-id=\"30609\" class=\"elementor elementor-30609 elementor-668\">\n\t\t\t\t\t\t<section class=\"elementor-section elementor-top-section elementor-element elementor-element-051b8a7 elementor-section-boxed elementor-section-height-default elementor-section-height-default\" data-id=\"051b8a7\" data-element_type=\"section\">\n\t\t\t\t\t\t<div class=\"elementor-container elementor-column-gap-default\">\n\t\t\t\t\t<div class=\"elementor-column elementor-col-50 elementor-top-column elementor-element elementor-element-3245054\" data-id=\"3245054\" data-element_type=\"column\">\n\t\t\t<div class=\"elementor-widget-wrap elementor-element-populated\">\n\t\t\t\t\t\t<div class=\"elementor-element elementor-element-e883247 elementor-widget elementor-widget-image\" data-id=\"e883247\" data-element_type=\"widget\" data-widget_type=\"image.default\">\n\t\t\t\t<div class=\"elementor-widget-container\">\n\t\t\t\t\t\t\t\t\t\t\t\t\t<img fetchpriority=\"high\" decoding=\"async\" width=\"530\" height=\"388\" src=\"https:\/\/admirria.online\/wp-content\/uploads\/2022\/06\/81514-1.png\" class=\"attachment-large size-large wp-image-29518\" alt=\"\" srcset=\"https:\/\/admirria.online\/wp-content\/uploads\/2022\/06\/81514-1.png 530w, https:\/\/admirria.online\/wp-content\/uploads\/2022\/06\/81514-1-300x220.png 300w, https:\/\/admirria.online\/wp-content\/uploads\/2022\/06\/81514-1-16x12.png 16w\" sizes=\"(max-width: 530px) 100vw, 530px\" \/>\t\t\t\t\t\t\t\t\t\t\t\t\t<\/div>\n\t\t\t\t<\/div>\n\t\t\t\t\t<\/div>\n\t\t<\/div>\n\t\t\t\t<div class=\"elementor-column elementor-col-50 elementor-top-column elementor-element elementor-element-7a685ed\" data-id=\"7a685ed\" data-element_type=\"column\">\n\t\t\t<div class=\"elementor-widget-wrap elementor-element-populated\">\n\t\t\t\t\t\t<div class=\"elementor-element elementor-element-d55a046 elementor-widget__width-initial elementor-widget elementor-widget-heading\" data-id=\"d55a046\" data-element_type=\"widget\" data-widget_type=\"heading.default\">\n\t\t\t\t<div class=\"elementor-widget-container\">\n\t\t\t<h2 class=\"elementor-heading-title elementor-size-default\">Hai appena pensato, e noi ti abbiamo gi\u00e0 risposto!<\/h2>\t\t<\/div>\n\t\t\t\t<\/div>\n\t\t\t\t\t<\/div>\n\t\t<\/div>\n\t\t\t\t\t<\/div>\n\t\t<\/section>\n\t\t\t\t<section class=\"elementor-section elementor-top-section elementor-element elementor-element-0a8171b elementor-section-boxed elementor-section-height-default elementor-section-height-default\" data-id=\"0a8171b\" data-element_type=\"section\">\n\t\t\t\t\t\t<div class=\"elementor-container elementor-column-gap-default\">\n\t\t\t\t\t<div class=\"elementor-column elementor-col-100 elementor-top-column elementor-element elementor-element-b559a23\" data-id=\"b559a23\" data-element_type=\"column\">\n\t\t\t<div class=\"elementor-widget-wrap elementor-element-populated\">\n\t\t\t\t\t\t<div class=\"elementor-element elementor-element-09c6547 elementor-widget-divider--view-line elementor-widget elementor-widget-divider\" data-id=\"09c6547\" data-element_type=\"widget\" data-widget_type=\"divider.default\">\n\t\t\t\t<div class=\"elementor-widget-container\">\n\t\t\t\t\t<div class=\"elementor-divider\">\n\t\t\t<span class=\"elementor-divider-separator\">\n\t\t\t\t\t\t<\/span>\n\t\t<\/div>\n\t\t\t\t<\/div>\n\t\t\t\t<\/div>\n\t\t\t\t<div class=\"elementor-element elementor-element-34f7e39 elementor-widget elementor-widget-shortcode\" data-id=\"34f7e39\" data-element_type=\"widget\" data-widget_type=\"shortcode.default\">\n\t\t\t\t<div class=\"elementor-widget-container\">\n\t\t\t\t\t<div class=\"elementor-shortcode\"><div class=\"faq-tabs\">\r\n    \r\n    <div class=\"faq-tab active\">\r\n        <div class=\"faq-tab-title\">\r\n            Perch\u00e9 dovrei imparare con voi?            <span class=\"plus\"><svg xmlns=\"http:\/\/www.w3.org\/2000\/svg\" width=\"16\" height=\"16\" viewBox=\"0 0 26 26\" fill=\"none\"><line y1=\"12.7646\" x2=\"26\" y2=\"12.7646\" stroke=\"#131416\" stroke-width=\"2\"><\/line><line x1=\"13.2354\" y1=\"4.37114e-08\" x2=\"13.2354\" y2=\"26\" stroke=\"#131416\" stroke-width=\"2\"><\/line><\/svg><\/span>\r\n        <\/div>\r\n        <div class=\"fab-tab-content\">\r\n            Admirria ritiene che le persone debbano avere accesso ai migliori materiali didattici sul trading nel mercato finanziario mondiale. Oggi, il desiderio degli operatori di mercato di fare trading sulle valute \u00e8 in crescita. Per questo motivo, tutto ci\u00f2 che facciamo \u00e8 finalizzato al successo dei nostri studenti, fornendo loro competenze speciali moderne, conoscenze e raccomandazioni derivanti dalla nostra esperienza personale, che nessun altro possiede.<br><br>\r\n            Ti aiuteremo affinch\u00e9 il trading diventi la tua fonte di reddito principale o secondaria dopo la nostra formazione.            \r\n        <\/div>\r\n    <\/div>\r\n    \r\n    <div class=\"faq-tab\">\r\n        <div class=\"faq-tab-title\">\r\n            Qual \u00e8 la vostra politica di rimborso?            <span class=\"plus\"><svg xmlns=\"http:\/\/www.w3.org\/2000\/svg\" width=\"16\" height=\"16\" viewBox=\"0 0 26 26\" fill=\"none\"><line y1=\"12.7646\" x2=\"26\" y2=\"12.7646\" stroke=\"#131416\" stroke-width=\"2\"><\/line><line x1=\"13.2354\" y1=\"4.37114e-08\" x2=\"13.2354\" y2=\"26\" stroke=\"#131416\" stroke-width=\"2\"><\/line><\/svg><\/span>\r\n        <\/div>\r\n        <div class=\"fab-tab-content\">\r\n            La nostra politica di rimborso \u00e8 stata studiata per rispettare i principi di protezione dei fondi dei clienti e per ridurre i rischi finanziari e legali dell'azienda.<br><br>\r\n            The Company can make a refund if no more than 30 days have passed after the official request of the client, and only in the absence of any activity in the personal account during the specified period.         <\/div>\r\n    <\/div>\r\n    \r\n    <div class=\"faq-tab\">\r\n        <div class=\"faq-tab-title\">\r\n            Come iniziare a imparare?            <span class=\"plus\"><svg xmlns=\"http:\/\/www.w3.org\/2000\/svg\" width=\"16\" height=\"16\" viewBox=\"0 0 26 26\" fill=\"none\"><line y1=\"12.7646\" x2=\"26\" y2=\"12.7646\" stroke=\"#131416\" stroke-width=\"2\"><\/line><line x1=\"13.2354\" y1=\"4.37114e-08\" x2=\"13.2354\" y2=\"26\" stroke=\"#131416\" stroke-width=\"2\"><\/line><\/svg><\/span>\r\n        <\/div>\r\n        <div class=\"fab-tab-content\">\r\n            Assolutamente si! Il nostro team \u00e8 sempre disponibile per aiutarti a sviluppare e migliorare nel mondo del trading.        <\/div>\r\n    <\/div>\r\n    \r\n    <div class=\"faq-tab\">\r\n        <div class=\"faq-tab-title\">\r\n            Posso organizzare il mio programma settimanale?            <span class=\"plus\"><svg xmlns=\"http:\/\/www.w3.org\/2000\/svg\" width=\"16\" height=\"16\" viewBox=\"0 0 26 26\" fill=\"none\"><line y1=\"12.7646\" x2=\"26\" y2=\"12.7646\" stroke=\"#131416\" stroke-width=\"2\"><\/line><line x1=\"13.2354\" y1=\"4.37114e-08\" x2=\"13.2354\" y2=\"26\" stroke=\"#131416\" stroke-width=\"2\"><\/line><\/svg><\/span>\r\n        <\/div>\r\n        <div class=\"fab-tab-content\">\r\n            Un trader principiante o avanzato pu\u00f2 scegliere il pacchetto di formazione richiesto sul nostro sito web. Puoi trovare i programmi dei corsi nella nostra pagina Corsi. Le nostre lezioni prevedono quattro diversi livelli di preparazione degli studenti e la possibilit\u00e0 di studiare in qualsiasi momento.<br><br>\r\n            Puoi iniziare la tua formazione con un corso gratuito disponibile sul nostro sito web.\nPer ricevere le lezioni del corso selezionato, devi effettuare un pagamento e registrarti sul nostro sito Web, che ti consentir\u00e0 di accedere alle lezioni del corso nel tuo account personale.        <\/div>\r\n    <\/div>\r\n    \r\n    <div class=\"faq-tab\">\r\n        <div class=\"faq-tab-title\">\r\n            Ho bisogno di strumenti o dispositivi specifici per imparare con voi?            <span class=\"plus\"><svg xmlns=\"http:\/\/www.w3.org\/2000\/svg\" width=\"16\" height=\"16\" viewBox=\"0 0 26 26\" fill=\"none\"><line y1=\"12.7646\" x2=\"26\" y2=\"12.7646\" stroke=\"#131416\" stroke-width=\"2\"><\/line><line x1=\"13.2354\" y1=\"4.37114e-08\" x2=\"13.2354\" y2=\"26\" stroke=\"#131416\" stroke-width=\"2\"><\/line><\/svg><\/span>\r\n        <\/div>\r\n        <div class=\"fab-tab-content\">\r\n            Abbiamo fatto un ottimo lavoro per rendere le nostre lezioni e i nostri quiz di alta qualit\u00e0 accessibili al maggior numero di persone possibile. Ora puoi accedere a tutti i materiali da qualsiasi dispositivo connesso a internet (tranne il bollitore intelligente, l'aspirapolvere e cos\u00ec via).\nIl nostro supporto tecnico \u00e8 in contatto con te in caso di difficolt\u00e0. Ti consiglier\u00e0 sul problema che si \u00e8 presentato.        <\/div>\r\n    <\/div>\r\n    \r\n    <div class=\"faq-tab\">\r\n        <div class=\"faq-tab-title\">\r\n            Quali sono i metodi di pagamento disponibili?            <span class=\"plus\"><svg xmlns=\"http:\/\/www.w3.org\/2000\/svg\" width=\"16\" height=\"16\" viewBox=\"0 0 26 26\" fill=\"none\"><line y1=\"12.7646\" x2=\"26\" y2=\"12.7646\" stroke=\"#131416\" stroke-width=\"2\"><\/line><line x1=\"13.2354\" y1=\"4.37114e-08\" x2=\"13.2354\" y2=\"26\" stroke=\"#131416\" stroke-width=\"2\"><\/line><\/svg><\/span>\r\n        <\/div>\r\n        <div class=\"fab-tab-content\">\r\n            Puoi pagare il corso utilizzando una carta di debito o di credito (Visa\/Mastercard), Google e Apple Pay.        <\/div>\r\n    <\/div>\r\n\t\r\n\t<div class=\"faq-tab\">\r\n        <div class=\"faq-tab-title\">\r\n            How to access the course i purchased from you?            <span class=\"plus\"><svg xmlns=\"http:\/\/www.w3.org\/2000\/svg\" width=\"16\" height=\"16\" viewBox=\"0 0 26 26\" fill=\"none\"><line y1=\"12.7646\" x2=\"26\" y2=\"12.7646\" stroke=\"#131416\" stroke-width=\"2\"><\/line><line x1=\"13.2354\" y1=\"4.37114e-08\" x2=\"13.2354\" y2=\"26\" stroke=\"#131416\" stroke-width=\"2\"><\/line><\/svg><\/span>\r\n        <\/div>\r\n        <div class=\"fab-tab-content\">\r\n            Following your purchase, you'll receive a registration email containing your personal login details and a link labelled \"Go to account\" sent to your provided email address. Upon clicking this link and logging in with your credentials, you'll be directed to the \"My Account\" section. By selecting the \"Courses\" area, you can access and explore our educational materials by the purchased package.        <\/div>\r\n    <\/div>\r\n    \r\n<\/div><\/div>\n\t\t\t\t<\/div>\n\t\t\t\t<\/div>\n\t\t\t\t\t<\/div>\n\t\t<\/div>\n\t\t\t\t\t<\/div>\n\t\t<\/section>\n\t\t\t\t<\/div>\n\t\t","protected":false},"excerpt":{"rendered":"<p>Hai appena pensato, e noi ti abbiamo gi\u00e0 risposto!<\/p>\n","protected":false},"author":1,"featured_media":32835,"parent":0,"menu_order":0,"comment_status":"closed","ping_status":"closed","template":"","meta":{"footnotes":""},"class_list":["post-30609","page","type-page","status-publish","has-post-thumbnail","hentry"],"yoast_head":"<!-- This site is optimized with the Yoast SEO Premium plugin v17.1 (Yoast SEO v19.13) - https:\/\/yoast.com\/wordpress\/plugins\/seo\/ -->\n<title>FAQ page from Admirria<\/title>\n<meta name=\"description\" content=\"You just thought, and we have already answered! We have tried to answer the most frequently asked questions for your convenience.\" \/>\n<meta name=\"robots\" content=\"noindex, follow, max-snippet:-1, max-image-preview:large, max-video-preview:-1\" \/>\n<meta property=\"og:locale\" content=\"it_IT\" \/>\n<meta property=\"og:type\" content=\"article\" \/>\n<meta property=\"og:title\" content=\"FAQ page from Admirria\" \/>\n<meta property=\"og:description\" content=\"You just thought, and we have already answered! We have tried to answer the most frequently asked questions for your convenience.\" \/>\n<meta property=\"og:url\" content=\"https:\/\/admirria.online\/it\/faq\/\" \/>\n<meta property=\"og:site_name\" content=\"Global Tech Industries Limited\" \/>\n<meta property=\"article:modified_time\" content=\"2022-10-05T07:49:47+00:00\" \/>\n<meta property=\"og:image\" content=\"https:\/\/admirria.online\/wp-content\/uploads\/2022\/06\/1024-\u00d7-514-admirria-1.png\" \/>\n<meta name=\"twitter:card\" content=\"summary_large_image\" \/>\n<meta name=\"twitter:title\" content=\"FAQ page from Admirria\" \/>\n<meta name=\"twitter:description\" content=\"You just thought, and we have already answered! We have tried to answer the most frequently asked questions for your convenience.\" \/>\n<meta name=\"twitter:image\" content=\"https:\/\/admirria.online\/wp-content\/uploads\/2022\/06\/1024-\u00d7-514-admirria-1.png\" \/>\n<script type=\"application\/ld+json\" class=\"yoast-schema-graph\">{\"@context\":\"https:\/\/schema.org\",\"@graph\":[{\"@type\":\"WebPage\",\"@id\":\"https:\/\/admirria.online\/it\/faq\/\",\"url\":\"https:\/\/admirria.online\/it\/faq\/\",\"name\":\"FAQ page from Admirria\",\"isPartOf\":{\"@id\":\"https:\/\/admirria.online\/#website\"},\"datePublished\":\"2022-03-14T06:51:52+00:00\",\"dateModified\":\"2022-10-05T07:49:47+00:00\",\"description\":\"You just thought, and we have already answered! We have tried to answer the most frequently asked questions for your convenience.\",\"inLanguage\":\"it-IT\",\"potentialAction\":[{\"@type\":\"ReadAction\",\"target\":[\"https:\/\/admirria.online\/it\/faq\/\"]}]},{\"@type\":\"WebSite\",\"@id\":\"https:\/\/admirria.online\/#website\",\"url\":\"https:\/\/admirria.online\/\",\"name\":\"Global Tech Industries Limited\",\"description\":\"\",\"publisher\":{\"@id\":\"https:\/\/admirria.online\/#organization\"},\"inLanguage\":\"it-IT\"},{\"@type\":\"Organization\",\"@id\":\"https:\/\/admirria.online\/#organization\",\"name\":\"Global Tech Industries Limited\",\"url\":\"https:\/\/admirria.online\/\",\"logo\":{\"@type\":\"ImageObject\",\"inLanguage\":\"it-IT\",\"@id\":\"https:\/\/admirria.online\/#\/schema\/logo\/image\/\",\"url\":\"https:\/\/admirria.online\/wp-content\/uploads\/2022\/05\/admirria-logo-black.png\",\"contentUrl\":\"https:\/\/admirria.online\/wp-content\/uploads\/2022\/05\/admirria-logo-black.png\",\"width\":527,\"height\":73,\"caption\":\"Global Tech Industries Limited\"},\"image\":{\"@id\":\"https:\/\/admirria.online\/#\/schema\/logo\/image\/\"}}]}<\/script>\n<!-- \/ Yoast SEO Premium plugin. -->","yoast_head_json":{"title":"FAQ page from Admirria","description":"You just thought, and we have already answered! We have tried to answer the most frequently asked questions for your convenience.","robots":{"index":"noindex","follow":"follow","max-snippet":"max-snippet:-1","max-image-preview":"max-image-preview:large","max-video-preview":"max-video-preview:-1"},"og_locale":"it_IT","og_type":"article","og_title":"FAQ page from Admirria","og_description":"You just thought, and we have already answered! We have tried to answer the most frequently asked questions for your convenience.","og_url":"https:\/\/admirria.online\/it\/faq\/","og_site_name":"Global Tech Industries Limited","article_modified_time":"2022-10-05T07:49:47+00:00","og_image":[{"url":"https:\/\/admirria.online\/wp-content\/uploads\/2022\/06\/1024-\u00d7-514-admirria-1.png"}],"twitter_card":"summary_large_image","twitter_title":"FAQ page from Admirria","twitter_description":"You just thought, and we have already answered! We have tried to answer the most frequently asked questions for your convenience.","twitter_image":"https:\/\/admirria.online\/wp-content\/uploads\/2022\/06\/1024-\u00d7-514-admirria-1.png","schema":{"@context":"https:\/\/schema.org","@graph":[{"@type":"WebPage","@id":"https:\/\/admirria.online\/it\/faq\/","url":"https:\/\/admirria.online\/it\/faq\/","name":"FAQ page from Admirria","isPartOf":{"@id":"https:\/\/admirria.online\/#website"},"datePublished":"2022-03-14T06:51:52+00:00","dateModified":"2022-10-05T07:49:47+00:00","description":"You just thought, and we have already answered! We have tried to answer the most frequently asked questions for your convenience.","inLanguage":"it-IT","potentialAction":[{"@type":"ReadAction","target":["https:\/\/admirria.online\/it\/faq\/"]}]},{"@type":"WebSite","@id":"https:\/\/admirria.online\/#website","url":"https:\/\/admirria.online\/","name":"Global Tech Industries Limited","description":"","publisher":{"@id":"https:\/\/admirria.online\/#organization"},"inLanguage":"it-IT"},{"@type":"Organization","@id":"https:\/\/admirria.online\/#organization","name":"Global Tech Industries Limited","url":"https:\/\/admirria.online\/","logo":{"@type":"ImageObject","inLanguage":"it-IT","@id":"https:\/\/admirria.online\/#\/schema\/logo\/image\/","url":"https:\/\/admirria.online\/wp-content\/uploads\/2022\/05\/admirria-logo-black.png","contentUrl":"https:\/\/admirria.online\/wp-content\/uploads\/2022\/05\/admirria-logo-black.png","width":527,"height":73,"caption":"Global Tech Industries Limited"},"image":{"@id":"https:\/\/admirria.online\/#\/schema\/logo\/image\/"}}]}},"_links":{"self":[{"href":"https:\/\/admirria.online\/it\/wp-json\/wp\/v2\/pages\/30609","targetHints":{"allow":["GET"]}}],"collection":[{"href":"https:\/\/admirria.online\/it\/wp-json\/wp\/v2\/pages"}],"about":[{"href":"https:\/\/admirria.online\/it\/wp-json\/wp\/v2\/types\/page"}],"author":[{"embeddable":true,"href":"https:\/\/admirria.online\/it\/wp-json\/wp\/v2\/users\/1"}],"replies":[{"embeddable":true,"href":"https:\/\/admirria.online\/it\/wp-json\/wp\/v2\/comments?post=30609"}],"version-history":[{"count":0,"href":"https:\/\/admirria.online\/it\/wp-json\/wp\/v2\/pages\/30609\/revisions"}],"wp:featuredmedia":[{"embeddable":true,"href":"https:\/\/admirria.online\/it\/wp-json\/wp\/v2\/media\/32835"}],"wp:attachment":[{"href":"https:\/\/admirria.online\/it\/wp-json\/wp\/v2\/media?parent=30609"}],"curies":[{"name":"wp","href":"https:\/\/api.w.org\/{rel}","templated":true}]}}