{"id":30689,"date":"2022-04-01T10:06:06","date_gmt":"2022-04-01T07:06:06","guid":{"rendered":"https:\/\/admirria.com\/cookie-policy\/"},"modified":"2022-10-05T11:01:26","modified_gmt":"2022-10-05T08:01:26","slug":"cookie-policy","status":"publish","type":"page","link":"https:\/\/admirria.online\/it\/cookie-policy\/","title":{"rendered":"Informativa sui cookie"},"content":{"rendered":"\n<p><strong>SIGNIFICATI<\/strong><\/p>\n\n\n\n<p>Cookie: una piccola parte di dati che un sito web chiede al tuo browser di memorizzare sul tuo computer o dispositivo mobile. Il cookie consente al sito web di \u201cricordare\u201d le tue azioni o preferenze nel tempo.<\/p>\n\n\n\n<p>Societ\u00e0: quando questa politica menziona &#8220;Azienda&#8221;, &#8220;noi&#8221;, &#8220;ci&#8221; o &#8220;nostro&#8221;, si riferisce a Global Tech Industries Limited con sede legale in <a href=\"https:\/\/admirria.online\/\">95 Wilton Road, Suite 717, Londra, Regno Unito, SW1V 1BZ<\/a>, che \u00e8 responsabile delle tue informazioni ai sensi della presente Cookie Policy.<\/p>\n\n\n\n<p>Dispositivo: qualsiasi dispositivo connesso a Internet come telefono, tablet, computer o altri dispositivi che possono essere utilizzati per visitare Admirria e utilizzare i servizi.<\/p>\n\n\n\n<p>Dato Personale: Qualsiasi informazione che, direttamente, indirettamente, o in collegamento con qualsiasi altra informazione, ivi compreso un numero di identificazione personale, renda identificata o identificabile una persona fisica.<\/p>\n\n\n\n<p>Servizio: si riferisce al servizio fornito da Admirria come descritto nei relativi termini (se disponibile) e su questa piattaforma.<\/p>\n\n\n\n<p>Servizio di terze parti: si riferisce a inserzionisti, sponsor di concorsi, partner promozionali e di marketing e altri che forniscono i nostri contenuti o i cui prodotti o servizi riteniamo possano interessarti.<\/p>\n\n\n\n<p>Sito Web: sito Web di Global Tech Industries Limited <a href=\"https:\/\/admirria.online\/\">https:\/\/admirria.online\/<\/a><\/p>\n\n\n\n<p>Tu: una persona o entit\u00e0 registrata con Admirria per utilizzare i Servizi.<\/p>\n\n\n\n<p><strong>DISCLAIMER<\/strong><\/p>\n\n\n\n<p>Il Servizio Admirria e i suoi contenuti sono forniti &#8220;cos\u00ec come sono&#8221; e &#8220;come disponibili&#8221; senza alcuna garanzia o dichiarazione di alcun tipo, espressa o implicita. Admirria \u00e8 un distributore e non un editore dei contenuti forniti da terzi; in quanto tale, Admirria non esercita alcun controllo editoriale su tale contenuto e non fornisce alcuna garanzia o dichiarazione in merito all&#8217;accuratezza, affidabilit\u00e0 o valuta di qualsiasi informazione, contenuto, servizio o merce fornita tramite o accessibile tramite il Servizio Admirria. Senza limitare quanto sopra, Admirria declina espressamente tutte le garanzie e le rappresentazioni in qualsiasi contenuto trasmesso su o in connessione con il Servizio Admirria o su siti che possono apparire come collegamenti sul Servizio Admirria o nei prodotti forniti come parte di, o altrimenti in connessione con il Servizio Admirria, comprese, a titolo esemplificativo, eventuali garanzie di commerciabilit\u00e0, idoneit\u00e0 per uno scopo particolare o non violazione dei diritti di terzi. Nessun consiglio orale o informazione scritta fornita da Admirria o dai suoi affiliati, dipendenti, funzionari, direttori, agenti o simili creer\u00e0 una garanzia. Le informazioni su prezzo e disponibilit\u00e0 sono soggette a modifiche senza preavviso. Senza limitare quanto sopra, Admirria non garantisce che il Servizio Admirria sar\u00e0 ininterrotto, non danneggiato, tempestivo o privo di errori.<\/p>\n\n\n\n<p><strong>BLOCCO E DISABILITAZIONE DEI COOKIE<\/strong><\/p>\n\n\n\n<p>Puoi anche impostare il tuo browser per bloccare i cookie e tecnologie simili ovunque ti trovi. Tuttavia, questa azione potrebbe bloccare i nostri cookie essenziali e impedire il corretto funzionamento del nostro sito Web e potresti non essere in grado di utilizzare completamente tutte le sue funzionalit\u00e0 e servizi. Dovresti anche essere consapevole del fatto che potresti perdere alcune informazioni salvate se blocchi i cookie sul tuo browser.<\/p>\n\n\n\n<p><strong>PERCHE&#8217; UTILIZZIAMO I COOKIE?<\/strong><\/p>\n\n\n\n<p>Utilizziamo i cookie per sapere come interagisci con i nostri contenuti e per migliorare la tua esperienza quando visiti il nostro sito web. Ad esempio, alcuni cookie ricordano la tua lingua o le tue preferenze in modo che tu non debba fare queste scelte quando visiti ripetutamente il nostro sito Web, facilitano il funzionamento e la funzionalit\u00e0 del nostro sito Web e ci consentono di creare un&#8217;esperienza utente su misura per te e per noi per capire cosa \u00e8 utile o di interesse per te, analizza come viene utilizzato il nostro sito Web e come possiamo personalizzarlo al meglio.<\/p>\n\n\n\n<p><strong>CHE TIPI DI COOKIE UTILIZZIAMO?<\/strong><\/p>\n\n\n\n<p>I cookie possono essere cookie di sessione o cookie persistenti. Un cookie di sessione scade automaticamente alla chiusura del browser. Un cookie persistente rimarr\u00e0 fino alla scadenza o all&#8217;eliminazione dei cookie. Le date di scadenza sono impostate nei cookie stessi; alcuni possono scadere dopo pochi minuti, mentre altri possono scadere dopo pi\u00f9 anni. I cookie inseriti dal sito Web che stai visitando sono chiamati &#8220;cookie di prima parte&#8221;.<\/p>\n\n\n\n<p><strong>Cookie analitici e di personalizzazione<\/strong><\/p>\n\n\n\n<p>Questi cookie raccolgono informazioni per aiutarci a capire come viene utilizzato il nostro sito Web, quanto sono efficaci le nostre campagne di marketing o per aiutarci a personalizzare il nostro sito Web per te.<\/p>\n\n\n\n<p>Utilizziamo i cookie serviti da Google Analytics per raccogliere dati limitati direttamente dai browser degli utenti finali per consentirci di comprendere meglio l&#8217;utilizzo del nostro sito Web da parte dell&#8217;utente.<\/p>\n\n\n\n<p><strong>Cookie di prestazioni e funzionalit\u00e0<\/strong><\/p>\n\n\n\n<p>Questi cookie vengono utilizzati per migliorare le prestazioni e la funzionalit\u00e0 del nostro sito Web, ma non sono essenziali per il loro utilizzo. Tuttavia, senza questi cookie, alcune funzionalit\u00e0 come i video potrebbero non essere disponibili. Ti verr\u00e0 richiesto di inserire i tuoi dati di accesso ogni volta che visiti il sito Web in quanto non saremmo in grado di ricordare che avevi effettuato l&#8217;accesso in precedenza.<\/p>\n\n\n\n<p><strong>COS&#8217;\u00c8 UN BISCOTTO<\/strong><\/p>\n\n\n\n<p>Un sito Web richiede al tuo browser di memorizzare una piccola parte di dati sul tuo computer o dispositivo mobile. Il cookie consente al sito web di \u201cricordare\u201d le tue azioni o preferenze nel tempo. Sono sicuri e non possono essere utilizzati per eseguire programmi o inviare virus al tuo dispositivo.<\/p>\n\n\n\n<p><strong>ERRORI ED OMISSIONI<\/strong><\/p>\n\n\n\n<p>Admirria non \u00e8 responsabile per alcun contenuto, codice o imprecisione. Admirria non fornisce garanzie o garanzie. In nessun caso Admirria sar\u00e0 responsabile per qualsiasi danno speciale, diretto, indiretto, consequenziale o incidentale o qualsiasi danno di qualsiasi tipo, sia in un&#8217;azione contrattuale, negligenza o altro illecito, derivante da o in connessione con l&#8217;uso del Servizio o i contenuti del Servizio. Admirria si riserva il diritto di apportare aggiunte, cancellazioni o modifiche ai contenuti del Servizio in qualsiasi momento senza preavviso.<\/p>\n\n\n\n<p><strong>MODIFICHE ALLA NOSTRA POLITICA SUI COOKIE<\/strong><\/p>\n\n\n\n<p>Potremmo modificare i nostri Servizi e le nostre politiche e abbiamo bisogno di apportare modifiche alla presente Politica sui cookie per riflettere accuratamente i nostri Servizi e le nostre politiche. Salvo quanto diversamente richiesto dalla legge, ti informeremo (ad esempio, tramite il nostro Servizio) prima di apportare modifiche alla presente Cookie Policy e ti consentiremo di esaminarle prima che entrino in vigore. Quindi , se continui ad utilizzare il Servizio, sarai vincolato dalla Cookie Policy aggiornata. Puoi cancellare il tuo account se non vuoi accettare questa o qualsiasi Cookie Policy aggiornata.<\/p>\n\n\n\n<p><strong>COME GESTIRE I COOKIE?<\/strong><\/p>\n\n\n\n<p>La maggior parte dei browser consente di controllare i cookie attraverso le proprie preferenze &#8220;impostazioni&#8221;. Tuttavia, se limiti la capacit\u00e0 dei siti Web di impostare i cookie, potresti peggiorare la tua esperienza utente complessiva poich\u00e9 non sar\u00e0 pi\u00f9 personalizzata per te. Potrebbe anche impedirti di salvare impostazioni personalizzate come le informazioni di accesso. I produttori di browser forniscono pagine di aiuto relative alla gestione dei cookie nei loro prodotti.<\/p>\n\n\n\n<p>I produttori di browser forniscono pagine di aiuto relative alla gestione dei cookie nei loro prodotti.<\/p>\n\n\n\n<p><strong>Biscotti essenziali<\/strong><\/p>\n\n\n\n<p>Utilizziamo i cookie essenziali per far funzionare il nostro sito web. Questi cookie sono strettamente necessari per abilitare funzionalit\u00e0 di base come la sicurezza, la gestione della rete, le preferenze sui cookie e l&#8217;accessibilit\u00e0. Senza di loro, non saresti in grado di utilizzare i servizi di base. Puoi disabilitarli modificando le impostazioni del tuo browser, influenzando il funzionamento dei siti web.<\/p>\n\n\n\n<p><strong>IL TUO CONSENSO<\/strong><\/p>\n\n\n\n<p>Utilizzando il nostro sito Web, registrando un account o effettuando un acquisto.<\/p>\n\n\n\n<p><strong>Contatti<\/strong><\/p>\n\n\n\n<p>In caso di domande, non esitate a contattarci<\/p>\n\n\n\n<p>per telefono &#8211; <a href=\"tel:+442045772182\">+442045772182<\/a><\/p>\n\n\n\n<p>via e-mail &#8211; <a href=\"mailto:office@admirria.online\">office@admirria.online<\/a><\/p>\n","protected":false},"excerpt":{"rendered":"<p>SIGNIFICATI Cookie: una piccola parte di dati che un sito web chiede al tuo browser di memorizzare sul tuo computer o dispositivo mobile. Il cookie consente al sito web di \u201cricordare\u201d le tue azioni o preferenze nel tempo. Societ\u00e0: quando questa politica menziona &#8220;Azienda&#8221;, &#8220;noi&#8221;, &#8220;ci&#8221; o &#8220;nostro&#8221;, si riferisce a Global Tech Industries Limited [&hellip;]<\/p>\n","protected":false},"author":1,"featured_media":32835,"parent":0,"menu_order":0,"comment_status":"closed","ping_status":"closed","template":"","meta":{"footnotes":""},"class_list":["post-30689","page","type-page","status-publish","has-post-thumbnail","hentry"],"yoast_head":"<!-- This site is optimized with the Yoast SEO Premium plugin v17.1 (Yoast SEO v19.13) - https:\/\/yoast.com\/wordpress\/plugins\/seo\/ -->\n<title>Informativa sui cookie - Global Tech Industries Limited<\/title>\n<meta name=\"robots\" content=\"noindex, follow, max-snippet:-1, max-image-preview:large, max-video-preview:-1\" \/>\n<meta property=\"og:locale\" content=\"it_IT\" \/>\n<meta property=\"og:type\" content=\"article\" \/>\n<meta property=\"og:title\" content=\"Informativa sui cookie - Global Tech Industries Limited\" \/>\n<meta property=\"og:description\" content=\"SIGNIFICATI Cookie: una piccola parte di dati che un sito web chiede al tuo browser di memorizzare sul tuo computer o dispositivo mobile. Il cookie consente al sito web di \u201cricordare\u201d le tue azioni o preferenze nel tempo. Societ\u00e0: quando questa politica menziona &#8220;Azienda&#8221;, &#8220;noi&#8221;, &#8220;ci&#8221; o &#8220;nostro&#8221;, si riferisce a Global Tech Industries Limited [&hellip;]\" \/>\n<meta property=\"og:url\" content=\"https:\/\/admirria.online\/it\/cookie-policy\/\" \/>\n<meta property=\"og:site_name\" content=\"Global Tech Industries Limited\" \/>\n<meta property=\"article:modified_time\" content=\"2022-10-05T08:01:26+00:00\" \/>\n<meta property=\"og:image\" content=\"https:\/\/admirria.online\/wp-content\/uploads\/2022\/06\/1024-\u00d7-514-admirria-1.png\" \/>\n\t<meta property=\"og:image:width\" content=\"1024\" \/>\n\t<meta property=\"og:image:height\" content=\"512\" \/>\n\t<meta property=\"og:image:type\" content=\"image\/png\" \/>\n<meta name=\"twitter:card\" content=\"summary_large_image\" \/>\n<meta name=\"twitter:image\" content=\"https:\/\/admirria.online\/wp-content\/uploads\/2022\/06\/1024-\u00d7-514-admirria-1.png\" \/>\n<meta name=\"twitter:label1\" content=\"Tempo di lettura stimato\" \/>\n\t<meta name=\"twitter:data1\" content=\"6 minuti\" \/>\n<script type=\"application\/ld+json\" class=\"yoast-schema-graph\">{\"@context\":\"https:\/\/schema.org\",\"@graph\":[{\"@type\":\"WebPage\",\"@id\":\"https:\/\/admirria.online\/it\/cookie-policy\/\",\"url\":\"https:\/\/admirria.online\/it\/cookie-policy\/\",\"name\":\"Informativa sui cookie - Global Tech Industries Limited\",\"isPartOf\":{\"@id\":\"https:\/\/admirria.online\/#website\"},\"datePublished\":\"2022-04-01T07:06:06+00:00\",\"dateModified\":\"2022-10-05T08:01:26+00:00\",\"inLanguage\":\"it-IT\",\"potentialAction\":[{\"@type\":\"ReadAction\",\"target\":[\"https:\/\/admirria.online\/it\/cookie-policy\/\"]}]},{\"@type\":\"WebSite\",\"@id\":\"https:\/\/admirria.online\/#website\",\"url\":\"https:\/\/admirria.online\/\",\"name\":\"Global Tech Industries Limited\",\"description\":\"\",\"publisher\":{\"@id\":\"https:\/\/admirria.online\/#organization\"},\"inLanguage\":\"it-IT\"},{\"@type\":\"Organization\",\"@id\":\"https:\/\/admirria.online\/#organization\",\"name\":\"Global Tech Industries Limited\",\"url\":\"https:\/\/admirria.online\/\",\"logo\":{\"@type\":\"ImageObject\",\"inLanguage\":\"it-IT\",\"@id\":\"https:\/\/admirria.online\/#\/schema\/logo\/image\/\",\"url\":\"https:\/\/admirria.online\/wp-content\/uploads\/2022\/05\/admirria-logo-black.png\",\"contentUrl\":\"https:\/\/admirria.online\/wp-content\/uploads\/2022\/05\/admirria-logo-black.png\",\"width\":527,\"height\":73,\"caption\":\"Global Tech Industries Limited\"},\"image\":{\"@id\":\"https:\/\/admirria.online\/#\/schema\/logo\/image\/\"}}]}<\/script>\n<!-- \/ Yoast SEO Premium plugin. -->","yoast_head_json":{"title":"Informativa sui cookie - Global Tech Industries Limited","robots":{"index":"noindex","follow":"follow","max-snippet":"max-snippet:-1","max-image-preview":"max-image-preview:large","max-video-preview":"max-video-preview:-1"},"og_locale":"it_IT","og_type":"article","og_title":"Informativa sui cookie - Global Tech Industries Limited","og_description":"SIGNIFICATI Cookie: una piccola parte di dati che un sito web chiede al tuo browser di memorizzare sul tuo computer o dispositivo mobile. Il cookie consente al sito web di \u201cricordare\u201d le tue azioni o preferenze nel tempo. Societ\u00e0: quando questa politica menziona &#8220;Azienda&#8221;, &#8220;noi&#8221;, &#8220;ci&#8221; o &#8220;nostro&#8221;, si riferisce a Global Tech Industries Limited [&hellip;]","og_url":"https:\/\/admirria.online\/it\/cookie-policy\/","og_site_name":"Global Tech Industries Limited","article_modified_time":"2022-10-05T08:01:26+00:00","og_image":[{"width":1024,"height":512,"url":"https:\/\/admirria.online\/wp-content\/uploads\/2022\/06\/1024-\u00d7-514-admirria-1.png","type":"image\/png"}],"twitter_card":"summary_large_image","twitter_image":"https:\/\/admirria.online\/wp-content\/uploads\/2022\/06\/1024-\u00d7-514-admirria-1.png","twitter_misc":{"Tempo di lettura stimato":"6 minuti"},"schema":{"@context":"https:\/\/schema.org","@graph":[{"@type":"WebPage","@id":"https:\/\/admirria.online\/it\/cookie-policy\/","url":"https:\/\/admirria.online\/it\/cookie-policy\/","name":"Informativa sui cookie - Global Tech Industries Limited","isPartOf":{"@id":"https:\/\/admirria.online\/#website"},"datePublished":"2022-04-01T07:06:06+00:00","dateModified":"2022-10-05T08:01:26+00:00","inLanguage":"it-IT","potentialAction":[{"@type":"ReadAction","target":["https:\/\/admirria.online\/it\/cookie-policy\/"]}]},{"@type":"WebSite","@id":"https:\/\/admirria.online\/#website","url":"https:\/\/admirria.online\/","name":"Global Tech Industries Limited","description":"","publisher":{"@id":"https:\/\/admirria.online\/#organization"},"inLanguage":"it-IT"},{"@type":"Organization","@id":"https:\/\/admirria.online\/#organization","name":"Global Tech Industries Limited","url":"https:\/\/admirria.online\/","logo":{"@type":"ImageObject","inLanguage":"it-IT","@id":"https:\/\/admirria.online\/#\/schema\/logo\/image\/","url":"https:\/\/admirria.online\/wp-content\/uploads\/2022\/05\/admirria-logo-black.png","contentUrl":"https:\/\/admirria.online\/wp-content\/uploads\/2022\/05\/admirria-logo-black.png","width":527,"height":73,"caption":"Global Tech Industries Limited"},"image":{"@id":"https:\/\/admirria.online\/#\/schema\/logo\/image\/"}}]}},"_links":{"self":[{"href":"https:\/\/admirria.online\/it\/wp-json\/wp\/v2\/pages\/30689","targetHints":{"allow":["GET"]}}],"collection":[{"href":"https:\/\/admirria.online\/it\/wp-json\/wp\/v2\/pages"}],"about":[{"href":"https:\/\/admirria.online\/it\/wp-json\/wp\/v2\/types\/page"}],"author":[{"embeddable":true,"href":"https:\/\/admirria.online\/it\/wp-json\/wp\/v2\/users\/1"}],"replies":[{"embeddable":true,"href":"https:\/\/admirria.online\/it\/wp-json\/wp\/v2\/comments?post=30689"}],"version-history":[{"count":0,"href":"https:\/\/admirria.online\/it\/wp-json\/wp\/v2\/pages\/30689\/revisions"}],"wp:featuredmedia":[{"embeddable":true,"href":"https:\/\/admirria.online\/it\/wp-json\/wp\/v2\/media\/32835"}],"wp:attachment":[{"href":"https:\/\/admirria.online\/it\/wp-json\/wp\/v2\/media?parent=30689"}],"curies":[{"name":"wp","href":"https:\/\/api.w.org\/{rel}","templated":true}]}}