{"id":30956,"date":"2022-03-14T08:51:52","date_gmt":"2022-03-14T06:51:52","guid":{"rendered":"https:\/\/admirria.com\/nzp\/"},"modified":"2022-10-05T10:50:21","modified_gmt":"2022-10-05T07:50:21","slug":"nzp","status":"publish","type":"page","link":"https:\/\/admirria.online\/pl\/nzp\/","title":{"rendered":"NZP"},"content":{"rendered":"\t\t<div data-elementor-type=\"wp-page\" data-elementor-id=\"30956\" class=\"elementor elementor-30956 elementor-668\">\n\t\t\t\t\t\t<section class=\"elementor-section elementor-top-section elementor-element elementor-element-051b8a7 elementor-section-boxed elementor-section-height-default elementor-section-height-default\" data-id=\"051b8a7\" data-element_type=\"section\">\n\t\t\t\t\t\t<div class=\"elementor-container elementor-column-gap-default\">\n\t\t\t\t\t<div class=\"elementor-column elementor-col-50 elementor-top-column elementor-element elementor-element-3245054\" data-id=\"3245054\" data-element_type=\"column\">\n\t\t\t<div class=\"elementor-widget-wrap elementor-element-populated\">\n\t\t\t\t\t\t<div class=\"elementor-element elementor-element-e883247 elementor-widget elementor-widget-image\" data-id=\"e883247\" data-element_type=\"widget\" data-widget_type=\"image.default\">\n\t\t\t\t<div class=\"elementor-widget-container\">\n\t\t\t\t\t\t\t\t\t\t\t\t\t<img fetchpriority=\"high\" decoding=\"async\" width=\"530\" height=\"388\" src=\"https:\/\/admirria.online\/wp-content\/uploads\/2022\/06\/81514-1.png\" class=\"attachment-large size-large wp-image-29518\" alt=\"\" srcset=\"https:\/\/admirria.online\/wp-content\/uploads\/2022\/06\/81514-1.png 530w, https:\/\/admirria.online\/wp-content\/uploads\/2022\/06\/81514-1-300x220.png 300w, https:\/\/admirria.online\/wp-content\/uploads\/2022\/06\/81514-1-16x12.png 16w\" sizes=\"(max-width: 530px) 100vw, 530px\" \/>\t\t\t\t\t\t\t\t\t\t\t\t\t<\/div>\n\t\t\t\t<\/div>\n\t\t\t\t\t<\/div>\n\t\t<\/div>\n\t\t\t\t<div class=\"elementor-column elementor-col-50 elementor-top-column elementor-element elementor-element-7a685ed\" data-id=\"7a685ed\" data-element_type=\"column\">\n\t\t\t<div class=\"elementor-widget-wrap elementor-element-populated\">\n\t\t\t\t\t\t<div class=\"elementor-element elementor-element-d55a046 elementor-widget__width-initial elementor-widget elementor-widget-heading\" data-id=\"d55a046\" data-element_type=\"widget\" data-widget_type=\"heading.default\">\n\t\t\t\t<div class=\"elementor-widget-container\">\n\t\t\t<h2 class=\"elementor-heading-title elementor-size-default\">Wystarczy\u0142o pomy\u015ble\u0107, a my ju\u017c odpowiedzieli\u015bmy!<\/h2>\t\t<\/div>\n\t\t\t\t<\/div>\n\t\t\t\t\t<\/div>\n\t\t<\/div>\n\t\t\t\t\t<\/div>\n\t\t<\/section>\n\t\t\t\t<section class=\"elementor-section elementor-top-section elementor-element elementor-element-0a8171b elementor-section-boxed elementor-section-height-default elementor-section-height-default\" data-id=\"0a8171b\" data-element_type=\"section\">\n\t\t\t\t\t\t<div class=\"elementor-container elementor-column-gap-default\">\n\t\t\t\t\t<div class=\"elementor-column elementor-col-100 elementor-top-column elementor-element elementor-element-b559a23\" data-id=\"b559a23\" data-element_type=\"column\">\n\t\t\t<div class=\"elementor-widget-wrap elementor-element-populated\">\n\t\t\t\t\t\t<div class=\"elementor-element elementor-element-09c6547 elementor-widget-divider--view-line elementor-widget elementor-widget-divider\" data-id=\"09c6547\" data-element_type=\"widget\" data-widget_type=\"divider.default\">\n\t\t\t\t<div class=\"elementor-widget-container\">\n\t\t\t\t\t<div class=\"elementor-divider\">\n\t\t\t<span class=\"elementor-divider-separator\">\n\t\t\t\t\t\t<\/span>\n\t\t<\/div>\n\t\t\t\t<\/div>\n\t\t\t\t<\/div>\n\t\t\t\t<div class=\"elementor-element elementor-element-34f7e39 elementor-widget elementor-widget-shortcode\" data-id=\"34f7e39\" data-element_type=\"widget\" data-widget_type=\"shortcode.default\">\n\t\t\t\t<div class=\"elementor-widget-container\">\n\t\t\t\t\t<div class=\"elementor-shortcode\"><div class=\"faq-tabs\">\r\n    \r\n    <div class=\"faq-tab active\">\r\n        <div class=\"faq-tab-title\">\r\n            Dlaczego mam si\u0119 uczy\u0107 z tob\u0105?            <span class=\"plus\"><svg xmlns=\"http:\/\/www.w3.org\/2000\/svg\" width=\"16\" height=\"16\" viewBox=\"0 0 26 26\" fill=\"none\"><line y1=\"12.7646\" x2=\"26\" y2=\"12.7646\" stroke=\"#131416\" stroke-width=\"2\"><\/line><line x1=\"13.2354\" y1=\"4.37114e-08\" x2=\"13.2354\" y2=\"26\" stroke=\"#131416\" stroke-width=\"2\"><\/line><\/svg><\/span>\r\n        <\/div>\r\n        <div class=\"fab-tab-content\">\r\n            Admirria wierzy, \u017ce ludzie powinni mie\u0107 dost\u0119p do najlepszych materia\u0142\u00f3w edukacyjnych na temat handlu na \u015bwiatowym rynku finansowym. Dzi\u015b ro\u015bnie ch\u0119\u0107 uczestnik\u00f3w rynku do handlu walutami. Dlatego wszystko, co robimy, ma na celu sukces naszych uczni\u00f3w, dostarczaj\u0105c im nowoczesnych specjalnych umiej\u0119tno\u015bci, wiedzy i rekomendacji z naszego osobistego do\u015bwiadczenia, kt\u00f3rych nikt inny nie ma.<br><br>\r\n            Pomo\u017cemy Ci, aby po naszym szkoleniu handel sta\u0142 si\u0119 Twoim podstawowym lub pomocniczym \u017ar\u00f3d\u0142em dochodu.            \r\n        <\/div>\r\n    <\/div>\r\n    \r\n    <div class=\"faq-tab\">\r\n        <div class=\"faq-tab-title\">\r\n            Jaka jest twoja polityka zwrot\u00f3w?            <span class=\"plus\"><svg xmlns=\"http:\/\/www.w3.org\/2000\/svg\" width=\"16\" height=\"16\" viewBox=\"0 0 26 26\" fill=\"none\"><line y1=\"12.7646\" x2=\"26\" y2=\"12.7646\" stroke=\"#131416\" stroke-width=\"2\"><\/line><line x1=\"13.2354\" y1=\"4.37114e-08\" x2=\"13.2354\" y2=\"26\" stroke=\"#131416\" stroke-width=\"2\"><\/line><\/svg><\/span>\r\n        <\/div>\r\n        <div class=\"fab-tab-content\">\r\n            Nasza polityka zwrot\u00f3w zosta\u0142a opracowana tak, aby by\u0142a zgodna z zasadami ochrony \u015brodk\u00f3w Klient\u00f3w oraz ograniczania ryzyka finansowego i prawnego Sp\u00f3\u0142ki.<br><br>\r\n            The Company can make a refund if no more than 30 days have passed after the official request of the client, and only in the absence of any activity in the personal account during the specified period.         <\/div>\r\n    <\/div>\r\n    \r\n    <div class=\"faq-tab\">\r\n        <div class=\"faq-tab-title\">\r\n            Jak rozpocz\u0105\u0107 nauk\u0119?            <span class=\"plus\"><svg xmlns=\"http:\/\/www.w3.org\/2000\/svg\" width=\"16\" height=\"16\" viewBox=\"0 0 26 26\" fill=\"none\"><line y1=\"12.7646\" x2=\"26\" y2=\"12.7646\" stroke=\"#131416\" stroke-width=\"2\"><\/line><line x1=\"13.2354\" y1=\"4.37114e-08\" x2=\"13.2354\" y2=\"26\" stroke=\"#131416\" stroke-width=\"2\"><\/line><\/svg><\/span>\r\n        <\/div>\r\n        <div class=\"fab-tab-content\">\r\n            Absolutnie tak! Nasz zesp\u00f3\u0142 jest dost\u0119pny przez ca\u0142y czas, aby pom\u00f3c Ci si\u0119 rozwija\u0107 i doskonali\u0107 w \u015bwiecie handlu.        <\/div>\r\n    <\/div>\r\n    \r\n    <div class=\"faq-tab\">\r\n        <div class=\"faq-tab-title\">\r\n            Czy mog\u0119 u\u0142o\u017cy\u0107 sw\u00f3j tygodniowy harmonogram?            <span class=\"plus\"><svg xmlns=\"http:\/\/www.w3.org\/2000\/svg\" width=\"16\" height=\"16\" viewBox=\"0 0 26 26\" fill=\"none\"><line y1=\"12.7646\" x2=\"26\" y2=\"12.7646\" stroke=\"#131416\" stroke-width=\"2\"><\/line><line x1=\"13.2354\" y1=\"4.37114e-08\" x2=\"13.2354\" y2=\"26\" stroke=\"#131416\" stroke-width=\"2\"><\/line><\/svg><\/span>\r\n        <\/div>\r\n        <div class=\"fab-tab-content\">\r\n            Pocz\u0105tkuj\u0105cy lub zaawansowany trader mo\u017ce wybra\u0107 wymagany pakiet szkole\u0144 na naszej stronie internetowej. Programy kurs\u00f3w mo\u017cna znale\u017a\u0107 na naszej stronie Kursy. Nasze lekcje zapewniaj\u0105 cztery r\u00f3\u017cne poziomy przygotowania uczni\u00f3w oraz mo\u017cliwo\u015b\u0107 nauki w dogodnym dla siebie czasie.<br><br>\r\n            Swoj\u0105 edukacj\u0119 mo\u017cesz rozpocz\u0105\u0107 od bezp\u0142atnego kursu dost\u0119pnego na naszej stronie. Aby otrzymywa\u0107 lekcje z wybranego kursu, musisz dokona\u0107 p\u0142atno\u015bci i zarejestrowa\u0107 si\u0119 na naszej stronie, co da Ci dost\u0119p do lekcji kursu na Twoim koncie osobistym.        <\/div>\r\n    <\/div>\r\n    \r\n    <div class=\"faq-tab\">\r\n        <div class=\"faq-tab-title\">\r\n            Czy potrzebuj\u0119 konkretnych narz\u0119dzi lub urz\u0105dze\u0144, aby uczy\u0107 si\u0119 z Tob\u0105?            <span class=\"plus\"><svg xmlns=\"http:\/\/www.w3.org\/2000\/svg\" width=\"16\" height=\"16\" viewBox=\"0 0 26 26\" fill=\"none\"><line y1=\"12.7646\" x2=\"26\" y2=\"12.7646\" stroke=\"#131416\" stroke-width=\"2\"><\/line><line x1=\"13.2354\" y1=\"4.37114e-08\" x2=\"13.2354\" y2=\"26\" stroke=\"#131416\" stroke-width=\"2\"><\/line><\/svg><\/span>\r\n        <\/div>\r\n        <div class=\"fab-tab-content\">\r\n            Wykonali\u015bmy \u015bwietn\u0105 robot\u0119, udost\u0119pniaj\u0105c nasze wysokiej jako\u015bci lekcje i quizy jak najwi\u0119kszej liczbie os\u00f3b. Teraz mo\u017cesz uzyska\u0107 dost\u0119p do wszystkich materia\u0142\u00f3w z dowolnego urz\u0105dzenia pod\u0142\u0105czonego do Internetu (z wyj\u0105tkiem inteligentnego czajnika, odkurzacza itp.). Nasze wsparcie techniczne jest w kontakcie z Tob\u0105 w przypadku jakichkolwiek trudno\u015bci. Doradz\u0105 Ci w sprawie, kt\u00f3ra si\u0119 pojawi\u0142a.        <\/div>\r\n    <\/div>\r\n    \r\n    <div class=\"faq-tab\">\r\n        <div class=\"faq-tab-title\">\r\n            Jakie metody p\u0142atno\u015bci s\u0105 dost\u0119pne?            <span class=\"plus\"><svg xmlns=\"http:\/\/www.w3.org\/2000\/svg\" width=\"16\" height=\"16\" viewBox=\"0 0 26 26\" fill=\"none\"><line y1=\"12.7646\" x2=\"26\" y2=\"12.7646\" stroke=\"#131416\" stroke-width=\"2\"><\/line><line x1=\"13.2354\" y1=\"4.37114e-08\" x2=\"13.2354\" y2=\"26\" stroke=\"#131416\" stroke-width=\"2\"><\/line><\/svg><\/span>\r\n        <\/div>\r\n        <div class=\"fab-tab-content\">\r\n            Za kurs mo\u017cesz zap\u0142aci\u0107 kart\u0105 debetow\u0105 lub kredytow\u0105 (Visa\/Mastercard), Google i Apple Pay.        <\/div>\r\n    <\/div>\r\n\t\r\n\t<div class=\"faq-tab\">\r\n        <div class=\"faq-tab-title\">\r\n            How to access the course i purchased from you?            <span class=\"plus\"><svg xmlns=\"http:\/\/www.w3.org\/2000\/svg\" width=\"16\" height=\"16\" viewBox=\"0 0 26 26\" fill=\"none\"><line y1=\"12.7646\" x2=\"26\" y2=\"12.7646\" stroke=\"#131416\" stroke-width=\"2\"><\/line><line x1=\"13.2354\" y1=\"4.37114e-08\" x2=\"13.2354\" y2=\"26\" stroke=\"#131416\" stroke-width=\"2\"><\/line><\/svg><\/span>\r\n        <\/div>\r\n        <div class=\"fab-tab-content\">\r\n            Following your purchase, you'll receive a registration email containing your personal login details and a link labelled \"Go to account\" sent to your provided email address. Upon clicking this link and logging in with your credentials, you'll be directed to the \"My Account\" section. By selecting the \"Courses\" area, you can access and explore our educational materials by the purchased package.        <\/div>\r\n    <\/div>\r\n    \r\n<\/div><\/div>\n\t\t\t\t<\/div>\n\t\t\t\t<\/div>\n\t\t\t\t\t<\/div>\n\t\t<\/div>\n\t\t\t\t\t<\/div>\n\t\t<\/section>\n\t\t\t\t<\/div>\n\t\t","protected":false},"excerpt":{"rendered":"<p>Wystarczy\u0142o pomy\u015ble\u0107, a my ju\u017c odpowiedzieli\u015bmy!<\/p>\n","protected":false},"author":1,"featured_media":32836,"parent":0,"menu_order":0,"comment_status":"closed","ping_status":"closed","template":"","meta":{"footnotes":""},"class_list":["post-30956","page","type-page","status-publish","has-post-thumbnail","hentry"],"yoast_head":"<!-- This site is optimized with the Yoast SEO Premium plugin v17.1 (Yoast SEO v19.13) - https:\/\/yoast.com\/wordpress\/plugins\/seo\/ -->\n<title>FAQ page from Admirria<\/title>\n<meta name=\"description\" content=\"Wystarczy\u0142o pomy\u015ble\u0107, a my ju\u017c odpowiedzieli\u015bmy! We have tried to answer the most frequently asked questions for your convenience.\" \/>\n<meta name=\"robots\" content=\"noindex, follow, max-snippet:-1, max-image-preview:large, max-video-preview:-1\" \/>\n<meta property=\"og:locale\" content=\"pl_PL\" \/>\n<meta property=\"og:type\" content=\"article\" \/>\n<meta property=\"og:title\" content=\"FAQ page from Admirria\" \/>\n<meta property=\"og:description\" content=\"Wystarczy\u0142o pomy\u015ble\u0107, a my ju\u017c odpowiedzieli\u015bmy! We have tried to answer the most frequently asked questions for your convenience.\" \/>\n<meta property=\"og:url\" content=\"https:\/\/admirria.online\/pl\/nzp\/\" \/>\n<meta property=\"og:site_name\" content=\"Global Tech Industries Limited\" \/>\n<meta property=\"article:modified_time\" content=\"2022-10-05T07:50:21+00:00\" \/>\n<meta property=\"og:image\" content=\"https:\/\/admirria.online\/wp-content\/uploads\/2022\/06\/1024-\u00d7-514-admirria-1.png\" \/>\n<meta name=\"twitter:card\" content=\"summary_large_image\" \/>\n<meta name=\"twitter:title\" content=\"FAQ page from Admirria\" \/>\n<meta name=\"twitter:description\" content=\"Wystarczy\u0142o pomy\u015ble\u0107, a my ju\u017c odpowiedzieli\u015bmy! We have tried to answer the most frequently asked questions for your convenience.\" \/>\n<meta name=\"twitter:image\" content=\"https:\/\/admirria.online\/wp-content\/uploads\/2022\/06\/1024-\u00d7-514-admirria-1.png\" \/>\n<script type=\"application\/ld+json\" class=\"yoast-schema-graph\">{\"@context\":\"https:\/\/schema.org\",\"@graph\":[{\"@type\":\"WebPage\",\"@id\":\"https:\/\/admirria.online\/pl\/nzp\/\",\"url\":\"https:\/\/admirria.online\/pl\/nzp\/\",\"name\":\"FAQ page from Admirria\",\"isPartOf\":{\"@id\":\"https:\/\/admirria.online\/#website\"},\"datePublished\":\"2022-03-14T06:51:52+00:00\",\"dateModified\":\"2022-10-05T07:50:21+00:00\",\"description\":\"Wystarczy\u0142o pomy\u015ble\u0107, a my ju\u017c odpowiedzieli\u015bmy! We have tried to answer the most frequently asked questions for your convenience.\",\"inLanguage\":\"pl-PL\",\"potentialAction\":[{\"@type\":\"ReadAction\",\"target\":[\"https:\/\/admirria.online\/pl\/nzp\/\"]}]},{\"@type\":\"WebSite\",\"@id\":\"https:\/\/admirria.online\/#website\",\"url\":\"https:\/\/admirria.online\/\",\"name\":\"Global Tech Industries Limited\",\"description\":\"\",\"publisher\":{\"@id\":\"https:\/\/admirria.online\/#organization\"},\"inLanguage\":\"pl-PL\"},{\"@type\":\"Organization\",\"@id\":\"https:\/\/admirria.online\/#organization\",\"name\":\"Global Tech Industries Limited\",\"url\":\"https:\/\/admirria.online\/\",\"logo\":{\"@type\":\"ImageObject\",\"inLanguage\":\"pl-PL\",\"@id\":\"https:\/\/admirria.online\/#\/schema\/logo\/image\/\",\"url\":\"https:\/\/admirria.online\/wp-content\/uploads\/2022\/05\/admirria-logo-black.png\",\"contentUrl\":\"https:\/\/admirria.online\/wp-content\/uploads\/2022\/05\/admirria-logo-black.png\",\"width\":527,\"height\":73,\"caption\":\"Global Tech Industries Limited\"},\"image\":{\"@id\":\"https:\/\/admirria.online\/#\/schema\/logo\/image\/\"}}]}<\/script>\n<!-- \/ Yoast SEO Premium plugin. -->","yoast_head_json":{"title":"FAQ page from Admirria","description":"Wystarczy\u0142o pomy\u015ble\u0107, a my ju\u017c odpowiedzieli\u015bmy! We have tried to answer the most frequently asked questions for your convenience.","robots":{"index":"noindex","follow":"follow","max-snippet":"max-snippet:-1","max-image-preview":"max-image-preview:large","max-video-preview":"max-video-preview:-1"},"og_locale":"pl_PL","og_type":"article","og_title":"FAQ page from Admirria","og_description":"Wystarczy\u0142o pomy\u015ble\u0107, a my ju\u017c odpowiedzieli\u015bmy! We have tried to answer the most frequently asked questions for your convenience.","og_url":"https:\/\/admirria.online\/pl\/nzp\/","og_site_name":"Global Tech Industries Limited","article_modified_time":"2022-10-05T07:50:21+00:00","og_image":[{"url":"https:\/\/admirria.online\/wp-content\/uploads\/2022\/06\/1024-\u00d7-514-admirria-1.png"}],"twitter_card":"summary_large_image","twitter_title":"FAQ page from Admirria","twitter_description":"Wystarczy\u0142o pomy\u015ble\u0107, a my ju\u017c odpowiedzieli\u015bmy! We have tried to answer the most frequently asked questions for your convenience.","twitter_image":"https:\/\/admirria.online\/wp-content\/uploads\/2022\/06\/1024-\u00d7-514-admirria-1.png","schema":{"@context":"https:\/\/schema.org","@graph":[{"@type":"WebPage","@id":"https:\/\/admirria.online\/pl\/nzp\/","url":"https:\/\/admirria.online\/pl\/nzp\/","name":"FAQ page from Admirria","isPartOf":{"@id":"https:\/\/admirria.online\/#website"},"datePublished":"2022-03-14T06:51:52+00:00","dateModified":"2022-10-05T07:50:21+00:00","description":"Wystarczy\u0142o pomy\u015ble\u0107, a my ju\u017c odpowiedzieli\u015bmy! We have tried to answer the most frequently asked questions for your convenience.","inLanguage":"pl-PL","potentialAction":[{"@type":"ReadAction","target":["https:\/\/admirria.online\/pl\/nzp\/"]}]},{"@type":"WebSite","@id":"https:\/\/admirria.online\/#website","url":"https:\/\/admirria.online\/","name":"Global Tech Industries Limited","description":"","publisher":{"@id":"https:\/\/admirria.online\/#organization"},"inLanguage":"pl-PL"},{"@type":"Organization","@id":"https:\/\/admirria.online\/#organization","name":"Global Tech Industries Limited","url":"https:\/\/admirria.online\/","logo":{"@type":"ImageObject","inLanguage":"pl-PL","@id":"https:\/\/admirria.online\/#\/schema\/logo\/image\/","url":"https:\/\/admirria.online\/wp-content\/uploads\/2022\/05\/admirria-logo-black.png","contentUrl":"https:\/\/admirria.online\/wp-content\/uploads\/2022\/05\/admirria-logo-black.png","width":527,"height":73,"caption":"Global Tech Industries Limited"},"image":{"@id":"https:\/\/admirria.online\/#\/schema\/logo\/image\/"}}]}},"_links":{"self":[{"href":"https:\/\/admirria.online\/pl\/wp-json\/wp\/v2\/pages\/30956","targetHints":{"allow":["GET"]}}],"collection":[{"href":"https:\/\/admirria.online\/pl\/wp-json\/wp\/v2\/pages"}],"about":[{"href":"https:\/\/admirria.online\/pl\/wp-json\/wp\/v2\/types\/page"}],"author":[{"embeddable":true,"href":"https:\/\/admirria.online\/pl\/wp-json\/wp\/v2\/users\/1"}],"replies":[{"embeddable":true,"href":"https:\/\/admirria.online\/pl\/wp-json\/wp\/v2\/comments?post=30956"}],"version-history":[{"count":0,"href":"https:\/\/admirria.online\/pl\/wp-json\/wp\/v2\/pages\/30956\/revisions"}],"wp:featuredmedia":[{"embeddable":true,"href":"https:\/\/admirria.online\/pl\/wp-json\/wp\/v2\/media\/32836"}],"wp:attachment":[{"href":"https:\/\/admirria.online\/pl\/wp-json\/wp\/v2\/media?parent=30956"}],"curies":[{"name":"wp","href":"https:\/\/api.w.org\/{rel}","templated":true}]}}