{"id":30962,"date":"2022-03-14T08:53:30","date_gmt":"2022-03-14T06:53:30","guid":{"rendered":"https:\/\/admirria.com\/wiadomosci\/"},"modified":"2022-10-04T11:38:24","modified_gmt":"2022-10-04T08:38:24","slug":"wiadomosci","status":"publish","type":"page","link":"https:\/\/admirria.online\/pl\/wiadomosci\/","title":{"rendered":"Wiadomo\u015bci"},"content":{"rendered":"\t\t<div data-elementor-type=\"wp-page\" data-elementor-id=\"30962\" class=\"elementor elementor-30962 elementor-670\">\n\t\t\t\t\t\t<section class=\"elementor-section elementor-top-section elementor-element elementor-element-a1cc74b elementor-reverse-mobile elementor-section-boxed elementor-section-height-default elementor-section-height-default\" data-id=\"a1cc74b\" data-element_type=\"section\">\n\t\t\t\t\t\t<div class=\"elementor-container elementor-column-gap-default\">\n\t\t\t\t\t<div class=\"elementor-column elementor-col-50 elementor-top-column elementor-element elementor-element-ef16180\" data-id=\"ef16180\" data-element_type=\"column\">\n\t\t\t<div class=\"elementor-widget-wrap elementor-element-populated\">\n\t\t\t\t\t\t<div class=\"elementor-element elementor-element-732763f elementor-widget elementor-widget-image\" data-id=\"732763f\" data-element_type=\"widget\" data-widget_type=\"image.default\">\n\t\t\t\t<div class=\"elementor-widget-container\">\n\t\t\t\t\t\t\t\t\t\t\t\t\t<img fetchpriority=\"high\" decoding=\"async\" width=\"710\" height=\"347\" src=\"https:\/\/admirria.online\/wp-content\/uploads\/2022\/03\/Group-80339.png\" class=\"attachment-large size-large wp-image-1113\" alt=\"\" srcset=\"https:\/\/admirria.online\/wp-content\/uploads\/2022\/03\/Group-80339.png 710w, https:\/\/admirria.online\/wp-content\/uploads\/2022\/03\/Group-80339-600x293.png 600w, https:\/\/admirria.online\/wp-content\/uploads\/2022\/03\/Group-80339-300x147.png 300w, https:\/\/admirria.online\/wp-content\/uploads\/2022\/03\/Group-80339-18x9.png 18w\" sizes=\"(max-width: 710px) 100vw, 710px\" \/>\t\t\t\t\t\t\t\t\t\t\t\t\t<\/div>\n\t\t\t\t<\/div>\n\t\t\t\t\t<\/div>\n\t\t<\/div>\n\t\t\t\t<div class=\"elementor-column elementor-col-50 elementor-top-column elementor-element elementor-element-7719bf2\" data-id=\"7719bf2\" data-element_type=\"column\">\n\t\t\t<div class=\"elementor-widget-wrap elementor-element-populated\">\n\t\t\t\t\t\t<div class=\"elementor-element elementor-element-053064e elementor-widget elementor-widget-heading\" data-id=\"053064e\" data-element_type=\"widget\" data-widget_type=\"heading.default\">\n\t\t\t\t<div class=\"elementor-widget-container\">\n\t\t\t<h1 class=\"elementor-heading-title elementor-size-default\">Trzymaj r\u0119k\u0119 na pulsie\nrynk\u00f3w finansowych!<\/h1>\t\t<\/div>\n\t\t\t\t<\/div>\n\t\t\t\t\t<\/div>\n\t\t<\/div>\n\t\t\t\t\t<\/div>\n\t\t<\/section>\n\t\t\t\t<section class=\"elementor-section elementor-top-section elementor-element elementor-element-8df1c57 elementor-section-full_width elementor-section-height-default elementor-section-height-default\" data-id=\"8df1c57\" data-element_type=\"section\" data-settings=\"{&quot;background_background&quot;:&quot;classic&quot;}\">\n\t\t\t\t\t\t\t<div class=\"elementor-background-overlay\"><\/div>\n\t\t\t\t\t\t\t<div class=\"elementor-container elementor-column-gap-default\">\n\t\t\t\t\t<div class=\"elementor-column elementor-col-100 elementor-top-column elementor-element elementor-element-f30358e\" data-id=\"f30358e\" data-element_type=\"column\" data-settings=\"{&quot;background_background&quot;:&quot;classic&quot;}\">\n\t\t\t<div class=\"elementor-widget-wrap elementor-element-populated\">\n\t\t\t\t\t\t<div class=\"elementor-element elementor-element-591bf02 elementor-widget__width-initial elementor-absolute elementor-hidden-tablet elementor-hidden-mobile elementor-widget elementor-widget-image\" data-id=\"591bf02\" data-element_type=\"widget\" data-settings=\"{&quot;_position&quot;:&quot;absolute&quot;}\" data-widget_type=\"image.default\">\n\t\t\t\t<div class=\"elementor-widget-container\">\n\t\t\t\t\t\t\t\t\t\t\t\t\t<img decoding=\"async\" width=\"107\" height=\"110\" src=\"https:\/\/admirria.online\/wp-content\/uploads\/2022\/03\/ghb\u0420\u0435\u0441\u0443\u0440\u0441-3-1.png\" class=\"attachment-large size-large wp-image-1118\" alt=\"\" srcset=\"https:\/\/admirria.online\/wp-content\/uploads\/2022\/03\/ghb\u0420\u0435\u0441\u0443\u0440\u0441-3-1.png 107w, https:\/\/admirria.online\/wp-content\/uploads\/2022\/03\/ghb\u0420\u0435\u0441\u0443\u0440\u0441-3-1-12x12.png 12w\" sizes=\"(max-width: 107px) 100vw, 107px\" \/>\t\t\t\t\t\t\t\t\t\t\t\t\t<\/div>\n\t\t\t\t<\/div>\n\t\t\t\t<section class=\"elementor-section elementor-inner-section elementor-element elementor-element-acc1e77 elementor-section-boxed elementor-section-height-default elementor-section-height-default\" data-id=\"acc1e77\" data-element_type=\"section\">\n\t\t\t\t\t\t<div class=\"elementor-container elementor-column-gap-default\">\n\t\t\t\t\t<div class=\"elementor-column elementor-col-100 elementor-inner-column elementor-element elementor-element-90a8859\" data-id=\"90a8859\" data-element_type=\"column\">\n\t\t\t<div class=\"elementor-widget-wrap elementor-element-populated\">\n\t\t\t\t\t\t<div class=\"elementor-element elementor-element-3113ee0 elementor-widget elementor-widget-html\" data-id=\"3113ee0\" data-element_type=\"widget\" data-widget_type=\"html.default\">\n\t\t\t\t<div class=\"elementor-widget-container\">\n\t\t\t<script src=\"https:\/\/embed.dyntube.com\/iframe\/v1\/if-resizer.min.js\"><\/script><iframe id=\"id28b2d6988\" style=\"border:0\" src=\"https:\/\/admirriadnen.dyntube.io\" width=\"100%\" height=\"100%\" webkitallowfullscreen mozallowfullscreen allowfullscreen><\/iframe><script>iFrameResize({},'#id28b2d6988')<\/script>\t\t<\/div>\n\t\t\t\t<\/div>\n\t\t\t\t\t<\/div>\n\t\t<\/div>\n\t\t\t\t\t<\/div>\n\t\t<\/section>\n\t\t\t\t\t<\/div>\n\t\t<\/div>\n\t\t\t\t\t<\/div>\n\t\t<\/section>\n\t\t\t\t<\/div>\n\t\t","protected":false},"excerpt":{"rendered":"<p>Trzymaj r\u0119k\u0119 na pulsie rynk\u00f3w finansowych!<\/p>\n","protected":false},"author":1,"featured_media":32836,"parent":0,"menu_order":0,"comment_status":"closed","ping_status":"closed","template":"elementor_header_footer","meta":{"footnotes":""},"class_list":["post-30962","page","type-page","status-publish","has-post-thumbnail","hentry"],"yoast_head":"<!-- This site is optimized with the Yoast SEO Premium plugin v17.1 (Yoast SEO v19.13) - https:\/\/yoast.com\/wordpress\/plugins\/seo\/ -->\n<title>Daily financial news | Admirria<\/title>\n<meta name=\"description\" content=\"Keep your finger on the pulse of the Financial Markets! Watch updated news from Admirria daily.\" \/>\n<meta name=\"robots\" content=\"noindex, follow, max-snippet:-1, max-image-preview:large, max-video-preview:-1\" \/>\n<meta property=\"og:locale\" content=\"pl_PL\" \/>\n<meta property=\"og:type\" content=\"article\" \/>\n<meta property=\"og:title\" content=\"Daily financial news | Admirria\" \/>\n<meta property=\"og:description\" content=\"Keep your finger on the pulse of the Financial Markets! Watch updated news from Admirria daily.\" \/>\n<meta property=\"og:url\" content=\"https:\/\/admirria.online\/pl\/wiadomosci\/\" \/>\n<meta property=\"og:site_name\" content=\"Global Tech Industries Limited\" \/>\n<meta property=\"article:modified_time\" content=\"2022-10-04T08:38:24+00:00\" \/>\n<meta property=\"og:image\" content=\"https:\/\/admirria.online\/wp-content\/uploads\/2022\/06\/1024-\u00d7-514-admirria-1.png\" \/>\n<meta name=\"twitter:card\" content=\"summary_large_image\" \/>\n<meta name=\"twitter:title\" content=\"Daily financial news | Admirria\" \/>\n<meta name=\"twitter:description\" content=\"Keep your finger on the pulse of the Financial Markets! Watch updated news from Admirria daily.\" \/>\n<meta name=\"twitter:image\" content=\"https:\/\/admirria.online\/wp-content\/uploads\/2022\/06\/1024-\u00d7-514-admirria-1.png\" \/>\n<script type=\"application\/ld+json\" class=\"yoast-schema-graph\">{\"@context\":\"https:\/\/schema.org\",\"@graph\":[{\"@type\":\"WebPage\",\"@id\":\"https:\/\/admirria.online\/pl\/wiadomosci\/\",\"url\":\"https:\/\/admirria.online\/pl\/wiadomosci\/\",\"name\":\"Daily financial news | Admirria\",\"isPartOf\":{\"@id\":\"https:\/\/admirria.online\/#website\"},\"datePublished\":\"2022-03-14T06:53:30+00:00\",\"dateModified\":\"2022-10-04T08:38:24+00:00\",\"description\":\"Keep your finger on the pulse of the Financial Markets! Watch updated news from Admirria daily.\",\"inLanguage\":\"pl-PL\",\"potentialAction\":[{\"@type\":\"ReadAction\",\"target\":[\"https:\/\/admirria.online\/pl\/wiadomosci\/\"]}]},{\"@type\":\"WebSite\",\"@id\":\"https:\/\/admirria.online\/#website\",\"url\":\"https:\/\/admirria.online\/\",\"name\":\"Global Tech Industries Limited\",\"description\":\"\",\"publisher\":{\"@id\":\"https:\/\/admirria.online\/#organization\"},\"inLanguage\":\"pl-PL\"},{\"@type\":\"Organization\",\"@id\":\"https:\/\/admirria.online\/#organization\",\"name\":\"Global Tech Industries Limited\",\"url\":\"https:\/\/admirria.online\/\",\"logo\":{\"@type\":\"ImageObject\",\"inLanguage\":\"pl-PL\",\"@id\":\"https:\/\/admirria.online\/#\/schema\/logo\/image\/\",\"url\":\"https:\/\/admirria.online\/wp-content\/uploads\/2022\/05\/admirria-logo-black.png\",\"contentUrl\":\"https:\/\/admirria.online\/wp-content\/uploads\/2022\/05\/admirria-logo-black.png\",\"width\":527,\"height\":73,\"caption\":\"Global Tech Industries Limited\"},\"image\":{\"@id\":\"https:\/\/admirria.online\/#\/schema\/logo\/image\/\"}}]}<\/script>\n<!-- \/ Yoast SEO Premium plugin. -->","yoast_head_json":{"title":"Daily financial news | Admirria","description":"Keep your finger on the pulse of the Financial Markets! Watch updated news from Admirria daily.","robots":{"index":"noindex","follow":"follow","max-snippet":"max-snippet:-1","max-image-preview":"max-image-preview:large","max-video-preview":"max-video-preview:-1"},"og_locale":"pl_PL","og_type":"article","og_title":"Daily financial news | Admirria","og_description":"Keep your finger on the pulse of the Financial Markets! Watch updated news from Admirria daily.","og_url":"https:\/\/admirria.online\/pl\/wiadomosci\/","og_site_name":"Global Tech Industries Limited","article_modified_time":"2022-10-04T08:38:24+00:00","og_image":[{"url":"https:\/\/admirria.online\/wp-content\/uploads\/2022\/06\/1024-\u00d7-514-admirria-1.png"}],"twitter_card":"summary_large_image","twitter_title":"Daily financial news | Admirria","twitter_description":"Keep your finger on the pulse of the Financial Markets! Watch updated news from Admirria daily.","twitter_image":"https:\/\/admirria.online\/wp-content\/uploads\/2022\/06\/1024-\u00d7-514-admirria-1.png","schema":{"@context":"https:\/\/schema.org","@graph":[{"@type":"WebPage","@id":"https:\/\/admirria.online\/pl\/wiadomosci\/","url":"https:\/\/admirria.online\/pl\/wiadomosci\/","name":"Daily financial news | Admirria","isPartOf":{"@id":"https:\/\/admirria.online\/#website"},"datePublished":"2022-03-14T06:53:30+00:00","dateModified":"2022-10-04T08:38:24+00:00","description":"Keep your finger on the pulse of the Financial Markets! Watch updated news from Admirria daily.","inLanguage":"pl-PL","potentialAction":[{"@type":"ReadAction","target":["https:\/\/admirria.online\/pl\/wiadomosci\/"]}]},{"@type":"WebSite","@id":"https:\/\/admirria.online\/#website","url":"https:\/\/admirria.online\/","name":"Global Tech Industries Limited","description":"","publisher":{"@id":"https:\/\/admirria.online\/#organization"},"inLanguage":"pl-PL"},{"@type":"Organization","@id":"https:\/\/admirria.online\/#organization","name":"Global Tech Industries Limited","url":"https:\/\/admirria.online\/","logo":{"@type":"ImageObject","inLanguage":"pl-PL","@id":"https:\/\/admirria.online\/#\/schema\/logo\/image\/","url":"https:\/\/admirria.online\/wp-content\/uploads\/2022\/05\/admirria-logo-black.png","contentUrl":"https:\/\/admirria.online\/wp-content\/uploads\/2022\/05\/admirria-logo-black.png","width":527,"height":73,"caption":"Global Tech Industries Limited"},"image":{"@id":"https:\/\/admirria.online\/#\/schema\/logo\/image\/"}}]}},"_links":{"self":[{"href":"https:\/\/admirria.online\/pl\/wp-json\/wp\/v2\/pages\/30962","targetHints":{"allow":["GET"]}}],"collection":[{"href":"https:\/\/admirria.online\/pl\/wp-json\/wp\/v2\/pages"}],"about":[{"href":"https:\/\/admirria.online\/pl\/wp-json\/wp\/v2\/types\/page"}],"author":[{"embeddable":true,"href":"https:\/\/admirria.online\/pl\/wp-json\/wp\/v2\/users\/1"}],"replies":[{"embeddable":true,"href":"https:\/\/admirria.online\/pl\/wp-json\/wp\/v2\/comments?post=30962"}],"version-history":[{"count":0,"href":"https:\/\/admirria.online\/pl\/wp-json\/wp\/v2\/pages\/30962\/revisions"}],"wp:featuredmedia":[{"embeddable":true,"href":"https:\/\/admirria.online\/pl\/wp-json\/wp\/v2\/media\/32836"}],"wp:attachment":[{"href":"https:\/\/admirria.online\/pl\/wp-json\/wp\/v2\/media?parent=30962"}],"curies":[{"name":"wp","href":"https:\/\/api.w.org\/{rel}","templated":true}]}}