{"id":30997,"date":"2022-04-01T10:06:06","date_gmt":"2022-04-01T07:06:06","guid":{"rendered":"https:\/\/admirria.com\/cookie-policy\/"},"modified":"2022-10-05T11:01:49","modified_gmt":"2022-10-05T08:01:49","slug":"cookie-policy","status":"publish","type":"page","link":"https:\/\/admirria.online\/pl\/cookie-policy\/","title":{"rendered":"Polityka Dotycz\u0105ca Plik\u00f3w Cookie"},"content":{"rendered":"\n<p><strong>ZNACZENIA<\/strong><\/p>\n\n\n\n<p>Cookie: ma\u0142y fragment danych, kt\u00f3ry witryna prosi przegl\u0105dark\u0119 o przechowywanie na komputerze lub urz\u0105dzeniu mobilnym. Plik cookie pozwala stronie internetowej \u201ezapami\u0119ta\u0107\u201d Twoje dzia\u0142ania lub preferencje w czasie.<\/p>\n\n\n\n<p>Firma: kiedy w niniejszej polityce jest mowa o \u201efirmie\u201d, \u201emy\u201d, \u201enas\u201d lub \u201enasz\u201d, odnosi si\u0119 to do Global Tech Industries Limited z zarejestrowanym adresem <a href=\"https:\/\/admirria.online\/\">95 Wilton Road, Suite 717, Londyn, Wielka Brytania, SW1V 1BZ<\/a>, kt\u00f3ry jest odpowiedzialny za Twoje informacje zgodnie z niniejsz\u0105 Polityk\u0105 plik\u00f3w cookie.<\/p>\n\n\n\n<p>Urz\u0105dzenie: dowolne urz\u0105dzenie po\u0142\u0105czone z Internetem, takie jak telefon, tablet, komputer lub inne urz\u0105dzenia, za pomoc\u0105 kt\u00f3rych mo\u017cna odwiedza\u0107 Admirria i korzysta\u0107 z us\u0142ug.<\/p>\n\n\n\n<p>Dane osobowe: wszelkie informacje, kt\u00f3re bezpo\u015brednio, po\u015brednio lub w po\u0142\u0105czeniu z innymi informacjami \u2014 w tym osobistym numerem identyfikacyjnym \u2014 umo\u017cliwiaj\u0105 identyfikacj\u0119 lub identyfikacj\u0119 osoby fizycznej.<\/p>\n\n\n\n<p>Us\u0142uga: odnosi si\u0119 do us\u0142ugi \u015bwiadczonej przez Admirria zgodnie z warunkami wzgl\u0119dnymi (je\u015bli s\u0105 dost\u0119pne) i na tej platformie.<\/p>\n\n\n\n<p>Us\u0142uga stron trzecich: odnosi si\u0119 do reklamodawc\u00f3w, sponsor\u00f3w konkurs\u00f3w, partner\u00f3w promocyjnych i marketingowych oraz innych os\u00f3b, kt\u00f3re dostarczaj\u0105 nasze tre\u015bci lub kt\u00f3rych produkty lub us\u0142ugi naszym zdaniem mog\u0105 Ci\u0119 zainteresowa\u0107.<\/p>\n\n\n\n<p>Strona internetowa: Strona internetowa Global Tech Industries Limited <a href=\"https:\/\/admirria.online\/\">https:\/\/admirria.online\/<\/a><\/p>\n\n\n\n<p>Ty: osoba lub podmiot zarejestrowany w Admirria w celu korzystania z Us\u0142ug.<\/p>\n\n\n\n<p><strong>ZASTRZE\u017bENIE<\/strong><\/p>\n\n\n\n<p>Us\u0142uga Admirria i jej zawarto\u015b\u0107 s\u0105 dostarczane \u201etak jak s\u0105\u201d i \u201ew miar\u0119 dost\u0119pno\u015bci\u201d bez \u017cadnych gwarancji ani o\u015bwiadcze\u0144 jakiegokolwiek rodzaju, wyra\u017anych lub dorozumianych. Admirria jest dystrybutorem, a nie wydawc\u0105 tre\u015bci dostarczanych przez osoby trzecie; w zwi\u0105zku z tym Admirria nie sprawuje kontroli redakcyjnej nad takimi tre\u015bciami i nie sk\u0142ada \u017cadnych gwarancji ani o\u015bwiadcze\u0144 co do dok\u0142adno\u015bci, wiarygodno\u015bci lub aktualno\u015bci jakichkolwiek informacji, tre\u015bci, us\u0142ug lub towar\u00f3w dostarczanych za po\u015brednictwem lub dost\u0119pnych za po\u015brednictwem Us\u0142ugi Admirria. Nie ograniczaj\u0105c powy\u017cszego, Admirria wyra\u017anie zrzeka si\u0119 wszelkich gwarancji i o\u015bwiadcze\u0144 dotycz\u0105cych jakichkolwiek tre\u015bci przesy\u0142anych w lub w zwi\u0105zku z Us\u0142ug\u0105 Admirria lub na stronach, kt\u00f3re mog\u0105 pojawia\u0107 si\u0119 jako linki w Us\u0142udze Admirria lub w produktach dostarczanych jako cz\u0119\u015b\u0107 lub w inny spos\u00f3b w zwi\u0105zku z Us\u0142ug\u0105 Admirria, w tym mi\u0119dzy innymi wszelkie gwarancje przydatno\u015bci handlowej, przydatno\u015bci do okre\u015blonego celu lub nienaruszania praw os\u00f3b trzecich. \u017badne ustne porady ani pisemne informacje udzielone przez Admirria lub jej podmioty stowarzyszone, pracownik\u00f3w, funkcjonariuszy, dyrektor\u00f3w, agent\u00f3w itp. nie stanowi\u0105 gwarancji. Informacje o cenach i dost\u0119pno\u015bci mog\u0105 ulec zmianie bez powiadomienia. Nie ograniczaj\u0105c powy\u017cszego, Admirria nie gwarantuje, \u017ce Us\u0142uga Admirria b\u0119dzie nieprzerwana, nieuszkodzona, terminowa lub wolna od b\u0142\u0119d\u00f3w.<\/p>\n\n\n\n<p><strong>BLOKOWANIE I WY\u0141\u0104CZANIE PLIK\u00d3W COOKIES<\/strong><\/p>\n\n\n\n<p>Mo\u017cesz r\u00f3wnie\u017c ustawi\u0107 swoj\u0105 przegl\u0105dark\u0119 tak, aby blokowa\u0142a pliki cookie i podobne technologie, gdziekolwiek si\u0119 znajdujesz. Mimo to ta czynno\u015b\u0107 mo\u017ce zablokowa\u0107 nasze niezb\u0119dne pliki cookie i uniemo\u017cliwi\u0107 prawid\u0142owe dzia\u0142anie naszej witryny, a tak\u017ce mo\u017cesz nie by\u0107 w stanie w pe\u0142ni korzysta\u0107 ze wszystkich jej funkcji i us\u0142ug. Nale\u017cy r\u00f3wnie\u017c pami\u0119ta\u0107, \u017ce mo\u017cesz utraci\u0107 niekt\u00f3re zapisane informacje, je\u015bli zablokujesz pliki cookie w swojej przegl\u0105darce.<\/p>\n\n\n\n<p><strong>DLACZEGO KORZYSTAMY Z PLIK\u00d3W COOKIE?<\/strong><\/p>\n\n\n\n<p>U\u017cywamy plik\u00f3w cookie, aby dowiedzie\u0107 si\u0119, w jaki spos\u00f3b wchodzisz w interakcj\u0119 z naszymi tre\u015bciami i poprawi\u0107 Twoje wra\u017cenia podczas odwiedzania naszej witryny. Na przyk\u0142ad, niekt\u00f3re pliki cookie zapami\u0119tuj\u0105 Tw\u00f3j j\u0119zyk lub preferencje, dzi\u0119ki czemu nie musisz dokonywa\u0107 tych wybor\u00f3w podczas wielokrotnych odwiedzin naszej witryny, u\u0142atwiaj\u0105 dzia\u0142anie i funkcjonalno\u015b\u0107 naszej witryny oraz pozwalaj\u0105 nam dostosowa\u0107 wra\u017cenia u\u017cytkownika dla Ciebie i dla nas aby zrozumie\u0107, co jest dla Ciebie przydatne lub interesuj\u0105ce, przeanalizowa\u0107 spos\u00f3b korzystania z naszej witryny i jak najlepiej j\u0105 dostosowa\u0107.<\/p>\n\n\n\n<p><strong>JAKICH RODZAJ\u00d3W PLIK\u00d3W COOKIES U\u017bYWAMY?<\/strong><\/p>\n\n\n\n<p>Pliki cookie mog\u0105 by\u0107 plikami cookie sesji lub trwa\u0142ymi plikami cookie. Sesyjny plik cookie wygasa automatycznie po zamkni\u0119ciu przegl\u0105darki. Trwa\u0142y plik cookie pozostanie do momentu wyga\u015bni\u0119cia lub usuni\u0119cia plik\u00f3w cookie. Daty wyga\u015bni\u0119cia s\u0105 ustawiane w samych plikach cookie; niekt\u00f3re mog\u0105 wygasn\u0105\u0107 po kilku minutach, podczas gdy inne mog\u0105 wygasn\u0105\u0107 po wielu latach. Pliki cookie umieszczane przez odwiedzan\u0105 witryn\u0119 internetow\u0105 s\u0105 nazywane \u201eplikami cookie pierwszej strony\u201d.<\/p>\n\n\n\n<p><strong>Analityczne i dostosowywaj\u0105ce pliki cookie<\/strong><\/p>\n\n\n\n<p>Te pliki cookie zbieraj\u0105 informacje, kt\u00f3re pomagaj\u0105 nam zrozumie\u0107, w jaki spos\u00f3b u\u017cywana jest nasza strona internetowa, jak skuteczne s\u0105 nasze kampanie marketingowe lub aby pom\u00f3c nam dostosowa\u0107 nasz\u0105 stron\u0119 internetow\u0105 do Ciebie.<\/p>\n\n\n\n<p>U\u017cywamy plik\u00f3w cookie obs\u0142ugiwanych przez Google Analytics do zbierania ograniczonych danych bezpo\u015brednio z przegl\u0105darek u\u017cytkownik\u00f3w ko\u0144cowych, aby umo\u017cliwi\u0107 nam lepsze zrozumienie korzystania z naszej strony internetowej.<\/p>\n\n\n\n<p><strong>Pliki cookie dotycz\u0105ce wydajno\u015bci i funkcjonalno\u015bci<\/strong><\/p>\n\n\n\n<p>Te pliki cookie s\u0142u\u017c\u0105 do poprawy wydajno\u015bci i funkcjonalno\u015bci naszej strony internetowej, ale nie s\u0105 niezb\u0119dne do ich u\u017cywania. Jednak bez tych plik\u00f3w cookie niekt\u00f3re funkcje, takie jak filmy, mog\u0105 sta\u0107 si\u0119 niedost\u0119pne. B\u0119dziesz musia\u0142 wprowadza\u0107 swoje dane logowania za ka\u017cdym razem, gdy odwiedzasz witryn\u0119, poniewa\u017c nie b\u0119dziemy w stanie zapami\u0119ta\u0107, \u017ce logowa\u0142e\u015b si\u0119 wcze\u015bniej.<\/p>\n\n\n\n<p><strong>CO TO JEST COOKIES?<\/strong><\/p>\n\n\n\n<p>Witryna prosi przegl\u0105dark\u0119 o przechowywanie niewielkiej cz\u0119\u015bci danych na komputerze lub urz\u0105dzeniu mobilnym. Plik cookie pozwala stronie internetowej \u201ezapami\u0119ta\u0107\u201d Twoje dzia\u0142ania lub preferencje w czasie. S\u0105 bezpieczne i nie mo\u017cna ich u\u017cywa\u0107 do uruchamiania program\u00f3w ani dostarczania wirus\u00f3w na urz\u0105dzenie.<\/p>\n\n\n\n<p><strong>B\u0141\u0118DY I POMINI\u0118CIA<\/strong><\/p>\n\n\n\n<p>Admirria nie ponosi odpowiedzialno\u015bci za jak\u0105kolwiek tre\u015b\u0107, kod lub nieprecyzyjno\u015b\u0107. Admirria nie udziela gwarancji ani gwarancji. W \u017cadnym wypadku Admirria nie ponosi odpowiedzialno\u015bci za jakiekolwiek szczeg\u00f3lne, bezpo\u015brednie, po\u015brednie, wynikowe lub przypadkowe szkody lub jakiekolwiek szkody, czy to w ramach dzia\u0142ania umownego, zaniedbania lub innego czynu niedozwolonego, wynikaj\u0105ce z lub w zwi\u0105zku z korzystaniem z Us\u0142ugi lub zawarto\u015b\u0107 Serwisu. Admirria zastrzega sobie prawo do dodawania, usuwania lub modyfikacji zawarto\u015bci Serwisu w dowolnym czasie bez wcze\u015bniejszego powiadomienia.<\/p>\n\n\n\n<p><strong>ZMIANY W NASZEJ POLITYCE DOTYCZ\u0104CEJ PLIK\u00d3W COOKIE<\/strong><\/p>\n\n\n\n<p>Mo\u017cemy zmieni\u0107 nasze Us\u0142ugi i zasady oraz musimy wprowadzi\u0107 zmiany w niniejszej Polityce dotycz\u0105cej plik\u00f3w cookie, aby dok\u0142adnie odzwierciedli\u0107 nasze Us\u0142ugi i zasady. O ile prawo nie stanowi inaczej, powiadomimy Ci\u0119 (na przyk\u0142ad za po\u015brednictwem naszej Us\u0142ugi) przed wprowadzeniem zmian w niniejszej Polityce plik\u00f3w cookie i umo\u017cliwimy zapoznanie si\u0119 z nimi, zanim wejd\u0105 one w \u017cycie. Nast\u0119pnie , je\u015bli b\u0119dziesz nadal korzysta\u0107 z Us\u0142ugi, b\u0119dziesz zwi\u0105zany zaktualizowan\u0105 Polityk\u0105 Plik\u00f3w Cookie. Mo\u017cesz usun\u0105\u0107 swoje konto, je\u015bli nie chcesz zgadza\u0107 si\u0119 z niniejsz\u0105 lub zaktualizowan\u0105 Polityk\u0105 plik\u00f3w cookie.<\/p>\n\n\n\n<p><strong>JAK ZARZ\u0104DZA\u0106 COOKIES?<\/strong><\/p>\n\n\n\n<p>Wi\u0119kszo\u015b\u0107 przegl\u0105darek umo\u017cliwia kontrolowanie plik\u00f3w cookie poprzez ich preferencje \u201eustawie\u0144\u201d. Je\u015bli jednak ograniczysz zdolno\u015b\u0107 stron internetowych do ustawiania plik\u00f3w cookie, mo\u017cesz pogorszy\u0107 og\u00f3lne wra\u017cenia u\u017cytkownika, poniewa\u017c nie b\u0119d\u0105 one ju\u017c spersonalizowane. Mo\u017ce to r\u00f3wnie\u017c uniemo\u017cliwi\u0107 zapisywanie ustawie\u0144 niestandardowych, takich jak dane logowania. Producenci przegl\u0105darek udost\u0119pniaj\u0105 strony pomocy dotycz\u0105ce zarz\u0105dzania plikami cookie w swoich produktach.<\/p>\n\n\n\n<p>Producenci przegl\u0105darek udost\u0119pniaj\u0105 strony pomocy dotycz\u0105ce zarz\u0105dzania plikami cookie w swoich produktach.<\/p>\n\n\n\n<p><strong>Niezb\u0119dne pliki cookie<\/strong><\/p>\n\n\n\n<p>U\u017cywamy niezb\u0119dnych plik\u00f3w cookie, aby nasza strona dzia\u0142a\u0142a. Te pliki cookie s\u0105 absolutnie niezb\u0119dne, aby umo\u017cliwi\u0107 podstawowe funkcje, takie jak bezpiecze\u0144stwo, zarz\u0105dzanie sieci\u0105, preferencje dotycz\u0105ce plik\u00f3w cookie i dost\u0119pno\u015b\u0107. Bez nich nie m\u00f3g\u0142by\u015b korzysta\u0107 z podstawowych us\u0142ug. Mo\u017cesz je wy\u0142\u0105czy\u0107, zmieniaj\u0105c ustawienia przegl\u0105darki, co ma wp\u0142yw na dzia\u0142anie Witryn.<\/p>\n\n\n\n<p><strong>TWOJA ZGODA<\/strong><\/p>\n\n\n\n<p>Korzystaj\u0105c z naszej strony internetowej, rejestruj\u0105c konto lub dokonuj\u0105c zakupu.<\/p>\n\n\n\n<p><strong>\u0141\u0105czno\u015b\u0107<\/strong><\/p>\n\n\n\n<p>Je\u015bli masz jakie\u015b pytania, skontaktuj si\u0119 z nami<\/p>\n\n\n\n<p>telefonicznie &#8211; <a href=\"tel:+442045772182\">+442045772182<\/a><\/p>\n\n\n\n<p>e-mailem &#8211; <a href=\"mailto:office@admirria.online\">office@admirria.online<\/a><\/p>\n","protected":false},"excerpt":{"rendered":"<p>ZNACZENIA Cookie: ma\u0142y fragment danych, kt\u00f3ry witryna prosi przegl\u0105dark\u0119 o przechowywanie na komputerze lub urz\u0105dzeniu mobilnym. Plik cookie pozwala stronie internetowej \u201ezapami\u0119ta\u0107\u201d Twoje dzia\u0142ania lub preferencje w czasie. Firma: kiedy w niniejszej polityce jest mowa o \u201efirmie\u201d, \u201emy\u201d, \u201enas\u201d lub \u201enasz\u201d, odnosi si\u0119 to do Global Tech Industries Limited z zarejestrowanym adresem 95 Wilton Road, [&hellip;]<\/p>\n","protected":false},"author":1,"featured_media":32836,"parent":0,"menu_order":0,"comment_status":"closed","ping_status":"closed","template":"","meta":{"footnotes":""},"class_list":["post-30997","page","type-page","status-publish","has-post-thumbnail","hentry"],"yoast_head":"<!-- This site is optimized with the Yoast SEO Premium plugin v17.1 (Yoast SEO v19.13) - https:\/\/yoast.com\/wordpress\/plugins\/seo\/ -->\n<title>Polityka Dotycz\u0105ca Plik\u00f3w Cookie - Global Tech Industries Limited<\/title>\n<meta name=\"robots\" content=\"noindex, follow, max-snippet:-1, max-image-preview:large, max-video-preview:-1\" \/>\n<meta property=\"og:locale\" content=\"pl_PL\" \/>\n<meta property=\"og:type\" content=\"article\" \/>\n<meta property=\"og:title\" content=\"Polityka Dotycz\u0105ca Plik\u00f3w Cookie - Global Tech Industries Limited\" \/>\n<meta property=\"og:description\" content=\"ZNACZENIA Cookie: ma\u0142y fragment danych, kt\u00f3ry witryna prosi przegl\u0105dark\u0119 o przechowywanie na komputerze lub urz\u0105dzeniu mobilnym. Plik cookie pozwala stronie internetowej \u201ezapami\u0119ta\u0107\u201d Twoje dzia\u0142ania lub preferencje w czasie. Firma: kiedy w niniejszej polityce jest mowa o \u201efirmie\u201d, \u201emy\u201d, \u201enas\u201d lub \u201enasz\u201d, odnosi si\u0119 to do Global Tech Industries Limited z zarejestrowanym adresem 95 Wilton Road, [&hellip;]\" \/>\n<meta property=\"og:url\" content=\"https:\/\/admirria.online\/pl\/cookie-policy\/\" \/>\n<meta property=\"og:site_name\" content=\"Global Tech Industries Limited\" \/>\n<meta property=\"article:modified_time\" content=\"2022-10-05T08:01:49+00:00\" \/>\n<meta property=\"og:image\" content=\"https:\/\/admirria.online\/wp-content\/uploads\/2022\/06\/1024-\u00d7-514-admirria-1.png\" \/>\n\t<meta property=\"og:image:width\" content=\"1024\" \/>\n\t<meta property=\"og:image:height\" content=\"512\" \/>\n\t<meta property=\"og:image:type\" content=\"image\/png\" \/>\n<meta name=\"twitter:card\" content=\"summary_large_image\" \/>\n<meta name=\"twitter:image\" content=\"https:\/\/admirria.online\/wp-content\/uploads\/2022\/06\/1024-\u00d7-514-admirria-1.png\" \/>\n<meta name=\"twitter:label1\" content=\"Szacowany czas czytania\" \/>\n\t<meta name=\"twitter:data1\" content=\"5 minut\" \/>\n<script type=\"application\/ld+json\" class=\"yoast-schema-graph\">{\"@context\":\"https:\/\/schema.org\",\"@graph\":[{\"@type\":\"WebPage\",\"@id\":\"https:\/\/admirria.online\/pl\/cookie-policy\/\",\"url\":\"https:\/\/admirria.online\/pl\/cookie-policy\/\",\"name\":\"Polityka Dotycz\u0105ca Plik\u00f3w Cookie - Global Tech Industries Limited\",\"isPartOf\":{\"@id\":\"https:\/\/admirria.online\/#website\"},\"datePublished\":\"2022-04-01T07:06:06+00:00\",\"dateModified\":\"2022-10-05T08:01:49+00:00\",\"inLanguage\":\"pl-PL\",\"potentialAction\":[{\"@type\":\"ReadAction\",\"target\":[\"https:\/\/admirria.online\/pl\/cookie-policy\/\"]}]},{\"@type\":\"WebSite\",\"@id\":\"https:\/\/admirria.online\/#website\",\"url\":\"https:\/\/admirria.online\/\",\"name\":\"Global Tech Industries Limited\",\"description\":\"\",\"publisher\":{\"@id\":\"https:\/\/admirria.online\/#organization\"},\"inLanguage\":\"pl-PL\"},{\"@type\":\"Organization\",\"@id\":\"https:\/\/admirria.online\/#organization\",\"name\":\"Global Tech Industries Limited\",\"url\":\"https:\/\/admirria.online\/\",\"logo\":{\"@type\":\"ImageObject\",\"inLanguage\":\"pl-PL\",\"@id\":\"https:\/\/admirria.online\/#\/schema\/logo\/image\/\",\"url\":\"https:\/\/admirria.online\/wp-content\/uploads\/2022\/05\/admirria-logo-black.png\",\"contentUrl\":\"https:\/\/admirria.online\/wp-content\/uploads\/2022\/05\/admirria-logo-black.png\",\"width\":527,\"height\":73,\"caption\":\"Global Tech Industries Limited\"},\"image\":{\"@id\":\"https:\/\/admirria.online\/#\/schema\/logo\/image\/\"}}]}<\/script>\n<!-- \/ Yoast SEO Premium plugin. -->","yoast_head_json":{"title":"Polityka Dotycz\u0105ca Plik\u00f3w Cookie - Global Tech Industries Limited","robots":{"index":"noindex","follow":"follow","max-snippet":"max-snippet:-1","max-image-preview":"max-image-preview:large","max-video-preview":"max-video-preview:-1"},"og_locale":"pl_PL","og_type":"article","og_title":"Polityka Dotycz\u0105ca Plik\u00f3w Cookie - Global Tech Industries Limited","og_description":"ZNACZENIA Cookie: ma\u0142y fragment danych, kt\u00f3ry witryna prosi przegl\u0105dark\u0119 o przechowywanie na komputerze lub urz\u0105dzeniu mobilnym. Plik cookie pozwala stronie internetowej \u201ezapami\u0119ta\u0107\u201d Twoje dzia\u0142ania lub preferencje w czasie. Firma: kiedy w niniejszej polityce jest mowa o \u201efirmie\u201d, \u201emy\u201d, \u201enas\u201d lub \u201enasz\u201d, odnosi si\u0119 to do Global Tech Industries Limited z zarejestrowanym adresem 95 Wilton Road, [&hellip;]","og_url":"https:\/\/admirria.online\/pl\/cookie-policy\/","og_site_name":"Global Tech Industries Limited","article_modified_time":"2022-10-05T08:01:49+00:00","og_image":[{"width":1024,"height":512,"url":"https:\/\/admirria.online\/wp-content\/uploads\/2022\/06\/1024-\u00d7-514-admirria-1.png","type":"image\/png"}],"twitter_card":"summary_large_image","twitter_image":"https:\/\/admirria.online\/wp-content\/uploads\/2022\/06\/1024-\u00d7-514-admirria-1.png","twitter_misc":{"Szacowany czas czytania":"5 minut"},"schema":{"@context":"https:\/\/schema.org","@graph":[{"@type":"WebPage","@id":"https:\/\/admirria.online\/pl\/cookie-policy\/","url":"https:\/\/admirria.online\/pl\/cookie-policy\/","name":"Polityka Dotycz\u0105ca Plik\u00f3w Cookie - Global Tech Industries Limited","isPartOf":{"@id":"https:\/\/admirria.online\/#website"},"datePublished":"2022-04-01T07:06:06+00:00","dateModified":"2022-10-05T08:01:49+00:00","inLanguage":"pl-PL","potentialAction":[{"@type":"ReadAction","target":["https:\/\/admirria.online\/pl\/cookie-policy\/"]}]},{"@type":"WebSite","@id":"https:\/\/admirria.online\/#website","url":"https:\/\/admirria.online\/","name":"Global Tech Industries Limited","description":"","publisher":{"@id":"https:\/\/admirria.online\/#organization"},"inLanguage":"pl-PL"},{"@type":"Organization","@id":"https:\/\/admirria.online\/#organization","name":"Global Tech Industries Limited","url":"https:\/\/admirria.online\/","logo":{"@type":"ImageObject","inLanguage":"pl-PL","@id":"https:\/\/admirria.online\/#\/schema\/logo\/image\/","url":"https:\/\/admirria.online\/wp-content\/uploads\/2022\/05\/admirria-logo-black.png","contentUrl":"https:\/\/admirria.online\/wp-content\/uploads\/2022\/05\/admirria-logo-black.png","width":527,"height":73,"caption":"Global Tech Industries Limited"},"image":{"@id":"https:\/\/admirria.online\/#\/schema\/logo\/image\/"}}]}},"_links":{"self":[{"href":"https:\/\/admirria.online\/pl\/wp-json\/wp\/v2\/pages\/30997","targetHints":{"allow":["GET"]}}],"collection":[{"href":"https:\/\/admirria.online\/pl\/wp-json\/wp\/v2\/pages"}],"about":[{"href":"https:\/\/admirria.online\/pl\/wp-json\/wp\/v2\/types\/page"}],"author":[{"embeddable":true,"href":"https:\/\/admirria.online\/pl\/wp-json\/wp\/v2\/users\/1"}],"replies":[{"embeddable":true,"href":"https:\/\/admirria.online\/pl\/wp-json\/wp\/v2\/comments?post=30997"}],"version-history":[{"count":0,"href":"https:\/\/admirria.online\/pl\/wp-json\/wp\/v2\/pages\/30997\/revisions"}],"wp:featuredmedia":[{"embeddable":true,"href":"https:\/\/admirria.online\/pl\/wp-json\/wp\/v2\/media\/32836"}],"wp:attachment":[{"href":"https:\/\/admirria.online\/pl\/wp-json\/wp\/v2\/media?parent=30997"}],"curies":[{"name":"wp","href":"https:\/\/api.w.org\/{rel}","templated":true}]}}