{"id":31016,"date":"2022-04-01T10:05:22","date_gmt":"2022-04-01T07:05:22","guid":{"rendered":"https:\/\/admirria.com\/refund_returns\/"},"modified":"2022-10-05T11:05:03","modified_gmt":"2022-10-05T08:05:03","slug":"refund_returns","status":"publish","type":"page","link":"https:\/\/admirria.online\/pl\/refund_returns\/","title":{"rendered":"Polityka Zwrot\u00f3w"},"content":{"rendered":"\n<p>Mo\u017cesz poprosi\u0107 o zwrot pieni\u0119dzy, wysy\u0142aj\u0105c do nas e-mail na <a href=\"mailto:office@admirria.online\">adres office@admirria.online <\/a>, podaj\u0105c ch\u0119\u0107 otrzymania zwrotu oraz pe\u0142ne imi\u0119 i nazwisko.<\/p>\n\n\n\n<p>Wszystkie op\u0142aty cz\u0142onkowskie s\u0105 w pe\u0142ni naliczane po dokonaniu p\u0142atno\u015bci i nie podlegaj\u0105 zwrotowi, z wyj\u0105tkiem pierwszych 60 dni od rozpocz\u0119cia okresu cz\u0142onkostwa, pod warunkiem, \u017ce obejrza\u0142e\u015b nie wi\u0119cej ni\u017c 50% lekcji.<\/p>\n\n\n\n<p>Og\u00f3lne warunki maj\u0105 zastosowanie do wszystkich Us\u0142ug kwalifikuj\u0105cych si\u0119 do zwrotu pieni\u0119dzy. Ponadto specjalne warunki mog\u0105 dotyczy\u0107 okre\u015blonej us\u0142ugi, jak opisano poni\u017cej.<\/p>\n\n\n\n<p>W \u017cadnym wypadku ta sama Us\u0142uga nie kwalifikuje si\u0119 do wi\u0119cej ni\u017c jednego zwrotu.<\/p>\n\n\n\n<p>Wszystkie zwroty s\u0105 przetwarzane w EUR: Ty, klient, ponosisz wy\u0142\u0105czn\u0105 odpowiedzialno\u015b\u0107 za wszelkie wahania kurs\u00f3w wymiany mi\u0119dzy momentem p\u0142atno\u015bci a momentem zwrotu.<\/p>\n","protected":false},"excerpt":{"rendered":"<p>Mo\u017cesz poprosi\u0107 o zwrot pieni\u0119dzy, wysy\u0142aj\u0105c do nas e-mail na adres office@admirria.online , podaj\u0105c ch\u0119\u0107 otrzymania zwrotu oraz pe\u0142ne imi\u0119 i nazwisko. Wszystkie op\u0142aty cz\u0142onkowskie s\u0105 w pe\u0142ni naliczane po dokonaniu p\u0142atno\u015bci i nie podlegaj\u0105 zwrotowi, z wyj\u0105tkiem pierwszych 60 dni od rozpocz\u0119cia okresu cz\u0142onkostwa, pod warunkiem, \u017ce obejrza\u0142e\u015b nie wi\u0119cej ni\u017c 50% lekcji. Og\u00f3lne [&hellip;]<\/p>\n","protected":false},"author":1,"featured_media":32836,"parent":0,"menu_order":0,"comment_status":"closed","ping_status":"closed","template":"","meta":{"footnotes":""},"class_list":["post-31016","page","type-page","status-publish","has-post-thumbnail","hentry"],"yoast_head":"<!-- This site is optimized with the Yoast SEO Premium plugin v17.1 (Yoast SEO v19.13) - https:\/\/yoast.com\/wordpress\/plugins\/seo\/ -->\n<title>Polityka Zwrot\u00f3w - Global Tech Industries Limited<\/title>\n<meta name=\"robots\" content=\"noindex, follow, max-snippet:-1, max-image-preview:large, max-video-preview:-1\" \/>\n<meta property=\"og:locale\" content=\"pl_PL\" \/>\n<meta property=\"og:type\" content=\"article\" \/>\n<meta property=\"og:title\" content=\"Polityka Zwrot\u00f3w - Global Tech Industries Limited\" \/>\n<meta property=\"og:description\" content=\"Mo\u017cesz poprosi\u0107 o zwrot pieni\u0119dzy, wysy\u0142aj\u0105c do nas e-mail na adres office@admirria.online , podaj\u0105c ch\u0119\u0107 otrzymania zwrotu oraz pe\u0142ne imi\u0119 i nazwisko. Wszystkie op\u0142aty cz\u0142onkowskie s\u0105 w pe\u0142ni naliczane po dokonaniu p\u0142atno\u015bci i nie podlegaj\u0105 zwrotowi, z wyj\u0105tkiem pierwszych 60 dni od rozpocz\u0119cia okresu cz\u0142onkostwa, pod warunkiem, \u017ce obejrza\u0142e\u015b nie wi\u0119cej ni\u017c 50% lekcji. Og\u00f3lne [&hellip;]\" \/>\n<meta property=\"og:url\" content=\"https:\/\/admirria.online\/pl\/refund_returns\/\" \/>\n<meta property=\"og:site_name\" content=\"Global Tech Industries Limited\" \/>\n<meta property=\"article:modified_time\" content=\"2022-10-05T08:05:03+00:00\" \/>\n<meta property=\"og:image\" content=\"https:\/\/admirria.online\/wp-content\/uploads\/2022\/06\/1024-\u00d7-514-admirria-1.png\" \/>\n\t<meta property=\"og:image:width\" content=\"1024\" \/>\n\t<meta property=\"og:image:height\" content=\"512\" \/>\n\t<meta property=\"og:image:type\" content=\"image\/png\" \/>\n<meta name=\"twitter:card\" content=\"summary_large_image\" \/>\n<meta name=\"twitter:image\" content=\"https:\/\/admirria.online\/wp-content\/uploads\/2022\/06\/1024-\u00d7-514-admirria-1.png\" \/>\n<meta name=\"twitter:label1\" content=\"Szacowany czas czytania\" \/>\n\t<meta name=\"twitter:data1\" content=\"1 minuta\" \/>\n<script type=\"application\/ld+json\" class=\"yoast-schema-graph\">{\"@context\":\"https:\/\/schema.org\",\"@graph\":[{\"@type\":\"WebPage\",\"@id\":\"https:\/\/admirria.online\/pl\/refund_returns\/\",\"url\":\"https:\/\/admirria.online\/pl\/refund_returns\/\",\"name\":\"Polityka Zwrot\u00f3w - Global Tech Industries Limited\",\"isPartOf\":{\"@id\":\"https:\/\/admirria.online\/#website\"},\"datePublished\":\"2022-04-01T07:05:22+00:00\",\"dateModified\":\"2022-10-05T08:05:03+00:00\",\"inLanguage\":\"pl-PL\",\"potentialAction\":[{\"@type\":\"ReadAction\",\"target\":[\"https:\/\/admirria.online\/pl\/refund_returns\/\"]}]},{\"@type\":\"WebSite\",\"@id\":\"https:\/\/admirria.online\/#website\",\"url\":\"https:\/\/admirria.online\/\",\"name\":\"Global Tech Industries Limited\",\"description\":\"\",\"publisher\":{\"@id\":\"https:\/\/admirria.online\/#organization\"},\"inLanguage\":\"pl-PL\"},{\"@type\":\"Organization\",\"@id\":\"https:\/\/admirria.online\/#organization\",\"name\":\"Global Tech Industries Limited\",\"url\":\"https:\/\/admirria.online\/\",\"logo\":{\"@type\":\"ImageObject\",\"inLanguage\":\"pl-PL\",\"@id\":\"https:\/\/admirria.online\/#\/schema\/logo\/image\/\",\"url\":\"https:\/\/admirria.online\/wp-content\/uploads\/2022\/05\/admirria-logo-black.png\",\"contentUrl\":\"https:\/\/admirria.online\/wp-content\/uploads\/2022\/05\/admirria-logo-black.png\",\"width\":527,\"height\":73,\"caption\":\"Global Tech Industries Limited\"},\"image\":{\"@id\":\"https:\/\/admirria.online\/#\/schema\/logo\/image\/\"}}]}<\/script>\n<!-- \/ Yoast SEO Premium plugin. -->","yoast_head_json":{"title":"Polityka Zwrot\u00f3w - Global Tech Industries Limited","robots":{"index":"noindex","follow":"follow","max-snippet":"max-snippet:-1","max-image-preview":"max-image-preview:large","max-video-preview":"max-video-preview:-1"},"og_locale":"pl_PL","og_type":"article","og_title":"Polityka Zwrot\u00f3w - Global Tech Industries Limited","og_description":"Mo\u017cesz poprosi\u0107 o zwrot pieni\u0119dzy, wysy\u0142aj\u0105c do nas e-mail na adres office@admirria.online , podaj\u0105c ch\u0119\u0107 otrzymania zwrotu oraz pe\u0142ne imi\u0119 i nazwisko. Wszystkie op\u0142aty cz\u0142onkowskie s\u0105 w pe\u0142ni naliczane po dokonaniu p\u0142atno\u015bci i nie podlegaj\u0105 zwrotowi, z wyj\u0105tkiem pierwszych 60 dni od rozpocz\u0119cia okresu cz\u0142onkostwa, pod warunkiem, \u017ce obejrza\u0142e\u015b nie wi\u0119cej ni\u017c 50% lekcji. Og\u00f3lne [&hellip;]","og_url":"https:\/\/admirria.online\/pl\/refund_returns\/","og_site_name":"Global Tech Industries Limited","article_modified_time":"2022-10-05T08:05:03+00:00","og_image":[{"width":1024,"height":512,"url":"https:\/\/admirria.online\/wp-content\/uploads\/2022\/06\/1024-\u00d7-514-admirria-1.png","type":"image\/png"}],"twitter_card":"summary_large_image","twitter_image":"https:\/\/admirria.online\/wp-content\/uploads\/2022\/06\/1024-\u00d7-514-admirria-1.png","twitter_misc":{"Szacowany czas czytania":"1 minuta"},"schema":{"@context":"https:\/\/schema.org","@graph":[{"@type":"WebPage","@id":"https:\/\/admirria.online\/pl\/refund_returns\/","url":"https:\/\/admirria.online\/pl\/refund_returns\/","name":"Polityka Zwrot\u00f3w - Global Tech Industries Limited","isPartOf":{"@id":"https:\/\/admirria.online\/#website"},"datePublished":"2022-04-01T07:05:22+00:00","dateModified":"2022-10-05T08:05:03+00:00","inLanguage":"pl-PL","potentialAction":[{"@type":"ReadAction","target":["https:\/\/admirria.online\/pl\/refund_returns\/"]}]},{"@type":"WebSite","@id":"https:\/\/admirria.online\/#website","url":"https:\/\/admirria.online\/","name":"Global Tech Industries Limited","description":"","publisher":{"@id":"https:\/\/admirria.online\/#organization"},"inLanguage":"pl-PL"},{"@type":"Organization","@id":"https:\/\/admirria.online\/#organization","name":"Global Tech Industries Limited","url":"https:\/\/admirria.online\/","logo":{"@type":"ImageObject","inLanguage":"pl-PL","@id":"https:\/\/admirria.online\/#\/schema\/logo\/image\/","url":"https:\/\/admirria.online\/wp-content\/uploads\/2022\/05\/admirria-logo-black.png","contentUrl":"https:\/\/admirria.online\/wp-content\/uploads\/2022\/05\/admirria-logo-black.png","width":527,"height":73,"caption":"Global Tech Industries Limited"},"image":{"@id":"https:\/\/admirria.online\/#\/schema\/logo\/image\/"}}]}},"_links":{"self":[{"href":"https:\/\/admirria.online\/pl\/wp-json\/wp\/v2\/pages\/31016","targetHints":{"allow":["GET"]}}],"collection":[{"href":"https:\/\/admirria.online\/pl\/wp-json\/wp\/v2\/pages"}],"about":[{"href":"https:\/\/admirria.online\/pl\/wp-json\/wp\/v2\/types\/page"}],"author":[{"embeddable":true,"href":"https:\/\/admirria.online\/pl\/wp-json\/wp\/v2\/users\/1"}],"replies":[{"embeddable":true,"href":"https:\/\/admirria.online\/pl\/wp-json\/wp\/v2\/comments?post=31016"}],"version-history":[{"count":0,"href":"https:\/\/admirria.online\/pl\/wp-json\/wp\/v2\/pages\/31016\/revisions"}],"wp:featuredmedia":[{"embeddable":true,"href":"https:\/\/admirria.online\/pl\/wp-json\/wp\/v2\/media\/32836"}],"wp:attachment":[{"href":"https:\/\/admirria.online\/pl\/wp-json\/wp\/v2\/media?parent=31016"}],"curies":[{"name":"wp","href":"https:\/\/api.w.org\/{rel}","templated":true}]}}