{"id":31024,"date":"2022-03-09T09:30:59","date_gmt":"2022-03-09T07:30:59","guid":{"rendered":"https:\/\/admirria.com\/privacy-policy\/"},"modified":"2022-10-05T11:08:00","modified_gmt":"2022-10-05T08:08:00","slug":"privacy-policy","status":"publish","type":"page","link":"https:\/\/admirria.online\/pl\/privacy-policy\/","title":{"rendered":"Polityka Prywatno\u015bci"},"content":{"rendered":"\n<p>Niniejsza Polityka prywatno\u015bci okre\u015bla ramy prawne dla wszelkich danych osobowych (\u201einformacje umo\u017cliwiaj\u0105ce identyfikacj\u0119 osobow\u0105\u201d lub \u201einformacje\u201d) gromadzonych przez Global Tech Industries Limited zarejestrowan\u0105 pod adresem <a href=\"https:\/\/admirria.online\/\">95 Wilton Road, Suite 717 Victoria, Londyn, Wielka Brytania SW1V 1BZ <\/a>(\u201eAdmirria\u201d, \u00abFirma\u00bb, \u00abmy\u00bb lub \u00abnas\u00bb) dostarczone przez Ciebie (\u00abKlient\u00bb lub \u00abu\u017cytkownik\u00bb). Aby zapewni\u0107 u\u017cytkownikowi mo\u017cliwo\u015b\u0107 korzystania ze strony internetowej (\u201eUs\u0142uga\u201d), przetwarzanie danych pozostaje niezb\u0119dnym krokiem w celu zapewnienia zgodno\u015bci z, ale nie wy\u0142\u0105cznie, Ustaw\u0105 o ochronie danych z 1998 r. (\u201eDPA\u201d) oraz Og\u00f3ln\u0105 ochron\u0105 danych Rozporz\u0105dzenie (\u201eRODO\u201d). Niniejsza Polityka ma na celu rozwianie wszelkich obaw klient\u00f3w lub odwiedzaj\u0105cych dotycz\u0105ce ich prywatno\u015bci i bezpiecze\u0144stwa danych oraz podkre\u015blenie zaanga\u017cowania Firmy w zapewnienie wystarczaj\u0105cych zabezpiecze\u0144 prywatno\u015bci.<\/p>\n\n\n\n<p>Prosimy o uwa\u017cne przeczytanie niniejszej Polityki prywatno\u015bci, poniewa\u017c zawiera ona informacje o tym, w jaki spos\u00f3b zbieramy od Ciebie informacje, co z nimi robimy i jak mo\u017cesz kontrolowa\u0107 nasze wykorzystanie tych informacji.<\/p>\n\n\n\n<p><strong>INFORMACJE OG\u00d3LNE<\/strong><\/p>\n\n\n\n<p>Zastrzegamy sobie prawo do zmiany Polityki Prywatno\u015bci, w tym zmiany cel\u00f3w, dla kt\u00f3rych przetwarzamy Twoje Dane Osobowe. Je\u015bli uznamy za stosowne dokonanie takiej zmiany, Polityka Prywatno\u015bci zostanie zaktualizowana i opublikowana w naszej Witrynie. Dalsze korzystanie z Witryny b\u0119dzie oznacza\u0142o akceptacj\u0119 tych zmian. Je\u015bli wprowadzimy jakiekolwiek istotne lub istotne zmiany w niniejszej Polityce prywatno\u015bci, do\u0142o\u017cymy uzasadnionych stara\u0144, aby poinformowa\u0107 Ci\u0119 poczt\u0105 elektroniczn\u0105, zawiadomieniem w Witrynie lub innymi uzgodnionymi kana\u0142ami komunikacji.<\/p>\n\n\n\n<p><strong>WYKORZYSTANIE INFORMACJI<\/strong><\/p>\n\n\n\n<p>Gromadzimy i przetwarzamy informacje, maj\u0105c na uwadze zapewnienie i utrzymanie jako\u015bci naszych Us\u0142ug dla Ciebie oraz ochron\u0119 i popraw\u0119 Twojego do\u015bwiadczenia w Admirria.<\/p>\n\n\n\n<p>Po zalogowaniu si\u0119 na swoje konto Admirria mo\u017ce zbiera\u0107 nast\u0119puj\u0105ce informacje:<\/p>\n\n\n\n<ul class=\"wp-block-list\"><li>rejestr ca\u0142ej komunikacji internetowej i szczeg\u00f3\u0142y twoich wizyt na naszych stronach internetowych;<\/li><li>informacje techniczne dotycz\u0105ce urz\u0105dzenia, takie jak identyfikator urz\u0105dzenia i przegl\u0105darka, z kt\u00f3rej korzystasz, aby uzyska\u0107 dost\u0119p do naszych Witryn;<\/li><li>szczeg\u00f3\u0142y transakcji, kt\u00f3re przeprowadzasz za po\u015brednictwem witryny, takie jak p\u0142atno\u015bci;<\/li><li>komunikacja z nami lub naszymi pracownikami, na przyk\u0142ad po\u0142\u0105czenia telefoniczne, e-maile i wiadomo\u015bci wysy\u0142ane za po\u015brednictwem us\u0142ugi czatu na \u017cywo;<\/li><li>informacje dotycz\u0105ce Twojej lokalizacji, w tym adres IP;<\/li><li>wszelkie dodatkowe informacje, kt\u00f3re przesy\u0142asz za po\u015brednictwem strony internetowej, na przyk\u0142ad w sekcjach komentarzy lub odpowiedziach na quizy i kwestionariusze;<\/li><\/ul>\n\n\n\n<p>Strony trzecie \u015bwiadcz\u0105 us\u0142ugi, kt\u00f3re pomagaj\u0105 nam zdecydowa\u0107, czy akceptowa\u0107 transakcje od Ciebie, oceniaj\u0105c metod\u0119 p\u0142atno\u015bci i urz\u0105dzenia u\u017cywane do odwiedzania naszej witryny. Chroni to nie tylko Ciebie, ale tak\u017ce nas. Te us\u0142ugi stron trzecich przeprowadzaj\u0105 kontrole w celu ustalenia, czy urz\u0105dzenie lub wybrana metoda p\u0142atno\u015bci zosta\u0142a w przesz\u0142o\u015bci zidentyfikowana jako nieuczciwa lub nieuczciwa transakcja, np. zg\u0142oszona kradzie\u017c to\u017csamo\u015bci lub oszustwo zwi\u0105zane z kart\u0105 kredytow\u0105.<\/p>\n\n\n\n<p><strong>PRZECHOWYWANIE DANYCH OSOBOWYCH<\/strong><\/p>\n\n\n\n<p>Dane, kt\u00f3re od Ciebie zbieramy, mog\u0105 by\u0107 przekazywane i przechowywane w miejscu docelowym poza Europejskim Obszarem Gospodarczym (\u201eEOG\u201d). Mog\u0105 by\u0107 r\u00f3wnie\u017c przetwarzane przez pracownik\u00f3w spoza EOG, kt\u00f3rzy pracuj\u0105 dla jednego z naszych dostawc\u00f3w lub dla nas. Obejmuje to pracownik\u00f3w zaanga\u017cowanych mi\u0119dzy innymi w realizacj\u0119 zam\u00f3wienia, przetwarzanie danych dotycz\u0105cych p\u0142atno\u015bci i \u015bwiadczenie us\u0142ug wsparcia. Przesy\u0142aj\u0105c swoje dane osobowe, zgadzasz si\u0119 na to przeniesienie, przechowywanie lub przetwarzanie. Admirria podejmie wszelkie niezb\u0119dne kroki, aby zapewni\u0107, \u017ce Twoje dane b\u0119d\u0105 traktowane w bezpieczny spos\u00f3b i zgodnie z niniejsz\u0105 polityk\u0105 prywatno\u015bci.<\/p>\n\n\n\n<p>Niekt\u00f3re z naszych zewn\u0119trznych stron trzecich maj\u0105 siedzib\u0119 poza EOG, wi\u0119c ich przetwarzanie danych osobowych b\u0119dzie wi\u0105za\u0142o si\u0119 z przekazaniem danych poza EOG. Za ka\u017cdym razem, gdy przekazujemy Twoje dane osobowe poza EOG stronom trzecim, zapewniamy im podobny stopie\u0144 ochrony, zapewniaj\u0105c wdro\u017cenie co najmniej jednego z nast\u0119puj\u0105cych zabezpiecze\u0144:<\/p>\n\n\n\n<ul class=\"wp-block-list\"><li>przeka\u017cemy Twoje dane osobowe wy\u0142\u0105cznie do kraj\u00f3w, kt\u00f3re zosta\u0142y uznane przez Komisj\u0119 Europejsk\u0105 za zapewniaj\u0105ce odpowiedni poziom ochrony danych osobowych; lub,<\/li><li>w przypadku korzystania z us\u0142ug niekt\u00f3rych us\u0142ugodawc\u00f3w zapewniamy, \u017ce przestrzegaj\u0105 oni okre\u015blonych um\u00f3w zatwierdzonych przez Komisj\u0119 Europejsk\u0105, kt\u00f3re zapewniaj\u0105 Twoim Danym Osobowym tak\u0105 sam\u0105 ochron\u0119, jak\u0105 maj\u0105 w Europie.<\/li><\/ul>\n\n\n\n<p>Niestety przesy\u0142anie informacji przez Internet nie jest ca\u0142kowicie bezpieczne. Chocia\u017c do\u0142o\u017cymy wszelkich stara\u0144, aby chroni\u0107 Twoje dane osobowe, nie mo\u017cemy zagwarantowa\u0107 bezpiecze\u0144stwa Twoich danych przesy\u0142anych do naszej witryny; ka\u017cda transmisja odbywa si\u0119 na w\u0142asne ryzyko. Po otrzymaniu Twoich danych osobowych zastosujemy rygorystyczne procedury i funkcje bezpiecze\u0144stwa, aby zapobiec nieautoryzowanemu dost\u0119powi.<\/p>\n\n\n\n<p>Przechowujemy Twoje dane osobowe tak d\u0142ugo, jak jest to konieczne do realizacji celu, dla kt\u00f3rego zosta\u0142y zebrane. Mo\u017cemy przechowywa\u0107 Twoje dane osobowe przez d\u0142u\u017cszy czas, je\u015bli mog\u0105 one by\u0107 przedmiotem roszczenia prawnego lub w inny spos\u00f3b mog\u0105 mie\u0107 znaczenie dla przysz\u0142ego post\u0119powania s\u0105dowego.<\/p>\n\n\n\n<p><strong>DOST\u0118P DO TWOICH INFORMACJI<\/strong><\/p>\n\n\n\n<p>Masz prawo poprosi\u0107 o kopi\u0119 swoich indywidualnych danych, kt\u00f3re s\u0105 przetwarzane. W takim przypadku Admirria przeka\u017ce \u017c\u0105dane informacje bezzw\u0142ocznie, najp\u00f3\u017aniej w ci\u0105gu miesi\u0105ca od otrzymania wa\u017cnego wniosku. Powinien. Je\u015bli jednak \u017c\u0105danie jest nieuzasadnione lub nadmierne, Admirria ma prawo do:<\/p>\n\n\n\n<ul class=\"wp-block-list\"><li>pobra\u0107 rozs\u0105dn\u0105 op\u0142at\u0119, uwzgl\u0119dniaj\u0105c administracyjne koszty dostarczenia informacji; lub<\/li><li>odm\u00f3wi\u0107 odpowiedzi.<\/li><\/ul>\n\n\n\n<p>W przypadku, gdy b\u0119dziesz musia\u0142 sprostowa\u0107 swoje dane osobowe, Admirria odpowie w ci\u0105gu miesi\u0105ca i dokona odpowiednich zmian.<\/p>\n\n\n\n<ul class=\"wp-block-list\"><li>Je\u015bli chcesz poprawi\u0107 lub za\u017c\u0105da\u0107 kopii swoich danych osobowych, musisz przes\u0142a\u0107 wniosek wyja\u015bniaj\u0105cy, jakie informacje chcesz uzyska\u0107, wraz z dowodem to\u017csamo\u015bci na <a href=\"mailto:office@admirria.online\">adres office@admirria.online <\/a>.<\/li><\/ul>\n\n\n\n<p>Je\u015bli zrezygnowa\u0142e\u015b z marketingu od nas, podejmiemy wszelkie uzasadnione kroki, aby zapewni\u0107, \u017ce nie b\u0119dziesz ju\u017c otrzymywa\u0107 materia\u0142\u00f3w promocyjnych dotycz\u0105cych Admirrii. Mo\u017ce to wp\u0142yn\u0105\u0107 na Twoje uprawnienia do niekt\u00f3rych promocji.<\/p>\n\n\n\n<p><strong>UDOST\u0118PNIANIE I UJAWNIANIE INFORMACJI<\/strong><\/p>\n\n\n\n<p>Nie sprzedamy nikomu Twoich danych osobowych. B\u0119dziemy wysy\u0142a\u0107 informacje umo\u017cliwiaj\u0105ce identyfikacj\u0119 u\u017cytkownika innym firmom lub osobom tylko wtedy, gdy:<\/p>\n\n\n\n<ul class=\"wp-block-list\"><li>mamy Twoj\u0105 zgod\u0119 na udost\u0119pnienie informacji; lub<\/li><li>musimy udost\u0119pni\u0107 Twoje dane, aby \u015bwiadczy\u0107 zam\u00f3wion\u0105 Us\u0142ug\u0119; lub<\/li><li>musimy wys\u0142a\u0107 informacje do firm, kt\u00f3re pracuj\u0105 w imieniu naszej firmy, aby \u015bwiadczy\u0107 \u017c\u0105dan\u0105 przez Ciebie us\u0142ug\u0119; lub<\/li><li>jeste\u015bmy zobowi\u0105zani do reagowania na nakazy regulacyjne lub s\u0105dowe lub procesy prawne; lub<\/li><li>stwierdzimy, \u017ce Twoje dzia\u0142ania w naszej Witrynie naruszaj\u0105 Warunki lub kt\u00f3rekolwiek z naszych wytycznych dotycz\u0105cych korzystania z okre\u015blonych us\u0142ug.<\/li><\/ul>\n\n\n\n<p>W celu dostarczenia informacji lub us\u0142ug, o kt\u00f3re prosi\u0142e\u015b, mo\u017cemy przekazywa\u0107 lub przechowywa\u0107 Twoje dane osobowe na sprz\u0119cie komputerowym lub w biurach znajduj\u0105cych si\u0119 w r\u00f3\u017cnych krajach lub jurysdykcjach i mog\u0105 by\u0107 zarz\u0105dzane i przetwarzane przez nasz\u0105 firm\u0119 wewn\u0119trznie, jak nam si\u0119 podoba. Uznaje si\u0119, \u017ce zgadzasz si\u0119 na to samo.<\/p>\n\n\n\n<p>Aby zapewni\u0107 dobr\u0105 jako\u015b\u0107 us\u0142ug, mo\u017cemy monitorowa\u0107 i rejestrowa\u0107 wszelk\u0105 komunikacj\u0119, jak\u0105 z nami prowadzisz, pisemn\u0105, telefoniczn\u0105 lub elektroniczn\u0105. Zalecamy, aby z wyj\u0105tkiem imienia i nazwiska oraz nazwy u\u017cytkownika nie przesy\u0142a\u0107 nam danych osobowych poczt\u0105 elektroniczn\u0105 z wyj\u0105tkiem imienia i nazwiska oraz nazwy u\u017cytkownika. Wszelkie informacje, kt\u00f3re nam przekazujesz, s\u0105 przekazywane na w\u0142asne ryzyko.<\/p>\n\n\n\n<p><strong>PRAWO RZ\u0104DOWE<\/strong><\/p>\n\n\n\n<p>Prawo Wielkiej Brytanii reguluje niniejsz\u0105 Polityk\u0119 prywatno\u015bci bez wzgl\u0119du na jej przepisy kolizyjne. Wyra\u017casz zgod\u0119 na wy\u0142\u0105czn\u0105 jurysdykcj\u0119 s\u0105d\u00f3w w zwi\u0105zku z jakimkolwiek dzia\u0142aniem lub sporem powsta\u0142ym mi\u0119dzy stronami na podstawie lub w zwi\u0105zku z niniejsz\u0105 Polityk\u0105 prywatno\u015bci.<\/p>\n\n\n\n<p>Niniejsza Umowa i korzystanie przez u\u017cytkownika ze strony internetowej podlegaj\u0105 prawu Wielkiej Brytanii, z wy\u0142\u0105czeniem norm kolizyjnych. Twoja witryna mo\u017ce r\u00f3wnie\u017c podlega\u0107 innym przepisom lokalnym, stanowym, krajowym lub mi\u0119dzynarodowym.<\/p>\n\n\n\n<p>Korzystaj\u0105c z Admirria lub kontaktuj\u0105c si\u0119 z nami bezpo\u015brednio, wyra\u017casz zgod\u0119 na niniejsz\u0105 Polityk\u0119 prywatno\u015bci. Je\u015bli nie zgadzasz si\u0119 z niniejsz\u0105 Polityk\u0105 prywatno\u015bci, nie powiniene\u015b anga\u017cowa\u0107 si\u0119 w nasz\u0105 stron\u0119 internetow\u0105 ani korzysta\u0107 z naszych us\u0142ug. Dalsze korzystanie ze strony internetowej, bezpo\u015brednie zaanga\u017cowanie z nami lub \u015bledzenie zmian w niniejszej Polityce prywatno\u015bci, kt\u00f3re nie wp\u0142ywaj\u0105 znacz\u0105co na wykorzystanie lub ujawnienie Twoich danych osobowych, b\u0119d\u0105 oznacza\u0107, \u017ce akceptujesz te zmiany.<\/p>\n\n\n\n<p><strong>ZBIERANIE INFORMACJI<\/strong><\/p>\n\n\n\n<p>Mo\u017cemy zbiera\u0107 dane osobowe (tj. imi\u0119 i nazwisko, adres pocztowy, numery telefon\u00f3w, adres e-mail, dat\u0119 urodzenia i szczeg\u00f3\u0142y dotycz\u0105ce p\u0142atno\u015bci) od Ciebie, gdy przesy\u0142asz formularz rejestracji konta na dowolnej platformie (komputer stacjonarny lub telefon kom\u00f3rkowy) kontrolowanej przez Admirria, kompletne pro\u015bba o informacje na dowolnej platformie (komputer stacjonarny lub telefon kom\u00f3rkowy), e-mail lub napisz do nas z pro\u015bb\u0105 o informacje, us\u0142ugi lub obs\u0142ug\u0119 klienta. B\u0119dziesz tak\u017ce musia\u0142 utworzy\u0107 unikaln\u0105 nazw\u0119 u\u017cytkownika i unikalne has\u0142o do swojego konta. Informacje te s\u0105 wymagane w celu uzyskania dost\u0119pu do naszych Us\u0142ug.<\/p>\n\n\n\n<p>Mo\u017cemy r\u00f3wnie\u017c otrzymywa\u0107 od Ciebie informacje umo\u017cliwiaj\u0105ce identyfikacj\u0119 osoby podczas korzystania z naszych produkt\u00f3w i us\u0142ug lub od naszych partner\u00f3w biznesowych, takie jak informacje o przegl\u0105darce i plikach cookie. Ponadto mo\u017cemy r\u00f3wnie\u017c zbiera\u0107 Tw\u00f3j adres IP i informacje techniczne dotycz\u0105ce urz\u0105dzenia, z kt\u00f3rego uzyskujesz dost\u0119p do naszych stron internetowych. Nie zbieramy \u017cadnych informacji umo\u017cliwiaj\u0105cych identyfikacj\u0119 osoby, gdy jeste\u015b na naszej stronie przed zalogowaniem lub przes\u0142aniem formularza w obszarze kontaktu. U\u017cywamy informacji umo\u017cliwiaj\u0105cych identyfikacj\u0119 osoby wy\u0142\u0105cznie w celu realizacji Twoich pr\u00f3\u015bb o informacje lub dostarczania Ci produkt\u00f3w lub us\u0142ug. Je\u015bli zdecydujesz si\u0119 wstrzyma\u0107 \u017c\u0105dane informacje, mo\u017cemy nie by\u0107 w stanie \u015bwiadczy\u0107 Ci naszych Us\u0142ug.<\/p>\n\n\n\n<p>Mo\u017cemy r\u00f3wnie\u017c monitorowa\u0107 korzystanie z naszej strony internetowej. Mo\u017ce to obejmowa\u0107, ale nie ogranicza si\u0119 do monitorowania, ile razy i kt\u00f3re strony odwiedzasz, a tak\u017ce nazw\u0119 domeny \u017ar\u00f3d\u0142owej \u015bwiadczonej us\u0142ugi internetowej u\u017cytkownika. Informacje te pomagaj\u0105 nam budowa\u0107 profil naszych Klient\u00f3w. Niekt\u00f3re z tych danych b\u0119d\u0105 zbiorcze lub statystyczne, wi\u0119c nie b\u0119dziemy w stanie zidentyfikowa\u0107 Ci\u0119 indywidualnie.<\/p>\n\n\n\n<p><strong>MARKETING<\/strong><\/p>\n\n\n\n<p>Admirria zastrzega sobie prawo do przetwarzania danych osobowych w celach marketingowych oraz, w pewnych okoliczno\u015bciach, do dostarczania ich naszym partnerom zewn\u0119trznym w celu marketingu Us\u0142ug Admirria i zatwierdzonych Us\u0142ug partnerskich dla Ciebie.<\/p>\n\n\n\n<p>Prosimy o zgod\u0119 na marketing, gdy tworzysz u nas konto. Mo\u017cesz zrezygnowa\u0107 z otrzymywania materia\u0142\u00f3w marketingowych\/promocyjnych w dowolnym momencie, klikaj\u0105c \u0142\u0105cze rezygnacji z subskrypcji w otrzymywanych materia\u0142ach promocyjnych lub kontaktuj\u0105c si\u0119 z nami pod adresem <a href=\"mailto:office@admirria.online\">office@admirria.online <\/a>.<\/p>\n\n\n\n<p><strong>\u0141\u0104CZNO\u015a\u0106<\/strong><\/p>\n\n\n\n<p>Je\u015bli masz jakie\u015b pytania, skontaktuj si\u0119 z nami<\/p>\n\n\n\n<p>telefonicznie &#8211; <a href=\"tel:+442045772182\">+442045772182<\/a><\/p>\n\n\n\n<p>e-mailem &#8211; <a href=\"mailto:office@admirria.online\">office@admirria.online<\/a><\/p>\n","protected":false},"excerpt":{"rendered":"<p>Niniejsza Polityka prywatno\u015bci okre\u015bla ramy prawne dla wszelkich danych osobowych (\u201einformacje umo\u017cliwiaj\u0105ce identyfikacj\u0119 osobow\u0105\u201d lub \u201einformacje\u201d) gromadzonych przez Global Tech Industries Limited zarejestrowan\u0105 pod adresem 95 Wilton Road, Suite 717 Victoria, Londyn, Wielka Brytania SW1V 1BZ (\u201eAdmirria\u201d, \u00abFirma\u00bb, \u00abmy\u00bb lub \u00abnas\u00bb) dostarczone przez Ciebie (\u00abKlient\u00bb lub \u00abu\u017cytkownik\u00bb). Aby zapewni\u0107 u\u017cytkownikowi mo\u017cliwo\u015b\u0107 korzystania ze strony internetowej [&hellip;]<\/p>\n","protected":false},"author":1,"featured_media":32836,"parent":0,"menu_order":0,"comment_status":"closed","ping_status":"closed","template":"","meta":{"footnotes":""},"class_list":["post-31024","page","type-page","status-publish","has-post-thumbnail","hentry"],"yoast_head":"<!-- This site is optimized with the Yoast SEO Premium plugin v17.1 (Yoast SEO v19.13) - https:\/\/yoast.com\/wordpress\/plugins\/seo\/ -->\n<title>Polityka Prywatno\u015bci - Global Tech Industries Limited<\/title>\n<meta name=\"robots\" content=\"noindex, follow, max-snippet:-1, max-image-preview:large, max-video-preview:-1\" \/>\n<meta property=\"og:locale\" content=\"pl_PL\" \/>\n<meta property=\"og:type\" content=\"article\" \/>\n<meta property=\"og:title\" content=\"Polityka Prywatno\u015bci - Global Tech Industries Limited\" \/>\n<meta property=\"og:description\" content=\"Niniejsza Polityka prywatno\u015bci okre\u015bla ramy prawne dla wszelkich danych osobowych (\u201einformacje umo\u017cliwiaj\u0105ce identyfikacj\u0119 osobow\u0105\u201d lub \u201einformacje\u201d) gromadzonych przez Global Tech Industries Limited zarejestrowan\u0105 pod adresem 95 Wilton Road, Suite 717 Victoria, Londyn, Wielka Brytania SW1V 1BZ (\u201eAdmirria\u201d, \u00abFirma\u00bb, \u00abmy\u00bb lub \u00abnas\u00bb) dostarczone przez Ciebie (\u00abKlient\u00bb lub \u00abu\u017cytkownik\u00bb). Aby zapewni\u0107 u\u017cytkownikowi mo\u017cliwo\u015b\u0107 korzystania ze strony internetowej [&hellip;]\" \/>\n<meta property=\"og:url\" content=\"https:\/\/admirria.online\/pl\/privacy-policy\/\" \/>\n<meta property=\"og:site_name\" content=\"Global Tech Industries Limited\" \/>\n<meta property=\"article:modified_time\" content=\"2022-10-05T08:08:00+00:00\" \/>\n<meta property=\"og:image\" content=\"https:\/\/admirria.online\/wp-content\/uploads\/2022\/06\/1024-\u00d7-514-admirria-1.png\" \/>\n\t<meta property=\"og:image:width\" content=\"1024\" \/>\n\t<meta property=\"og:image:height\" content=\"512\" \/>\n\t<meta property=\"og:image:type\" content=\"image\/png\" \/>\n<meta name=\"twitter:card\" content=\"summary_large_image\" \/>\n<meta name=\"twitter:image\" content=\"https:\/\/admirria.online\/wp-content\/uploads\/2022\/06\/1024-\u00d7-514-admirria-1.png\" \/>\n<meta name=\"twitter:label1\" content=\"Szacowany czas czytania\" \/>\n\t<meta name=\"twitter:data1\" content=\"7 minut\" \/>\n<script type=\"application\/ld+json\" class=\"yoast-schema-graph\">{\"@context\":\"https:\/\/schema.org\",\"@graph\":[{\"@type\":\"WebPage\",\"@id\":\"https:\/\/admirria.online\/pl\/privacy-policy\/\",\"url\":\"https:\/\/admirria.online\/pl\/privacy-policy\/\",\"name\":\"Polityka Prywatno\u015bci - Global Tech Industries Limited\",\"isPartOf\":{\"@id\":\"https:\/\/admirria.online\/#website\"},\"datePublished\":\"2022-03-09T07:30:59+00:00\",\"dateModified\":\"2022-10-05T08:08:00+00:00\",\"inLanguage\":\"pl-PL\",\"potentialAction\":[{\"@type\":\"ReadAction\",\"target\":[\"https:\/\/admirria.online\/pl\/privacy-policy\/\"]}]},{\"@type\":\"WebSite\",\"@id\":\"https:\/\/admirria.online\/#website\",\"url\":\"https:\/\/admirria.online\/\",\"name\":\"Global Tech Industries Limited\",\"description\":\"\",\"publisher\":{\"@id\":\"https:\/\/admirria.online\/#organization\"},\"inLanguage\":\"pl-PL\"},{\"@type\":\"Organization\",\"@id\":\"https:\/\/admirria.online\/#organization\",\"name\":\"Global Tech Industries Limited\",\"url\":\"https:\/\/admirria.online\/\",\"logo\":{\"@type\":\"ImageObject\",\"inLanguage\":\"pl-PL\",\"@id\":\"https:\/\/admirria.online\/#\/schema\/logo\/image\/\",\"url\":\"https:\/\/admirria.online\/wp-content\/uploads\/2022\/05\/admirria-logo-black.png\",\"contentUrl\":\"https:\/\/admirria.online\/wp-content\/uploads\/2022\/05\/admirria-logo-black.png\",\"width\":527,\"height\":73,\"caption\":\"Global Tech Industries Limited\"},\"image\":{\"@id\":\"https:\/\/admirria.online\/#\/schema\/logo\/image\/\"}}]}<\/script>\n<!-- \/ Yoast SEO Premium plugin. -->","yoast_head_json":{"title":"Polityka Prywatno\u015bci - Global Tech Industries Limited","robots":{"index":"noindex","follow":"follow","max-snippet":"max-snippet:-1","max-image-preview":"max-image-preview:large","max-video-preview":"max-video-preview:-1"},"og_locale":"pl_PL","og_type":"article","og_title":"Polityka Prywatno\u015bci - Global Tech Industries Limited","og_description":"Niniejsza Polityka prywatno\u015bci okre\u015bla ramy prawne dla wszelkich danych osobowych (\u201einformacje umo\u017cliwiaj\u0105ce identyfikacj\u0119 osobow\u0105\u201d lub \u201einformacje\u201d) gromadzonych przez Global Tech Industries Limited zarejestrowan\u0105 pod adresem 95 Wilton Road, Suite 717 Victoria, Londyn, Wielka Brytania SW1V 1BZ (\u201eAdmirria\u201d, \u00abFirma\u00bb, \u00abmy\u00bb lub \u00abnas\u00bb) dostarczone przez Ciebie (\u00abKlient\u00bb lub \u00abu\u017cytkownik\u00bb). Aby zapewni\u0107 u\u017cytkownikowi mo\u017cliwo\u015b\u0107 korzystania ze strony internetowej [&hellip;]","og_url":"https:\/\/admirria.online\/pl\/privacy-policy\/","og_site_name":"Global Tech Industries Limited","article_modified_time":"2022-10-05T08:08:00+00:00","og_image":[{"width":1024,"height":512,"url":"https:\/\/admirria.online\/wp-content\/uploads\/2022\/06\/1024-\u00d7-514-admirria-1.png","type":"image\/png"}],"twitter_card":"summary_large_image","twitter_image":"https:\/\/admirria.online\/wp-content\/uploads\/2022\/06\/1024-\u00d7-514-admirria-1.png","twitter_misc":{"Szacowany czas czytania":"7 minut"},"schema":{"@context":"https:\/\/schema.org","@graph":[{"@type":"WebPage","@id":"https:\/\/admirria.online\/pl\/privacy-policy\/","url":"https:\/\/admirria.online\/pl\/privacy-policy\/","name":"Polityka Prywatno\u015bci - Global Tech Industries Limited","isPartOf":{"@id":"https:\/\/admirria.online\/#website"},"datePublished":"2022-03-09T07:30:59+00:00","dateModified":"2022-10-05T08:08:00+00:00","inLanguage":"pl-PL","potentialAction":[{"@type":"ReadAction","target":["https:\/\/admirria.online\/pl\/privacy-policy\/"]}]},{"@type":"WebSite","@id":"https:\/\/admirria.online\/#website","url":"https:\/\/admirria.online\/","name":"Global Tech Industries Limited","description":"","publisher":{"@id":"https:\/\/admirria.online\/#organization"},"inLanguage":"pl-PL"},{"@type":"Organization","@id":"https:\/\/admirria.online\/#organization","name":"Global Tech Industries Limited","url":"https:\/\/admirria.online\/","logo":{"@type":"ImageObject","inLanguage":"pl-PL","@id":"https:\/\/admirria.online\/#\/schema\/logo\/image\/","url":"https:\/\/admirria.online\/wp-content\/uploads\/2022\/05\/admirria-logo-black.png","contentUrl":"https:\/\/admirria.online\/wp-content\/uploads\/2022\/05\/admirria-logo-black.png","width":527,"height":73,"caption":"Global Tech Industries Limited"},"image":{"@id":"https:\/\/admirria.online\/#\/schema\/logo\/image\/"}}]}},"_links":{"self":[{"href":"https:\/\/admirria.online\/pl\/wp-json\/wp\/v2\/pages\/31024","targetHints":{"allow":["GET"]}}],"collection":[{"href":"https:\/\/admirria.online\/pl\/wp-json\/wp\/v2\/pages"}],"about":[{"href":"https:\/\/admirria.online\/pl\/wp-json\/wp\/v2\/types\/page"}],"author":[{"embeddable":true,"href":"https:\/\/admirria.online\/pl\/wp-json\/wp\/v2\/users\/1"}],"replies":[{"embeddable":true,"href":"https:\/\/admirria.online\/pl\/wp-json\/wp\/v2\/comments?post=31024"}],"version-history":[{"count":0,"href":"https:\/\/admirria.online\/pl\/wp-json\/wp\/v2\/pages\/31024\/revisions"}],"wp:featuredmedia":[{"embeddable":true,"href":"https:\/\/admirria.online\/pl\/wp-json\/wp\/v2\/media\/32836"}],"wp:attachment":[{"href":"https:\/\/admirria.online\/pl\/wp-json\/wp\/v2\/media?parent=31024"}],"curies":[{"name":"wp","href":"https:\/\/api.w.org\/{rel}","templated":true}]}}